{"id":2553,"date":"2024-08-07T10:14:02","date_gmt":"2024-08-07T10:14:02","guid":{"rendered":"https:\/\/www.lacanadienne.com\/restaurant-bassin-arcachon\/"},"modified":"2024-11-15T08:44:57","modified_gmt":"2024-11-15T08:44:57","slug":"restaurant-bassin-arcachon","status":"publish","type":"page","link":"https:\/\/www.lacanadienne.com\/de\/restaurant-bassin-arcachon\/","title":{"rendered":"Das Restaurant"},"content":{"rendered":"<section id=\"ls-section-block_3cecea504587bb631026d288a47c27f7\" class=\"ls-section  page-one has-background has-color-4-background-color has-m-t m-t-0 has-m-b m-b-0 has-p-t p-t-14 has-p-b p-b-14\" >\r\n        <div class=\"container container--wide\">\r\n        \n\n<div class=\"wp-block-columns is-layout-flex wp-container-core-columns-is-layout-1 wp-block-columns-is-layout-flex\">\n<div class=\"wp-block-column animated fadeInLeft delay-100ms slow is-layout-flow wp-block-column-is-layout-flow\" style=\"flex-basis:45%\">\n<figure class=\"wp-block-image size-full\"><a href=\"https:\/\/www.lacanadienne.com\/wp-content\/uploads\/sites\/23\/2024\/08\/snack-bar-camping-la-canadienne-ales.jpg\"><img decoding=\"async\" width=\"586\" height=\"650\" src=\"https:\/\/www.lacanadienne.com\/wp-content\/uploads\/sites\/23\/2024\/08\/snack-bar-camping-la-canadienne-ales.jpg\" alt=\"Snackbar Campingplatz la canadienne ales\" class=\"wp-image-876\" srcset=\"https:\/\/www.lacanadienne.com\/wp-content\/uploads\/sites\/23\/2024\/08\/snack-bar-camping-la-canadienne-ales.jpg 586w, https:\/\/www.lacanadienne.com\/wp-content\/uploads\/sites\/23\/2024\/08\/snack-bar-camping-la-canadienne-ales-270x300.jpg 270w\" sizes=\"(max-width: 586px) 100vw, 586px\" \/><\/a><\/figure>\n<\/div>\n\n\n\n<div class=\"wp-block-column is-vertically-aligned-center animated fadeInRight slow is-layout-flow wp-block-column-is-layout-flow\" style=\"flex-basis:55%\">\n<h1 class=\"ls__heading wp-block-heading\">Unser Restaurant und die Snackbar<\/h1>\n\n\n\n<h2 class=\"ls__heading wp-block-heading\">Unser Restaurant an der Bucht von Arcachon<\/h2>\n\n\n\n<p class=\"ls-paragraph\">Kommen Sie in unsere <strong>Snackbar in Ar\u00e8s mit Terrasse<\/strong>.\nDie ganze Saison \u00fcber k\u00f6nnen Sie den gro\u00dfen Innenbereich mit 100 Sitzpl\u00e4tzen nutzen.\nF\u00fcr ein Mittag- oder Abendessen im Freien k\u00f6nnen Sie sich auf der gro\u00dfen Terrasse mit Pergola in der N\u00e4he des <a href=\"https:\/\/www.lacanadienne.com\/de\/campingplatz-frankreich-becken-arcachon-wasserbereich\/\">Swimmingpools<\/a> niederlassen, die bis zu 40 Personen Platz bietet.\nEin geselliger Ort, an dem Sie an Animationen und Abendveranstaltungen teilnehmen k\u00f6nnen und an dem Sie leicht zug\u00e4ngliche Gerichte f\u00fcr jeden Geschmack genie\u00dfen k\u00f6nnen.   <\/p>\n\n\n\n<p class=\"ls-paragraph\">Genie\u00dfen Sie Pizzas, Salate, Burger und Tapas oder entscheiden Sie sich f\u00fcr Gerichte zum Mitnehmen.\nSie finden hier auch Erfrischungen, ab 8:30 Uhr vor Ort gebackenes Brot und Geb\u00e4ck und einige Cocktails, um Ihre Entspannungsmomente auf einem <strong>4-Sterne-Campingplatz am Bassin d&#8217;Arcachon<\/strong> zu bereichern.   <br\/><\/p>\n<\/div>\n<\/div>\n\n\r\n    <\/div>\r\n<\/section><section id=\"ls-section-block_223ab0e3eebbea1d1b43bf49bf9a6124\" class=\"ls-section  home-gallery has-background has-color-4-background-color has-m-t m-t-0 has-p-t p-t-0\" >\r\n        <div class=\"container container--full\">\r\n        \n\n<figure class=\"wp-block-gallery has-nested-images columns-1 is-cropped galerie-slider-container wp-block-gallery-1 is-layout-flex wp-block-gallery-is-layout-flex\">\n<figure class=\"wp-block-image size-full\"><a href=\"https:\/\/www.lacanadienne.com\/wp-content\/uploads\/sites\/23\/2024\/08\/camping-avec-snack-arcachon.jpg\"><img decoding=\"async\" width=\"800\" height=\"532\" src=\"https:\/\/www.lacanadienne.com\/wp-content\/uploads\/sites\/23\/2024\/08\/camping-avec-snack-arcachon.jpg\" alt=\"campingplatz mit snack arcachon\" class=\"wp-image-919\" srcset=\"https:\/\/www.lacanadienne.com\/wp-content\/uploads\/sites\/23\/2024\/08\/camping-avec-snack-arcachon.jpg 800w, https:\/\/www.lacanadienne.com\/wp-content\/uploads\/sites\/23\/2024\/08\/camping-avec-snack-arcachon-300x200.jpg 300w, https:\/\/www.lacanadienne.com\/wp-content\/uploads\/sites\/23\/2024\/08\/camping-avec-snack-arcachon-768x511.jpg 768w\" sizes=\"(max-width: 800px) 100vw, 800px\" \/><\/a><\/figure>\n\n\n\n<figure class=\"wp-block-image size-full\"><a href=\"https:\/\/www.lacanadienne.com\/wp-content\/uploads\/sites\/23\/2024\/08\/terasse-restaurant-la-canadienne.jpg\"><img decoding=\"async\" width=\"800\" height=\"532\" src=\"https:\/\/www.lacanadienne.com\/wp-content\/uploads\/sites\/23\/2024\/08\/terasse-restaurant-la-canadienne.jpg\" alt=\"terasse restaurant la canadienne\" class=\"wp-image-924\" srcset=\"https:\/\/www.lacanadienne.com\/wp-content\/uploads\/sites\/23\/2024\/08\/terasse-restaurant-la-canadienne.jpg 800w, https:\/\/www.lacanadienne.com\/wp-content\/uploads\/sites\/23\/2024\/08\/terasse-restaurant-la-canadienne-300x200.jpg 300w, https:\/\/www.lacanadienne.com\/wp-content\/uploads\/sites\/23\/2024\/08\/terasse-restaurant-la-canadienne-768x511.jpg 768w\" sizes=\"(max-width: 800px) 100vw, 800px\" \/><\/a><\/figure>\n\n\n\n<figure class=\"wp-block-image size-full\"><a href=\"https:\/\/www.lacanadienne.com\/wp-content\/uploads\/sites\/23\/2024\/08\/salle-restaurant-camping-cap-ferret.jpg\"><img decoding=\"async\" width=\"800\" height=\"532\" src=\"https:\/\/www.lacanadienne.com\/wp-content\/uploads\/sites\/23\/2024\/08\/salle-restaurant-camping-cap-ferret.jpg\" alt=\"Saal im Restaurant auf dem Campingplatz Cap Ferret\" class=\"wp-image-914\" srcset=\"https:\/\/www.lacanadienne.com\/wp-content\/uploads\/sites\/23\/2024\/08\/salle-restaurant-camping-cap-ferret.jpg 800w, https:\/\/www.lacanadienne.com\/wp-content\/uploads\/sites\/23\/2024\/08\/salle-restaurant-camping-cap-ferret-300x200.jpg 300w, https:\/\/www.lacanadienne.com\/wp-content\/uploads\/sites\/23\/2024\/08\/salle-restaurant-camping-cap-ferret-768x511.jpg 768w\" sizes=\"(max-width: 800px) 100vw, 800px\" \/><\/a><\/figure>\n<\/figure>\n\n\r\n    <\/div>\r\n<\/section><section id=\"ls-section-block_72542a0a2dac50f4344d9153dff0cd8e\" class=\"ls-section  page-one aventure\" >\r\n        <div class=\"container container--wide\">\r\n        \n\n<div class=\"wp-block-columns is-layout-flex wp-container-core-columns-is-layout-2 wp-block-columns-is-layout-flex\">\n<div class=\"wp-block-column first animated fadeInLeft delay-100ms slow is-layout-flow wp-block-column-is-layout-flow\" style=\"flex-basis:45%\">\n<figure class=\"wp-block-image size-full\"><a href=\"https:\/\/www.lacanadienne.com\/wp-content\/uploads\/sites\/23\/2024\/08\/restaurant-camping-canadienne-ales.jpg\"><img decoding=\"async\" width=\"586\" height=\"650\" src=\"https:\/\/www.lacanadienne.com\/wp-content\/uploads\/sites\/23\/2024\/08\/restaurant-camping-canadienne-ales.jpg\" alt=\"Restaurant kanadischer Campingplatz Ales\" class=\"wp-image-909\" srcset=\"https:\/\/www.lacanadienne.com\/wp-content\/uploads\/sites\/23\/2024\/08\/restaurant-camping-canadienne-ales.jpg 586w, https:\/\/www.lacanadienne.com\/wp-content\/uploads\/sites\/23\/2024\/08\/restaurant-camping-canadienne-ales-270x300.jpg 270w\" sizes=\"(max-width: 586px) 100vw, 586px\" \/><\/a><\/figure>\n<\/div>\n\n\n\n<div class=\"wp-block-column is-vertically-aligned-center second animated fadeInRight slow is-layout-flow wp-block-column-is-layout-flow\" style=\"flex-basis:55%\">\n<h3 class=\"ls__heading wp-block-heading has-text-align-left\">Unser Restaurant in Ar\u00e8s<\/h3>\n\n\n\n<p class=\"ls-paragraph\">Unser 4-Sterne-Campingplatz in Ar\u00e8s bietet Ihnen einen <strong>gro\u00dfen Speisesaal<\/strong>, in dem mehr als 100 G\u00e4ste zu Mittag und zu Abend essen k\u00f6nnen.\nEin geselliger Ort, an dem Sie Ihre Brot- und Geb\u00e4ckbestellungen abholen k\u00f6nnen und von den <a href=\"https:\/\/www.lacanadienne.com\/de\/campingplatz-frankreich-becken-arcachon-sport-aktivitaten\/\">Animationen und Abenden<\/a> mit der ganzen Familie profitieren k\u00f6nnen.\nDie <strong>gro\u00dfe Terrasse mit Pergola<\/strong> l\u00e4dt Sie von mittags bis abends zu einer Mahlzeit, einem Snack oder einem Aperitif ein.\nEs stehen 40 Pl\u00e4tze zur Verf\u00fcgung, ideal um auf Ihre Kinder aufzupassen, die sich im nahegelegenen Pool vergn\u00fcgen.\nIm Sommer k\u00f6nnen Sie den ganzen Tag von 8:30 bis 23:00 Uhr in unserem Restaurant genie\u00dfen.    <\/p>\n\n\n\n<h3 class=\"ls__heading wp-block-heading\">Unsere Snackbar<\/h3>\n\n\n\n<p class=\"ls-paragraph\">G\u00f6nnen Sie sich w\u00e4hrend Ihres <a href=\"https:\/\/www.lacanadienne.com\/de\/\">Campingurlaubs im Bassin d&#8217;Arcachon<\/a> eine <strong>Pause<\/strong> mit <strong>Familie oder Freunden<\/strong> in unserer Snackbar in Ar\u00e8s mit<strong> \u00fcberdachter Terrasse<\/strong>. Nach einem Bad im Pool und einem Sonnenbad auf unseren Liegest\u00fchlen k\u00f6nnen Sie sich auf der Terrasse unserer Snackbar erfrischen. Dieser gesellige, schattige Ort empf\u00e4ngt Sie f\u00fcr <strong>Aperitif-Animationen<\/strong> und <strong>animierte Abende im Freien<\/strong>&#8230;  <br\/><\/p>\n<\/div>\n<\/div>\n\n\r\n    <\/div>\r\n<\/section><section id=\"ls-section-block_41d85743afc57868a9ad7a54fa56675e\" class=\"ls-section  page-one has-background has-color-4-background-color has-m-b m-b-0 has-p-t p-t-4\" >\r\n        <div class=\"container container--wide\">\r\n        \n\n<div class=\"wp-block-columns is-layout-flex wp-container-core-columns-is-layout-3 wp-block-columns-is-layout-flex\">\n<div class=\"wp-block-column is-vertically-aligned-center first  animated fadeInLeft slow is-layout-flow wp-block-column-is-layout-flow\" style=\"flex-basis:100%\">\n<h3 class=\"ls__heading wp-block-heading has-text-align-center\">Unsere Karte<\/h3>\n\n\n\n<p class=\"ls-paragraph has-text-align-center\">Genie\u00dfen Sie eine <strong>gro\u00dfe Auswahl an Gerichten<\/strong>, die Sie vor Ort essen oder zu erschwinglichen Preisen mitnehmen k\u00f6nnen und die jeden Gaumen erfreuen werden.\nEntdecken Sie die<strong> s\u00fc\u00dfe und herzhafte Speisekarte<\/strong>, die f\u00fcr jeden Geschmack etwas bietet: Pizza, Salate, Burger, Tapas, Kindermen\u00fc, Eis, Cr\u00eapes oder Gerichte zum Mitnehmen.\nEine Vielzahl von Cocktails mit oder ohne Alkohol erwartet Sie, um Ihren <a href=\"https:\/\/www.lacanadienne.com\/de\/vermietung-mobilheim-ares\/\">Urlaub in einem Mobilheim<\/a> oder auf einem <a href=\"https:\/\/www.lacanadienne.com\/de\/stellplatze-frankreich-becken-arcachon\/\">Stellplatz<\/a> in Ar\u00e8s zu beleben!  <br\/><\/p>\n<\/div>\n<\/div>\n\n\r\n    <\/div>\r\n<\/section><section id=\"ls-section-block_2433f29cce39936f68b8df97ff73094a\" class=\"ls-section  page-maillage experience has-m-t m-t-0 has-p-t p-t-10\" >\r\n        <div class=\"container container--wide\">\r\n        \n\n<div id=\"ls-heading ls-titre-div-block_99eb6205b897f330f1f4dcc0e4fe23f8\" class=\"ls-titre-div aligncenter h2-like\" >\n    <strong>Entdecken Sie unsere<\/strong> Freizeitangebote, unsere Dienstleistungen und unseren Pool<\/div>\n\n\n<div id=\"ls-maillage-block_e977db904f7ebf714505cc57441c07f9\" class=\"ls-maillage cta-style-normal\" data-rows=\"3\">\n    <div class=\"wp-block-columns\"><div class=\"wp-block-column\"><div id=\"destinations\" class=\"ls-cta\">\n\n<a href=\"https:\/\/www.lacanadienne.com\/de\/campingplatz-frankreich-becken-arcachon-4-sterne-komfort\/\" target=\"\" rel=\"noopener\" class=\"ls-cta__link\">\n\n\t<div class=\"ls-cta__image\"><img decoding=\"async\" src=\"https:\/\/www.lacanadienne.com\/wp-content\/uploads\/sites\/23\/2024\/08\/petit-dejeuner-camping-arcachon.jpg\" alt=\"Fr\u00fchst\u00fcck auf dem Campingplatz Arcachon\"><\/div>\n\t<div class=\"ls-cta__title\">\n\t\tDienstleistungen\t<\/div>\n\n\t\t\n<\/a><\/div><\/div><div class=\"wp-block-column\"><div id=\"destinations\" class=\"ls-cta\">\n\n<a href=\"https:\/\/www.lacanadienne.com\/de\/campingplatz-frankreich-becken-arcachon-wasserbereich\/\" target=\"\" rel=\"noopener\" class=\"ls-cta__link\">\n\n\t<div class=\"ls-cta__image\"><img decoding=\"async\" src=\"https:\/\/www.lacanadienne.com\/wp-content\/uploads\/sites\/23\/2024\/08\/piscine-chauffee-flower-camping.jpg\" alt=\"beheizter Pool flower camping\"><\/div>\n\t<div class=\"ls-cta__title\">\n\t\tUnser Pool\t<\/div>\n\n\t\t\n<\/a><\/div><\/div><div class=\"wp-block-column\"><div id=\"destinations\" class=\"ls-cta\">\n\n<a href=\"https:\/\/www.lacanadienne.com\/de\/campingplatz-frankreich-becken-arcachon-sport-aktivitaten\/\" target=\"\" rel=\"noopener\" class=\"ls-cta__link\">\n\n\t<div class=\"ls-cta__image\"><img decoding=\"async\" src=\"https:\/\/www.lacanadienne.com\/wp-content\/uploads\/sites\/23\/2024\/08\/camping-avec-terrain-multisport.jpg\" alt=\"Campingplatz mit Multisportplatz\"><\/div>\n\t<div class=\"ls-cta__title\">\n\t\tFreizeit\t<\/div>\n\n\t\t\n<\/a><\/div><\/div><\/div><\/div>\n\r\n    <\/div>\r\n<\/section>","protected":false},"excerpt":{"rendered":"","protected":false},"author":1,"featured_media":873,"parent":0,"menu_order":0,"comment_status":"closed","ping_status":"closed","template":"","meta":{"_acf_changed":false,"footnotes":""},"sujet":[],"class_list":["post-2553","page","type-page","status-publish","has-post-thumbnail","hentry"],"acf":[],"yoast_head":"<!-- This site is optimized with the Yoast SEO plugin v23.9 - https:\/\/yoast.com\/wordpress\/plugins\/seo\/ -->\n<title>Restaurant Bassin d&#039;Arcachon | Bar, Restaurant, Snack, Terrasse<\/title>\n<meta name=\"description\" content=\"Auf unserem Campingplatz LA CANADIENNE **** in Ar\u00e8s k\u00f6nnen Sie sich in unserem Restaurant und der Snackbar auf der Terrasse und in der N\u00e4he des Swimmingpools verw\u00f6hnen lassen.\" \/>\n<meta name=\"robots\" content=\"index, follow, max-snippet:-1, max-image-preview:large, max-video-preview:-1\" \/>\n<link rel=\"canonical\" href=\"https:\/\/www.lacanadienne.com\/de\/restaurant-bassin-arcachon\/\" \/>\n<meta property=\"og:locale\" content=\"de_DE\" \/>\n<meta property=\"og:type\" content=\"article\" \/>\n<meta property=\"og:title\" content=\"Restaurant Bassin d&#039;Arcachon | Bar, Restaurant, Snack, Terrasse\" \/>\n<meta property=\"og:description\" content=\"Auf unserem Campingplatz LA CANADIENNE **** in Ar\u00e8s k\u00f6nnen Sie sich in unserem Restaurant und der Snackbar auf der Terrasse und in der N\u00e4he des Swimmingpools verw\u00f6hnen lassen.\" \/>\n<meta property=\"og:url\" content=\"https:\/\/www.lacanadienne.com\/de\/restaurant-bassin-arcachon\/\" \/>\n<meta property=\"og:site_name\" content=\"Camping La Canadienne\" \/>\n<meta property=\"article:modified_time\" content=\"2024-11-15T08:44:57+00:00\" \/>\n<meta property=\"og:image\" content=\"https:\/\/www.lacanadienne.com\/wp-content\/uploads\/sites\/23\/2024\/08\/camping-restaurant-ales.jpg\" \/>\n\t<meta property=\"og:image:width\" content=\"1920\" \/>\n\t<meta property=\"og:image:height\" content=\"550\" \/>\n\t<meta property=\"og:image:type\" content=\"image\/jpeg\" \/>\n<meta name=\"twitter:card\" content=\"summary_large_image\" \/>\n<meta name=\"twitter:label1\" content=\"Gesch\u00e4tzte Lesezeit\" \/>\n\t<meta name=\"twitter:data1\" content=\"2\u00a0Minuten\" \/>\n<script type=\"application\/ld+json\" class=\"yoast-schema-graph\">{\"@context\":\"https:\/\/schema.org\",\"@graph\":[{\"@type\":\"WebPage\",\"@id\":\"https:\/\/www.lacanadienne.com\/de\/restaurant-bassin-arcachon\/\",\"url\":\"https:\/\/www.lacanadienne.com\/de\/restaurant-bassin-arcachon\/\",\"name\":\"Restaurant Bassin d'Arcachon | Bar, Restaurant, Snack, Terrasse\",\"isPartOf\":{\"@id\":\"https:\/\/www.lacanadienne.com\/de\/#website\"},\"primaryImageOfPage\":{\"@id\":\"https:\/\/www.lacanadienne.com\/de\/restaurant-bassin-arcachon\/#primaryimage\"},\"image\":{\"@id\":\"https:\/\/www.lacanadienne.com\/de\/restaurant-bassin-arcachon\/#primaryimage\"},\"thumbnailUrl\":\"https:\/\/www.lacanadienne.com\/wp-content\/uploads\/sites\/23\/2024\/08\/camping-restaurant-ales.jpg\",\"datePublished\":\"2024-08-07T10:14:02+00:00\",\"dateModified\":\"2024-11-15T08:44:57+00:00\",\"description\":\"Auf unserem Campingplatz LA CANADIENNE **** in Ar\u00e8s k\u00f6nnen Sie sich in unserem Restaurant und der Snackbar auf der Terrasse und in der N\u00e4he des Swimmingpools verw\u00f6hnen lassen.\",\"breadcrumb\":{\"@id\":\"https:\/\/www.lacanadienne.com\/de\/restaurant-bassin-arcachon\/#breadcrumb\"},\"inLanguage\":\"de\",\"potentialAction\":[{\"@type\":\"ReadAction\",\"target\":[\"https:\/\/www.lacanadienne.com\/de\/restaurant-bassin-arcachon\/\"]}]},{\"@type\":\"ImageObject\",\"inLanguage\":\"de\",\"@id\":\"https:\/\/www.lacanadienne.com\/de\/restaurant-bassin-arcachon\/#primaryimage\",\"url\":\"https:\/\/www.lacanadienne.com\/wp-content\/uploads\/sites\/23\/2024\/08\/camping-restaurant-ales.jpg\",\"contentUrl\":\"https:\/\/www.lacanadienne.com\/wp-content\/uploads\/sites\/23\/2024\/08\/camping-restaurant-ales.jpg\",\"width\":1920,\"height\":550,\"caption\":\"camping restaurant ales\"},{\"@type\":\"BreadcrumbList\",\"@id\":\"https:\/\/www.lacanadienne.com\/de\/restaurant-bassin-arcachon\/#breadcrumb\",\"itemListElement\":[{\"@type\":\"ListItem\",\"position\":1,\"name\":\"Camping Bassin d\u2019Arcachon\",\"item\":\"https:\/\/www.lacanadienne.com\/de\/\"},{\"@type\":\"ListItem\",\"position\":2,\"name\":\"Restaurant am Bassin d'Arcachon\"}]},{\"@type\":\"WebSite\",\"@id\":\"https:\/\/www.lacanadienne.com\/de\/#website\",\"url\":\"https:\/\/www.lacanadienne.com\/de\/\",\"name\":\"Camping La Canadienne\",\"description\":\"\",\"publisher\":{\"@id\":\"https:\/\/www.lacanadienne.com\/de\/#organization\"},\"potentialAction\":[{\"@type\":\"SearchAction\",\"target\":{\"@type\":\"EntryPoint\",\"urlTemplate\":\"https:\/\/www.lacanadienne.com\/de\/?s={search_term_string}\"},\"query-input\":{\"@type\":\"PropertyValueSpecification\",\"valueRequired\":true,\"valueName\":\"search_term_string\"}}],\"inLanguage\":\"de\"},{\"@type\":\"Organization\",\"@id\":\"https:\/\/www.lacanadienne.com\/de\/#organization\",\"name\":\"Camping La Canadienne\",\"url\":\"https:\/\/www.lacanadienne.com\/de\/\",\"logo\":{\"@type\":\"ImageObject\",\"inLanguage\":\"de\",\"@id\":\"https:\/\/www.lacanadienne.com\/de\/#\/schema\/logo\/image\/\",\"url\":\"https:\/\/www.lacanadienne.com\/wp-content\/uploads\/sites\/23\/2024\/09\/cropped-logo-Flower-camping-La-Canadienne.png\",\"contentUrl\":\"https:\/\/www.lacanadienne.com\/wp-content\/uploads\/sites\/23\/2024\/09\/cropped-logo-Flower-camping-La-Canadienne.png\",\"width\":500,\"height\":660,\"caption\":\"Camping La Canadienne\"},\"image\":{\"@id\":\"https:\/\/www.lacanadienne.com\/de\/#\/schema\/logo\/image\/\"}}]}<\/script>\n<!-- \/ Yoast SEO plugin. -->","yoast_head_json":{"title":"Restaurant Bassin d'Arcachon | Bar, Restaurant, Snack, Terrasse","description":"Auf unserem Campingplatz LA CANADIENNE **** in Ar\u00e8s k\u00f6nnen Sie sich in unserem Restaurant und der Snackbar auf der Terrasse und in der N\u00e4he des Swimmingpools verw\u00f6hnen lassen.","robots":{"index":"index","follow":"follow","max-snippet":"max-snippet:-1","max-image-preview":"max-image-preview:large","max-video-preview":"max-video-preview:-1"},"canonical":"https:\/\/www.lacanadienne.com\/de\/restaurant-bassin-arcachon\/","og_locale":"de_DE","og_type":"article","og_title":"Restaurant Bassin d'Arcachon | Bar, Restaurant, Snack, Terrasse","og_description":"Auf unserem Campingplatz LA CANADIENNE **** in Ar\u00e8s k\u00f6nnen Sie sich in unserem Restaurant und der Snackbar auf der Terrasse und in der N\u00e4he des Swimmingpools verw\u00f6hnen lassen.","og_url":"https:\/\/www.lacanadienne.com\/de\/restaurant-bassin-arcachon\/","og_site_name":"Camping La Canadienne","article_modified_time":"2024-11-15T08:44:57+00:00","og_image":[{"width":1920,"height":550,"url":"https:\/\/www.lacanadienne.com\/wp-content\/uploads\/sites\/23\/2024\/08\/camping-restaurant-ales.jpg","type":"image\/jpeg"}],"twitter_card":"summary_large_image","twitter_misc":{"Gesch\u00e4tzte Lesezeit":"2\u00a0Minuten"},"schema":{"@context":"https:\/\/schema.org","@graph":[{"@type":"WebPage","@id":"https:\/\/www.lacanadienne.com\/de\/restaurant-bassin-arcachon\/","url":"https:\/\/www.lacanadienne.com\/de\/restaurant-bassin-arcachon\/","name":"Restaurant Bassin d'Arcachon | Bar, Restaurant, Snack, Terrasse","isPartOf":{"@id":"https:\/\/www.lacanadienne.com\/de\/#website"},"primaryImageOfPage":{"@id":"https:\/\/www.lacanadienne.com\/de\/restaurant-bassin-arcachon\/#primaryimage"},"image":{"@id":"https:\/\/www.lacanadienne.com\/de\/restaurant-bassin-arcachon\/#primaryimage"},"thumbnailUrl":"https:\/\/www.lacanadienne.com\/wp-content\/uploads\/sites\/23\/2024\/08\/camping-restaurant-ales.jpg","datePublished":"2024-08-07T10:14:02+00:00","dateModified":"2024-11-15T08:44:57+00:00","description":"Auf unserem Campingplatz LA CANADIENNE **** in Ar\u00e8s k\u00f6nnen Sie sich in unserem Restaurant und der Snackbar auf der Terrasse und in der N\u00e4he des Swimmingpools verw\u00f6hnen lassen.","breadcrumb":{"@id":"https:\/\/www.lacanadienne.com\/de\/restaurant-bassin-arcachon\/#breadcrumb"},"inLanguage":"de","potentialAction":[{"@type":"ReadAction","target":["https:\/\/www.lacanadienne.com\/de\/restaurant-bassin-arcachon\/"]}]},{"@type":"ImageObject","inLanguage":"de","@id":"https:\/\/www.lacanadienne.com\/de\/restaurant-bassin-arcachon\/#primaryimage","url":"https:\/\/www.lacanadienne.com\/wp-content\/uploads\/sites\/23\/2024\/08\/camping-restaurant-ales.jpg","contentUrl":"https:\/\/www.lacanadienne.com\/wp-content\/uploads\/sites\/23\/2024\/08\/camping-restaurant-ales.jpg","width":1920,"height":550,"caption":"camping restaurant ales"},{"@type":"BreadcrumbList","@id":"https:\/\/www.lacanadienne.com\/de\/restaurant-bassin-arcachon\/#breadcrumb","itemListElement":[{"@type":"ListItem","position":1,"name":"Camping Bassin d\u2019Arcachon","item":"https:\/\/www.lacanadienne.com\/de\/"},{"@type":"ListItem","position":2,"name":"Restaurant am Bassin d'Arcachon"}]},{"@type":"WebSite","@id":"https:\/\/www.lacanadienne.com\/de\/#website","url":"https:\/\/www.lacanadienne.com\/de\/","name":"Camping La Canadienne","description":"","publisher":{"@id":"https:\/\/www.lacanadienne.com\/de\/#organization"},"potentialAction":[{"@type":"SearchAction","target":{"@type":"EntryPoint","urlTemplate":"https:\/\/www.lacanadienne.com\/de\/?s={search_term_string}"},"query-input":{"@type":"PropertyValueSpecification","valueRequired":true,"valueName":"search_term_string"}}],"inLanguage":"de"},{"@type":"Organization","@id":"https:\/\/www.lacanadienne.com\/de\/#organization","name":"Camping La Canadienne","url":"https:\/\/www.lacanadienne.com\/de\/","logo":{"@type":"ImageObject","inLanguage":"de","@id":"https:\/\/www.lacanadienne.com\/de\/#\/schema\/logo\/image\/","url":"https:\/\/www.lacanadienne.com\/wp-content\/uploads\/sites\/23\/2024\/09\/cropped-logo-Flower-camping-La-Canadienne.png","contentUrl":"https:\/\/www.lacanadienne.com\/wp-content\/uploads\/sites\/23\/2024\/09\/cropped-logo-Flower-camping-La-Canadienne.png","width":500,"height":660,"caption":"Camping La Canadienne"},"image":{"@id":"https:\/\/www.lacanadienne.com\/de\/#\/schema\/logo\/image\/"}}]}},"_links":{"self":[{"href":"https:\/\/www.lacanadienne.com\/de\/wp-json\/wp\/v2\/pages\/2553","targetHints":{"allow":["GET"]}}],"collection":[{"href":"https:\/\/www.lacanadienne.com\/de\/wp-json\/wp\/v2\/pages"}],"about":[{"href":"https:\/\/www.lacanadienne.com\/de\/wp-json\/wp\/v2\/types\/page"}],"author":[{"embeddable":true,"href":"https:\/\/www.lacanadienne.com\/de\/wp-json\/wp\/v2\/users\/1"}],"replies":[{"embeddable":true,"href":"https:\/\/www.lacanadienne.com\/de\/wp-json\/wp\/v2\/comments?post=2553"}],"version-history":[{"count":4,"href":"https:\/\/www.lacanadienne.com\/de\/wp-json\/wp\/v2\/pages\/2553\/revisions"}],"predecessor-version":[{"id":3725,"href":"https:\/\/www.lacanadienne.com\/de\/wp-json\/wp\/v2\/pages\/2553\/revisions\/3725"}],"wp:featuredmedia":[{"embeddable":true,"href":"https:\/\/www.lacanadienne.com\/de\/wp-json\/wp\/v2\/media\/873"}],"wp:attachment":[{"href":"https:\/\/www.lacanadienne.com\/de\/wp-json\/wp\/v2\/media?parent=2553"}],"wp:term":[{"taxonomy":"sujet","embeddable":true,"href":"https:\/\/www.lacanadienne.com\/de\/wp-json\/wp\/v2\/sujet?post=2553"}],"curies":[{"name":"wp","href":"https:\/\/api.w.org\/{rel}","templated":true}]}}