{"id":2563,"date":"2024-07-29T12:04:49","date_gmt":"2024-07-29T12:04:49","guid":{"rendered":"https:\/\/www.lacanadienne.com\/camping-flower-ares\/"},"modified":"2024-11-15T08:45:41","modified_gmt":"2024-11-15T08:45:41","slug":"camping-flower-ares","status":"publish","type":"page","link":"https:\/\/www.lacanadienne.com\/de\/camping-flower-ares\/","title":{"rendered":"Unsere Verpflichtungen"},"content":{"rendered":"<section id=\"ls-section-block_e681610ef2cd474adbef492814fe4265\" class=\"ls-section  page-one has-background has-color-4-background-color has-m-t m-t-0 has-m-b m-b-0 has-p-t p-t-14 has-p-b p-b-14\" >\r\n        <div class=\"container container--wide\">\r\n        \n\n<div class=\"wp-block-columns is-layout-flex wp-container-core-columns-is-layout-1 wp-block-columns-is-layout-flex\">\n<div class=\"wp-block-column animated fadeInLeft delay-100ms slow is-layout-flow wp-block-column-is-layout-flow\" style=\"flex-basis:45%\">\n<figure class=\"wp-block-image size-full\"><a href=\"https:\/\/www.lacanadienne.com\/wp-content\/uploads\/sites\/23\/2024\/08\/camping-flower-la-canadienne.jpg\"><img decoding=\"async\" width=\"586\" height=\"650\" src=\"https:\/\/www.lacanadienne.com\/wp-content\/uploads\/sites\/23\/2024\/08\/camping-flower-la-canadienne.jpg\" alt=\"camping flower la canadienne\" class=\"wp-image-984\" srcset=\"https:\/\/www.lacanadienne.com\/wp-content\/uploads\/sites\/23\/2024\/08\/camping-flower-la-canadienne.jpg 586w, https:\/\/www.lacanadienne.com\/wp-content\/uploads\/sites\/23\/2024\/08\/camping-flower-la-canadienne-270x300.jpg 270w\" sizes=\"(max-width: 586px) 100vw, 586px\" \/><\/a><\/figure>\n<\/div>\n\n\n\n<div class=\"wp-block-column is-vertically-aligned-center animated fadeInRight slow is-layout-flow wp-block-column-is-layout-flow\" style=\"flex-basis:55%\">\n<h1 class=\"ls__heading wp-block-heading\">\u00d6kologisch engagierter Campingplatz am Bassin d&#8217;Arcachon<\/h1>\n\n\n\n<p class=\"ls-paragraph\"><a href=\"https:\/\/www.lacanadienne.com\/de\/\">Unser Campingplatz La Canadienne<\/a>, ein Mitglied von Flower Campings, bietet ein einzigartiges Erlebnis, indem er sich auf einen <strong>pers\u00f6nlichen Empfang<\/strong>, <strong>hochwertige Dienstleistungen und Infrastrukturen f\u00fcr den Urlaub<\/strong>, <strong>Respekt f\u00fcr die Umwelt<\/strong> und Sensibilisierung f\u00fcr \u00f6kologische Themen konzentriert.<\/p>\n\n\n\n<h2 class=\"ls__heading wp-block-heading\">Flower Campings in Ar\u00e8s<\/h2>\n\n\n\n<p class=\"ls-paragraph\"><br\/>Unser Campingplatz La Canadienne in Ar\u00e8s im <a href=\"https:\/\/www.lacanadienne.com\/de\/tourismus-arcachon-becken-frankreich\/\">Bassin d&#8217;Arcachon<\/a> ist Mitglied des <a href=\"https:\/\/de.flowercampings.com\/\" target=\"_blank\" rel=\"noreferrer noopener\">Flower Campings<\/a> Netzwerks. Flower Flower ist die erste Kette unabh\u00e4ngiger Franchise-Campingpl\u00e4tze in Frankreich und bietet einen Katalog mit mehr als 120 Reisezielen in ganz Frankreich. Wir teilen die gleichen Werte mit Flower Campings: Freundlichkeit und gepflegter Empfang, Kundenzufriedenheit und <a href=\"https:\/\/www.flowercampings.com\/page\/programme-de-fidelite-my-flower\" target=\"_blank\" rel=\"noreferrer noopener\">Kundenbindung mit dem Programm My Flower<\/a>, Aufwertung der Region, Respekt vor der Natur und der Biodiversit\u00e4t. W\u00e4hrend Ihres Sommerurlaubs werden Sie Dino, das emblematische Maskottchen von <strong>Flower Camping<\/strong>, kennen lernen und von einem abwechslungsreichen Animationsprogramm profitieren, das f\u00fcr jedes Alter geeignet ist, pr\u00e4sent, aber nicht aufdringlich.   <\/p>\n<\/div>\n<\/div>\n\n\r\n    <\/div>\r\n<\/section><section id=\"ls-section-block_ab5d4a888bfd4d9358331776b70c65f7\" class=\"ls-section  page-one aventure\" >\r\n        <div class=\"container container--wide\">\r\n        \n\n<div class=\"wp-block-columns is-layout-flex wp-container-core-columns-is-layout-2 wp-block-columns-is-layout-flex\">\n<div class=\"wp-block-column first animated fadeInLeft delay-100ms slow is-layout-flow wp-block-column-is-layout-flow\" style=\"flex-basis:45%\">\n<figure class=\"wp-block-image size-full\"><a href=\"https:\/\/www.lacanadienne.com\/wp-content\/uploads\/sites\/23\/2024\/08\/engagements-ecologique-la-canadienne.jpg\"><img decoding=\"async\" width=\"586\" height=\"650\" src=\"https:\/\/www.lacanadienne.com\/wp-content\/uploads\/sites\/23\/2024\/08\/engagements-ecologique-la-canadienne.jpg\" alt=\"&#xF6;kologischen Verpflichtungen die Kanadierin\" class=\"wp-image-1035\" srcset=\"https:\/\/www.lacanadienne.com\/wp-content\/uploads\/sites\/23\/2024\/08\/engagements-ecologique-la-canadienne.jpg 586w, https:\/\/www.lacanadienne.com\/wp-content\/uploads\/sites\/23\/2024\/08\/engagements-ecologique-la-canadienne-270x300.jpg 270w\" sizes=\"(max-width: 586px) 100vw, 586px\" \/><\/a><\/figure>\n<\/div>\n\n\n\n<div class=\"wp-block-column is-vertically-aligned-center second animated fadeInRight slow is-layout-flow wp-block-column-is-layout-flow\" style=\"flex-basis:55%\">\n<h2 class=\"ls__heading wp-block-heading has-text-align-left\">Unsere \u00f6kologischen Verpflichtungen auf dem Campingplatz<\/h2>\n\n\n\n<p class=\"ls-paragraph\">Unser Campingplatz La Canadienne engagiert sich f\u00fcr den <strong>Umweltschutz<\/strong> durch unsere verschiedenen Initiativen, die einen naturfreundlichen Aufenthalt f\u00fcr unsere G\u00e4ste schaffen. Wir f\u00f6rdern die sanfte Mobilit\u00e4t mit einem <a href=\"https:\/\/www.lacanadienne.com\/de\/campingplatz-frankreich-becken-arcachon-4-sterne-komfort\/#locationvelo\">Fahrradverleih<\/a>, der es unseren Besuchern erm\u00f6glicht, Ar\u00e8s auf umweltfreundliche Weise zu erkunden. <\/p>\n\n\n\n<p class=\"ls-paragraph\">Wir f\u00f6rdern das Recycling f\u00fcr ein <strong>umweltfreundliches Abfallmanagement<\/strong>. Um unseren Papierfu\u00dfabdruck zu verringern, nutzen wir eine mobile Anwendung und stellen eine B\u00fccherbox f\u00fcr Erwachsene und Kinder zur Verf\u00fcgung, die eine nachhaltige Alternative zu gedruckten Dokumenten bietet. <\/p>\n<\/div>\n<\/div>\n\n\r\n    <\/div>\r\n<\/section><section id=\"ls-section-block_c51fd4636edf98c080f2aa1ecd1226b7\" class=\"ls-section  page-maillage experience has-m-t m-t-0 has-p-t p-t-10\" >\r\n        <div class=\"container container--wide\">\r\n        \n\n<div id=\"ls-heading ls-titre-div-block_9271d412f23343a57f484a4a7846ca0d\" class=\"ls-titre-div aligncenter h2-like\" >\n    <strong>Entdecken Sie unseren<\/strong> Swimmingpool, unsere Dienstleistungen und das Restaurant  <\/div>\n\n\n<div id=\"ls-maillage-block_49c62ffe20e497cadd83ed30ff6e7d98\" class=\"ls-maillage cta-style-normal\" data-rows=\"3\">\n    <div class=\"wp-block-columns\"><div class=\"wp-block-column\"><div id=\"destinations\" class=\"ls-cta\">\n\n<a href=\"https:\/\/www.lacanadienne.com\/de\/campingplatz-frankreich-becken-arcachon-4-sterne-komfort\/\" target=\"\" rel=\"noopener\" class=\"ls-cta__link\">\n\n\t<div class=\"ls-cta__image\"><img decoding=\"async\" src=\"https:\/\/www.lacanadienne.com\/wp-content\/uploads\/sites\/23\/2024\/08\/petit-dejeuner-camping-arcachon.jpg\" alt=\"Fr\u00fchst\u00fcck auf dem Campingplatz Arcachon\"><\/div>\n\t<div class=\"ls-cta__title\">\n\t\tDienstleistungen\t<\/div>\n\n\t\t\n<\/a><\/div><\/div><div class=\"wp-block-column\"><div id=\"destinations\" class=\"ls-cta\">\n\n<a href=\"https:\/\/www.lacanadienne.com\/de\/restaurant-bassin-arcachon\/\" target=\"\" rel=\"noopener\" class=\"ls-cta__link\">\n\n\t<div class=\"ls-cta__image\"><img decoding=\"async\" src=\"https:\/\/www.lacanadienne.com\/wp-content\/uploads\/sites\/23\/2024\/08\/restaurant-camping-canadienne-ales.jpg\" alt=\"Restaurant kanadischer Campingplatz Ales\"><\/div>\n\t<div class=\"ls-cta__title\">\n\t\tDas Restaurant\t<\/div>\n\n\t\t\n<\/a><\/div><\/div><div class=\"wp-block-column\"><div id=\"destinations\" class=\"ls-cta\">\n\n<a href=\"https:\/\/www.lacanadienne.com\/de\/campingplatz-frankreich-becken-arcachon-wasserbereich\/\" target=\"\" rel=\"noopener\" class=\"ls-cta__link\">\n\n\t<div class=\"ls-cta__image\"><img decoding=\"async\" src=\"https:\/\/www.lacanadienne.com\/wp-content\/uploads\/sites\/23\/2024\/08\/piscine-chauffee-flower-camping.jpg\" alt=\"beheizter Pool flower camping\"><\/div>\n\t<div class=\"ls-cta__title\">\n\t\tUnser Pool\t<\/div>\n\n\t\t\n<\/a><\/div><\/div><\/div><\/div>\n\r\n    <\/div>\r\n<\/section>","protected":false},"excerpt":{"rendered":"","protected":false},"author":1,"featured_media":1045,"parent":0,"menu_order":0,"comment_status":"closed","ping_status":"closed","template":"","meta":{"_acf_changed":false,"footnotes":""},"sujet":[],"class_list":["post-2563","page","type-page","status-publish","has-post-thumbnail","hentry"],"acf":[],"yoast_head":"<!-- This site is optimized with the Yoast SEO plugin v23.9 - https:\/\/yoast.com\/wordpress\/plugins\/seo\/ -->\n<title>Flower camping in Ar\u00e8s | Autorisierter Campingplatz Flower Ar\u00e8s<\/title>\n<meta name=\"description\" content=\"Campingplatz LA CANADIENNE **** Bassin d&#039;Arcachon: ein Flower-Campingplatz mit starken Verpflichtungen f\u00fcr einen Empfang und Dienstleistungen, die Sinn machen.\" \/>\n<meta name=\"robots\" content=\"index, follow, max-snippet:-1, max-image-preview:large, max-video-preview:-1\" \/>\n<link rel=\"canonical\" href=\"https:\/\/www.lacanadienne.com\/de\/camping-flower-ares\/\" \/>\n<meta property=\"og:locale\" content=\"de_DE\" \/>\n<meta property=\"og:type\" content=\"article\" \/>\n<meta property=\"og:title\" content=\"Flower camping in Ar\u00e8s | Autorisierter Campingplatz Flower Ar\u00e8s\" \/>\n<meta property=\"og:description\" content=\"Campingplatz LA CANADIENNE **** Bassin d&#039;Arcachon: ein Flower-Campingplatz mit starken Verpflichtungen f\u00fcr einen Empfang und Dienstleistungen, die Sinn machen.\" \/>\n<meta property=\"og:url\" content=\"https:\/\/www.lacanadienne.com\/de\/camping-flower-ares\/\" \/>\n<meta property=\"og:site_name\" content=\"Camping La Canadienne\" \/>\n<meta property=\"article:modified_time\" content=\"2024-11-15T08:45:41+00:00\" \/>\n<meta property=\"og:image\" content=\"https:\/\/www.lacanadienne.com\/wp-content\/uploads\/sites\/23\/2024\/08\/valeurs-camping-canadienne.jpg\" \/>\n\t<meta property=\"og:image:width\" content=\"1920\" \/>\n\t<meta property=\"og:image:height\" content=\"550\" \/>\n\t<meta property=\"og:image:type\" content=\"image\/jpeg\" \/>\n<meta name=\"twitter:card\" content=\"summary_large_image\" \/>\n<meta name=\"twitter:label1\" content=\"Gesch\u00e4tzte Lesezeit\" \/>\n\t<meta name=\"twitter:data1\" content=\"1\u00a0Minute\" \/>\n<script type=\"application\/ld+json\" class=\"yoast-schema-graph\">{\"@context\":\"https:\/\/schema.org\",\"@graph\":[{\"@type\":\"WebPage\",\"@id\":\"https:\/\/www.lacanadienne.com\/de\/camping-flower-ares\/\",\"url\":\"https:\/\/www.lacanadienne.com\/de\/camping-flower-ares\/\",\"name\":\"Flower camping in Ar\u00e8s | Autorisierter Campingplatz Flower Ar\u00e8s\",\"isPartOf\":{\"@id\":\"https:\/\/www.lacanadienne.com\/de\/#website\"},\"primaryImageOfPage\":{\"@id\":\"https:\/\/www.lacanadienne.com\/de\/camping-flower-ares\/#primaryimage\"},\"image\":{\"@id\":\"https:\/\/www.lacanadienne.com\/de\/camping-flower-ares\/#primaryimage\"},\"thumbnailUrl\":\"https:\/\/www.lacanadienne.com\/wp-content\/uploads\/sites\/23\/2024\/08\/valeurs-camping-canadienne.jpg\",\"datePublished\":\"2024-07-29T12:04:49+00:00\",\"dateModified\":\"2024-11-15T08:45:41+00:00\",\"description\":\"Campingplatz LA CANADIENNE **** Bassin d'Arcachon: ein Flower-Campingplatz mit starken Verpflichtungen f\u00fcr einen Empfang und Dienstleistungen, die Sinn machen.\",\"breadcrumb\":{\"@id\":\"https:\/\/www.lacanadienne.com\/de\/camping-flower-ares\/#breadcrumb\"},\"inLanguage\":\"de\",\"potentialAction\":[{\"@type\":\"ReadAction\",\"target\":[\"https:\/\/www.lacanadienne.com\/de\/camping-flower-ares\/\"]}]},{\"@type\":\"ImageObject\",\"inLanguage\":\"de\",\"@id\":\"https:\/\/www.lacanadienne.com\/de\/camping-flower-ares\/#primaryimage\",\"url\":\"https:\/\/www.lacanadienne.com\/wp-content\/uploads\/sites\/23\/2024\/08\/valeurs-camping-canadienne.jpg\",\"contentUrl\":\"https:\/\/www.lacanadienne.com\/wp-content\/uploads\/sites\/23\/2024\/08\/valeurs-camping-canadienne.jpg\",\"width\":1920,\"height\":550,\"caption\":\"Werte Kanadischer Campingplatz\"},{\"@type\":\"BreadcrumbList\",\"@id\":\"https:\/\/www.lacanadienne.com\/de\/camping-flower-ares\/#breadcrumb\",\"itemListElement\":[{\"@type\":\"ListItem\",\"position\":1,\"name\":\"Camping Bassin d\u2019Arcachon\",\"item\":\"https:\/\/www.lacanadienne.com\/de\/\"},{\"@type\":\"ListItem\",\"position\":2,\"name\":\"Campingplatz Flower in Ar\u00e8s\"}]},{\"@type\":\"WebSite\",\"@id\":\"https:\/\/www.lacanadienne.com\/de\/#website\",\"url\":\"https:\/\/www.lacanadienne.com\/de\/\",\"name\":\"Camping La Canadienne\",\"description\":\"\",\"publisher\":{\"@id\":\"https:\/\/www.lacanadienne.com\/de\/#organization\"},\"potentialAction\":[{\"@type\":\"SearchAction\",\"target\":{\"@type\":\"EntryPoint\",\"urlTemplate\":\"https:\/\/www.lacanadienne.com\/de\/?s={search_term_string}\"},\"query-input\":{\"@type\":\"PropertyValueSpecification\",\"valueRequired\":true,\"valueName\":\"search_term_string\"}}],\"inLanguage\":\"de\"},{\"@type\":\"Organization\",\"@id\":\"https:\/\/www.lacanadienne.com\/de\/#organization\",\"name\":\"Camping La Canadienne\",\"url\":\"https:\/\/www.lacanadienne.com\/de\/\",\"logo\":{\"@type\":\"ImageObject\",\"inLanguage\":\"de\",\"@id\":\"https:\/\/www.lacanadienne.com\/de\/#\/schema\/logo\/image\/\",\"url\":\"https:\/\/www.lacanadienne.com\/wp-content\/uploads\/sites\/23\/2024\/09\/cropped-logo-Flower-camping-La-Canadienne.png\",\"contentUrl\":\"https:\/\/www.lacanadienne.com\/wp-content\/uploads\/sites\/23\/2024\/09\/cropped-logo-Flower-camping-La-Canadienne.png\",\"width\":500,\"height\":660,\"caption\":\"Camping La Canadienne\"},\"image\":{\"@id\":\"https:\/\/www.lacanadienne.com\/de\/#\/schema\/logo\/image\/\"}}]}<\/script>\n<!-- \/ Yoast SEO plugin. -->","yoast_head_json":{"title":"Flower camping in Ar\u00e8s | Autorisierter Campingplatz Flower Ar\u00e8s","description":"Campingplatz LA CANADIENNE **** Bassin d'Arcachon: ein Flower-Campingplatz mit starken Verpflichtungen f\u00fcr einen Empfang und Dienstleistungen, die Sinn machen.","robots":{"index":"index","follow":"follow","max-snippet":"max-snippet:-1","max-image-preview":"max-image-preview:large","max-video-preview":"max-video-preview:-1"},"canonical":"https:\/\/www.lacanadienne.com\/de\/camping-flower-ares\/","og_locale":"de_DE","og_type":"article","og_title":"Flower camping in Ar\u00e8s | Autorisierter Campingplatz Flower Ar\u00e8s","og_description":"Campingplatz LA CANADIENNE **** Bassin d'Arcachon: ein Flower-Campingplatz mit starken Verpflichtungen f\u00fcr einen Empfang und Dienstleistungen, die Sinn machen.","og_url":"https:\/\/www.lacanadienne.com\/de\/camping-flower-ares\/","og_site_name":"Camping La Canadienne","article_modified_time":"2024-11-15T08:45:41+00:00","og_image":[{"width":1920,"height":550,"url":"https:\/\/www.lacanadienne.com\/wp-content\/uploads\/sites\/23\/2024\/08\/valeurs-camping-canadienne.jpg","type":"image\/jpeg"}],"twitter_card":"summary_large_image","twitter_misc":{"Gesch\u00e4tzte Lesezeit":"1\u00a0Minute"},"schema":{"@context":"https:\/\/schema.org","@graph":[{"@type":"WebPage","@id":"https:\/\/www.lacanadienne.com\/de\/camping-flower-ares\/","url":"https:\/\/www.lacanadienne.com\/de\/camping-flower-ares\/","name":"Flower camping in Ar\u00e8s | Autorisierter Campingplatz Flower Ar\u00e8s","isPartOf":{"@id":"https:\/\/www.lacanadienne.com\/de\/#website"},"primaryImageOfPage":{"@id":"https:\/\/www.lacanadienne.com\/de\/camping-flower-ares\/#primaryimage"},"image":{"@id":"https:\/\/www.lacanadienne.com\/de\/camping-flower-ares\/#primaryimage"},"thumbnailUrl":"https:\/\/www.lacanadienne.com\/wp-content\/uploads\/sites\/23\/2024\/08\/valeurs-camping-canadienne.jpg","datePublished":"2024-07-29T12:04:49+00:00","dateModified":"2024-11-15T08:45:41+00:00","description":"Campingplatz LA CANADIENNE **** Bassin d'Arcachon: ein Flower-Campingplatz mit starken Verpflichtungen f\u00fcr einen Empfang und Dienstleistungen, die Sinn machen.","breadcrumb":{"@id":"https:\/\/www.lacanadienne.com\/de\/camping-flower-ares\/#breadcrumb"},"inLanguage":"de","potentialAction":[{"@type":"ReadAction","target":["https:\/\/www.lacanadienne.com\/de\/camping-flower-ares\/"]}]},{"@type":"ImageObject","inLanguage":"de","@id":"https:\/\/www.lacanadienne.com\/de\/camping-flower-ares\/#primaryimage","url":"https:\/\/www.lacanadienne.com\/wp-content\/uploads\/sites\/23\/2024\/08\/valeurs-camping-canadienne.jpg","contentUrl":"https:\/\/www.lacanadienne.com\/wp-content\/uploads\/sites\/23\/2024\/08\/valeurs-camping-canadienne.jpg","width":1920,"height":550,"caption":"Werte Kanadischer Campingplatz"},{"@type":"BreadcrumbList","@id":"https:\/\/www.lacanadienne.com\/de\/camping-flower-ares\/#breadcrumb","itemListElement":[{"@type":"ListItem","position":1,"name":"Camping Bassin d\u2019Arcachon","item":"https:\/\/www.lacanadienne.com\/de\/"},{"@type":"ListItem","position":2,"name":"Campingplatz Flower in Ar\u00e8s"}]},{"@type":"WebSite","@id":"https:\/\/www.lacanadienne.com\/de\/#website","url":"https:\/\/www.lacanadienne.com\/de\/","name":"Camping La Canadienne","description":"","publisher":{"@id":"https:\/\/www.lacanadienne.com\/de\/#organization"},"potentialAction":[{"@type":"SearchAction","target":{"@type":"EntryPoint","urlTemplate":"https:\/\/www.lacanadienne.com\/de\/?s={search_term_string}"},"query-input":{"@type":"PropertyValueSpecification","valueRequired":true,"valueName":"search_term_string"}}],"inLanguage":"de"},{"@type":"Organization","@id":"https:\/\/www.lacanadienne.com\/de\/#organization","name":"Camping La Canadienne","url":"https:\/\/www.lacanadienne.com\/de\/","logo":{"@type":"ImageObject","inLanguage":"de","@id":"https:\/\/www.lacanadienne.com\/de\/#\/schema\/logo\/image\/","url":"https:\/\/www.lacanadienne.com\/wp-content\/uploads\/sites\/23\/2024\/09\/cropped-logo-Flower-camping-La-Canadienne.png","contentUrl":"https:\/\/www.lacanadienne.com\/wp-content\/uploads\/sites\/23\/2024\/09\/cropped-logo-Flower-camping-La-Canadienne.png","width":500,"height":660,"caption":"Camping La Canadienne"},"image":{"@id":"https:\/\/www.lacanadienne.com\/de\/#\/schema\/logo\/image\/"}}]}},"_links":{"self":[{"href":"https:\/\/www.lacanadienne.com\/de\/wp-json\/wp\/v2\/pages\/2563","targetHints":{"allow":["GET"]}}],"collection":[{"href":"https:\/\/www.lacanadienne.com\/de\/wp-json\/wp\/v2\/pages"}],"about":[{"href":"https:\/\/www.lacanadienne.com\/de\/wp-json\/wp\/v2\/types\/page"}],"author":[{"embeddable":true,"href":"https:\/\/www.lacanadienne.com\/de\/wp-json\/wp\/v2\/users\/1"}],"replies":[{"embeddable":true,"href":"https:\/\/www.lacanadienne.com\/de\/wp-json\/wp\/v2\/comments?post=2563"}],"version-history":[{"count":2,"href":"https:\/\/www.lacanadienne.com\/de\/wp-json\/wp\/v2\/pages\/2563\/revisions"}],"predecessor-version":[{"id":3600,"href":"https:\/\/www.lacanadienne.com\/de\/wp-json\/wp\/v2\/pages\/2563\/revisions\/3600"}],"wp:featuredmedia":[{"embeddable":true,"href":"https:\/\/www.lacanadienne.com\/de\/wp-json\/wp\/v2\/media\/1045"}],"wp:attachment":[{"href":"https:\/\/www.lacanadienne.com\/de\/wp-json\/wp\/v2\/media?parent=2563"}],"wp:term":[{"taxonomy":"sujet","embeddable":true,"href":"https:\/\/www.lacanadienne.com\/de\/wp-json\/wp\/v2\/sujet?post=2563"}],"curies":[{"name":"wp","href":"https:\/\/api.w.org\/{rel}","templated":true}]}}