{"id":2567,"date":"2024-07-29T12:04:50","date_gmt":"2024-07-29T12:04:50","guid":{"rendered":"https:\/\/www.lacanadienne.com\/camping-groupe-bassin-arcachon\/"},"modified":"2024-11-15T08:45:41","modified_gmt":"2024-11-15T08:45:41","slug":"campingplatz-gruppen-bassin-arcachon","status":"publish","type":"page","link":"https:\/\/www.lacanadienne.com\/de\/campingplatz-gruppen-bassin-arcachon\/","title":{"rendered":"Gruppen und Betriebsr\u00e4te"},"content":{"rendered":"<section id=\"ls-section-block_bf9c2c66ff10c310dfcce4884288933a\" class=\"ls-section  page-one has-background has-color-4-background-color has-m-t m-t-0 has-m-b m-b-0 has-p-t p-t-14 has-p-b p-b-14\" >\r\n        <div class=\"container container--wide\">\r\n        \n\n<div class=\"wp-block-columns is-layout-flex wp-container-core-columns-is-layout-1 wp-block-columns-is-layout-flex\">\n<div class=\"wp-block-column animated fadeInLeft delay-100ms slow is-layout-flow wp-block-column-is-layout-flow\" style=\"flex-basis:45%\">\n<figure class=\"wp-block-image size-full\"><a href=\"https:\/\/www.lacanadienne.com\/wp-content\/uploads\/sites\/23\/2024\/08\/sejour-en-groupe-arcachon.jpg\"><img decoding=\"async\" width=\"586\" height=\"650\" src=\"https:\/\/www.lacanadienne.com\/wp-content\/uploads\/sites\/23\/2024\/08\/sejour-en-groupe-arcachon.jpg\" alt=\"Gruppenreise Arcachon\" class=\"wp-image-1362\" srcset=\"https:\/\/www.lacanadienne.com\/wp-content\/uploads\/sites\/23\/2024\/08\/sejour-en-groupe-arcachon.jpg 586w, https:\/\/www.lacanadienne.com\/wp-content\/uploads\/sites\/23\/2024\/08\/sejour-en-groupe-arcachon-270x300.jpg 270w\" sizes=\"(max-width: 586px) 100vw, 586px\" \/><\/a><\/figure>\n<\/div>\n\n\n\n<div class=\"wp-block-column animated fadeInRight slow is-layout-flow wp-block-column-is-layout-flow\" style=\"flex-basis:55%\">\n<h1 class=\"ls__heading wp-block-heading\">Idealer Campingplatz f\u00fcr Gruppen an der Bucht von Arcachon<\/h1>\n\n\n\n<h2 class=\"ls__heading wp-block-heading\">Unsere Gruppenangebote in Ar\u00e8s<\/h2>\n\n\n\n<p class=\"ls-paragraph\">W\u00e4hlen Sie unseren Campingplatz La Canadienne f\u00fcr <a href=\"https:\/\/www.lacanadienne.com\/de\/tourismus-arcachon-frankreich\/\">Ihren Gruppenaufenthalt in der N\u00e4he von Arcachon<\/a> und buchen Sie die Unterk\u00fcnfte Ihrer Wahl aus <a href=\"https:\/\/www.lacanadienne.com\/de\/stellplatze-frankreich-becken-arcachon\/\">unseren Stellpl\u00e4tzen<\/a> oder <a href=\"https:\/\/www.lacanadienne.com\/de\/vermietung-mobilheim-ares\/\">Mietunterk\u00fcnften<\/a>. Ob Sie ein Familientreffen, ein Treffen mit Freunden oder ein Sportereignis planen, unser Team wird Sie an einem warmen und entspannenden Ort empfangen. W\u00e4hlen Sie unseren <a href=\"https:\/\/www.lacanadienne.com\/de\/campingplatz-frankreich-becken-arcachon-wasserbereich\/\">4-Sterne-Campingplatz mit Swimmingpool<\/a> f\u00fcr einen Gruppenaufenthalt in gro\u00dfer Zahl, ab 2 N\u00e4chten in der Nebensaison, mit seiner gro\u00dfen Anzahl an Mietunterk\u00fcnften. Unser <strong>Campingplatz ist<\/strong> durch doppelte Schranken mit Identifikation <strong>vollst\u00e4ndig gesichert<\/strong>.   <\/p>\n\n\n\n<p class=\"ls-paragraph\">Profitieren Sie von unserem Mietangebot mit <a href=\"https:\/\/www.lacanadienne.com\/de\/campingplatz-frankreich-becken-arcachon-4-sterne-komfort\/#partir-leger\">Bettw\u00e4sche und Handt\u00fcchern<\/a>. Sie k\u00f6nnen auch ein Babyset oder ein Fahrrad mieten, um Ihren Urlaub unbeschwert zu genie\u00dfen. Verw\u00f6hnen Sie Ihre G\u00e4ste in unserem <strong>Restaurant mit Snackbar<\/strong>, mit verschiedenen Angeboten und einem gro\u00dfen Innen- und Au\u00dfenbereich, um Ihre G\u00e4ste zu empfangen.  <\/p>\n\n\n\n<p class=\"ls-paragraph\"><strong>Kontaktieren Sie unser Team f\u00fcr Ihren zuk\u00fcnftigen Gruppenaufenthalt in Ar\u00e8s am Bassin d&#8217;Arcachon.<\/strong><\/p>\n<\/div>\n<\/div>\n\n\r\n    <\/div>\r\n<\/section><section id=\"ls-section-block_304ff8dd734c0e0b02fdcfc1ee64cf0f\" class=\"ls-section  home-gallery has-background has-color-4-background-color has-m-t m-t-0 has-p-t p-t-0\" >\r\n        <div class=\"container container--full\">\r\n        \n\n<figure class=\"wp-block-gallery has-nested-images columns-1 is-cropped galerie-slider-container wp-block-gallery-1 is-layout-flex wp-block-gallery-is-layout-flex\">\n<figure class=\"wp-block-image size-full\"><a href=\"https:\/\/www.lacanadienne.com\/wp-content\/uploads\/sites\/23\/2024\/08\/location-groupe-arcachon.jpg\"><img decoding=\"async\" width=\"800\" height=\"532\" src=\"https:\/\/www.lacanadienne.com\/wp-content\/uploads\/sites\/23\/2024\/08\/location-groupe-arcachon.jpg\" alt=\"vermietung gruppe arcachon\" class=\"wp-image-1347\" srcset=\"https:\/\/www.lacanadienne.com\/wp-content\/uploads\/sites\/23\/2024\/08\/location-groupe-arcachon.jpg 800w, https:\/\/www.lacanadienne.com\/wp-content\/uploads\/sites\/23\/2024\/08\/location-groupe-arcachon-300x200.jpg 300w, https:\/\/www.lacanadienne.com\/wp-content\/uploads\/sites\/23\/2024\/08\/location-groupe-arcachon-768x511.jpg 768w\" sizes=\"(max-width: 800px) 100vw, 800px\" \/><\/a><\/figure>\n\n\n\n<figure class=\"wp-block-image size-full\"><a href=\"https:\/\/www.lacanadienne.com\/wp-content\/uploads\/sites\/23\/2024\/08\/piscine-chauffee-et-pataugeoire-a-ales.jpg\"><img decoding=\"async\" width=\"800\" height=\"532\" src=\"https:\/\/www.lacanadienne.com\/wp-content\/uploads\/sites\/23\/2024\/08\/piscine-chauffee-et-pataugeoire-a-ales.jpg\" alt=\"beheiztes Schwimmbad und Planschbecken in Al&#xE8;s\" class=\"wp-image-849\" srcset=\"https:\/\/www.lacanadienne.com\/wp-content\/uploads\/sites\/23\/2024\/08\/piscine-chauffee-et-pataugeoire-a-ales.jpg 800w, https:\/\/www.lacanadienne.com\/wp-content\/uploads\/sites\/23\/2024\/08\/piscine-chauffee-et-pataugeoire-a-ales-300x200.jpg 300w, https:\/\/www.lacanadienne.com\/wp-content\/uploads\/sites\/23\/2024\/08\/piscine-chauffee-et-pataugeoire-a-ales-768x511.jpg 768w\" sizes=\"(max-width: 800px) 100vw, 800px\" \/><\/a><\/figure>\n\n\n\n<figure class=\"wp-block-image size-full\"><a href=\"https:\/\/www.lacanadienne.com\/wp-content\/uploads\/sites\/23\/2024\/08\/louer-emplacement-tente-groue.jpg\"><img decoding=\"async\" width=\"800\" height=\"532\" src=\"https:\/\/www.lacanadienne.com\/wp-content\/uploads\/sites\/23\/2024\/08\/louer-emplacement-tente-groue.jpg\" alt=\"Mieten Stellplatz Gruppenzelt\" class=\"wp-image-1353\" srcset=\"https:\/\/www.lacanadienne.com\/wp-content\/uploads\/sites\/23\/2024\/08\/louer-emplacement-tente-groue.jpg 800w, https:\/\/www.lacanadienne.com\/wp-content\/uploads\/sites\/23\/2024\/08\/louer-emplacement-tente-groue-300x200.jpg 300w, https:\/\/www.lacanadienne.com\/wp-content\/uploads\/sites\/23\/2024\/08\/louer-emplacement-tente-groue-768x511.jpg 768w\" sizes=\"(max-width: 800px) 100vw, 800px\" \/><\/a><\/figure>\n<\/figure>\n\n\r\n    <\/div>\r\n<\/section><section id=\"ls-section-block_a4677512b17ae112c9f8ecb439a2882a\" class=\"ls-section  page-one aventure\" >\r\n        <div class=\"container container--wide\">\r\n        \n\n<div class=\"wp-block-columns is-layout-flex wp-container-core-columns-is-layout-2 wp-block-columns-is-layout-flex\">\n<div class=\"wp-block-column first animated fadeInLeft delay-100ms slow is-layout-flow wp-block-column-is-layout-flow\" style=\"flex-basis:45%\">\n<figure class=\"wp-block-image size-full\"><a href=\"https:\/\/www.lacanadienne.com\/wp-content\/uploads\/sites\/23\/2024\/08\/camping-cse-arcachon.jpg\"><img decoding=\"async\" width=\"586\" height=\"650\" src=\"https:\/\/www.lacanadienne.com\/wp-content\/uploads\/sites\/23\/2024\/08\/camping-cse-arcachon.jpg\" alt=\"camping cse arcachon\" class=\"wp-image-1313\" srcset=\"https:\/\/www.lacanadienne.com\/wp-content\/uploads\/sites\/23\/2024\/08\/camping-cse-arcachon.jpg 586w, https:\/\/www.lacanadienne.com\/wp-content\/uploads\/sites\/23\/2024\/08\/camping-cse-arcachon-270x300.jpg 270w\" sizes=\"(max-width: 586px) 100vw, 586px\" \/><\/a><\/figure>\n<\/div>\n\n\n\n<div class=\"wp-block-column is-vertically-aligned-center second animated fadeInRight slow is-layout-flow wp-block-column-is-layout-flow\" style=\"flex-basis:55%\">\n<h2 class=\"ls__heading wp-block-heading has-text-align-left\">Unsere CSR-Pakete<\/h2>\n\n\n\n<p class=\"ls-paragraph\">Verw\u00f6hnen Sie Ihre Mitarbeiter mit einem <a href=\"https:\/\/www.lacanadienne.com\/de\/\">Campingurlaub am Bassin d&#8217;Arcachon<\/a>. W\u00e4hlen Sie unseren Campingplatz La Canadienne in Ar\u00e8s, an einem intimen Ort mit gutem Preis-Leistungsverh\u00e4ltnis, ideal f\u00fcr Familien, zwischen <a href=\"https:\/\/www.lacanadienne.com\/de\/tourismus-cap-ferret-frankreich\/\">Cap Ferret<\/a> und <a href=\"https:\/\/www.lacanadienne.com\/de\/tourismus-andernos-les-bains-frankreich\/\">Andernos<\/a>. Auf dem Programm stehen ein Spaziergang zum Austernhafen und Schwimmen im nat\u00fcrlichen Wasser des Sees von Saint Brice. Ganz in der N\u00e4he k\u00f6nnen Sie den Ozean und den Badeort L\u00e8ge-Cap-Ferret genie\u00dfen. Unser 4-Sterne-Campingplatz in der N\u00e4he von Andernos bietet Ihnen viele Vorteile: Restaurant, Snack, Bar, Brotverkauf, beheiztes Schwimmbad, Kinderspielpl\u00e4tze, Sommeranimation und verschiedene Aktivit\u00e4ten in der N\u00e4he wie Angeln, Wanderungen im Naturpark Pr\u00e9s Sal\u00e9s, lokale M\u00e4rkte und Sommeranimation.      <\/p>\n\n\n\n<p class=\"ls-paragraph\">Kontaktieren Sie unser Team<strong> und<\/strong> erfahren Sie mehr \u00fcber unsere<strong> CSE- und Gemeinschaftsangebote<\/strong> mit folgenden Leistungen<strong> <a href=\"https:\/\/www.lacanadienne.com\/de\/vermietung-preise-campingplatz-arcachon-frankreich\/\">Vorzugstarife<\/a><\/strong>. Planen Sie La Canadienne in Ihr Angebot f\u00fcr Schulen ein und bieten Sie einen angenehmen und \u00fcberschaubaren Urlaubsort an. <\/p>\n<\/div>\n<\/div>\n\n\r\n    <\/div>\r\n<\/section><section id=\"ls-section-block_272c448561404522c24f131d37b295cc\" class=\"ls-section  page-maillage experience has-m-t m-t-0 has-p-t p-t-10\" >\r\n        <div class=\"container container--wide\">\r\n        \n\n<div id=\"ls-heading ls-titre-div-block_bd93074be1a7efa9316ced2f274bdb89\" class=\"ls-titre-div aligncenter h2-like\" >\n    <strong>Entdecken Sie unsere<\/strong> Dienstleistungen, unsere Unterk\u00fcnfte und unseren Swimmingpool<\/div>\n\n\n<div id=\"ls-maillage-block_2d344b1f0cbad5b82cbc3acec0b11692\" class=\"ls-maillage cta-style-normal\" data-rows=\"3\">\n    <div class=\"wp-block-columns\"><div class=\"wp-block-column\"><div id=\"destinations\" class=\"ls-cta\">\n\n<a href=\"https:\/\/www.lacanadienne.com\/de\/campingplatz-frankreich-becken-arcachon-4-sterne-komfort\/\" target=\"\" rel=\"noopener\" class=\"ls-cta__link\">\n\n\t<div class=\"ls-cta__image\"><img decoding=\"async\" src=\"https:\/\/www.lacanadienne.com\/wp-content\/uploads\/sites\/23\/2024\/08\/petit-dejeuner-camping-arcachon.jpg\" alt=\"Fr\u00fchst\u00fcck auf dem Campingplatz Arcachon\"><\/div>\n\t<div class=\"ls-cta__title\">\n\t\tDienstleistungen\t<\/div>\n\n\t\t\n<\/a><\/div><\/div><div class=\"wp-block-column\"><div id=\"destinations\" class=\"ls-cta\">\n\n<a href=\"https:\/\/www.lacanadienne.com\/de\/campingplatz-frankreich-becken-arcachon-wasserbereich\/\" target=\"\" rel=\"noopener\" class=\"ls-cta__link\">\n\n\t<div class=\"ls-cta__image\"><img decoding=\"async\" src=\"https:\/\/www.lacanadienne.com\/wp-content\/uploads\/sites\/23\/2024\/08\/piscine-chauffee-flower-camping.jpg\" alt=\"beheizter Pool flower camping\"><\/div>\n\t<div class=\"ls-cta__title\">\n\t\tUnser Pool\t<\/div>\n\n\t\t\n<\/a><\/div><\/div><div class=\"wp-block-column\"><div id=\"destinations\" class=\"ls-cta\">\n\n<a href=\"https:\/\/www.lacanadienne.com\/de\/vermietung-mobilheim-ares\/\" target=\"\" rel=\"noopener\" class=\"ls-cta__link\">\n\n\t<div class=\"ls-cta__image\"><img decoding=\"async\" src=\"https:\/\/www.lacanadienne.com\/wp-content\/uploads\/sites\/23\/2024\/08\/mobil-home-confort-camping-arcachon.jpg\" alt=\"Mobilheim Komfort Campingplatz Arcachon\"><\/div>\n\t<div class=\"ls-cta__title\">\n\t\tUnsere Unterk\u00fcnfte\t<\/div>\n\n\t\t\n<\/a><\/div><\/div><\/div><\/div>\n\r\n    <\/div>\r\n<\/section>","protected":false},"excerpt":{"rendered":"","protected":false},"author":1,"featured_media":1309,"parent":0,"menu_order":0,"comment_status":"closed","ping_status":"closed","template":"","meta":{"_acf_changed":false,"footnotes":""},"sujet":[],"class_list":["post-2567","page","type-page","status-publish","has-post-thumbnail","hentry"],"acf":[],"yoast_head":"<!-- This site is optimized with the Yoast SEO plugin v23.9 - https:\/\/yoast.com\/wordpress\/plugins\/seo\/ -->\n<title>Gruppen-Campingplatz am Bassin d&#039;Arcachon | Veranstaltung, Seminar<\/title>\n<meta name=\"description\" content=\"Organisieren Sie Ihre Veranstaltung auf dem 4* Campingplatz LA CANADIENNE in Ar\u00e8s: alle unsere Dienstleistungen f\u00fcr Gruppen, Familien oder Unternehmen mit ESC-Formeln\" \/>\n<meta name=\"robots\" content=\"index, follow, max-snippet:-1, max-image-preview:large, max-video-preview:-1\" \/>\n<link rel=\"canonical\" href=\"https:\/\/www.lacanadienne.com\/de\/campingplatz-gruppen-bassin-arcachon\/\" \/>\n<meta property=\"og:locale\" content=\"de_DE\" \/>\n<meta property=\"og:type\" content=\"article\" \/>\n<meta property=\"og:title\" content=\"Gruppen-Campingplatz am Bassin d&#039;Arcachon | Veranstaltung, Seminar\" \/>\n<meta property=\"og:description\" content=\"Organisieren Sie Ihre Veranstaltung auf dem 4* Campingplatz LA CANADIENNE in Ar\u00e8s: alle unsere Dienstleistungen f\u00fcr Gruppen, Familien oder Unternehmen mit ESC-Formeln\" \/>\n<meta property=\"og:url\" content=\"https:\/\/www.lacanadienne.com\/de\/campingplatz-gruppen-bassin-arcachon\/\" \/>\n<meta property=\"og:site_name\" content=\"Camping La Canadienne\" \/>\n<meta property=\"article:modified_time\" content=\"2024-11-15T08:45:41+00:00\" \/>\n<meta property=\"og:image\" content=\"https:\/\/www.lacanadienne.com\/wp-content\/uploads\/sites\/23\/2024\/08\/vacances-groupe-camping-arcachob.jpg\" \/>\n\t<meta property=\"og:image:width\" content=\"1920\" \/>\n\t<meta property=\"og:image:height\" content=\"550\" \/>\n\t<meta property=\"og:image:type\" content=\"image\/jpeg\" \/>\n<meta name=\"twitter:card\" content=\"summary_large_image\" \/>\n<meta name=\"twitter:label1\" content=\"Gesch\u00e4tzte Lesezeit\" \/>\n\t<meta name=\"twitter:data1\" content=\"2\u00a0Minuten\" \/>\n<script type=\"application\/ld+json\" class=\"yoast-schema-graph\">{\"@context\":\"https:\/\/schema.org\",\"@graph\":[{\"@type\":\"WebPage\",\"@id\":\"https:\/\/www.lacanadienne.com\/de\/campingplatz-gruppen-bassin-arcachon\/\",\"url\":\"https:\/\/www.lacanadienne.com\/de\/campingplatz-gruppen-bassin-arcachon\/\",\"name\":\"Gruppen-Campingplatz am Bassin d'Arcachon | Veranstaltung, Seminar\",\"isPartOf\":{\"@id\":\"https:\/\/www.lacanadienne.com\/de\/#website\"},\"primaryImageOfPage\":{\"@id\":\"https:\/\/www.lacanadienne.com\/de\/campingplatz-gruppen-bassin-arcachon\/#primaryimage\"},\"image\":{\"@id\":\"https:\/\/www.lacanadienne.com\/de\/campingplatz-gruppen-bassin-arcachon\/#primaryimage\"},\"thumbnailUrl\":\"https:\/\/www.lacanadienne.com\/wp-content\/uploads\/sites\/23\/2024\/08\/vacances-groupe-camping-arcachob.jpg\",\"datePublished\":\"2024-07-29T12:04:50+00:00\",\"dateModified\":\"2024-11-15T08:45:41+00:00\",\"description\":\"Organisieren Sie Ihre Veranstaltung auf dem 4* Campingplatz LA CANADIENNE in Ar\u00e8s: alle unsere Dienstleistungen f\u00fcr Gruppen, Familien oder Unternehmen mit ESC-Formeln\",\"breadcrumb\":{\"@id\":\"https:\/\/www.lacanadienne.com\/de\/campingplatz-gruppen-bassin-arcachon\/#breadcrumb\"},\"inLanguage\":\"de\",\"potentialAction\":[{\"@type\":\"ReadAction\",\"target\":[\"https:\/\/www.lacanadienne.com\/de\/campingplatz-gruppen-bassin-arcachon\/\"]}]},{\"@type\":\"ImageObject\",\"inLanguage\":\"de\",\"@id\":\"https:\/\/www.lacanadienne.com\/de\/campingplatz-gruppen-bassin-arcachon\/#primaryimage\",\"url\":\"https:\/\/www.lacanadienne.com\/wp-content\/uploads\/sites\/23\/2024\/08\/vacances-groupe-camping-arcachob.jpg\",\"contentUrl\":\"https:\/\/www.lacanadienne.com\/wp-content\/uploads\/sites\/23\/2024\/08\/vacances-groupe-camping-arcachob.jpg\",\"width\":1920,\"height\":550,\"caption\":\"Urlaub Gruppe Camping Arcachob\"},{\"@type\":\"BreadcrumbList\",\"@id\":\"https:\/\/www.lacanadienne.com\/de\/campingplatz-gruppen-bassin-arcachon\/#breadcrumb\",\"itemListElement\":[{\"@type\":\"ListItem\",\"position\":1,\"name\":\"Camping Bassin d\u2019Arcachon\",\"item\":\"https:\/\/www.lacanadienne.com\/de\/\"},{\"@type\":\"ListItem\",\"position\":2,\"name\":\"Gruppen, Betriebsr\u00e4te im Bassin d'Arcachon\"}]},{\"@type\":\"WebSite\",\"@id\":\"https:\/\/www.lacanadienne.com\/de\/#website\",\"url\":\"https:\/\/www.lacanadienne.com\/de\/\",\"name\":\"Camping La Canadienne\",\"description\":\"\",\"publisher\":{\"@id\":\"https:\/\/www.lacanadienne.com\/de\/#organization\"},\"potentialAction\":[{\"@type\":\"SearchAction\",\"target\":{\"@type\":\"EntryPoint\",\"urlTemplate\":\"https:\/\/www.lacanadienne.com\/de\/?s={search_term_string}\"},\"query-input\":{\"@type\":\"PropertyValueSpecification\",\"valueRequired\":true,\"valueName\":\"search_term_string\"}}],\"inLanguage\":\"de\"},{\"@type\":\"Organization\",\"@id\":\"https:\/\/www.lacanadienne.com\/de\/#organization\",\"name\":\"Camping La Canadienne\",\"url\":\"https:\/\/www.lacanadienne.com\/de\/\",\"logo\":{\"@type\":\"ImageObject\",\"inLanguage\":\"de\",\"@id\":\"https:\/\/www.lacanadienne.com\/de\/#\/schema\/logo\/image\/\",\"url\":\"https:\/\/www.lacanadienne.com\/wp-content\/uploads\/sites\/23\/2024\/09\/cropped-logo-Flower-camping-La-Canadienne.png\",\"contentUrl\":\"https:\/\/www.lacanadienne.com\/wp-content\/uploads\/sites\/23\/2024\/09\/cropped-logo-Flower-camping-La-Canadienne.png\",\"width\":500,\"height\":660,\"caption\":\"Camping La Canadienne\"},\"image\":{\"@id\":\"https:\/\/www.lacanadienne.com\/de\/#\/schema\/logo\/image\/\"}}]}<\/script>\n<!-- \/ Yoast SEO plugin. -->","yoast_head_json":{"title":"Gruppen-Campingplatz am Bassin d'Arcachon | Veranstaltung, Seminar","description":"Organisieren Sie Ihre Veranstaltung auf dem 4* Campingplatz LA CANADIENNE in Ar\u00e8s: alle unsere Dienstleistungen f\u00fcr Gruppen, Familien oder Unternehmen mit ESC-Formeln","robots":{"index":"index","follow":"follow","max-snippet":"max-snippet:-1","max-image-preview":"max-image-preview:large","max-video-preview":"max-video-preview:-1"},"canonical":"https:\/\/www.lacanadienne.com\/de\/campingplatz-gruppen-bassin-arcachon\/","og_locale":"de_DE","og_type":"article","og_title":"Gruppen-Campingplatz am Bassin d'Arcachon | Veranstaltung, Seminar","og_description":"Organisieren Sie Ihre Veranstaltung auf dem 4* Campingplatz LA CANADIENNE in Ar\u00e8s: alle unsere Dienstleistungen f\u00fcr Gruppen, Familien oder Unternehmen mit ESC-Formeln","og_url":"https:\/\/www.lacanadienne.com\/de\/campingplatz-gruppen-bassin-arcachon\/","og_site_name":"Camping La Canadienne","article_modified_time":"2024-11-15T08:45:41+00:00","og_image":[{"width":1920,"height":550,"url":"https:\/\/www.lacanadienne.com\/wp-content\/uploads\/sites\/23\/2024\/08\/vacances-groupe-camping-arcachob.jpg","type":"image\/jpeg"}],"twitter_card":"summary_large_image","twitter_misc":{"Gesch\u00e4tzte Lesezeit":"2\u00a0Minuten"},"schema":{"@context":"https:\/\/schema.org","@graph":[{"@type":"WebPage","@id":"https:\/\/www.lacanadienne.com\/de\/campingplatz-gruppen-bassin-arcachon\/","url":"https:\/\/www.lacanadienne.com\/de\/campingplatz-gruppen-bassin-arcachon\/","name":"Gruppen-Campingplatz am Bassin d'Arcachon | Veranstaltung, Seminar","isPartOf":{"@id":"https:\/\/www.lacanadienne.com\/de\/#website"},"primaryImageOfPage":{"@id":"https:\/\/www.lacanadienne.com\/de\/campingplatz-gruppen-bassin-arcachon\/#primaryimage"},"image":{"@id":"https:\/\/www.lacanadienne.com\/de\/campingplatz-gruppen-bassin-arcachon\/#primaryimage"},"thumbnailUrl":"https:\/\/www.lacanadienne.com\/wp-content\/uploads\/sites\/23\/2024\/08\/vacances-groupe-camping-arcachob.jpg","datePublished":"2024-07-29T12:04:50+00:00","dateModified":"2024-11-15T08:45:41+00:00","description":"Organisieren Sie Ihre Veranstaltung auf dem 4* Campingplatz LA CANADIENNE in Ar\u00e8s: alle unsere Dienstleistungen f\u00fcr Gruppen, Familien oder Unternehmen mit ESC-Formeln","breadcrumb":{"@id":"https:\/\/www.lacanadienne.com\/de\/campingplatz-gruppen-bassin-arcachon\/#breadcrumb"},"inLanguage":"de","potentialAction":[{"@type":"ReadAction","target":["https:\/\/www.lacanadienne.com\/de\/campingplatz-gruppen-bassin-arcachon\/"]}]},{"@type":"ImageObject","inLanguage":"de","@id":"https:\/\/www.lacanadienne.com\/de\/campingplatz-gruppen-bassin-arcachon\/#primaryimage","url":"https:\/\/www.lacanadienne.com\/wp-content\/uploads\/sites\/23\/2024\/08\/vacances-groupe-camping-arcachob.jpg","contentUrl":"https:\/\/www.lacanadienne.com\/wp-content\/uploads\/sites\/23\/2024\/08\/vacances-groupe-camping-arcachob.jpg","width":1920,"height":550,"caption":"Urlaub Gruppe Camping Arcachob"},{"@type":"BreadcrumbList","@id":"https:\/\/www.lacanadienne.com\/de\/campingplatz-gruppen-bassin-arcachon\/#breadcrumb","itemListElement":[{"@type":"ListItem","position":1,"name":"Camping Bassin d\u2019Arcachon","item":"https:\/\/www.lacanadienne.com\/de\/"},{"@type":"ListItem","position":2,"name":"Gruppen, Betriebsr\u00e4te im Bassin d'Arcachon"}]},{"@type":"WebSite","@id":"https:\/\/www.lacanadienne.com\/de\/#website","url":"https:\/\/www.lacanadienne.com\/de\/","name":"Camping La Canadienne","description":"","publisher":{"@id":"https:\/\/www.lacanadienne.com\/de\/#organization"},"potentialAction":[{"@type":"SearchAction","target":{"@type":"EntryPoint","urlTemplate":"https:\/\/www.lacanadienne.com\/de\/?s={search_term_string}"},"query-input":{"@type":"PropertyValueSpecification","valueRequired":true,"valueName":"search_term_string"}}],"inLanguage":"de"},{"@type":"Organization","@id":"https:\/\/www.lacanadienne.com\/de\/#organization","name":"Camping La Canadienne","url":"https:\/\/www.lacanadienne.com\/de\/","logo":{"@type":"ImageObject","inLanguage":"de","@id":"https:\/\/www.lacanadienne.com\/de\/#\/schema\/logo\/image\/","url":"https:\/\/www.lacanadienne.com\/wp-content\/uploads\/sites\/23\/2024\/09\/cropped-logo-Flower-camping-La-Canadienne.png","contentUrl":"https:\/\/www.lacanadienne.com\/wp-content\/uploads\/sites\/23\/2024\/09\/cropped-logo-Flower-camping-La-Canadienne.png","width":500,"height":660,"caption":"Camping La Canadienne"},"image":{"@id":"https:\/\/www.lacanadienne.com\/de\/#\/schema\/logo\/image\/"}}]}},"_links":{"self":[{"href":"https:\/\/www.lacanadienne.com\/de\/wp-json\/wp\/v2\/pages\/2567","targetHints":{"allow":["GET"]}}],"collection":[{"href":"https:\/\/www.lacanadienne.com\/de\/wp-json\/wp\/v2\/pages"}],"about":[{"href":"https:\/\/www.lacanadienne.com\/de\/wp-json\/wp\/v2\/types\/page"}],"author":[{"embeddable":true,"href":"https:\/\/www.lacanadienne.com\/de\/wp-json\/wp\/v2\/users\/1"}],"replies":[{"embeddable":true,"href":"https:\/\/www.lacanadienne.com\/de\/wp-json\/wp\/v2\/comments?post=2567"}],"version-history":[{"count":6,"href":"https:\/\/www.lacanadienne.com\/de\/wp-json\/wp\/v2\/pages\/2567\/revisions"}],"predecessor-version":[{"id":3731,"href":"https:\/\/www.lacanadienne.com\/de\/wp-json\/wp\/v2\/pages\/2567\/revisions\/3731"}],"wp:featuredmedia":[{"embeddable":true,"href":"https:\/\/www.lacanadienne.com\/de\/wp-json\/wp\/v2\/media\/1309"}],"wp:attachment":[{"href":"https:\/\/www.lacanadienne.com\/de\/wp-json\/wp\/v2\/media?parent=2567"}],"wp:term":[{"taxonomy":"sujet","embeddable":true,"href":"https:\/\/www.lacanadienne.com\/de\/wp-json\/wp\/v2\/sujet?post=2567"}],"curies":[{"name":"wp","href":"https:\/\/api.w.org\/{rel}","templated":true}]}}