{"id":2590,"date":"2024-07-29T12:04:50","date_gmt":"2024-07-29T12:04:50","guid":{"rendered":"https:\/\/www.lacanadienne.com\/campingplatz-frankreich-becken-arcachon-radwege\/"},"modified":"2025-04-03T08:40:53","modified_gmt":"2025-04-03T08:40:53","slug":"campingplatz-frankreich-becken-arcachon-radwege","status":"publish","type":"page","link":"https:\/\/www.lacanadienne.com\/de\/campingplatz-frankreich-becken-arcachon-radwege\/","title":{"rendered":"Camping La Canadienne"},"content":{"rendered":"<section id=\"ls-section-block_2e581766b98d45b576aa5a114555f180\" class=\"ls-section  page-one has-background has-color-4-background-color has-m-t m-t-0 has-m-b m-b-0 has-p-t p-t-14 has-p-b p-b-14\" >\r\n        <div class=\"container container--wide\">\r\n        \n\n<div class=\"wp-block-columns is-layout-flex wp-container-core-columns-is-layout-1 wp-block-columns-is-layout-flex\">\n<div class=\"wp-block-column animated fadeInLeft delay-100ms slow is-layout-flow wp-block-column-is-layout-flow\" style=\"flex-basis:45%\">\n<figure class=\"wp-block-image size-full\"><a href=\"https:\/\/www.lacanadienne.com\/wp-content\/uploads\/sites\/23\/2024\/08\/engagements-ecologique-la-canadienne.jpg\"><img decoding=\"async\" width=\"586\" height=\"650\" src=\"https:\/\/www.lacanadienne.com\/wp-content\/uploads\/sites\/23\/2024\/08\/engagements-ecologique-la-canadienne.jpg\" alt=\"\u00f6kologischen Verpflichtungen die Kanadierin\" class=\"wp-image-1035\" srcset=\"https:\/\/www.lacanadienne.com\/wp-content\/uploads\/sites\/23\/2024\/08\/engagements-ecologique-la-canadienne.jpg 586w, https:\/\/www.lacanadienne.com\/wp-content\/uploads\/sites\/23\/2024\/08\/engagements-ecologique-la-canadienne-270x300.jpg 270w\" sizes=\"(max-width: 586px) 100vw, 586px\" \/><\/a><\/figure>\n<\/div>\n\n\n\n<div class=\"wp-block-column animated fadeInRight slow is-layout-flow wp-block-column-is-layout-flow\" style=\"flex-basis:55%\">\n<h1 class=\"ls__heading wp-block-heading\">Mit dem Fahrrad rund um den Campingplatz<\/h1>\n\n\n\n<p class=\"ls-paragraph\">Unser Campingplatz La Canadienne bietet hochwertige Unterk\u00fcnfte f\u00fcr Radfahrer an der Bucht von Arcachon, die ein erholsames Erlebnis f\u00fcr die ganze Familie garantieren. Auf der <strong>V\u00e9lodyss\u00e9e<\/strong>, der <strong>Radroute<\/strong> von Roscoff nach Hendaye, durchqueren Sie das <a href=\"https:\/\/www.lacanadienne.com\/de\/tourismus-arcachon-becken-frankreich\/\">Bassin d&#8217;Arcachon<\/a> und entdecken eine reiche und abwechslungsreiche Strecke, die f\u00fcr alle, auch f\u00fcr Kinder, zug\u00e4nglich ist. <\/p>\n\n\n\n<h2 class=\"ls__heading wp-block-heading\">Entdecken Sie unseren Campingplatz auf der V\u00e9lodyss\u00e9e<\/h2>\n\n\n\n<p class=\"ls-paragraph\">Entdecken Sie die <a href=\"https:\/\/www.lacanadienne.com\/evadez-vous-sur-le-bassin-d-arcachon-la-velodyssee-de-lege-cap-ferret-a-la-dune-du-pilat\/\">V\u00e9lodyss\u00e9e<\/a>, den franz\u00f6sischen Abschnitt der EuroVelo 1, die Roscoff in der Bretagne mit Hendaye im Baskenland verbindet. Auf \u00fcber 1.200 km markierten Routen ist dieser <strong>Radweg<\/strong>, der zur &#8222;Itin\u00e9raire V\u00e9lo 2017&#8220; gew\u00e4hlt wurde, der meistbefahrene in Frankreich. Von <a href=\"https:\/\/www.lacanadienne.com\/de\/tourismus-cap-ferret-frankreich\/\">L\u00e8ge-Cap-Ferret<\/a> bis zur <a href=\"https:\/\/www.lacanadienne.com\/de\/tourismus-dune-du-pilat-frankreich\/\">Dune du Pilat<\/a> f\u00fchrt die V\u00e9lodyss\u00e9e durch das Bassin d&#8217;Arcachon, das f\u00fcr seinen Reichtum und die Vielfalt seiner Landschaften bekannt ist. Diese Strecke ist f\u00fcr alle zug\u00e4nglich, <strong>auch f\u00fcr Kinder<\/strong>, und l\u00e4sst Sie das Land, das Meer, den Sand und den Wald entdecken.   <\/p>\n\n\n\n<p class=\"ls-paragraph\">Suchen Sie einen Campingplatz in der Gironde auf der V\u00e9lodyss\u00e9e? Unser <a href=\"https:\/\/www.lacanadienne.com\/de\/campingplatz-frankreich-becken-arcachon-4-sterne-komfort\/\">Familiencampingplatz La Canadienne<\/a> empf\u00e4ngt Sie am Ufer des Bassin d&#8217;Arcachon, zwischen Cap Ferret und Arcachon. Wir bieten Unterk\u00fcnfte in Mobilheimen f\u00fcr 2 bis 6 Personen, sowie Stellpl\u00e4tze f\u00fcr Zelte, Wohnwagen und Wohnmobile inmitten eines Eichenwaldes&#8230;. Radfahren mit der Familie war noch nie so erholsam!   <\/p>\n<\/div>\n<\/div>\n\n\r\n    <\/div>\r\n<\/section>\n\n<section id=\"ls-section-block_78ab6f04845b121afb6978e03d25aaf3\" class=\"ls-section  home-gallery has-background has-color-4-background-color has-m-t m-t-0 has-p-t p-t-0\" >\r\n        <div class=\"container container--full\">\r\n        \n\n<figure class=\"wp-block-gallery has-nested-images columns-1 is-cropped galerie-slider-container wp-block-gallery-1 is-layout-flex wp-block-gallery-is-layout-flex\">\n<figure class=\"wp-block-image size-full\"><a href=\"https:\/\/www.lacanadienne.com\/wp-content\/uploads\/sites\/23\/2024\/08\/camping-velo-arcachon.jpg\"><img decoding=\"async\" width=\"800\" height=\"532\" src=\"https:\/\/www.lacanadienne.com\/wp-content\/uploads\/sites\/23\/2024\/08\/camping-velo-arcachon.jpg\" alt=\"camping velo arcachon\" class=\"wp-image-1049\" srcset=\"https:\/\/www.lacanadienne.com\/wp-content\/uploads\/sites\/23\/2024\/08\/camping-velo-arcachon.jpg 800w, https:\/\/www.lacanadienne.com\/wp-content\/uploads\/sites\/23\/2024\/08\/camping-velo-arcachon-300x200.jpg 300w, https:\/\/www.lacanadienne.com\/wp-content\/uploads\/sites\/23\/2024\/08\/camping-velo-arcachon-768x511.jpg 768w\" sizes=\"(max-width: 800px) 100vw, 800px\" \/><\/a><\/figure>\n\n\n\n<figure class=\"wp-block-image size-full\"><a href=\"https:\/\/www.lacanadienne.com\/wp-content\/uploads\/sites\/23\/2024\/08\/faire-du-velo-sur-le-bassin-darcachon.jpg\"><img decoding=\"async\" width=\"800\" height=\"532\" src=\"https:\/\/www.lacanadienne.com\/wp-content\/uploads\/sites\/23\/2024\/08\/faire-du-velo-sur-le-bassin-darcachon.jpg\" alt=\"Radfahren am Bassin d'Arcachon\" class=\"wp-image-1092\" srcset=\"https:\/\/www.lacanadienne.com\/wp-content\/uploads\/sites\/23\/2024\/08\/faire-du-velo-sur-le-bassin-darcachon.jpg 800w, https:\/\/www.lacanadienne.com\/wp-content\/uploads\/sites\/23\/2024\/08\/faire-du-velo-sur-le-bassin-darcachon-300x200.jpg 300w, https:\/\/www.lacanadienne.com\/wp-content\/uploads\/sites\/23\/2024\/08\/faire-du-velo-sur-le-bassin-darcachon-768x511.jpg 768w\" sizes=\"(max-width: 800px) 100vw, 800px\" \/><\/a><\/figure>\n\n\n\n<figure class=\"wp-block-image size-full\"><a href=\"https:\/\/www.lacanadienne.com\/wp-content\/uploads\/sites\/23\/2024\/08\/velo-bassin-arcachon.jpg\"><img decoding=\"async\" width=\"953\" height=\"750\" src=\"https:\/\/www.lacanadienne.com\/wp-content\/uploads\/sites\/23\/2024\/08\/velo-bassin-arcachon.jpg\" alt=\"velo bassin arcachon\" class=\"wp-image-2273\" srcset=\"https:\/\/www.lacanadienne.com\/wp-content\/uploads\/sites\/23\/2024\/08\/velo-bassin-arcachon.jpg 953w, https:\/\/www.lacanadienne.com\/wp-content\/uploads\/sites\/23\/2024\/08\/velo-bassin-arcachon-300x236.jpg 300w, https:\/\/www.lacanadienne.com\/wp-content\/uploads\/sites\/23\/2024\/08\/velo-bassin-arcachon-768x604.jpg 768w\" sizes=\"(max-width: 953px) 100vw, 953px\" \/><\/a><\/figure>\n<\/figure>\n\n\r\n    <\/div>\r\n<\/section>\n\n<section id=\"ls-section-block_9dd19b52a226686bc58e6fd46ddb57ac\" class=\"ls-section  page-one aventure\" >\r\n        <div class=\"container container--wide\">\r\n        \n\n<div class=\"wp-block-columns is-layout-flex wp-container-core-columns-is-layout-2 wp-block-columns-is-layout-flex\">\n<div class=\"wp-block-column first animated fadeInLeft delay-100ms slow is-layout-flow wp-block-column-is-layout-flow\" style=\"flex-basis:45%\">\n<figure class=\"wp-block-image size-full\"><a href=\"https:\/\/www.lacanadienne.com\/wp-content\/uploads\/sites\/23\/2024\/08\/decouvrir-le-bassin-a-velo.jpg\"><img decoding=\"async\" width=\"586\" height=\"650\" src=\"https:\/\/www.lacanadienne.com\/wp-content\/uploads\/sites\/23\/2024\/08\/decouvrir-le-bassin-a-velo.jpg\" alt=\"das Becken mit dem Fahrrad entdecken\" class=\"wp-image-1110\" srcset=\"https:\/\/www.lacanadienne.com\/wp-content\/uploads\/sites\/23\/2024\/08\/decouvrir-le-bassin-a-velo.jpg 586w, https:\/\/www.lacanadienne.com\/wp-content\/uploads\/sites\/23\/2024\/08\/decouvrir-le-bassin-a-velo-270x300.jpg 270w\" sizes=\"(max-width: 586px) 100vw, 586px\" \/><\/a><\/figure>\n<\/div>\n\n\n\n<div class=\"wp-block-column is-vertically-aligned-center second animated fadeInRight slow is-layout-flow wp-block-column-is-layout-flow\" style=\"flex-basis:55%\">\n<h2 class=\"ls__heading wp-block-heading has-text-align-left\" id=\"partirleger\">Erkunden Sie Ar\u00e8s und das Bassin d&#8217;Arcachon mit dem Fahrrad<\/h2>\n\n\n\n<p class=\"ls-paragraph\">Mehr als 100 km Radwege rund um das Becken von Arcachon erwarten Sie direkt vor der T\u00fcr des Campingplatzes.\nDie Fahrt durch die Gironde rund um <a href=\"https:\/\/www.lacanadienne.com\/de\/\">den Campingplatz an der Bucht von Arcachon<\/a> und Ar\u00e8s ist ein wahrer Genuss!\nTauschen Sie Ihr Auto gegen ein klassisches oder elektrisches Fahrrad und genie\u00dfen Sie die einladende Natur des Bassin d&#8217;Arcachon f\u00fcr ein Picknick und die Aktivit\u00e4ten auf Ihrem Weg!  <\/p>\n\n\n\n<p class=\"ls-paragraph\">Es gibt <strong>viele Wege<\/strong>, die Sie gehen k\u00f6nnen. Wir empfehlen Ihnen den Weg vom Campingplatz nach Andernos-les-Bains mit seinem charmanten Markt.\nSie kommen an wundersch\u00f6nen Naturschutzgebieten vorbei und k\u00f6nnen herrliche Panoramen bewundern. <\/p>\n<\/div>\n<\/div>\n\n\r\n    <\/div>\r\n<\/section>\n\n<section id=\"ls-section-block_342ce9620c5ee6266cdef5894c623a04\" class=\"ls-section  page-one has-background has-color-4-background-color has-m-b m-b-0 has-p-t p-t-14\" >\r\n        <div class=\"container container--wide\">\r\n        \n\n<div class=\"wp-block-columns is-layout-flex wp-container-core-columns-is-layout-3 wp-block-columns-is-layout-flex\">\n<div class=\"wp-block-column is-vertically-aligned-center first  animated fadeInLeft slow is-layout-flow wp-block-column-is-layout-flow\" style=\"flex-basis:55%\">\n<h2 class=\"ls__heading wp-block-heading\">Strecken auf Radwegen<\/h2>\n\n\n\n<p class=\"ls-paragraph\">Steigen Sie auf Ihr Fahrrad und fahren Sie von <a href=\"https:\/\/www.lacanadienne.com\/de\/tourismus-cap-ferret-frankreich\/\">L\u00e8ge-Cap Ferret<\/a> entlang der alten Eisenbahnlinie nach <strong>Ar\u00e8s und seinem Naturschutzgebiet<\/strong>. In <a href=\"https:\/\/www.lacanadienne.com\/de\/tourismus-andernos-les-bains-frankreich\/\">Andernos-les-Bains<\/a> k\u00f6nnen Sie die gro\u00dfe Mole, den Austernhafen, die Str\u00e4nde und das lebhafte Stadtzentrum genie\u00dfen. Liebhaber des Kulturerbes werden die Kirche St-Eloi, die gallo-r\u00f6mischen \u00dcberreste und das Maison Louis David zu sch\u00e4tzen wissen.  <\/p>\n\n\n\n<p class=\"ls-paragraph\">Zwischen Lanton und Biganos f\u00fchrt der Weg durch den Kiefernwald der Landes de Gascogne.\nMachen Sie einen Abstecher zum Hafen von Audenge, der f\u00fcr sein Meerwasserschwimmbecken und die Domaines de Certes-Graveyron, ein bemerkenswertes Vogelschutzgebiet, bekannt ist.\nFahren Sie weiter nach Biganos und bewundern Sie die bunten Fischerh\u00fctten am Hafen.  <\/p>\n\n\n\n<p class=\"ls-paragraph\">Fahren Sie weiter nach Le Teich, wo Sie im Parc Ornithologique du Teich wilde V\u00f6gel beobachten k\u00f6nnen.\nFahren Sie dann weiter nach Gujan-Mestras.\nBeenden Sie Ihre Reise in La Teste-de-Buch, ber\u00fchmt f\u00fcr seine Cabanes tchanqu\u00e9es, seine Str\u00e4nde, den Lac de Cazaux und die <a href=\"https:\/\/www.lacanadienne.com\/de\/tourismus-dune-du-pilat-frankreich\/\">Dune du Pilat<\/a>.  <\/p>\n\n\n\n<p class=\"ls-paragraph\">Sind Sie bereit f\u00fcr ein Abenteuer? Nehmen Sie Ihr Fahrrad mit oder mieten Sie es und <strong>entdecken<\/strong> Sie <strong>unsere sch\u00f6ne Region<\/strong>.   <\/p>\n<\/div>\n\n\n\n<div class=\"wp-block-column second animated fadeInRight delay-100ms slow is-layout-flow wp-block-column-is-layout-flow\" style=\"flex-basis:45%\">\n<figure class=\"wp-block-image size-full\"><a href=\"https:\/\/www.lacanadienne.com\/wp-content\/uploads\/sites\/23\/2024\/08\/pistes-cyclables-a-ares-arcachon.jpg\"><img decoding=\"async\" width=\"586\" height=\"650\" src=\"https:\/\/www.lacanadienne.com\/wp-content\/uploads\/sites\/23\/2024\/08\/pistes-cyclables-a-ares-arcachon.jpg\" alt=\"Radwege in Ares Arcachon\" class=\"wp-image-1055\" srcset=\"https:\/\/www.lacanadienne.com\/wp-content\/uploads\/sites\/23\/2024\/08\/pistes-cyclables-a-ares-arcachon.jpg 586w, https:\/\/www.lacanadienne.com\/wp-content\/uploads\/sites\/23\/2024\/08\/pistes-cyclables-a-ares-arcachon-270x300.jpg 270w\" sizes=\"(max-width: 586px) 100vw, 586px\" \/><\/a><\/figure>\n<\/div>\n<\/div>\n\n\r\n    <\/div>\r\n<\/section>\n\n<section id=\"ls-section-block_d0e1055e1348d3d2aee8832f8fd9d9d5\" class=\"ls-section  page-maillage experience has-m-t m-t-0 has-p-t p-t-10\" >\r\n        <div class=\"container container--wide\">\r\n        \n\n<div id=\"ls-heading ls-titre-div-block_cf73f42647046e22a2804c8d4ee98a6b\" class=\"ls-titre-div aligncenter h2-like\" >\n    <strong>Entdecken Sie unsere<\/strong> Freizeitangebote, unsere Unterk\u00fcnfte und unser Schwimmbad<\/div>\n\n\n<div id=\"ls-maillage-block_83c8c5b766acb6c114184a3a58fdc27b\" class=\"ls-maillage cta-style-normal\" data-rows=\"3\">\n    <div class=\"wp-block-columns\"><div class=\"wp-block-column\"><div id=\"destinations\" class=\"ls-cta\">\n\n<a href=\"https:\/\/www.lacanadienne.com\/de\/campingplatz-frankreich-becken-arcachon-wasserbereich\/\" target=\"\" rel=\"noopener\" class=\"ls-cta__link\">\n\n\t<div class=\"ls-cta__image\"><img decoding=\"async\" src=\"https:\/\/www.lacanadienne.com\/wp-content\/uploads\/sites\/23\/2024\/08\/piscine-chauffee-flower-camping.jpg\" alt=\"beheizter Pool flower camping\"><\/div>\n\t<div class=\"ls-cta__title\">\n\t\tUnser Pool\t<\/div>\n\n\t\t\n<\/a><\/div><\/div><div class=\"wp-block-column\"><div id=\"destinations\" class=\"ls-cta\">\n\n<a href=\"https:\/\/www.lacanadienne.com\/de\/vermietung-mobilheim-ares\/\" target=\"\" rel=\"noopener\" class=\"ls-cta__link\">\n\n\t<div class=\"ls-cta__image\"><img decoding=\"async\" src=\"https:\/\/www.lacanadienne.com\/wp-content\/uploads\/sites\/23\/2024\/08\/mobil-home-confort-camping-arcachon.jpg\" alt=\"Mobilheim Komfort Campingplatz Arcachon\"><\/div>\n\t<div class=\"ls-cta__title\">\n\t\tUnsere Unterk\u00fcnfte\t<\/div>\n\n\t\t\n<\/a><\/div><\/div><div class=\"wp-block-column\"><div id=\"destinations\" class=\"ls-cta\">\n\n<a href=\"https:\/\/www.lacanadienne.com\/de\/campingplatz-frankreich-becken-arcachon-sport-aktivitaten\/\" target=\"\" rel=\"noopener\" class=\"ls-cta__link\">\n\n\t<div class=\"ls-cta__image\"><img decoding=\"async\" src=\"https:\/\/www.lacanadienne.com\/wp-content\/uploads\/sites\/23\/2024\/08\/camping-avec-terrain-multisport.jpg\" alt=\"Campingplatz mit Multisportplatz\"><\/div>\n\t<div class=\"ls-cta__title\">\n\t\tFreizeit\t<\/div>\n\n\t\t\n<\/a><\/div><\/div><\/div><\/div>\n\r\n    <\/div>\r\n<\/section>","protected":false},"excerpt":{"rendered":"","protected":false},"author":1,"featured_media":1120,"parent":0,"menu_order":0,"comment_status":"closed","ping_status":"closed","template":"","meta":{"_acf_changed":false,"footnotes":""},"sujet":[],"class_list":["post-2590","page","type-page","status-publish","has-post-thumbnail","hentry"],"acf":[],"yoast_head":"<!-- This site is optimized with the Yoast SEO plugin v23.9 - https:\/\/yoast.com\/wordpress\/plugins\/seo\/ -->\n<title>Camping Radfahren am Bassin d&#039;Arcachon | Vermietung, Fahrradwege<\/title>\n<meta name=\"description\" content=\"Mit dem Fahrrad vom Familiencampingplatz LA CANADIENNE **** aus, besuchen Sie das Bassin d&#039;Arcachon auf den Radwegen mit unseren Vermietungen und Dienstleistungen.\" \/>\n<meta name=\"robots\" content=\"index, follow, max-snippet:-1, max-image-preview:large, max-video-preview:-1\" \/>\n<link rel=\"canonical\" href=\"https:\/\/www.lacanadienne.com\/de\/campingplatz-frankreich-becken-arcachon-radwege\/\" \/>\n<meta property=\"og:locale\" content=\"de_DE\" \/>\n<meta property=\"og:type\" content=\"article\" \/>\n<meta property=\"og:title\" content=\"Camping Radfahren am Bassin d&#039;Arcachon | Vermietung, Fahrradwege\" \/>\n<meta property=\"og:description\" content=\"Mit dem Fahrrad vom Familiencampingplatz LA CANADIENNE **** aus, besuchen Sie das Bassin d&#039;Arcachon auf den Radwegen mit unseren Vermietungen und Dienstleistungen.\" \/>\n<meta property=\"og:url\" content=\"https:\/\/www.lacanadienne.com\/de\/campingplatz-frankreich-becken-arcachon-radwege\/\" \/>\n<meta property=\"og:site_name\" content=\"Camping La Canadienne\" \/>\n<meta property=\"article:modified_time\" content=\"2025-04-03T08:40:53+00:00\" \/>\n<meta property=\"og:image\" content=\"https:\/\/www.lacanadienne.com\/wp-content\/uploads\/sites\/23\/2024\/08\/camping-velo-bassin-arcachon.jpg\" \/>\n\t<meta property=\"og:image:width\" content=\"1920\" \/>\n\t<meta property=\"og:image:height\" content=\"550\" \/>\n\t<meta property=\"og:image:type\" content=\"image\/jpeg\" \/>\n<meta name=\"twitter:card\" content=\"summary_large_image\" \/>\n<meta name=\"twitter:label1\" content=\"Gesch\u00e4tzte Lesezeit\" \/>\n\t<meta name=\"twitter:data1\" content=\"4\u00a0Minuten\" \/>\n<script type=\"application\/ld+json\" class=\"yoast-schema-graph\">{\"@context\":\"https:\/\/schema.org\",\"@graph\":[{\"@type\":\"WebPage\",\"@id\":\"https:\/\/www.lacanadienne.com\/de\/campingplatz-frankreich-becken-arcachon-radwege\/\",\"url\":\"https:\/\/www.lacanadienne.com\/de\/campingplatz-frankreich-becken-arcachon-radwege\/\",\"name\":\"Camping Radfahren am Bassin d'Arcachon | Vermietung, Fahrradwege\",\"isPartOf\":{\"@id\":\"https:\/\/www.lacanadienne.com\/de\/#website\"},\"primaryImageOfPage\":{\"@id\":\"https:\/\/www.lacanadienne.com\/de\/campingplatz-frankreich-becken-arcachon-radwege\/#primaryimage\"},\"image\":{\"@id\":\"https:\/\/www.lacanadienne.com\/de\/campingplatz-frankreich-becken-arcachon-radwege\/#primaryimage\"},\"thumbnailUrl\":\"https:\/\/www.lacanadienne.com\/wp-content\/uploads\/sites\/23\/2024\/08\/camping-velo-bassin-arcachon.jpg\",\"datePublished\":\"2024-07-29T12:04:50+00:00\",\"dateModified\":\"2025-04-03T08:40:53+00:00\",\"description\":\"Mit dem Fahrrad vom Familiencampingplatz LA CANADIENNE **** aus, besuchen Sie das Bassin d'Arcachon auf den Radwegen mit unseren Vermietungen und Dienstleistungen.\",\"breadcrumb\":{\"@id\":\"https:\/\/www.lacanadienne.com\/de\/campingplatz-frankreich-becken-arcachon-radwege\/#breadcrumb\"},\"inLanguage\":\"de\",\"potentialAction\":[{\"@type\":\"ReadAction\",\"target\":[\"https:\/\/www.lacanadienne.com\/de\/campingplatz-frankreich-becken-arcachon-radwege\/\"]}]},{\"@type\":\"ImageObject\",\"inLanguage\":\"de\",\"@id\":\"https:\/\/www.lacanadienne.com\/de\/campingplatz-frankreich-becken-arcachon-radwege\/#primaryimage\",\"url\":\"https:\/\/www.lacanadienne.com\/wp-content\/uploads\/sites\/23\/2024\/08\/camping-velo-bassin-arcachon.jpg\",\"contentUrl\":\"https:\/\/www.lacanadienne.com\/wp-content\/uploads\/sites\/23\/2024\/08\/camping-velo-bassin-arcachon.jpg\",\"width\":1920,\"height\":550,\"caption\":\"camping velo becken arcachon\"},{\"@type\":\"BreadcrumbList\",\"@id\":\"https:\/\/www.lacanadienne.com\/de\/campingplatz-frankreich-becken-arcachon-radwege\/#breadcrumb\",\"itemListElement\":[{\"@type\":\"ListItem\",\"position\":1,\"name\":\"Camping Bassin d\u2019Arcachon\",\"item\":\"https:\/\/www.lacanadienne.com\/de\/\"},{\"@type\":\"ListItem\",\"position\":2,\"name\":\"Camping La Canadienne\"}]},{\"@type\":\"WebSite\",\"@id\":\"https:\/\/www.lacanadienne.com\/de\/#website\",\"url\":\"https:\/\/www.lacanadienne.com\/de\/\",\"name\":\"Camping La Canadienne\",\"description\":\"\",\"publisher\":{\"@id\":\"https:\/\/www.lacanadienne.com\/de\/#organization\"},\"potentialAction\":[{\"@type\":\"SearchAction\",\"target\":{\"@type\":\"EntryPoint\",\"urlTemplate\":\"https:\/\/www.lacanadienne.com\/de\/?s={search_term_string}\"},\"query-input\":{\"@type\":\"PropertyValueSpecification\",\"valueRequired\":true,\"valueName\":\"search_term_string\"}}],\"inLanguage\":\"de\"},{\"@type\":\"Organization\",\"@id\":\"https:\/\/www.lacanadienne.com\/de\/#organization\",\"name\":\"Camping La Canadienne\",\"url\":\"https:\/\/www.lacanadienne.com\/de\/\",\"logo\":{\"@type\":\"ImageObject\",\"inLanguage\":\"de\",\"@id\":\"https:\/\/www.lacanadienne.com\/de\/#\/schema\/logo\/image\/\",\"url\":\"https:\/\/www.lacanadienne.com\/wp-content\/uploads\/sites\/23\/2024\/09\/cropped-logo-Flower-camping-La-Canadienne.png\",\"contentUrl\":\"https:\/\/www.lacanadienne.com\/wp-content\/uploads\/sites\/23\/2024\/09\/cropped-logo-Flower-camping-La-Canadienne.png\",\"width\":500,\"height\":660,\"caption\":\"Camping La Canadienne\"},\"image\":{\"@id\":\"https:\/\/www.lacanadienne.com\/de\/#\/schema\/logo\/image\/\"}}]}<\/script>\n<!-- \/ Yoast SEO plugin. -->","yoast_head_json":{"title":"Camping Radfahren am Bassin d'Arcachon | Vermietung, Fahrradwege","description":"Mit dem Fahrrad vom Familiencampingplatz LA CANADIENNE **** aus, besuchen Sie das Bassin d'Arcachon auf den Radwegen mit unseren Vermietungen und Dienstleistungen.","robots":{"index":"index","follow":"follow","max-snippet":"max-snippet:-1","max-image-preview":"max-image-preview:large","max-video-preview":"max-video-preview:-1"},"canonical":"https:\/\/www.lacanadienne.com\/de\/campingplatz-frankreich-becken-arcachon-radwege\/","og_locale":"de_DE","og_type":"article","og_title":"Camping Radfahren am Bassin d'Arcachon | Vermietung, Fahrradwege","og_description":"Mit dem Fahrrad vom Familiencampingplatz LA CANADIENNE **** aus, besuchen Sie das Bassin d'Arcachon auf den Radwegen mit unseren Vermietungen und Dienstleistungen.","og_url":"https:\/\/www.lacanadienne.com\/de\/campingplatz-frankreich-becken-arcachon-radwege\/","og_site_name":"Camping La Canadienne","article_modified_time":"2025-04-03T08:40:53+00:00","og_image":[{"width":1920,"height":550,"url":"https:\/\/www.lacanadienne.com\/wp-content\/uploads\/sites\/23\/2024\/08\/camping-velo-bassin-arcachon.jpg","type":"image\/jpeg"}],"twitter_card":"summary_large_image","twitter_misc":{"Gesch\u00e4tzte Lesezeit":"4\u00a0Minuten"},"schema":{"@context":"https:\/\/schema.org","@graph":[{"@type":"WebPage","@id":"https:\/\/www.lacanadienne.com\/de\/campingplatz-frankreich-becken-arcachon-radwege\/","url":"https:\/\/www.lacanadienne.com\/de\/campingplatz-frankreich-becken-arcachon-radwege\/","name":"Camping Radfahren am Bassin d'Arcachon | Vermietung, Fahrradwege","isPartOf":{"@id":"https:\/\/www.lacanadienne.com\/de\/#website"},"primaryImageOfPage":{"@id":"https:\/\/www.lacanadienne.com\/de\/campingplatz-frankreich-becken-arcachon-radwege\/#primaryimage"},"image":{"@id":"https:\/\/www.lacanadienne.com\/de\/campingplatz-frankreich-becken-arcachon-radwege\/#primaryimage"},"thumbnailUrl":"https:\/\/www.lacanadienne.com\/wp-content\/uploads\/sites\/23\/2024\/08\/camping-velo-bassin-arcachon.jpg","datePublished":"2024-07-29T12:04:50+00:00","dateModified":"2025-04-03T08:40:53+00:00","description":"Mit dem Fahrrad vom Familiencampingplatz LA CANADIENNE **** aus, besuchen Sie das Bassin d'Arcachon auf den Radwegen mit unseren Vermietungen und Dienstleistungen.","breadcrumb":{"@id":"https:\/\/www.lacanadienne.com\/de\/campingplatz-frankreich-becken-arcachon-radwege\/#breadcrumb"},"inLanguage":"de","potentialAction":[{"@type":"ReadAction","target":["https:\/\/www.lacanadienne.com\/de\/campingplatz-frankreich-becken-arcachon-radwege\/"]}]},{"@type":"ImageObject","inLanguage":"de","@id":"https:\/\/www.lacanadienne.com\/de\/campingplatz-frankreich-becken-arcachon-radwege\/#primaryimage","url":"https:\/\/www.lacanadienne.com\/wp-content\/uploads\/sites\/23\/2024\/08\/camping-velo-bassin-arcachon.jpg","contentUrl":"https:\/\/www.lacanadienne.com\/wp-content\/uploads\/sites\/23\/2024\/08\/camping-velo-bassin-arcachon.jpg","width":1920,"height":550,"caption":"camping velo becken arcachon"},{"@type":"BreadcrumbList","@id":"https:\/\/www.lacanadienne.com\/de\/campingplatz-frankreich-becken-arcachon-radwege\/#breadcrumb","itemListElement":[{"@type":"ListItem","position":1,"name":"Camping Bassin d\u2019Arcachon","item":"https:\/\/www.lacanadienne.com\/de\/"},{"@type":"ListItem","position":2,"name":"Camping La Canadienne"}]},{"@type":"WebSite","@id":"https:\/\/www.lacanadienne.com\/de\/#website","url":"https:\/\/www.lacanadienne.com\/de\/","name":"Camping La Canadienne","description":"","publisher":{"@id":"https:\/\/www.lacanadienne.com\/de\/#organization"},"potentialAction":[{"@type":"SearchAction","target":{"@type":"EntryPoint","urlTemplate":"https:\/\/www.lacanadienne.com\/de\/?s={search_term_string}"},"query-input":{"@type":"PropertyValueSpecification","valueRequired":true,"valueName":"search_term_string"}}],"inLanguage":"de"},{"@type":"Organization","@id":"https:\/\/www.lacanadienne.com\/de\/#organization","name":"Camping La Canadienne","url":"https:\/\/www.lacanadienne.com\/de\/","logo":{"@type":"ImageObject","inLanguage":"de","@id":"https:\/\/www.lacanadienne.com\/de\/#\/schema\/logo\/image\/","url":"https:\/\/www.lacanadienne.com\/wp-content\/uploads\/sites\/23\/2024\/09\/cropped-logo-Flower-camping-La-Canadienne.png","contentUrl":"https:\/\/www.lacanadienne.com\/wp-content\/uploads\/sites\/23\/2024\/09\/cropped-logo-Flower-camping-La-Canadienne.png","width":500,"height":660,"caption":"Camping La Canadienne"},"image":{"@id":"https:\/\/www.lacanadienne.com\/de\/#\/schema\/logo\/image\/"}}]}},"_links":{"self":[{"href":"https:\/\/www.lacanadienne.com\/de\/wp-json\/wp\/v2\/pages\/2590","targetHints":{"allow":["GET"]}}],"collection":[{"href":"https:\/\/www.lacanadienne.com\/de\/wp-json\/wp\/v2\/pages"}],"about":[{"href":"https:\/\/www.lacanadienne.com\/de\/wp-json\/wp\/v2\/types\/page"}],"author":[{"embeddable":true,"href":"https:\/\/www.lacanadienne.com\/de\/wp-json\/wp\/v2\/users\/1"}],"replies":[{"embeddable":true,"href":"https:\/\/www.lacanadienne.com\/de\/wp-json\/wp\/v2\/comments?post=2590"}],"version-history":[{"count":4,"href":"https:\/\/www.lacanadienne.com\/de\/wp-json\/wp\/v2\/pages\/2590\/revisions"}],"predecessor-version":[{"id":4333,"href":"https:\/\/www.lacanadienne.com\/de\/wp-json\/wp\/v2\/pages\/2590\/revisions\/4333"}],"wp:featuredmedia":[{"embeddable":true,"href":"https:\/\/www.lacanadienne.com\/de\/wp-json\/wp\/v2\/media\/1120"}],"wp:attachment":[{"href":"https:\/\/www.lacanadienne.com\/de\/wp-json\/wp\/v2\/media?parent=2590"}],"wp:term":[{"taxonomy":"sujet","embeddable":true,"href":"https:\/\/www.lacanadienne.com\/de\/wp-json\/wp\/v2\/sujet?post=2590"}],"curies":[{"name":"wp","href":"https:\/\/api.w.org\/{rel}","templated":true}]}}