{"id":2638,"date":"2024-08-07T14:02:08","date_gmt":"2024-08-07T14:02:08","guid":{"rendered":"https:\/\/www.lacanadienne.com\/tourismus-dune-du-pilat-frankreich\/"},"modified":"2024-11-15T08:44:46","modified_gmt":"2024-11-15T08:44:46","slug":"tourismus-dune-du-pilat-frankreich","status":"publish","type":"page","link":"https:\/\/www.lacanadienne.com\/de\/tourismus-dune-du-pilat-frankreich\/","title":{"rendered":"D\u00fcne von Pilat"},"content":{"rendered":"<section id=\"ls-section-block_718dd635b02f9a987cc15bc738739426\" class=\"ls-section  page-one has-background has-color-4-background-color has-m-t m-t-0 has-m-b m-b-0 has-p-t p-t-14 has-p-b p-b-14\" >\r\n        <div class=\"container container--wide\">\r\n        \n\n<div class=\"wp-block-columns is-layout-flex wp-container-core-columns-is-layout-1 wp-block-columns-is-layout-flex\">\n<div class=\"wp-block-column animated fadeInLeft delay-100ms slow is-layout-flow wp-block-column-is-layout-flow\" style=\"flex-basis:45%\">\n<figure class=\"wp-block-image size-full\"><a href=\"https:\/\/www.lacanadienne.com\/wp-content\/uploads\/sites\/23\/2024\/08\/camping-canadienne-dune-pilat.webp\"><img decoding=\"async\" width=\"1200\" height=\"881\" src=\"https:\/\/www.lacanadienne.com\/wp-content\/uploads\/sites\/23\/2024\/08\/camping-canadienne-dune-pilat.webp\" alt=\"Camping canadienne dune pilat\" class=\"wp-image-1164\" srcset=\"https:\/\/www.lacanadienne.com\/wp-content\/uploads\/sites\/23\/2024\/08\/camping-canadienne-dune-pilat.webp 1200w, https:\/\/www.lacanadienne.com\/wp-content\/uploads\/sites\/23\/2024\/08\/camping-canadienne-dune-pilat-300x220.webp 300w, https:\/\/www.lacanadienne.com\/wp-content\/uploads\/sites\/23\/2024\/08\/camping-canadienne-dune-pilat-1024x752.webp 1024w, https:\/\/www.lacanadienne.com\/wp-content\/uploads\/sites\/23\/2024\/08\/camping-canadienne-dune-pilat-768x564.webp 768w\" sizes=\"(max-width: 1200px) 100vw, 1200px\" \/><\/a><\/figure>\n<\/div>\n\n\n\n<div class=\"wp-block-column is-vertically-aligned-center animated fadeInRight slow is-layout-flow wp-block-column-is-layout-flow\" style=\"flex-basis:55%\">\n<h1 class=\"ls__heading wp-block-heading\">Entdecken Sie die Dune du Pilat<\/h1>\n\n\n\n<p class=\"ls-paragraph\">Die Dune du Pilat (oder Pyla) liegt am Eingang des Bassin d&#8217;Arcachon, 50 Minuten vom <a href=\"https:\/\/www.lacanadienne.com\/de\/\">Campingplatz La Canadienne<\/a> entfernt. Sie ist die h\u00f6chste D\u00fcne Europas mit einer H\u00f6he von 110 m, einer Breite von 500 m, einer L\u00e4nge von 2700 m und 60 Millionen m3 Sandk\u00f6rnern! Sie kann \u00fcber mehrere Wege bestiegen werden und bietet den Touristen <strong>ein au\u00dfergew\u00f6hnliches Panorama<\/strong> \u00fcber den Wald, die Banc d&#8217;Arguin und den Atlantik. Diese unglaubliche Landschaft sollten Sie sich nicht entgehen lassen, wenn Sie die Gironde von einem erh\u00f6hten Punkt aus bewundern wollen.  <\/p>\n\n\n\n<p class=\"ls-paragraph\">Wenn Sie auf der Suche nach <strong>Nervenkitzel und spektakul\u00e4ren Landschaften<\/strong> sind, dann lassen Sie sich vom Paragliding verf\u00fchren und entdecken Sie die <a href=\"https:\/\/ladunedupilat.com\/en\/\" target=\"_blank\" rel=\"noreferrer noopener\">Dune du Pilat<\/a> aus der Vogelperspektive. Schlendern Sie am Ende des Tages \u00fcber die D\u00fcne und bewundern Sie den Sonnenuntergang!   <\/p>\n\n\n\n<p class=\"ls-paragraph\">Wir empfehlen Ihnen, diese einzigartige Erfahrung zu machen, die vor allem bei Kindern bleibende Erinnerungen hinterl\u00e4sst.<\/p>\n<\/div>\n<\/div>\n\n\r\n    <\/div>\r\n<\/section><section id=\"ls-section-block_b8ba7e3a3ffc16ecd7d678bf007ef69d\" class=\"ls-section  home-gallery has-background has-color-4-background-color has-m-t m-t-0 has-p-t p-t-0\" >\r\n        <div class=\"container container--full\">\r\n        \n\n<figure class=\"wp-block-gallery has-nested-images columns-1 is-cropped galerie-slider-container wp-block-gallery-1 is-layout-flex wp-block-gallery-is-layout-flex\">\n<figure class=\"wp-block-image size-full\"><a href=\"https:\/\/www.lacanadienne.com\/wp-content\/uploads\/sites\/23\/2024\/08\/tourisme-dune-pilat-escalier.webp\"><img decoding=\"async\" width=\"1200\" height=\"800\" src=\"https:\/\/www.lacanadienne.com\/wp-content\/uploads\/sites\/23\/2024\/08\/tourisme-dune-pilat-escalier.webp\" alt=\"tourismus dune pilat treppe\" class=\"wp-image-1194\" srcset=\"https:\/\/www.lacanadienne.com\/wp-content\/uploads\/sites\/23\/2024\/08\/tourisme-dune-pilat-escalier.webp 1200w, https:\/\/www.lacanadienne.com\/wp-content\/uploads\/sites\/23\/2024\/08\/tourisme-dune-pilat-escalier-300x200.webp 300w, https:\/\/www.lacanadienne.com\/wp-content\/uploads\/sites\/23\/2024\/08\/tourisme-dune-pilat-escalier-1024x683.webp 1024w, https:\/\/www.lacanadienne.com\/wp-content\/uploads\/sites\/23\/2024\/08\/tourisme-dune-pilat-escalier-768x512.webp 768w\" sizes=\"(max-width: 1200px) 100vw, 1200px\" \/><\/a><\/figure>\n\n\n\n<figure class=\"wp-block-image size-full\"><a href=\"https:\/\/www.lacanadienne.com\/wp-content\/uploads\/sites\/23\/2024\/08\/tourisme-dune-pilat-coucher-soleil.webp\"><img decoding=\"async\" width=\"1200\" height=\"800\" src=\"https:\/\/www.lacanadienne.com\/wp-content\/uploads\/sites\/23\/2024\/08\/tourisme-dune-pilat-coucher-soleil.webp\" alt=\"Tourismus dune pilat Sonnenuntergang\" class=\"wp-image-1199\" srcset=\"https:\/\/www.lacanadienne.com\/wp-content\/uploads\/sites\/23\/2024\/08\/tourisme-dune-pilat-coucher-soleil.webp 1200w, https:\/\/www.lacanadienne.com\/wp-content\/uploads\/sites\/23\/2024\/08\/tourisme-dune-pilat-coucher-soleil-300x200.webp 300w, https:\/\/www.lacanadienne.com\/wp-content\/uploads\/sites\/23\/2024\/08\/tourisme-dune-pilat-coucher-soleil-1024x683.webp 1024w, https:\/\/www.lacanadienne.com\/wp-content\/uploads\/sites\/23\/2024\/08\/tourisme-dune-pilat-coucher-soleil-768x512.webp 768w\" sizes=\"(max-width: 1200px) 100vw, 1200px\" \/><\/a><\/figure>\n\n\n\n<figure class=\"wp-block-image size-full\"><a href=\"https:\/\/www.lacanadienne.com\/wp-content\/uploads\/sites\/23\/2024\/08\/tourisme-cap-ferret-paysage.webp\"><img decoding=\"async\" width=\"1200\" height=\"800\" src=\"https:\/\/www.lacanadienne.com\/wp-content\/uploads\/sites\/23\/2024\/08\/tourisme-cap-ferret-paysage.webp\" alt=\"Tourismus Cap Ferret Landschaft\" class=\"wp-image-1150\" srcset=\"https:\/\/www.lacanadienne.com\/wp-content\/uploads\/sites\/23\/2024\/08\/tourisme-cap-ferret-paysage.webp 1200w, https:\/\/www.lacanadienne.com\/wp-content\/uploads\/sites\/23\/2024\/08\/tourisme-cap-ferret-paysage-300x200.webp 300w, https:\/\/www.lacanadienne.com\/wp-content\/uploads\/sites\/23\/2024\/08\/tourisme-cap-ferret-paysage-1024x683.webp 1024w, https:\/\/www.lacanadienne.com\/wp-content\/uploads\/sites\/23\/2024\/08\/tourisme-cap-ferret-paysage-768x512.webp 768w\" sizes=\"(max-width: 1200px) 100vw, 1200px\" \/><\/a><\/figure>\n<\/figure>\n\n\r\n    <\/div>\r\n<\/section><section id=\"ls-section-block_7313bfbb814f25a2b608176452395d6b\" class=\"ls-section  page-one aventure\" >\r\n        <div class=\"container container--wide\">\r\n        \n\n<div class=\"wp-block-columns is-layout-flex wp-container-core-columns-is-layout-2 wp-block-columns-is-layout-flex\">\n<div class=\"wp-block-column first animated fadeInLeft delay-100ms slow is-layout-flow wp-block-column-is-layout-flow\" style=\"flex-basis:45%\">\n<figure class=\"wp-block-image size-full\"><a href=\"https:\/\/www.lacanadienne.com\/wp-content\/uploads\/sites\/23\/2024\/08\/dune-du-pyla.webp\"><img decoding=\"async\" width=\"1200\" height=\"867\" src=\"https:\/\/www.lacanadienne.com\/wp-content\/uploads\/sites\/23\/2024\/08\/dune-du-pyla.webp\" alt=\"D&#xFC;ne von Pyla\" class=\"wp-image-1169\" srcset=\"https:\/\/www.lacanadienne.com\/wp-content\/uploads\/sites\/23\/2024\/08\/dune-du-pyla.webp 1200w, https:\/\/www.lacanadienne.com\/wp-content\/uploads\/sites\/23\/2024\/08\/dune-du-pyla-300x217.webp 300w, https:\/\/www.lacanadienne.com\/wp-content\/uploads\/sites\/23\/2024\/08\/dune-du-pyla-1024x740.webp 1024w, https:\/\/www.lacanadienne.com\/wp-content\/uploads\/sites\/23\/2024\/08\/dune-du-pyla-768x555.webp 768w\" sizes=\"(max-width: 1200px) 100vw, 1200px\" \/><\/a><\/figure>\n<\/div>\n\n\n\n<div class=\"wp-block-column is-vertically-aligned-center second animated fadeInRight slow is-layout-flow wp-block-column-is-layout-flow\" style=\"flex-basis:55%\">\n<h2 class=\"ls__heading wp-block-heading\">Sehenswertes an der Dune du Pilat<\/h2>\n\n\n\n<p class=\"ls-paragraph\">Die Dune du Pilat erwartet Sie mit einer H\u00f6he von 110 Metern, was sie zur h\u00f6chsten Sandd\u00fcne Europas macht.\nSie befindet sich in der N\u00e4he von<a href=\"https:\/\/www.lacanadienne.com\/de\/tourismus-arcachon-frankreich\/\">Arcachon<\/a> in der Gironde und ist 3 Kilometer lang und 500 Meter breit. <\/p>\n\n\n\n<p class=\"ls-paragraph\">Wenn Sie von<a href=\"https:\/\/www.lacanadienne.com\/de\/tourismus-ares-frankreich\/\">Ar\u00e8s<\/a> aus starten, sind es nur 25 Kilometer, was etwa 30 bis 40 Minuten mit dem Auto entspricht. Wenn Sie dort angekommen sind, werden Sie von der spektakul\u00e4ren Aussicht auf den Atlantischen Ozean und den ausgedehnten Wald von Les Landes begeistert sein. Dies ist der perfekte Ort f\u00fcr einen <strong>Tag voller Abenteuer<\/strong>, Wanderungen und Entspannung im Freien. Packen Sie Ihre Rucks\u00e4cke und machen Sie sich auf den Weg, um dieses Naturwunder zu entdecken!   <\/p>\n<\/div>\n<\/div>\n\n\r\n    <\/div>\r\n<\/section><section id=\"ls-section-block_005db14808b5a9248ae98efb76a282dd\" class=\"ls-section  page-one has-background has-color-4-background-color has-m-b m-b-0 has-p-t p-t-14\" >\r\n        <div class=\"container container--wide\">\r\n        \n\n<div class=\"wp-block-columns is-layout-flex wp-container-core-columns-is-layout-3 wp-block-columns-is-layout-flex\">\n<div class=\"wp-block-column is-vertically-aligned-center first  animated fadeInLeft slow is-layout-flow wp-block-column-is-layout-flow\" style=\"flex-basis:55%\">\n<h2 class=\"ls__heading wp-block-heading\">Was kann man an der Dune du Pilat tun?<\/h2>\n\n\n\n<p class=\"ls-paragraph\">Auf der Dune du Pilat gibt es viele Aktivit\u00e4ten f\u00fcr Besucher, die Abenteuer und Entspannung suchen.\nSie k\u00f6nnen den Gipfel der D\u00fcne erklimmen, um einen atemberaubenden Panoramablick auf den Atlantischen Ozean, das Becken von Arcachon und den Wald von Les Landes zu genie\u00dfen. <\/p>\n\n\n\n<p class=\"ls-paragraph\">Eine <strong>Wanderung \u00fcber die Sand<\/strong> k\u00e4mme ist ein einzigartiges, k\u00f6rperliches Erlebnis.\nF\u00fcr diejenigen, die den Nervenkitzel suchen, ist <strong>Paragliding<\/strong> eine beliebte Aktivit\u00e4t, bei der Sie \u00fcber die D\u00fcne und die Umgebung fliegen k\u00f6nnen.\nPicknicks am Fu\u00dfe der D\u00fcne sind ideal, um sich nach der Anstrengung zu entspannen.\nUnd schlie\u00dflich sind die Sonnenunterg\u00e4nge auf der D\u00fcne einfach magisch.   <\/p>\n<\/div>\n\n\n\n<div class=\"wp-block-column second animated fadeInRight delay-100ms slow is-layout-flow wp-block-column-is-layout-flow\" style=\"flex-basis:45%\">\n<figure class=\"wp-block-image size-full\"><a href=\"https:\/\/www.lacanadienne.com\/wp-content\/uploads\/sites\/23\/2024\/08\/tourisme-dune-pilat-parapente.webp\"><img decoding=\"async\" width=\"1200\" height=\"800\" src=\"https:\/\/www.lacanadienne.com\/wp-content\/uploads\/sites\/23\/2024\/08\/tourisme-dune-pilat-parapente.webp\" alt=\"Tourismus dune pilat parapente\" class=\"wp-image-1189\" srcset=\"https:\/\/www.lacanadienne.com\/wp-content\/uploads\/sites\/23\/2024\/08\/tourisme-dune-pilat-parapente.webp 1200w, https:\/\/www.lacanadienne.com\/wp-content\/uploads\/sites\/23\/2024\/08\/tourisme-dune-pilat-parapente-300x200.webp 300w, https:\/\/www.lacanadienne.com\/wp-content\/uploads\/sites\/23\/2024\/08\/tourisme-dune-pilat-parapente-1024x683.webp 1024w, https:\/\/www.lacanadienne.com\/wp-content\/uploads\/sites\/23\/2024\/08\/tourisme-dune-pilat-parapente-768x512.webp 768w\" sizes=\"(max-width: 1200px) 100vw, 1200px\" \/><\/a><\/figure>\n<\/div>\n<\/div>\n\n\r\n    <\/div>\r\n<\/section><section id=\"ls-section-block_6c5a30b7b8ebda8b4bcfcdb3b9d19a37\" class=\"ls-section  page-maillage experience has-m-t m-t-0 has-p-t p-t-10\" >\r\n        <div class=\"container container--wide\">\r\n        \n\n<div id=\"ls-heading ls-titre-div-block_11ba59e3962a3c9859c88e4bbd0bf16f\" class=\"ls-titre-div aligncenter h2-like\" >\n    <strong>Entdecken Sie unsere<\/strong> Umgebung<\/div>\n\n\n<div id=\"ls-maillage-block_93607b9b0e537cdefad144a9386734d4\" class=\"ls-maillage cta-style-normal\" data-rows=\"3\">\n    <div class=\"wp-block-columns\"><div class=\"wp-block-column\"><div id=\"destinations\" class=\"ls-cta\">\n\n<a href=\"https:\/\/www.lacanadienne.com\/de\/tourismus-andernos-les-bains-frankreich\/\" target=\"\" rel=\"noopener\" class=\"ls-cta__link\">\n\n\t<div class=\"ls-cta__image\"><img decoding=\"async\" src=\"https:\/\/www.lacanadienne.com\/wp-content\/uploads\/sites\/23\/2024\/08\/tourisme-andernos-cabane.webp\" alt=\"Andernos Tourismus H\u00fctte\"><\/div>\n\t<div class=\"ls-cta__title\">\n\t\tEntdecken Sie Andernos-les-Bains\t<\/div>\n\n\t\t\n<\/a><\/div><\/div><div class=\"wp-block-column\"><div id=\"destinations\" class=\"ls-cta\">\n\n<a href=\"https:\/\/www.lacanadienne.com\/de\/tourismus-cap-ferret-frankreich\/\" target=\"\" rel=\"noopener\" class=\"ls-cta__link\">\n\n\t<div class=\"ls-cta__image\"><img decoding=\"async\" src=\"https:\/\/www.lacanadienne.com\/wp-content\/uploads\/sites\/23\/2024\/08\/tourisme-cap-ferret-bateau.jpg\" alt=\"Tourismus Cap Ferret Boot\"><\/div>\n\t<div class=\"ls-cta__title\">\n\t\tEntdecken Sie L\u00e8ge-Cap-Ferret\t<\/div>\n\n\t\t\n<\/a><\/div><\/div><div class=\"wp-block-column\"><div id=\"destinations\" class=\"ls-cta\">\n\n<a href=\"https:\/\/www.lacanadienne.com\/de\/tourismus-lacanau-frankreich\/\" target=\"\" rel=\"noopener\" class=\"ls-cta__link\">\n\n\t<div class=\"ls-cta__image\"><img decoding=\"async\" src=\"https:\/\/www.lacanadienne.com\/wp-content\/uploads\/sites\/23\/2024\/08\/tourisme-lacanau-paillotte.webp\" alt=\"Tourismus lacanau paillotte\"><\/div>\n\t<div class=\"ls-cta__title\">\n\t\tLacanau entdecken\t<\/div>\n\n\t\t\n<\/a><\/div><\/div><\/div><\/div>\n\r\n    <\/div>\r\n<\/section>","protected":false},"excerpt":{"rendered":"","protected":false},"author":1,"featured_media":1177,"parent":0,"menu_order":0,"comment_status":"closed","ping_status":"closed","template":"","meta":{"_acf_changed":false,"footnotes":""},"sujet":[],"class_list":["post-2638","page","type-page","status-publish","has-post-thumbnail","hentry"],"acf":[],"yoast_head":"<!-- This site is optimized with the Yoast SEO plugin v23.9 - https:\/\/yoast.com\/wordpress\/plugins\/seo\/ -->\n<title>Tourismus in der Dune du Pilat | Die Dune du Pilat besuchen und entdecken<\/title>\n<meta name=\"description\" content=\"Steigen Sie auf die Dune du Pilat in der N\u00e4he des Campingplatzes LA CANADIENNE ****. Ein nat\u00fcrlicher Ort, den Sie w\u00e4hrend Ihres Urlaubs in der Gironde nicht verpassen sollten!\" \/>\n<meta name=\"robots\" content=\"index, follow, max-snippet:-1, max-image-preview:large, max-video-preview:-1\" \/>\n<link rel=\"canonical\" href=\"https:\/\/www.lacanadienne.com\/de\/tourismus-dune-du-pilat-frankreich\/\" \/>\n<meta property=\"og:locale\" content=\"de_DE\" \/>\n<meta property=\"og:type\" content=\"article\" \/>\n<meta property=\"og:title\" content=\"Tourismus in der Dune du Pilat | Die Dune du Pilat besuchen und entdecken\" \/>\n<meta property=\"og:description\" content=\"Steigen Sie auf die Dune du Pilat in der N\u00e4he des Campingplatzes LA CANADIENNE ****. Ein nat\u00fcrlicher Ort, den Sie w\u00e4hrend Ihres Urlaubs in der Gironde nicht verpassen sollten!\" \/>\n<meta property=\"og:url\" content=\"https:\/\/www.lacanadienne.com\/de\/tourismus-dune-du-pilat-frankreich\/\" \/>\n<meta property=\"og:site_name\" content=\"Camping La Canadienne\" \/>\n<meta property=\"article:modified_time\" content=\"2024-11-15T08:44:46+00:00\" \/>\n<meta property=\"og:image\" content=\"https:\/\/www.lacanadienne.com\/wp-content\/uploads\/sites\/23\/2024\/08\/tourimse-dune-pilat-camping-arcachon.webp\" \/>\n\t<meta property=\"og:image:width\" content=\"2000\" \/>\n\t<meta property=\"og:image:height\" content=\"800\" \/>\n\t<meta property=\"og:image:type\" content=\"image\/webp\" \/>\n<meta name=\"twitter:card\" content=\"summary_large_image\" \/>\n<meta name=\"twitter:label1\" content=\"Gesch\u00e4tzte Lesezeit\" \/>\n\t<meta name=\"twitter:data1\" content=\"2\u00a0Minuten\" \/>\n<script type=\"application\/ld+json\" class=\"yoast-schema-graph\">{\"@context\":\"https:\/\/schema.org\",\"@graph\":[{\"@type\":\"WebPage\",\"@id\":\"https:\/\/www.lacanadienne.com\/de\/tourismus-dune-du-pilat-frankreich\/\",\"url\":\"https:\/\/www.lacanadienne.com\/de\/tourismus-dune-du-pilat-frankreich\/\",\"name\":\"Tourismus in der Dune du Pilat | Die Dune du Pilat besuchen und entdecken\",\"isPartOf\":{\"@id\":\"https:\/\/www.lacanadienne.com\/de\/#website\"},\"primaryImageOfPage\":{\"@id\":\"https:\/\/www.lacanadienne.com\/de\/tourismus-dune-du-pilat-frankreich\/#primaryimage\"},\"image\":{\"@id\":\"https:\/\/www.lacanadienne.com\/de\/tourismus-dune-du-pilat-frankreich\/#primaryimage\"},\"thumbnailUrl\":\"https:\/\/www.lacanadienne.com\/wp-content\/uploads\/sites\/23\/2024\/08\/tourimse-dune-pilat-camping-arcachon.webp\",\"datePublished\":\"2024-08-07T14:02:08+00:00\",\"dateModified\":\"2024-11-15T08:44:46+00:00\",\"description\":\"Steigen Sie auf die Dune du Pilat in der N\u00e4he des Campingplatzes LA CANADIENNE ****. Ein nat\u00fcrlicher Ort, den Sie w\u00e4hrend Ihres Urlaubs in der Gironde nicht verpassen sollten!\",\"breadcrumb\":{\"@id\":\"https:\/\/www.lacanadienne.com\/de\/tourismus-dune-du-pilat-frankreich\/#breadcrumb\"},\"inLanguage\":\"de\",\"potentialAction\":[{\"@type\":\"ReadAction\",\"target\":[\"https:\/\/www.lacanadienne.com\/de\/tourismus-dune-du-pilat-frankreich\/\"]}]},{\"@type\":\"ImageObject\",\"inLanguage\":\"de\",\"@id\":\"https:\/\/www.lacanadienne.com\/de\/tourismus-dune-du-pilat-frankreich\/#primaryimage\",\"url\":\"https:\/\/www.lacanadienne.com\/wp-content\/uploads\/sites\/23\/2024\/08\/tourimse-dune-pilat-camping-arcachon.webp\",\"contentUrl\":\"https:\/\/www.lacanadienne.com\/wp-content\/uploads\/sites\/23\/2024\/08\/tourimse-dune-pilat-camping-arcachon.webp\",\"width\":2000,\"height\":800,\"caption\":\"tourimse dune pilat camping arcachon\"},{\"@type\":\"BreadcrumbList\",\"@id\":\"https:\/\/www.lacanadienne.com\/de\/tourismus-dune-du-pilat-frankreich\/#breadcrumb\",\"itemListElement\":[{\"@type\":\"ListItem\",\"position\":1,\"name\":\"Camping Bassin d\u2019Arcachon\",\"item\":\"https:\/\/www.lacanadienne.com\/de\/\"},{\"@type\":\"ListItem\",\"position\":2,\"name\":\"Entdecken Sie die Dune du Pilat\"}]},{\"@type\":\"WebSite\",\"@id\":\"https:\/\/www.lacanadienne.com\/de\/#website\",\"url\":\"https:\/\/www.lacanadienne.com\/de\/\",\"name\":\"Camping La Canadienne\",\"description\":\"\",\"publisher\":{\"@id\":\"https:\/\/www.lacanadienne.com\/de\/#organization\"},\"potentialAction\":[{\"@type\":\"SearchAction\",\"target\":{\"@type\":\"EntryPoint\",\"urlTemplate\":\"https:\/\/www.lacanadienne.com\/de\/?s={search_term_string}\"},\"query-input\":{\"@type\":\"PropertyValueSpecification\",\"valueRequired\":true,\"valueName\":\"search_term_string\"}}],\"inLanguage\":\"de\"},{\"@type\":\"Organization\",\"@id\":\"https:\/\/www.lacanadienne.com\/de\/#organization\",\"name\":\"Camping La Canadienne\",\"url\":\"https:\/\/www.lacanadienne.com\/de\/\",\"logo\":{\"@type\":\"ImageObject\",\"inLanguage\":\"de\",\"@id\":\"https:\/\/www.lacanadienne.com\/de\/#\/schema\/logo\/image\/\",\"url\":\"https:\/\/www.lacanadienne.com\/wp-content\/uploads\/sites\/23\/2024\/09\/cropped-logo-Flower-camping-La-Canadienne.png\",\"contentUrl\":\"https:\/\/www.lacanadienne.com\/wp-content\/uploads\/sites\/23\/2024\/09\/cropped-logo-Flower-camping-La-Canadienne.png\",\"width\":500,\"height\":660,\"caption\":\"Camping La Canadienne\"},\"image\":{\"@id\":\"https:\/\/www.lacanadienne.com\/de\/#\/schema\/logo\/image\/\"}}]}<\/script>\n<!-- \/ Yoast SEO plugin. -->","yoast_head_json":{"title":"Tourismus in der Dune du Pilat | Die Dune du Pilat besuchen und entdecken","description":"Steigen Sie auf die Dune du Pilat in der N\u00e4he des Campingplatzes LA CANADIENNE ****. Ein nat\u00fcrlicher Ort, den Sie w\u00e4hrend Ihres Urlaubs in der Gironde nicht verpassen sollten!","robots":{"index":"index","follow":"follow","max-snippet":"max-snippet:-1","max-image-preview":"max-image-preview:large","max-video-preview":"max-video-preview:-1"},"canonical":"https:\/\/www.lacanadienne.com\/de\/tourismus-dune-du-pilat-frankreich\/","og_locale":"de_DE","og_type":"article","og_title":"Tourismus in der Dune du Pilat | Die Dune du Pilat besuchen und entdecken","og_description":"Steigen Sie auf die Dune du Pilat in der N\u00e4he des Campingplatzes LA CANADIENNE ****. Ein nat\u00fcrlicher Ort, den Sie w\u00e4hrend Ihres Urlaubs in der Gironde nicht verpassen sollten!","og_url":"https:\/\/www.lacanadienne.com\/de\/tourismus-dune-du-pilat-frankreich\/","og_site_name":"Camping La Canadienne","article_modified_time":"2024-11-15T08:44:46+00:00","og_image":[{"width":2000,"height":800,"url":"https:\/\/www.lacanadienne.com\/wp-content\/uploads\/sites\/23\/2024\/08\/tourimse-dune-pilat-camping-arcachon.webp","type":"image\/webp"}],"twitter_card":"summary_large_image","twitter_misc":{"Gesch\u00e4tzte Lesezeit":"2\u00a0Minuten"},"schema":{"@context":"https:\/\/schema.org","@graph":[{"@type":"WebPage","@id":"https:\/\/www.lacanadienne.com\/de\/tourismus-dune-du-pilat-frankreich\/","url":"https:\/\/www.lacanadienne.com\/de\/tourismus-dune-du-pilat-frankreich\/","name":"Tourismus in der Dune du Pilat | Die Dune du Pilat besuchen und entdecken","isPartOf":{"@id":"https:\/\/www.lacanadienne.com\/de\/#website"},"primaryImageOfPage":{"@id":"https:\/\/www.lacanadienne.com\/de\/tourismus-dune-du-pilat-frankreich\/#primaryimage"},"image":{"@id":"https:\/\/www.lacanadienne.com\/de\/tourismus-dune-du-pilat-frankreich\/#primaryimage"},"thumbnailUrl":"https:\/\/www.lacanadienne.com\/wp-content\/uploads\/sites\/23\/2024\/08\/tourimse-dune-pilat-camping-arcachon.webp","datePublished":"2024-08-07T14:02:08+00:00","dateModified":"2024-11-15T08:44:46+00:00","description":"Steigen Sie auf die Dune du Pilat in der N\u00e4he des Campingplatzes LA CANADIENNE ****. Ein nat\u00fcrlicher Ort, den Sie w\u00e4hrend Ihres Urlaubs in der Gironde nicht verpassen sollten!","breadcrumb":{"@id":"https:\/\/www.lacanadienne.com\/de\/tourismus-dune-du-pilat-frankreich\/#breadcrumb"},"inLanguage":"de","potentialAction":[{"@type":"ReadAction","target":["https:\/\/www.lacanadienne.com\/de\/tourismus-dune-du-pilat-frankreich\/"]}]},{"@type":"ImageObject","inLanguage":"de","@id":"https:\/\/www.lacanadienne.com\/de\/tourismus-dune-du-pilat-frankreich\/#primaryimage","url":"https:\/\/www.lacanadienne.com\/wp-content\/uploads\/sites\/23\/2024\/08\/tourimse-dune-pilat-camping-arcachon.webp","contentUrl":"https:\/\/www.lacanadienne.com\/wp-content\/uploads\/sites\/23\/2024\/08\/tourimse-dune-pilat-camping-arcachon.webp","width":2000,"height":800,"caption":"tourimse dune pilat camping arcachon"},{"@type":"BreadcrumbList","@id":"https:\/\/www.lacanadienne.com\/de\/tourismus-dune-du-pilat-frankreich\/#breadcrumb","itemListElement":[{"@type":"ListItem","position":1,"name":"Camping Bassin d\u2019Arcachon","item":"https:\/\/www.lacanadienne.com\/de\/"},{"@type":"ListItem","position":2,"name":"Entdecken Sie die Dune du Pilat"}]},{"@type":"WebSite","@id":"https:\/\/www.lacanadienne.com\/de\/#website","url":"https:\/\/www.lacanadienne.com\/de\/","name":"Camping La Canadienne","description":"","publisher":{"@id":"https:\/\/www.lacanadienne.com\/de\/#organization"},"potentialAction":[{"@type":"SearchAction","target":{"@type":"EntryPoint","urlTemplate":"https:\/\/www.lacanadienne.com\/de\/?s={search_term_string}"},"query-input":{"@type":"PropertyValueSpecification","valueRequired":true,"valueName":"search_term_string"}}],"inLanguage":"de"},{"@type":"Organization","@id":"https:\/\/www.lacanadienne.com\/de\/#organization","name":"Camping La Canadienne","url":"https:\/\/www.lacanadienne.com\/de\/","logo":{"@type":"ImageObject","inLanguage":"de","@id":"https:\/\/www.lacanadienne.com\/de\/#\/schema\/logo\/image\/","url":"https:\/\/www.lacanadienne.com\/wp-content\/uploads\/sites\/23\/2024\/09\/cropped-logo-Flower-camping-La-Canadienne.png","contentUrl":"https:\/\/www.lacanadienne.com\/wp-content\/uploads\/sites\/23\/2024\/09\/cropped-logo-Flower-camping-La-Canadienne.png","width":500,"height":660,"caption":"Camping La Canadienne"},"image":{"@id":"https:\/\/www.lacanadienne.com\/de\/#\/schema\/logo\/image\/"}}]}},"_links":{"self":[{"href":"https:\/\/www.lacanadienne.com\/de\/wp-json\/wp\/v2\/pages\/2638","targetHints":{"allow":["GET"]}}],"collection":[{"href":"https:\/\/www.lacanadienne.com\/de\/wp-json\/wp\/v2\/pages"}],"about":[{"href":"https:\/\/www.lacanadienne.com\/de\/wp-json\/wp\/v2\/types\/page"}],"author":[{"embeddable":true,"href":"https:\/\/www.lacanadienne.com\/de\/wp-json\/wp\/v2\/users\/1"}],"replies":[{"embeddable":true,"href":"https:\/\/www.lacanadienne.com\/de\/wp-json\/wp\/v2\/comments?post=2638"}],"version-history":[{"count":4,"href":"https:\/\/www.lacanadienne.com\/de\/wp-json\/wp\/v2\/pages\/2638\/revisions"}],"predecessor-version":[{"id":3717,"href":"https:\/\/www.lacanadienne.com\/de\/wp-json\/wp\/v2\/pages\/2638\/revisions\/3717"}],"wp:featuredmedia":[{"embeddable":true,"href":"https:\/\/www.lacanadienne.com\/de\/wp-json\/wp\/v2\/media\/1177"}],"wp:attachment":[{"href":"https:\/\/www.lacanadienne.com\/de\/wp-json\/wp\/v2\/media?parent=2638"}],"wp:term":[{"taxonomy":"sujet","embeddable":true,"href":"https:\/\/www.lacanadienne.com\/de\/wp-json\/wp\/v2\/sujet?post=2638"}],"curies":[{"name":"wp","href":"https:\/\/api.w.org\/{rel}","templated":true}]}}