{"id":2669,"date":"2024-08-07T14:02:28","date_gmt":"2024-08-07T14:02:28","guid":{"rendered":"https:\/\/www.lacanadienne.com\/tourismus-lacanau-frankreich\/"},"modified":"2024-11-15T08:44:44","modified_gmt":"2024-11-15T08:44:44","slug":"tourismus-lacanau-frankreich","status":"publish","type":"page","link":"https:\/\/www.lacanadienne.com\/de\/tourismus-lacanau-frankreich\/","title":{"rendered":"Lacanau"},"content":{"rendered":"<section id=\"ls-section-block_92fd4f2c29d4c1ba64e612ea2dc281ef\" class=\"ls-section  page-one has-background has-color-4-background-color has-m-t m-t-0 has-m-b m-b-0 has-p-t p-t-14 has-p-b p-b-14\" >\r\n        <div class=\"container container--wide\">\r\n        \n\n<div class=\"wp-block-columns is-layout-flex wp-container-core-columns-is-layout-1 wp-block-columns-is-layout-flex\">\n<div class=\"wp-block-column animated fadeInLeft delay-100ms slow is-layout-flow wp-block-column-is-layout-flow\" style=\"flex-basis:45%\">\n<figure class=\"wp-block-image size-full\"><a href=\"https:\/\/www.lacanadienne.com\/wp-content\/uploads\/sites\/23\/2024\/08\/tourisme-lacanau-plage.jpg\"><img decoding=\"async\" width=\"1200\" height=\"800\" src=\"https:\/\/www.lacanadienne.com\/wp-content\/uploads\/sites\/23\/2024\/08\/tourisme-lacanau-plage.jpg\" alt=\"Tourismus lacanau plage\" class=\"wp-image-1061\" srcset=\"https:\/\/www.lacanadienne.com\/wp-content\/uploads\/sites\/23\/2024\/08\/tourisme-lacanau-plage.jpg 1200w, https:\/\/www.lacanadienne.com\/wp-content\/uploads\/sites\/23\/2024\/08\/tourisme-lacanau-plage-300x200.jpg 300w, https:\/\/www.lacanadienne.com\/wp-content\/uploads\/sites\/23\/2024\/08\/tourisme-lacanau-plage-1024x683.jpg 1024w, https:\/\/www.lacanadienne.com\/wp-content\/uploads\/sites\/23\/2024\/08\/tourisme-lacanau-plage-768x512.jpg 768w\" sizes=\"(max-width: 1200px) 100vw, 1200px\" \/><\/a><\/figure>\n<\/div>\n\n\n\n<div class=\"wp-block-column is-vertically-aligned-center animated fadeInRight slow is-layout-flow wp-block-column-is-layout-flow\" style=\"flex-basis:55%\">\n<h1 class=\"ls__heading wp-block-heading\">Erkunden Sie Lacanau<\/h1>\n\n\n\n<p class=\"ls-paragraph\">Etwa 20 Minuten n\u00f6rdlich von<a href=\"https:\/\/www.lacanadienne.com\/de\/tourismus-ares-frankreich\/\">Ar\u00e8s <\/a>und dem <a href=\"https:\/\/www.lacanadienne.com\/de\/\">Campingplatz La Canadienne<\/a> liegt Lacanau, <strong>DER angesagte Badeort<\/strong> an der Atlantikk\u00fcste. Die Jachth\u00e4fen sind von beeindruckenden Villen und einem wundersch\u00f6nen See umgeben, aber Lacanau ist vor allem wegen seiner Brandung beliebt. Die Surfer, deren Spot heute weltber\u00fchmt ist, haben die Badeg\u00e4ste im Wollanzug ersetzt.  <\/p>\n\n\n\n<p class=\"ls-paragraph\">Mit seinen <strong>16 km langen Str\u00e4nden<\/strong> kommen Tausende von Besuchern im Sommer in den ersten Badeort der Gironde.\nDie Wellen sind ideal f\u00fcr Wassersportarten wie Surfen, Windsurfen, Katamaran fahren oder Kitesurfen. <\/p>\n\n\n\n<p class=\"ls-paragraph\">Genie\u00dfen Sie die entspannte und festliche Atmosph\u00e4re und beobachten Sie die exzellenten Sportler, wie sie die Wellen vom Meer aus z\u00e4hmen.\nNehmen Sie sich auch die Zeit, um die Stadt und ihre sonnigen Stra\u00dfen zu erkunden.\nDie Caf\u00e9s und Restaurants sind ein guter Grund, um <strong>sich mit Blick auf das Meer auszuruhen<\/strong>.\nRund um den wundersch\u00f6nen See von Lacanau gibt es sch\u00f6ne Naturgebiete.   <br\/><\/p>\n<\/div>\n<\/div>\n\n\r\n    <\/div>\r\n<\/section><section id=\"ls-section-block_c06bc641000eb4bb666640a43bd7e426\" class=\"ls-section  home-gallery has-background has-color-4-background-color has-m-t m-t-0 has-p-t p-t-0\" >\r\n        <div class=\"container container--full\">\r\n        \n\n<figure class=\"wp-block-gallery has-nested-images columns-1 is-cropped galerie-slider-container wp-block-gallery-1 is-layout-flex wp-block-gallery-is-layout-flex\">\n<figure class=\"wp-block-image size-full\"><a href=\"https:\/\/www.lacanadienne.com\/wp-content\/uploads\/sites\/23\/2024\/08\/tourisme-lacanau-paillotte.webp\"><img decoding=\"async\" width=\"1200\" height=\"800\" src=\"https:\/\/www.lacanadienne.com\/wp-content\/uploads\/sites\/23\/2024\/08\/tourisme-lacanau-paillotte.webp\" alt=\"Tourismus lacanau paillotte\" class=\"wp-image-1077\" srcset=\"https:\/\/www.lacanadienne.com\/wp-content\/uploads\/sites\/23\/2024\/08\/tourisme-lacanau-paillotte.webp 1200w, https:\/\/www.lacanadienne.com\/wp-content\/uploads\/sites\/23\/2024\/08\/tourisme-lacanau-paillotte-300x200.webp 300w, https:\/\/www.lacanadienne.com\/wp-content\/uploads\/sites\/23\/2024\/08\/tourisme-lacanau-paillotte-1024x683.webp 1024w, https:\/\/www.lacanadienne.com\/wp-content\/uploads\/sites\/23\/2024\/08\/tourisme-lacanau-paillotte-768x512.webp 768w\" sizes=\"(max-width: 1200px) 100vw, 1200px\" \/><\/a><\/figure>\n\n\n\n<figure class=\"wp-block-image size-full\"><a href=\"https:\/\/www.lacanadienne.com\/wp-content\/uploads\/sites\/23\/2024\/08\/tourisme-lacanau-visite.webp\"><img decoding=\"async\" width=\"1200\" height=\"800\" src=\"https:\/\/www.lacanadienne.com\/wp-content\/uploads\/sites\/23\/2024\/08\/tourisme-lacanau-visite.webp\" alt=\"Tourismus lacanau Besuch\" class=\"wp-image-1082\" srcset=\"https:\/\/www.lacanadienne.com\/wp-content\/uploads\/sites\/23\/2024\/08\/tourisme-lacanau-visite.webp 1200w, https:\/\/www.lacanadienne.com\/wp-content\/uploads\/sites\/23\/2024\/08\/tourisme-lacanau-visite-300x200.webp 300w, https:\/\/www.lacanadienne.com\/wp-content\/uploads\/sites\/23\/2024\/08\/tourisme-lacanau-visite-1024x683.webp 1024w, https:\/\/www.lacanadienne.com\/wp-content\/uploads\/sites\/23\/2024\/08\/tourisme-lacanau-visite-768x512.webp 768w\" sizes=\"(max-width: 1200px) 100vw, 1200px\" \/><\/a><\/figure>\n\n\n\n<figure class=\"wp-block-image size-full\"><a href=\"https:\/\/www.lacanadienne.com\/wp-content\/uploads\/sites\/23\/2024\/08\/tourisme-lacanau-foret.webp\"><img decoding=\"async\" width=\"1200\" height=\"800\" src=\"https:\/\/www.lacanadienne.com\/wp-content\/uploads\/sites\/23\/2024\/08\/tourisme-lacanau-foret.webp\" alt=\"Tourismus lacanau foret\" class=\"wp-image-1087\" srcset=\"https:\/\/www.lacanadienne.com\/wp-content\/uploads\/sites\/23\/2024\/08\/tourisme-lacanau-foret.webp 1200w, https:\/\/www.lacanadienne.com\/wp-content\/uploads\/sites\/23\/2024\/08\/tourisme-lacanau-foret-300x200.webp 300w, https:\/\/www.lacanadienne.com\/wp-content\/uploads\/sites\/23\/2024\/08\/tourisme-lacanau-foret-1024x683.webp 1024w, https:\/\/www.lacanadienne.com\/wp-content\/uploads\/sites\/23\/2024\/08\/tourisme-lacanau-foret-768x512.webp 768w\" sizes=\"(max-width: 1200px) 100vw, 1200px\" \/><\/a><\/figure>\n<\/figure>\n\n\r\n    <\/div>\r\n<\/section><section id=\"ls-section-block_91494a002add341e8f4ee6236ba1b847\" class=\"ls-section  page-one aventure\" >\r\n        <div class=\"container container--wide\">\r\n        \n\n<div class=\"wp-block-columns is-layout-flex wp-container-core-columns-is-layout-2 wp-block-columns-is-layout-flex\">\n<div class=\"wp-block-column first animated fadeInLeft delay-100ms slow is-layout-flow wp-block-column-is-layout-flow\" style=\"flex-basis:45%\">\n<figure class=\"wp-block-image size-full\"><a href=\"https:\/\/www.lacanadienne.com\/wp-content\/uploads\/sites\/23\/2024\/08\/tourisme-lacanau-lac.webp\"><img decoding=\"async\" width=\"1200\" height=\"800\" src=\"https:\/\/www.lacanadienne.com\/wp-content\/uploads\/sites\/23\/2024\/08\/tourisme-lacanau-lac.webp\" alt=\"Tourismus Lacanau Lac\" class=\"wp-image-1066\" srcset=\"https:\/\/www.lacanadienne.com\/wp-content\/uploads\/sites\/23\/2024\/08\/tourisme-lacanau-lac.webp 1200w, https:\/\/www.lacanadienne.com\/wp-content\/uploads\/sites\/23\/2024\/08\/tourisme-lacanau-lac-300x200.webp 300w, https:\/\/www.lacanadienne.com\/wp-content\/uploads\/sites\/23\/2024\/08\/tourisme-lacanau-lac-1024x683.webp 1024w, https:\/\/www.lacanadienne.com\/wp-content\/uploads\/sites\/23\/2024\/08\/tourisme-lacanau-lac-768x512.webp 768w\" sizes=\"(max-width: 1200px) 100vw, 1200px\" \/><\/a><\/figure>\n<\/div>\n\n\n\n<div class=\"wp-block-column is-vertically-aligned-center second animated fadeInRight slow is-layout-flow wp-block-column-is-layout-flow\" style=\"flex-basis:55%\">\n<h2 class=\"ls__heading wp-block-heading\">Sehensw\u00fcrdigkeiten in Lacanau<\/h2>\n\n\n\n<p class=\"ls-paragraph\">Lacanau liegt an der Atlantikk\u00fcste und ist eine wahre Oase der Ruhe.\nDie endlosen Str\u00e4nde sind perfekt zum Entspannen oder um sich im Surfen zu versuchen.\nDas <strong>Naturschutzgebiet \u00c9tang de Cousseau<\/strong> bietet ruhige Spazierg\u00e4nge im Herzen der Natur und ist ideal, um die lokale Fauna zu beobachten.    <\/p>\n\n\n\n<p class=\"ls-paragraph\">Le<strong> <a href=\"https:\/\/www.gironde-tourisme.com\/patrimoine-naturel\/lac-de-lacanau\/\" target=\"_blank\" rel=\"noreferrer noopener\">See von Lacanau<\/a><\/strong> l\u00e4dt zu entspannenden Momenten beim Paddeln oder Segeln ein. F\u00fcr Radfahrer sind die Waldwege eine wahre Freude. Das Dorf Lacanau mit seinen lebhaften M\u00e4rkten und kleinen Gesch\u00e4ften strahlt eine warme und einladende Atmosph\u00e4re aus. Ein perfekter Ort, um neue Energie zu tanken.   <\/p>\n<\/div>\n<\/div>\n\n\r\n    <\/div>\r\n<\/section><section id=\"ls-section-block_520605f2e5d4f56e56bddf8b4bd3ff7f\" class=\"ls-section  page-one has-background has-color-4-background-color has-m-b m-b-0 has-p-t p-t-14\" >\r\n        <div class=\"container container--wide\">\r\n        \n\n<div class=\"wp-block-columns is-layout-flex wp-container-core-columns-is-layout-3 wp-block-columns-is-layout-flex\">\n<div class=\"wp-block-column is-vertically-aligned-center first  animated fadeInLeft slow is-layout-flow wp-block-column-is-layout-flow\" style=\"flex-basis:55%\">\n<h2 class=\"ls__heading wp-block-heading\">Was kann man in Lacanau unternehmen?<\/h2>\n\n\n\n<p class=\"ls-paragraph\">Lacanau bietet eine Vielzahl an Aktivit\u00e4ten und Orten, die es zu entdecken gilt.\nBeginnen Sie mit der Erkundung des ber\u00fchmten<strong> Strandes von La Centrale<\/strong>, ideal f\u00fcr Surfer und Sonnenanbeter.\nBesuchen Sie <strong>den Leuchtturm von Cordouan<\/strong>, der mit dem Boot erreichbar ist, f\u00fcr ein einzigartiges Erlebnis. <strong>Der Staatswald von Lacanau<\/strong> bietet Wege zum Wandern und Mountainbiken.    <\/p>\n\n\n\n<p class=\"ls-paragraph\">Entdecken Sie <strong>die S\u00fcmpfe von Talaris<\/strong>, ein Naturgebiet, das sich hervorragend f\u00fcr die Vogelbeobachtung eignet.\nF\u00fcr Familien geeignet, <strong><a href=\"https:\/\/www.aqualiday.com\/\" target=\"_blank\" rel=\"noreferrer noopener\">Aqualiday<\/a><\/strong>, ein Wasserpark, verspricht stundenlangen Spa\u00df.\nVerpassen Sie nicht den Nachtmarkt von <strong>Lacanau-Oc\u00e9an<\/strong>, der eine festliche Atmosph\u00e4re und lokale Produkte bietet.\nEin perfekter Rahmen f\u00fcr einen aktiven und erlebnisreichen Urlaub.   <\/p>\n<\/div>\n\n\n\n<div class=\"wp-block-column second animated fadeInRight delay-100ms slow is-layout-flow wp-block-column-is-layout-flow\" style=\"flex-basis:45%\">\n<figure class=\"wp-block-image size-full\"><a href=\"https:\/\/www.lacanadienne.com\/wp-content\/uploads\/sites\/23\/2024\/08\/tourisme-lacanau-marinas.webp\"><img decoding=\"async\" width=\"1200\" height=\"800\" src=\"https:\/\/www.lacanadienne.com\/wp-content\/uploads\/sites\/23\/2024\/08\/tourisme-lacanau-marinas.webp\" alt=\"Tourismus Lacanau Marinas\" class=\"wp-image-1072\" srcset=\"https:\/\/www.lacanadienne.com\/wp-content\/uploads\/sites\/23\/2024\/08\/tourisme-lacanau-marinas.webp 1200w, https:\/\/www.lacanadienne.com\/wp-content\/uploads\/sites\/23\/2024\/08\/tourisme-lacanau-marinas-300x200.webp 300w, https:\/\/www.lacanadienne.com\/wp-content\/uploads\/sites\/23\/2024\/08\/tourisme-lacanau-marinas-1024x683.webp 1024w, https:\/\/www.lacanadienne.com\/wp-content\/uploads\/sites\/23\/2024\/08\/tourisme-lacanau-marinas-768x512.webp 768w\" sizes=\"(max-width: 1200px) 100vw, 1200px\" \/><\/a><\/figure>\n<\/div>\n<\/div>\n\n\r\n    <\/div>\r\n<\/section><section id=\"ls-section-block_9a1b694b57c43dc0a53c6214fede1009\" class=\"ls-section  page-maillage experience has-m-t m-t-0 has-p-t p-t-10\" >\r\n        <div class=\"container container--wide\">\r\n        \n\n<div id=\"ls-heading ls-titre-div-block_0f69d185dc2a2e81c0838c68ed5d0ae8\" class=\"ls-titre-div aligncenter h2-like\" >\n    <strong>Entdecken Sie unsere<\/strong> Umgebung<\/div>\n\n\n<div id=\"ls-maillage-block_fb1d8c3041bd416692df33134c3ddb67\" class=\"ls-maillage cta-style-normal\" data-rows=\"3\">\n    <div class=\"wp-block-columns\"><div class=\"wp-block-column\"><div id=\"destinations\" class=\"ls-cta\">\n\n<a href=\"https:\/\/www.lacanadienne.com\/de\/tourismus-andernos-les-bains-frankreich\/\" target=\"\" rel=\"noopener\" class=\"ls-cta__link\">\n\n\t<div class=\"ls-cta__image\"><img decoding=\"async\" src=\"https:\/\/www.lacanadienne.com\/wp-content\/uploads\/sites\/23\/2024\/08\/tourisme-andernos-cabane.webp\" alt=\"Andernos Tourismus H\u00fctte\"><\/div>\n\t<div class=\"ls-cta__title\">\n\t\tEntdecken Sie Andernos-les-Bains\t<\/div>\n\n\t\t\n<\/a><\/div><\/div><div class=\"wp-block-column\"><div id=\"destinations\" class=\"ls-cta\">\n\n<a href=\"https:\/\/www.lacanadienne.com\/de\/tourismus-bordeaux-frankreich\/\" target=\"\" rel=\"noopener\" class=\"ls-cta__link\">\n\n\t<div class=\"ls-cta__image\"><img decoding=\"async\" src=\"https:\/\/www.lacanadienne.com\/wp-content\/uploads\/sites\/23\/2024\/08\/miroir-eau-tourisme-bordeaux.webp\" alt=\"Wasserspiegel Tourismus Bordeaux\"><\/div>\n\t<div class=\"ls-cta__title\">\n\t\tEntdecken Sie Bordeaux\t<\/div>\n\n\t\t\n<\/a><\/div><\/div><div class=\"wp-block-column\"><div id=\"destinations\" class=\"ls-cta\">\n\n<a href=\"https:\/\/www.lacanadienne.com\/de\/tourismus-arcachon-becken-frankreich\/\" target=\"\" rel=\"noopener\" class=\"ls-cta__link\">\n\n\t<div class=\"ls-cta__image\"><img decoding=\"async\" src=\"https:\/\/www.lacanadienne.com\/wp-content\/uploads\/sites\/23\/2024\/08\/tourisme-bassin-arcachon-lagune.webp\" alt=\"Tourismus Arcachon-Becken Lagune\"><\/div>\n\t<div class=\"ls-cta__title\">\n\t\tEntdecken Sie das Bassin d&#8217;Arcachon\t<\/div>\n\n\t\t\n<\/a><\/div><\/div><\/div><\/div>\n\r\n    <\/div>\r\n<\/section>","protected":false},"excerpt":{"rendered":"","protected":false},"author":1,"featured_media":1101,"parent":0,"menu_order":0,"comment_status":"closed","ping_status":"closed","template":"","meta":{"_acf_changed":false,"footnotes":""},"sujet":[],"class_list":["post-2669","page","type-page","status-publish","has-post-thumbnail","hentry"],"acf":[],"yoast_head":"<!-- This site is optimized with the Yoast SEO plugin v23.9 - https:\/\/yoast.com\/wordpress\/plugins\/seo\/ -->\n<title>Tourismus in Lacanau | Lacanau besuchen, entdecken<\/title>\n<meta name=\"description\" content=\"Besuchen Sie den sch\u00f6nen Badeort Lacanau von unserem Familiencampingplatz LA CANADIENNE **** in Ar\u00e8s mit Vermietung von Mobilheimen und Swimmingpool.\" \/>\n<meta name=\"robots\" content=\"index, follow, max-snippet:-1, max-image-preview:large, max-video-preview:-1\" \/>\n<link rel=\"canonical\" href=\"https:\/\/www.lacanadienne.com\/de\/tourismus-lacanau-frankreich\/\" \/>\n<meta property=\"og:locale\" content=\"de_DE\" \/>\n<meta property=\"og:type\" content=\"article\" \/>\n<meta property=\"og:title\" content=\"Tourismus in Lacanau | Lacanau besuchen, entdecken\" \/>\n<meta property=\"og:description\" content=\"Besuchen Sie den sch\u00f6nen Badeort Lacanau von unserem Familiencampingplatz LA CANADIENNE **** in Ar\u00e8s mit Vermietung von Mobilheimen und Swimmingpool.\" \/>\n<meta property=\"og:url\" content=\"https:\/\/www.lacanadienne.com\/de\/tourismus-lacanau-frankreich\/\" \/>\n<meta property=\"og:site_name\" content=\"Camping La Canadienne\" \/>\n<meta property=\"article:modified_time\" content=\"2024-11-15T08:44:44+00:00\" \/>\n<meta property=\"og:image\" content=\"https:\/\/www.lacanadienne.com\/wp-content\/uploads\/sites\/23\/2024\/08\/tourisme-lacanau-camping-bassin-arcachon.webp\" \/>\n\t<meta property=\"og:image:width\" content=\"2000\" \/>\n\t<meta property=\"og:image:height\" content=\"800\" \/>\n\t<meta property=\"og:image:type\" content=\"image\/webp\" \/>\n<meta name=\"twitter:card\" content=\"summary_large_image\" \/>\n<meta name=\"twitter:label1\" content=\"Gesch\u00e4tzte Lesezeit\" \/>\n\t<meta name=\"twitter:data1\" content=\"2\u00a0Minuten\" \/>\n<script type=\"application\/ld+json\" class=\"yoast-schema-graph\">{\"@context\":\"https:\/\/schema.org\",\"@graph\":[{\"@type\":\"WebPage\",\"@id\":\"https:\/\/www.lacanadienne.com\/de\/tourismus-lacanau-frankreich\/\",\"url\":\"https:\/\/www.lacanadienne.com\/de\/tourismus-lacanau-frankreich\/\",\"name\":\"Tourismus in Lacanau | Lacanau besuchen, entdecken\",\"isPartOf\":{\"@id\":\"https:\/\/www.lacanadienne.com\/de\/#website\"},\"primaryImageOfPage\":{\"@id\":\"https:\/\/www.lacanadienne.com\/de\/tourismus-lacanau-frankreich\/#primaryimage\"},\"image\":{\"@id\":\"https:\/\/www.lacanadienne.com\/de\/tourismus-lacanau-frankreich\/#primaryimage\"},\"thumbnailUrl\":\"https:\/\/www.lacanadienne.com\/wp-content\/uploads\/sites\/23\/2024\/08\/tourisme-lacanau-camping-bassin-arcachon.webp\",\"datePublished\":\"2024-08-07T14:02:28+00:00\",\"dateModified\":\"2024-11-15T08:44:44+00:00\",\"description\":\"Besuchen Sie den sch\u00f6nen Badeort Lacanau von unserem Familiencampingplatz LA CANADIENNE **** in Ar\u00e8s mit Vermietung von Mobilheimen und Swimmingpool.\",\"breadcrumb\":{\"@id\":\"https:\/\/www.lacanadienne.com\/de\/tourismus-lacanau-frankreich\/#breadcrumb\"},\"inLanguage\":\"de\",\"potentialAction\":[{\"@type\":\"ReadAction\",\"target\":[\"https:\/\/www.lacanadienne.com\/de\/tourismus-lacanau-frankreich\/\"]}]},{\"@type\":\"ImageObject\",\"inLanguage\":\"de\",\"@id\":\"https:\/\/www.lacanadienne.com\/de\/tourismus-lacanau-frankreich\/#primaryimage\",\"url\":\"https:\/\/www.lacanadienne.com\/wp-content\/uploads\/sites\/23\/2024\/08\/tourisme-lacanau-camping-bassin-arcachon.webp\",\"contentUrl\":\"https:\/\/www.lacanadienne.com\/wp-content\/uploads\/sites\/23\/2024\/08\/tourisme-lacanau-camping-bassin-arcachon.webp\",\"width\":2000,\"height\":800,\"caption\":\"Tourismus Lacanau Camping Arcachon-Becken\"},{\"@type\":\"BreadcrumbList\",\"@id\":\"https:\/\/www.lacanadienne.com\/de\/tourismus-lacanau-frankreich\/#breadcrumb\",\"itemListElement\":[{\"@type\":\"ListItem\",\"position\":1,\"name\":\"Camping Bassin d\u2019Arcachon\",\"item\":\"https:\/\/www.lacanadienne.com\/de\/\"},{\"@type\":\"ListItem\",\"position\":2,\"name\":\"Lacanau entdecken\"}]},{\"@type\":\"WebSite\",\"@id\":\"https:\/\/www.lacanadienne.com\/de\/#website\",\"url\":\"https:\/\/www.lacanadienne.com\/de\/\",\"name\":\"Camping La Canadienne\",\"description\":\"\",\"publisher\":{\"@id\":\"https:\/\/www.lacanadienne.com\/de\/#organization\"},\"potentialAction\":[{\"@type\":\"SearchAction\",\"target\":{\"@type\":\"EntryPoint\",\"urlTemplate\":\"https:\/\/www.lacanadienne.com\/de\/?s={search_term_string}\"},\"query-input\":{\"@type\":\"PropertyValueSpecification\",\"valueRequired\":true,\"valueName\":\"search_term_string\"}}],\"inLanguage\":\"de\"},{\"@type\":\"Organization\",\"@id\":\"https:\/\/www.lacanadienne.com\/de\/#organization\",\"name\":\"Camping La Canadienne\",\"url\":\"https:\/\/www.lacanadienne.com\/de\/\",\"logo\":{\"@type\":\"ImageObject\",\"inLanguage\":\"de\",\"@id\":\"https:\/\/www.lacanadienne.com\/de\/#\/schema\/logo\/image\/\",\"url\":\"https:\/\/www.lacanadienne.com\/wp-content\/uploads\/sites\/23\/2024\/09\/cropped-logo-Flower-camping-La-Canadienne.png\",\"contentUrl\":\"https:\/\/www.lacanadienne.com\/wp-content\/uploads\/sites\/23\/2024\/09\/cropped-logo-Flower-camping-La-Canadienne.png\",\"width\":500,\"height\":660,\"caption\":\"Camping La Canadienne\"},\"image\":{\"@id\":\"https:\/\/www.lacanadienne.com\/de\/#\/schema\/logo\/image\/\"}}]}<\/script>\n<!-- \/ Yoast SEO plugin. -->","yoast_head_json":{"title":"Tourismus in Lacanau | Lacanau besuchen, entdecken","description":"Besuchen Sie den sch\u00f6nen Badeort Lacanau von unserem Familiencampingplatz LA CANADIENNE **** in Ar\u00e8s mit Vermietung von Mobilheimen und Swimmingpool.","robots":{"index":"index","follow":"follow","max-snippet":"max-snippet:-1","max-image-preview":"max-image-preview:large","max-video-preview":"max-video-preview:-1"},"canonical":"https:\/\/www.lacanadienne.com\/de\/tourismus-lacanau-frankreich\/","og_locale":"de_DE","og_type":"article","og_title":"Tourismus in Lacanau | Lacanau besuchen, entdecken","og_description":"Besuchen Sie den sch\u00f6nen Badeort Lacanau von unserem Familiencampingplatz LA CANADIENNE **** in Ar\u00e8s mit Vermietung von Mobilheimen und Swimmingpool.","og_url":"https:\/\/www.lacanadienne.com\/de\/tourismus-lacanau-frankreich\/","og_site_name":"Camping La Canadienne","article_modified_time":"2024-11-15T08:44:44+00:00","og_image":[{"width":2000,"height":800,"url":"https:\/\/www.lacanadienne.com\/wp-content\/uploads\/sites\/23\/2024\/08\/tourisme-lacanau-camping-bassin-arcachon.webp","type":"image\/webp"}],"twitter_card":"summary_large_image","twitter_misc":{"Gesch\u00e4tzte Lesezeit":"2\u00a0Minuten"},"schema":{"@context":"https:\/\/schema.org","@graph":[{"@type":"WebPage","@id":"https:\/\/www.lacanadienne.com\/de\/tourismus-lacanau-frankreich\/","url":"https:\/\/www.lacanadienne.com\/de\/tourismus-lacanau-frankreich\/","name":"Tourismus in Lacanau | Lacanau besuchen, entdecken","isPartOf":{"@id":"https:\/\/www.lacanadienne.com\/de\/#website"},"primaryImageOfPage":{"@id":"https:\/\/www.lacanadienne.com\/de\/tourismus-lacanau-frankreich\/#primaryimage"},"image":{"@id":"https:\/\/www.lacanadienne.com\/de\/tourismus-lacanau-frankreich\/#primaryimage"},"thumbnailUrl":"https:\/\/www.lacanadienne.com\/wp-content\/uploads\/sites\/23\/2024\/08\/tourisme-lacanau-camping-bassin-arcachon.webp","datePublished":"2024-08-07T14:02:28+00:00","dateModified":"2024-11-15T08:44:44+00:00","description":"Besuchen Sie den sch\u00f6nen Badeort Lacanau von unserem Familiencampingplatz LA CANADIENNE **** in Ar\u00e8s mit Vermietung von Mobilheimen und Swimmingpool.","breadcrumb":{"@id":"https:\/\/www.lacanadienne.com\/de\/tourismus-lacanau-frankreich\/#breadcrumb"},"inLanguage":"de","potentialAction":[{"@type":"ReadAction","target":["https:\/\/www.lacanadienne.com\/de\/tourismus-lacanau-frankreich\/"]}]},{"@type":"ImageObject","inLanguage":"de","@id":"https:\/\/www.lacanadienne.com\/de\/tourismus-lacanau-frankreich\/#primaryimage","url":"https:\/\/www.lacanadienne.com\/wp-content\/uploads\/sites\/23\/2024\/08\/tourisme-lacanau-camping-bassin-arcachon.webp","contentUrl":"https:\/\/www.lacanadienne.com\/wp-content\/uploads\/sites\/23\/2024\/08\/tourisme-lacanau-camping-bassin-arcachon.webp","width":2000,"height":800,"caption":"Tourismus Lacanau Camping Arcachon-Becken"},{"@type":"BreadcrumbList","@id":"https:\/\/www.lacanadienne.com\/de\/tourismus-lacanau-frankreich\/#breadcrumb","itemListElement":[{"@type":"ListItem","position":1,"name":"Camping Bassin d\u2019Arcachon","item":"https:\/\/www.lacanadienne.com\/de\/"},{"@type":"ListItem","position":2,"name":"Lacanau entdecken"}]},{"@type":"WebSite","@id":"https:\/\/www.lacanadienne.com\/de\/#website","url":"https:\/\/www.lacanadienne.com\/de\/","name":"Camping La Canadienne","description":"","publisher":{"@id":"https:\/\/www.lacanadienne.com\/de\/#organization"},"potentialAction":[{"@type":"SearchAction","target":{"@type":"EntryPoint","urlTemplate":"https:\/\/www.lacanadienne.com\/de\/?s={search_term_string}"},"query-input":{"@type":"PropertyValueSpecification","valueRequired":true,"valueName":"search_term_string"}}],"inLanguage":"de"},{"@type":"Organization","@id":"https:\/\/www.lacanadienne.com\/de\/#organization","name":"Camping La Canadienne","url":"https:\/\/www.lacanadienne.com\/de\/","logo":{"@type":"ImageObject","inLanguage":"de","@id":"https:\/\/www.lacanadienne.com\/de\/#\/schema\/logo\/image\/","url":"https:\/\/www.lacanadienne.com\/wp-content\/uploads\/sites\/23\/2024\/09\/cropped-logo-Flower-camping-La-Canadienne.png","contentUrl":"https:\/\/www.lacanadienne.com\/wp-content\/uploads\/sites\/23\/2024\/09\/cropped-logo-Flower-camping-La-Canadienne.png","width":500,"height":660,"caption":"Camping La Canadienne"},"image":{"@id":"https:\/\/www.lacanadienne.com\/de\/#\/schema\/logo\/image\/"}}]}},"_links":{"self":[{"href":"https:\/\/www.lacanadienne.com\/de\/wp-json\/wp\/v2\/pages\/2669","targetHints":{"allow":["GET"]}}],"collection":[{"href":"https:\/\/www.lacanadienne.com\/de\/wp-json\/wp\/v2\/pages"}],"about":[{"href":"https:\/\/www.lacanadienne.com\/de\/wp-json\/wp\/v2\/types\/page"}],"author":[{"embeddable":true,"href":"https:\/\/www.lacanadienne.com\/de\/wp-json\/wp\/v2\/users\/1"}],"replies":[{"embeddable":true,"href":"https:\/\/www.lacanadienne.com\/de\/wp-json\/wp\/v2\/comments?post=2669"}],"version-history":[{"count":4,"href":"https:\/\/www.lacanadienne.com\/de\/wp-json\/wp\/v2\/pages\/2669\/revisions"}],"predecessor-version":[{"id":3718,"href":"https:\/\/www.lacanadienne.com\/de\/wp-json\/wp\/v2\/pages\/2669\/revisions\/3718"}],"wp:featuredmedia":[{"embeddable":true,"href":"https:\/\/www.lacanadienne.com\/de\/wp-json\/wp\/v2\/media\/1101"}],"wp:attachment":[{"href":"https:\/\/www.lacanadienne.com\/de\/wp-json\/wp\/v2\/media?parent=2669"}],"wp:term":[{"taxonomy":"sujet","embeddable":true,"href":"https:\/\/www.lacanadienne.com\/de\/wp-json\/wp\/v2\/sujet?post=2669"}],"curies":[{"name":"wp","href":"https:\/\/api.w.org\/{rel}","templated":true}]}}