{"id":2692,"date":"2024-08-07T14:02:48","date_gmt":"2024-08-07T14:02:48","guid":{"rendered":"https:\/\/www.lacanadienne.com\/tourismus-bordeaux-frankreich\/"},"modified":"2024-11-15T08:43:12","modified_gmt":"2024-11-15T08:43:12","slug":"tourismus-bordeaux-frankreich","status":"publish","type":"page","link":"https:\/\/www.lacanadienne.com\/de\/tourismus-bordeaux-frankreich\/","title":{"rendered":"Bordeaux"},"content":{"rendered":"<section id=\"ls-section-block_a9b8c33b23fb12b5bb3c11e45580dab0\" class=\"ls-section  page-one has-background has-color-4-background-color has-m-t m-t-0 has-m-b m-b-0 has-p-t p-t-14 has-p-b p-b-14\" >\r\n        <div class=\"container container--wide\">\r\n        \n\n<div class=\"wp-block-columns is-layout-flex wp-container-core-columns-is-layout-1 wp-block-columns-is-layout-flex\">\n<div class=\"wp-block-column animated fadeInLeft delay-100ms slow is-layout-flow wp-block-column-is-layout-flow\" style=\"flex-basis:45%\">\n<figure class=\"wp-block-image size-full\"><a href=\"https:\/\/www.lacanadienne.com\/wp-content\/uploads\/sites\/23\/2024\/08\/cite-vin-tourisme-bordeaux.webp\"><img decoding=\"async\" width=\"1200\" height=\"800\" src=\"https:\/\/www.lacanadienne.com\/wp-content\/uploads\/sites\/23\/2024\/08\/cite-vin-tourisme-bordeaux.webp\" alt=\"cite vin tourisme bordeaux\" class=\"wp-image-939\" srcset=\"https:\/\/www.lacanadienne.com\/wp-content\/uploads\/sites\/23\/2024\/08\/cite-vin-tourisme-bordeaux.webp 1200w, https:\/\/www.lacanadienne.com\/wp-content\/uploads\/sites\/23\/2024\/08\/cite-vin-tourisme-bordeaux-300x200.webp 300w, https:\/\/www.lacanadienne.com\/wp-content\/uploads\/sites\/23\/2024\/08\/cite-vin-tourisme-bordeaux-1024x683.webp 1024w, https:\/\/www.lacanadienne.com\/wp-content\/uploads\/sites\/23\/2024\/08\/cite-vin-tourisme-bordeaux-768x512.webp 768w\" sizes=\"(max-width: 1200px) 100vw, 1200px\" \/><\/a><\/figure>\n<\/div>\n\n\n\n<div class=\"wp-block-column is-vertically-aligned-center animated fadeInRight slow is-layout-flow wp-block-column-is-layout-flow\" style=\"flex-basis:55%\">\n<h1 class=\"ls__heading wp-block-heading\">Ein Aufenthalt in Bordeaux  <\/h1>\n\n\n\n<p class=\"ls-paragraph\">Weniger als eine Stunde von Ihrem <a href=\"https:\/\/www.lacanadienne.com\/de\/stellplatze-frankreich-becken-arcachon\/\">Campingplatz<\/a> oder Ihrer <a href=\"https:\/\/www.lacanadienne.com\/de\/vermietung-mobilheim-ares\/\">Mobilheimvermietung<\/a> entfernt liegt die ber\u00fchmte Stadt <strong>Bordeaux<\/strong>, die 5\u1d49 bev\u00f6lkerungsreichste Metropole in Frankreich. Diese gro\u00dfe Studenten- und Touristenstadt ist weltweit als die <strong>Hauptstadt des Weins<\/strong> bekannt. Weinliebhaber werden sich \u00fcber einen Rundgang durch die Weinberge von Bordeaux freuen.  <\/p>\n\n\n\n<p class=\"ls-paragraph\">Die gro\u00dfe Gr\u00f6\u00dfe von Bordeaux erm\u00f6glicht es den Urlaubern, verschiedene Viertel mit unterschiedlichen Stimmungen und Geschichten zu erkunden.\nFeinschmecker werden nach den besten Restaurants der Stadt Ausschau halten.\nT\u00e4glich werden <strong>k\u00f6stliche Mahlzeiten<\/strong> aus <strong>frischen, regionalen Produkten<\/strong> zubereitet, um die Urlauber zu verw\u00f6hnen.    <\/p>\n\n\n\n<p class=\"ls-paragraph\">Bordeaux ist eine der beliebtesten St\u00e4dte der Franzosen und es gibt viele Aktivit\u00e4ten, die Sie w\u00e4hrend Ihres Aufenthaltes unternehmen k\u00f6nnen: Shopping, kulturelle Besichtigungen, Gourmetverkostungen etc.\nDie Stadt Bordeaux bietet ihren Besuchern die M\u00f6glichkeit, all ihre Facetten zu entdecken, indem sie zu Fu\u00df, mit dem Fahrrad oder den \u00f6ffentlichen Verkehrsmitteln erkundet wird. <br\/><\/p>\n<\/div>\n<\/div>\n\n\r\n    <\/div>\r\n<\/section><section id=\"ls-section-block_58ed7be92a36a536a28700b754888e82\" class=\"ls-section  home-gallery has-background has-color-4-background-color has-m-t m-t-0 has-p-t p-t-0\" >\r\n        <div class=\"container container--full\">\r\n        \n\n<figure class=\"wp-block-gallery has-nested-images columns-1 is-cropped galerie-slider-container wp-block-gallery-1 is-layout-flex wp-block-gallery-is-layout-flex\">\n<figure class=\"wp-block-image size-full\"><a href=\"https:\/\/www.lacanadienne.com\/wp-content\/uploads\/sites\/23\/2024\/08\/tourisme-bordeaux-vignoble.webp\"><img decoding=\"async\" width=\"1200\" height=\"881\" src=\"https:\/\/www.lacanadienne.com\/wp-content\/uploads\/sites\/23\/2024\/08\/tourisme-bordeaux-vignoble.webp\" alt=\"Tourismus Bordeaux Weinberge\" class=\"wp-image-957\" srcset=\"https:\/\/www.lacanadienne.com\/wp-content\/uploads\/sites\/23\/2024\/08\/tourisme-bordeaux-vignoble.webp 1200w, https:\/\/www.lacanadienne.com\/wp-content\/uploads\/sites\/23\/2024\/08\/tourisme-bordeaux-vignoble-300x220.webp 300w, https:\/\/www.lacanadienne.com\/wp-content\/uploads\/sites\/23\/2024\/08\/tourisme-bordeaux-vignoble-1024x752.webp 1024w, https:\/\/www.lacanadienne.com\/wp-content\/uploads\/sites\/23\/2024\/08\/tourisme-bordeaux-vignoble-768x564.webp 768w\" sizes=\"(max-width: 1200px) 100vw, 1200px\" \/><\/a><\/figure>\n\n\n\n<figure class=\"wp-block-image size-full\"><a href=\"https:\/\/www.lacanadienne.com\/wp-content\/uploads\/sites\/23\/2024\/08\/tourisme-bordeaux-place.webp\"><img decoding=\"async\" width=\"1200\" height=\"800\" src=\"https:\/\/www.lacanadienne.com\/wp-content\/uploads\/sites\/23\/2024\/08\/tourisme-bordeaux-place.webp\" alt=\"Tourismus Bordeaux Platz\" class=\"wp-image-962\" srcset=\"https:\/\/www.lacanadienne.com\/wp-content\/uploads\/sites\/23\/2024\/08\/tourisme-bordeaux-place.webp 1200w, https:\/\/www.lacanadienne.com\/wp-content\/uploads\/sites\/23\/2024\/08\/tourisme-bordeaux-place-300x200.webp 300w, https:\/\/www.lacanadienne.com\/wp-content\/uploads\/sites\/23\/2024\/08\/tourisme-bordeaux-place-1024x683.webp 1024w, https:\/\/www.lacanadienne.com\/wp-content\/uploads\/sites\/23\/2024\/08\/tourisme-bordeaux-place-768x512.webp 768w\" sizes=\"(max-width: 1200px) 100vw, 1200px\" \/><\/a><\/figure>\n\n\n\n<figure class=\"wp-block-image size-full\"><a href=\"https:\/\/www.lacanadienne.com\/wp-content\/uploads\/sites\/23\/2024\/08\/tourisme-bordeaux-pont.webp\"><img decoding=\"async\" width=\"1200\" height=\"800\" src=\"https:\/\/www.lacanadienne.com\/wp-content\/uploads\/sites\/23\/2024\/08\/tourisme-bordeaux-pont.webp\" alt=\"Tourismus Bordeaux Br&#xFC;cke\" class=\"wp-image-967\" srcset=\"https:\/\/www.lacanadienne.com\/wp-content\/uploads\/sites\/23\/2024\/08\/tourisme-bordeaux-pont.webp 1200w, https:\/\/www.lacanadienne.com\/wp-content\/uploads\/sites\/23\/2024\/08\/tourisme-bordeaux-pont-300x200.webp 300w, https:\/\/www.lacanadienne.com\/wp-content\/uploads\/sites\/23\/2024\/08\/tourisme-bordeaux-pont-1024x683.webp 1024w, https:\/\/www.lacanadienne.com\/wp-content\/uploads\/sites\/23\/2024\/08\/tourisme-bordeaux-pont-768x512.webp 768w\" sizes=\"(max-width: 1200px) 100vw, 1200px\" \/><\/a><\/figure>\n<\/figure>\n\n\r\n    <\/div>\r\n<\/section><section id=\"ls-section-block_1fe87e21c262269c4f627c0733d295bb\" class=\"ls-section  page-one aventure\" >\r\n        <div class=\"container container--wide\">\r\n        \n\n<div class=\"wp-block-columns is-layout-flex wp-container-core-columns-is-layout-2 wp-block-columns-is-layout-flex\">\n<div class=\"wp-block-column first animated fadeInLeft delay-100ms slow is-layout-flow wp-block-column-is-layout-flow\" style=\"flex-basis:45%\">\n<figure class=\"wp-block-image size-full\"><a href=\"https:\/\/www.lacanadienne.com\/wp-content\/uploads\/sites\/23\/2024\/08\/miroir-eau-tourisme-bordeaux.webp\"><img decoding=\"async\" width=\"1200\" height=\"800\" src=\"https:\/\/www.lacanadienne.com\/wp-content\/uploads\/sites\/23\/2024\/08\/miroir-eau-tourisme-bordeaux.webp\" alt=\"Wasserspiegel Tourismus Bordeaux\" class=\"wp-image-945\" srcset=\"https:\/\/www.lacanadienne.com\/wp-content\/uploads\/sites\/23\/2024\/08\/miroir-eau-tourisme-bordeaux.webp 1200w, https:\/\/www.lacanadienne.com\/wp-content\/uploads\/sites\/23\/2024\/08\/miroir-eau-tourisme-bordeaux-300x200.webp 300w, https:\/\/www.lacanadienne.com\/wp-content\/uploads\/sites\/23\/2024\/08\/miroir-eau-tourisme-bordeaux-1024x683.webp 1024w, https:\/\/www.lacanadienne.com\/wp-content\/uploads\/sites\/23\/2024\/08\/miroir-eau-tourisme-bordeaux-768x512.webp 768w\" sizes=\"(max-width: 1200px) 100vw, 1200px\" \/><\/a><\/figure>\n<\/div>\n\n\n\n<div class=\"wp-block-column is-vertically-aligned-center second animated fadeInRight slow is-layout-flow wp-block-column-is-layout-flow\" style=\"flex-basis:55%\">\n<h2 class=\"ls__heading wp-block-heading\">Sehensw\u00fcrdigkeiten in Bordeaux<\/h2>\n\n\n\n<p class=\"ls-paragraph\">Da Bordeaux eine sehr gro\u00dfe Stadt ist, gibt es viele Orte, die Sie sehen und besuchen k\u00f6nnen.\nDer ber\u00fchmte <strong>Place de la Bourse<\/strong> mit seinem Wasserspiegel ist ein Muss f\u00fcr Erwachsene und Kinder gleicherma\u00dfen.\nBewundern Sie den beeindruckenden <strong>Pey-Berland Turm, die Abteikirche Sainte-Croix, die Grosse Glocke<\/strong> oder <strong>den Pfeil Saint-Michel<\/strong>.  <\/p>\n\n\n\n<p class=\"ls-paragraph\">Wenn Sie sich f\u00fcr Geschichte interessieren, besuchen Sie die <strong>arch\u00e4ologische St\u00e4tte von Saint-Seurin<\/strong>, wo Sie die Zeitachse bis zu den Anf\u00e4ngen der Stadt zur\u00fcckverfolgen k\u00f6nnen.\nEs gibt unz\u00e4hlige historische St\u00e4tten in Bordeaux, die Sie entdecken k\u00f6nnen! <\/p>\n<\/div>\n<\/div>\n\n\r\n    <\/div>\r\n<\/section><section id=\"ls-section-block_cbea330cdb05527a84f10f5afd97f762\" class=\"ls-section  page-one has-background has-color-4-background-color has-m-b m-b-0 has-p-t p-t-14\" >\r\n        <div class=\"container container--wide\">\r\n        \n\n<div class=\"wp-block-columns is-layout-flex wp-container-core-columns-is-layout-3 wp-block-columns-is-layout-flex\">\n<div class=\"wp-block-column is-vertically-aligned-center first  animated fadeInLeft slow is-layout-flow wp-block-column-is-layout-flow\" style=\"flex-basis:55%\">\n<h2 class=\"ls__heading wp-block-heading\">Was kann man in Bordeaux unternehmen?<\/h2>\n\n\n\n<p class=\"ls-paragraph\">Bordeaux, eine <strong>dynamische Stadt im S\u00fcdwesten<\/strong> Frankreichs, bietet eine Vielzahl an lustigen und originellen Aktivit\u00e4ten.\nBeginnen Sie mit der Erkundung von Darwin Ecosyst\u00e8me, einem alternativen Ort am rechten Ufer der Garonne, der perfekt f\u00fcr Liebhaber von Street Art und Skateboarding ist.\nF\u00fcr ein einzigartiges Erlebnis gehen Sie an Bord des Wave Surf Caf\u00e9s und versuchen Sie sich im Indoor-Surfen auf einer k\u00fcnstlichen Welle.\nWer den Nervenkitzel liebt, kann sich auch am Flyboarding auf dem See von Bordeaux versuchen.   <\/p>\n\n\n\n<p class=\"ls-paragraph\">F\u00fcr einen Familienausflug ist der <a href=\"https:\/\/www.zoo-bordeaux-pessac.com\/public\/\" target=\"_blank\" rel=\"noreferrer noopener\">Zoo von Bordeaux-Pessac<\/a> mit seinen vielen Tierarten und interaktiven Aktivit\u00e4ten eine ausgezeichnete Option. Freunde von <a href=\"https:\/\/escapehunt.com\/fr\/bordeaux\/en\/\" target=\"_blank\" rel=\"noreferrer noopener\">Escape<\/a> Games werden die <a href=\"https:\/\/escapehunt.com\/fr\/bordeaux\/en\/\" target=\"_blank\" rel=\"noreferrer noopener\">Bordeaux Escape Hunt<\/a> lieben, wo verschiedene R\u00e4tsel auf Sie warten, die Sie in ein immersives Abenteuer versetzen. <\/p>\n\n\n\n<p class=\"ls-paragraph\">Besuchen Sie auf jeden Fall die <strong>Bassins de Lumi\u00e8res<\/strong>, eine ehemalige U-Boot-Basis, die in ein spektakul\u00e4res Zentrum f\u00fcr digitale Kunst umgewandelt wurde. F\u00fcr einen unvergesslichen Abend besuchen Sie das I.Boat, einen Club auf einem Schiff, der Konzerte und Elektroabende anbietet. <\/p>\n\n\n\n<p class=\"ls-paragraph\">Bordeaux mit seiner <strong>einzigartigen Mischung aus Kulturerbe und Moderne<\/strong> verspricht unvergessliche und unterhaltsame Momente.<\/p>\n<\/div>\n\n\n\n<div class=\"wp-block-column second animated fadeInRight delay-100ms slow is-layout-flow wp-block-column-is-layout-flow\" style=\"flex-basis:45%\">\n<figure class=\"wp-block-image size-full\"><a href=\"https:\/\/www.lacanadienne.com\/wp-content\/uploads\/sites\/23\/2024\/08\/zoo-pessac-tourisme-bordeaux.webp\"><img decoding=\"async\" width=\"1200\" height=\"800\" src=\"https:\/\/www.lacanadienne.com\/wp-content\/uploads\/sites\/23\/2024\/08\/zoo-pessac-tourisme-bordeaux.webp\" alt=\"zoo pessac tourismus bordeaux\" class=\"wp-image-950\" srcset=\"https:\/\/www.lacanadienne.com\/wp-content\/uploads\/sites\/23\/2024\/08\/zoo-pessac-tourisme-bordeaux.webp 1200w, https:\/\/www.lacanadienne.com\/wp-content\/uploads\/sites\/23\/2024\/08\/zoo-pessac-tourisme-bordeaux-300x200.webp 300w, https:\/\/www.lacanadienne.com\/wp-content\/uploads\/sites\/23\/2024\/08\/zoo-pessac-tourisme-bordeaux-1024x683.webp 1024w, https:\/\/www.lacanadienne.com\/wp-content\/uploads\/sites\/23\/2024\/08\/zoo-pessac-tourisme-bordeaux-768x512.webp 768w\" sizes=\"(max-width: 1200px) 100vw, 1200px\" \/><\/a><\/figure>\n<\/div>\n<\/div>\n\n\r\n    <\/div>\r\n<\/section><section id=\"ls-section-block_6025b91e34b7fdc8868c85673027a80b\" class=\"ls-section  page-maillage experience has-m-t m-t-0 has-p-t p-t-10\" >\r\n        <div class=\"container container--wide\">\r\n        \n\n<div id=\"ls-heading ls-titre-div-block_f98eafa6f774447003bd660d300d8042\" class=\"ls-titre-div aligncenter h2-like\" >\n    <strong>Entdecken Sie unsere<\/strong> Umgebung<\/div>\n\n\n<div id=\"ls-maillage-block_3a3db7e2c6633e82813ff7b7a23bf807\" class=\"ls-maillage cta-style-normal\" data-rows=\"3\">\n    <div class=\"wp-block-columns\"><div class=\"wp-block-column\"><div id=\"destinations\" class=\"ls-cta\">\n\n<a href=\"https:\/\/www.lacanadienne.com\/de\/tourismus-arcachon-frankreich\/\" target=\"\" rel=\"noopener\" class=\"ls-cta__link\">\n\n\t<div class=\"ls-cta__image\"><img decoding=\"async\" src=\"https:\/\/www.lacanadienne.com\/wp-content\/uploads\/sites\/23\/2024\/08\/tourisme-arcachon-catamaran.webp\" alt=\"Tourismus Arcachon Katamaran\"><\/div>\n\t<div class=\"ls-cta__title\">\n\t\tEntdecken Sie Arcachon\t<\/div>\n\n\t\t\n<\/a><\/div><\/div><div class=\"wp-block-column\"><div id=\"destinations\" class=\"ls-cta\">\n\n<a href=\"https:\/\/www.lacanadienne.com\/de\/tourismus-ares-frankreich\/\" target=\"\" rel=\"noopener\" class=\"ls-cta__link\">\n\n\t<div class=\"ls-cta__image\"><img decoding=\"async\" src=\"https:\/\/www.lacanadienne.com\/wp-content\/uploads\/sites\/23\/2024\/08\/tourisme-ares-pres-sales.webp\" alt=\"Tourismus Ares pres sales\"><\/div>\n\t<div class=\"ls-cta__title\">\n\t\tEntdecken Sie Ar\u00e8s\t<\/div>\n\n\t\t\n<\/a><\/div><\/div><div class=\"wp-block-column\"><div id=\"destinations\" class=\"ls-cta\">\n\n<a href=\"https:\/\/www.lacanadienne.com\/de\/tourismus-arcachon-becken-frankreich\/\" target=\"\" rel=\"noopener\" class=\"ls-cta__link\">\n\n\t<div class=\"ls-cta__image\"><img decoding=\"async\" src=\"https:\/\/www.lacanadienne.com\/wp-content\/uploads\/sites\/23\/2024\/08\/tourisme-bassin-arcachon-lagune.webp\" alt=\"Tourismus Arcachon-Becken Lagune\"><\/div>\n\t<div class=\"ls-cta__title\">\n\t\tEntdecken Sie das Bassin d&#8217;Arcachon\t<\/div>\n\n\t\t\n<\/a><\/div><\/div><\/div><\/div>\n\r\n    <\/div>\r\n<\/section>","protected":false},"excerpt":{"rendered":"","protected":false},"author":1,"featured_media":977,"parent":0,"menu_order":0,"comment_status":"closed","ping_status":"closed","template":"","meta":{"_acf_changed":false,"footnotes":""},"sujet":[],"class_list":["post-2692","page","type-page","status-publish","has-post-thumbnail","hentry"],"acf":[],"yoast_head":"<!-- This site is optimized with the Yoast SEO plugin v23.9 - https:\/\/yoast.com\/wordpress\/plugins\/seo\/ -->\n<title>Tourismus in Bordeaux | Bordeaux besuchen und entdecken<\/title>\n<meta name=\"description\" content=\"Besuchen Sie die wundersch\u00f6ne Stadt Bordeaux in der Gironde vom Campingplatz LA CANADIENNE in Ar\u00e8s aus, auf dem Sie Mobilheime und Stellpl\u00e4tze mieten k\u00f6nnen.\" \/>\n<meta name=\"robots\" content=\"index, follow, max-snippet:-1, max-image-preview:large, max-video-preview:-1\" \/>\n<link rel=\"canonical\" href=\"https:\/\/www.lacanadienne.com\/de\/tourismus-bordeaux-frankreich\/\" \/>\n<meta property=\"og:locale\" content=\"de_DE\" \/>\n<meta property=\"og:type\" content=\"article\" \/>\n<meta property=\"og:title\" content=\"Tourismus in Bordeaux | Bordeaux besuchen und entdecken\" \/>\n<meta property=\"og:description\" content=\"Besuchen Sie die wundersch\u00f6ne Stadt Bordeaux in der Gironde vom Campingplatz LA CANADIENNE in Ar\u00e8s aus, auf dem Sie Mobilheime und Stellpl\u00e4tze mieten k\u00f6nnen.\" \/>\n<meta property=\"og:url\" content=\"https:\/\/www.lacanadienne.com\/de\/tourismus-bordeaux-frankreich\/\" \/>\n<meta property=\"og:site_name\" content=\"Camping La Canadienne\" \/>\n<meta property=\"article:modified_time\" content=\"2024-11-15T08:43:12+00:00\" \/>\n<meta property=\"og:image\" content=\"https:\/\/www.lacanadienne.com\/wp-content\/uploads\/sites\/23\/2024\/08\/tourisme-bordeaux-camping-ares.webp\" \/>\n\t<meta property=\"og:image:width\" content=\"2000\" \/>\n\t<meta property=\"og:image:height\" content=\"800\" \/>\n\t<meta property=\"og:image:type\" content=\"image\/webp\" \/>\n<meta name=\"twitter:card\" content=\"summary_large_image\" \/>\n<meta name=\"twitter:label1\" content=\"Gesch\u00e4tzte Lesezeit\" \/>\n\t<meta name=\"twitter:data1\" content=\"2\u00a0Minuten\" \/>\n<script type=\"application\/ld+json\" class=\"yoast-schema-graph\">{\"@context\":\"https:\/\/schema.org\",\"@graph\":[{\"@type\":\"WebPage\",\"@id\":\"https:\/\/www.lacanadienne.com\/de\/tourismus-bordeaux-frankreich\/\",\"url\":\"https:\/\/www.lacanadienne.com\/de\/tourismus-bordeaux-frankreich\/\",\"name\":\"Tourismus in Bordeaux | Bordeaux besuchen und entdecken\",\"isPartOf\":{\"@id\":\"https:\/\/www.lacanadienne.com\/de\/#website\"},\"primaryImageOfPage\":{\"@id\":\"https:\/\/www.lacanadienne.com\/de\/tourismus-bordeaux-frankreich\/#primaryimage\"},\"image\":{\"@id\":\"https:\/\/www.lacanadienne.com\/de\/tourismus-bordeaux-frankreich\/#primaryimage\"},\"thumbnailUrl\":\"https:\/\/www.lacanadienne.com\/wp-content\/uploads\/sites\/23\/2024\/08\/tourisme-bordeaux-camping-ares.webp\",\"datePublished\":\"2024-08-07T14:02:48+00:00\",\"dateModified\":\"2024-11-15T08:43:12+00:00\",\"description\":\"Besuchen Sie die wundersch\u00f6ne Stadt Bordeaux in der Gironde vom Campingplatz LA CANADIENNE in Ar\u00e8s aus, auf dem Sie Mobilheime und Stellpl\u00e4tze mieten k\u00f6nnen.\",\"breadcrumb\":{\"@id\":\"https:\/\/www.lacanadienne.com\/de\/tourismus-bordeaux-frankreich\/#breadcrumb\"},\"inLanguage\":\"de\",\"potentialAction\":[{\"@type\":\"ReadAction\",\"target\":[\"https:\/\/www.lacanadienne.com\/de\/tourismus-bordeaux-frankreich\/\"]}]},{\"@type\":\"ImageObject\",\"inLanguage\":\"de\",\"@id\":\"https:\/\/www.lacanadienne.com\/de\/tourismus-bordeaux-frankreich\/#primaryimage\",\"url\":\"https:\/\/www.lacanadienne.com\/wp-content\/uploads\/sites\/23\/2024\/08\/tourisme-bordeaux-camping-ares.webp\",\"contentUrl\":\"https:\/\/www.lacanadienne.com\/wp-content\/uploads\/sites\/23\/2024\/08\/tourisme-bordeaux-camping-ares.webp\",\"width\":2000,\"height\":800,\"caption\":\"Tourismus Bordeaux Camping Ares\"},{\"@type\":\"BreadcrumbList\",\"@id\":\"https:\/\/www.lacanadienne.com\/de\/tourismus-bordeaux-frankreich\/#breadcrumb\",\"itemListElement\":[{\"@type\":\"ListItem\",\"position\":1,\"name\":\"Camping Bassin d\u2019Arcachon\",\"item\":\"https:\/\/www.lacanadienne.com\/de\/\"},{\"@type\":\"ListItem\",\"position\":2,\"name\":\"Bordeaux entdecken\"}]},{\"@type\":\"WebSite\",\"@id\":\"https:\/\/www.lacanadienne.com\/de\/#website\",\"url\":\"https:\/\/www.lacanadienne.com\/de\/\",\"name\":\"Camping La Canadienne\",\"description\":\"\",\"publisher\":{\"@id\":\"https:\/\/www.lacanadienne.com\/de\/#organization\"},\"potentialAction\":[{\"@type\":\"SearchAction\",\"target\":{\"@type\":\"EntryPoint\",\"urlTemplate\":\"https:\/\/www.lacanadienne.com\/de\/?s={search_term_string}\"},\"query-input\":{\"@type\":\"PropertyValueSpecification\",\"valueRequired\":true,\"valueName\":\"search_term_string\"}}],\"inLanguage\":\"de\"},{\"@type\":\"Organization\",\"@id\":\"https:\/\/www.lacanadienne.com\/de\/#organization\",\"name\":\"Camping La Canadienne\",\"url\":\"https:\/\/www.lacanadienne.com\/de\/\",\"logo\":{\"@type\":\"ImageObject\",\"inLanguage\":\"de\",\"@id\":\"https:\/\/www.lacanadienne.com\/de\/#\/schema\/logo\/image\/\",\"url\":\"https:\/\/www.lacanadienne.com\/wp-content\/uploads\/sites\/23\/2024\/09\/cropped-logo-Flower-camping-La-Canadienne.png\",\"contentUrl\":\"https:\/\/www.lacanadienne.com\/wp-content\/uploads\/sites\/23\/2024\/09\/cropped-logo-Flower-camping-La-Canadienne.png\",\"width\":500,\"height\":660,\"caption\":\"Camping La Canadienne\"},\"image\":{\"@id\":\"https:\/\/www.lacanadienne.com\/de\/#\/schema\/logo\/image\/\"}}]}<\/script>\n<!-- \/ Yoast SEO plugin. -->","yoast_head_json":{"title":"Tourismus in Bordeaux | Bordeaux besuchen und entdecken","description":"Besuchen Sie die wundersch\u00f6ne Stadt Bordeaux in der Gironde vom Campingplatz LA CANADIENNE in Ar\u00e8s aus, auf dem Sie Mobilheime und Stellpl\u00e4tze mieten k\u00f6nnen.","robots":{"index":"index","follow":"follow","max-snippet":"max-snippet:-1","max-image-preview":"max-image-preview:large","max-video-preview":"max-video-preview:-1"},"canonical":"https:\/\/www.lacanadienne.com\/de\/tourismus-bordeaux-frankreich\/","og_locale":"de_DE","og_type":"article","og_title":"Tourismus in Bordeaux | Bordeaux besuchen und entdecken","og_description":"Besuchen Sie die wundersch\u00f6ne Stadt Bordeaux in der Gironde vom Campingplatz LA CANADIENNE in Ar\u00e8s aus, auf dem Sie Mobilheime und Stellpl\u00e4tze mieten k\u00f6nnen.","og_url":"https:\/\/www.lacanadienne.com\/de\/tourismus-bordeaux-frankreich\/","og_site_name":"Camping La Canadienne","article_modified_time":"2024-11-15T08:43:12+00:00","og_image":[{"width":2000,"height":800,"url":"https:\/\/www.lacanadienne.com\/wp-content\/uploads\/sites\/23\/2024\/08\/tourisme-bordeaux-camping-ares.webp","type":"image\/webp"}],"twitter_card":"summary_large_image","twitter_misc":{"Gesch\u00e4tzte Lesezeit":"2\u00a0Minuten"},"schema":{"@context":"https:\/\/schema.org","@graph":[{"@type":"WebPage","@id":"https:\/\/www.lacanadienne.com\/de\/tourismus-bordeaux-frankreich\/","url":"https:\/\/www.lacanadienne.com\/de\/tourismus-bordeaux-frankreich\/","name":"Tourismus in Bordeaux | Bordeaux besuchen und entdecken","isPartOf":{"@id":"https:\/\/www.lacanadienne.com\/de\/#website"},"primaryImageOfPage":{"@id":"https:\/\/www.lacanadienne.com\/de\/tourismus-bordeaux-frankreich\/#primaryimage"},"image":{"@id":"https:\/\/www.lacanadienne.com\/de\/tourismus-bordeaux-frankreich\/#primaryimage"},"thumbnailUrl":"https:\/\/www.lacanadienne.com\/wp-content\/uploads\/sites\/23\/2024\/08\/tourisme-bordeaux-camping-ares.webp","datePublished":"2024-08-07T14:02:48+00:00","dateModified":"2024-11-15T08:43:12+00:00","description":"Besuchen Sie die wundersch\u00f6ne Stadt Bordeaux in der Gironde vom Campingplatz LA CANADIENNE in Ar\u00e8s aus, auf dem Sie Mobilheime und Stellpl\u00e4tze mieten k\u00f6nnen.","breadcrumb":{"@id":"https:\/\/www.lacanadienne.com\/de\/tourismus-bordeaux-frankreich\/#breadcrumb"},"inLanguage":"de","potentialAction":[{"@type":"ReadAction","target":["https:\/\/www.lacanadienne.com\/de\/tourismus-bordeaux-frankreich\/"]}]},{"@type":"ImageObject","inLanguage":"de","@id":"https:\/\/www.lacanadienne.com\/de\/tourismus-bordeaux-frankreich\/#primaryimage","url":"https:\/\/www.lacanadienne.com\/wp-content\/uploads\/sites\/23\/2024\/08\/tourisme-bordeaux-camping-ares.webp","contentUrl":"https:\/\/www.lacanadienne.com\/wp-content\/uploads\/sites\/23\/2024\/08\/tourisme-bordeaux-camping-ares.webp","width":2000,"height":800,"caption":"Tourismus Bordeaux Camping Ares"},{"@type":"BreadcrumbList","@id":"https:\/\/www.lacanadienne.com\/de\/tourismus-bordeaux-frankreich\/#breadcrumb","itemListElement":[{"@type":"ListItem","position":1,"name":"Camping Bassin d\u2019Arcachon","item":"https:\/\/www.lacanadienne.com\/de\/"},{"@type":"ListItem","position":2,"name":"Bordeaux entdecken"}]},{"@type":"WebSite","@id":"https:\/\/www.lacanadienne.com\/de\/#website","url":"https:\/\/www.lacanadienne.com\/de\/","name":"Camping La Canadienne","description":"","publisher":{"@id":"https:\/\/www.lacanadienne.com\/de\/#organization"},"potentialAction":[{"@type":"SearchAction","target":{"@type":"EntryPoint","urlTemplate":"https:\/\/www.lacanadienne.com\/de\/?s={search_term_string}"},"query-input":{"@type":"PropertyValueSpecification","valueRequired":true,"valueName":"search_term_string"}}],"inLanguage":"de"},{"@type":"Organization","@id":"https:\/\/www.lacanadienne.com\/de\/#organization","name":"Camping La Canadienne","url":"https:\/\/www.lacanadienne.com\/de\/","logo":{"@type":"ImageObject","inLanguage":"de","@id":"https:\/\/www.lacanadienne.com\/de\/#\/schema\/logo\/image\/","url":"https:\/\/www.lacanadienne.com\/wp-content\/uploads\/sites\/23\/2024\/09\/cropped-logo-Flower-camping-La-Canadienne.png","contentUrl":"https:\/\/www.lacanadienne.com\/wp-content\/uploads\/sites\/23\/2024\/09\/cropped-logo-Flower-camping-La-Canadienne.png","width":500,"height":660,"caption":"Camping La Canadienne"},"image":{"@id":"https:\/\/www.lacanadienne.com\/de\/#\/schema\/logo\/image\/"}}]}},"_links":{"self":[{"href":"https:\/\/www.lacanadienne.com\/de\/wp-json\/wp\/v2\/pages\/2692","targetHints":{"allow":["GET"]}}],"collection":[{"href":"https:\/\/www.lacanadienne.com\/de\/wp-json\/wp\/v2\/pages"}],"about":[{"href":"https:\/\/www.lacanadienne.com\/de\/wp-json\/wp\/v2\/types\/page"}],"author":[{"embeddable":true,"href":"https:\/\/www.lacanadienne.com\/de\/wp-json\/wp\/v2\/users\/1"}],"replies":[{"embeddable":true,"href":"https:\/\/www.lacanadienne.com\/de\/wp-json\/wp\/v2\/comments?post=2692"}],"version-history":[{"count":2,"href":"https:\/\/www.lacanadienne.com\/de\/wp-json\/wp\/v2\/pages\/2692\/revisions"}],"predecessor-version":[{"id":3706,"href":"https:\/\/www.lacanadienne.com\/de\/wp-json\/wp\/v2\/pages\/2692\/revisions\/3706"}],"wp:featuredmedia":[{"embeddable":true,"href":"https:\/\/www.lacanadienne.com\/de\/wp-json\/wp\/v2\/media\/977"}],"wp:attachment":[{"href":"https:\/\/www.lacanadienne.com\/de\/wp-json\/wp\/v2\/media?parent=2692"}],"wp:term":[{"taxonomy":"sujet","embeddable":true,"href":"https:\/\/www.lacanadienne.com\/de\/wp-json\/wp\/v2\/sujet?post=2692"}],"curies":[{"name":"wp","href":"https:\/\/api.w.org\/{rel}","templated":true}]}}