{"id":2698,"date":"2024-08-07T14:01:40","date_gmt":"2024-08-07T14:01:40","guid":{"rendered":"https:\/\/www.lacanadienne.com\/tourismus-arcachon-frankreich\/"},"modified":"2024-11-15T08:41:58","modified_gmt":"2024-11-15T08:41:58","slug":"tourismus-arcachon-frankreich","status":"publish","type":"page","link":"https:\/\/www.lacanadienne.com\/de\/tourismus-arcachon-frankreich\/","title":{"rendered":"Arcachon"},"content":{"rendered":"<section id=\"ls-section-block_1a71ae5de16932eea4d4b37a623e8140\" class=\"ls-section  page-one has-background has-color-4-background-color has-m-t m-t-0 has-m-b m-b-0 has-p-t p-t-14 has-p-b p-b-14\" >\r\n        <div class=\"container container--wide\">\r\n        \n\n<div class=\"wp-block-columns is-layout-flex wp-container-core-columns-is-layout-1 wp-block-columns-is-layout-flex\">\n<div class=\"wp-block-column animated fadeInLeft delay-100ms slow is-layout-flow wp-block-column-is-layout-flow\" style=\"flex-basis:45%\">\n<figure class=\"wp-block-image size-full\"><a href=\"https:\/\/www.lacanadienne.com\/wp-content\/uploads\/sites\/23\/2024\/08\/tourisme-arcachon-catamaran.webp\"><img decoding=\"async\" width=\"1200\" height=\"800\" src=\"https:\/\/www.lacanadienne.com\/wp-content\/uploads\/sites\/23\/2024\/08\/tourisme-arcachon-catamaran.webp\" alt=\"Tourismus Arcachon Katamaran\" class=\"wp-image-1213\" srcset=\"https:\/\/www.lacanadienne.com\/wp-content\/uploads\/sites\/23\/2024\/08\/tourisme-arcachon-catamaran.webp 1200w, https:\/\/www.lacanadienne.com\/wp-content\/uploads\/sites\/23\/2024\/08\/tourisme-arcachon-catamaran-300x200.webp 300w, https:\/\/www.lacanadienne.com\/wp-content\/uploads\/sites\/23\/2024\/08\/tourisme-arcachon-catamaran-1024x683.webp 1024w, https:\/\/www.lacanadienne.com\/wp-content\/uploads\/sites\/23\/2024\/08\/tourisme-arcachon-catamaran-768x512.webp 768w\" sizes=\"(max-width: 1200px) 100vw, 1200px\" \/><\/a><\/figure>\n<\/div>\n\n\n\n<div class=\"wp-block-column is-vertically-aligned-center animated fadeInRight slow is-layout-flow wp-block-column-is-layout-flow\" style=\"flex-basis:55%\">\n<h1 class=\"ls__heading wp-block-heading\">Der Charme von Arcachon<\/h1>\n\n\n\n<p class=\"ls-paragraph\">Arcachon, 30 km von Ar\u00e8s entfernt, ist einer der wichtigsten historischen Badeorte an der Atlantikk\u00fcste.\nDie Stadt wurde nach dem ber\u00fchmten <a href=\"https:\/\/www.lacanadienne.com\/de\/tourismus-arcachon-becken-frankreich\/\">Bassin d&#8217;Arcachon<\/a> benannt, das heute eine gro\u00dfe Anzahl von Urlaubern anzieht.\nArcachon besticht in erster Linie durch seine <strong>geographische Lage<\/strong>.\nDie Stadt ist das Eingangstor zum Bassin und ist ganz dem Meer zugewandt.   <\/p>\n\n\n\n<p class=\"ls-paragraph\">Diese Hafenstadt hat gro\u00dfe Str\u00e4nde mit feinem, hellem Sand, ideal zum Schwimmen oder f\u00fcr <strong>Wassersportarten<\/strong> wie Windsurfen, Katamaranfahren oder Kajakfahren.\nDie Architektur des Zentrums von<strong>Arcachon<\/strong> ist ebenfalls wundersch\u00f6n.\nSchlendern Sie \u00fcber die gro\u00dfen, sonnigen Esplanaden, die eine fr\u00f6hliche Urlaubsatmosph\u00e4re verbreiten.  <\/p>\n<\/div>\n<\/div>\n\n\r\n    <\/div>\r\n<\/section><section id=\"ls-section-block_2464887963a55e3a263c8ce16e7abda8\" class=\"ls-section  home-gallery has-background has-color-4-background-color has-m-t m-t-0 has-p-t p-t-0\" >\r\n        <div class=\"container container--full\">\r\n        \n\n<figure class=\"wp-block-gallery has-nested-images columns-1 is-cropped galerie-slider-container wp-block-gallery-1 is-layout-flex wp-block-gallery-is-layout-flex\">\n<figure class=\"wp-block-image size-full\"><a href=\"https:\/\/www.lacanadienne.com\/wp-content\/uploads\/sites\/23\/2024\/08\/tourisme-jetee-thiers-arcachon.webp\"><img decoding=\"async\" width=\"1200\" height=\"800\" src=\"https:\/\/www.lacanadienne.com\/wp-content\/uploads\/sites\/23\/2024\/08\/tourisme-jetee-thiers-arcachon.webp\" alt=\"tourismus jetee thiers arcachon\" class=\"wp-image-1228\" srcset=\"https:\/\/www.lacanadienne.com\/wp-content\/uploads\/sites\/23\/2024\/08\/tourisme-jetee-thiers-arcachon.webp 1200w, https:\/\/www.lacanadienne.com\/wp-content\/uploads\/sites\/23\/2024\/08\/tourisme-jetee-thiers-arcachon-300x200.webp 300w, https:\/\/www.lacanadienne.com\/wp-content\/uploads\/sites\/23\/2024\/08\/tourisme-jetee-thiers-arcachon-1024x683.webp 1024w, https:\/\/www.lacanadienne.com\/wp-content\/uploads\/sites\/23\/2024\/08\/tourisme-jetee-thiers-arcachon-768x512.webp 768w\" sizes=\"(max-width: 1200px) 100vw, 1200px\" \/><\/a><\/figure>\n\n\n\n<figure class=\"wp-block-image size-full\"><a href=\"https:\/\/www.lacanadienne.com\/wp-content\/uploads\/sites\/23\/2024\/08\/tourisme-arcachon-ville.webp\"><img decoding=\"async\" width=\"1200\" height=\"800\" src=\"https:\/\/www.lacanadienne.com\/wp-content\/uploads\/sites\/23\/2024\/08\/tourisme-arcachon-ville.webp\" alt=\"Tourismus Arcachon Stadt\" class=\"wp-image-1238\" srcset=\"https:\/\/www.lacanadienne.com\/wp-content\/uploads\/sites\/23\/2024\/08\/tourisme-arcachon-ville.webp 1200w, https:\/\/www.lacanadienne.com\/wp-content\/uploads\/sites\/23\/2024\/08\/tourisme-arcachon-ville-300x200.webp 300w, https:\/\/www.lacanadienne.com\/wp-content\/uploads\/sites\/23\/2024\/08\/tourisme-arcachon-ville-1024x683.webp 1024w, https:\/\/www.lacanadienne.com\/wp-content\/uploads\/sites\/23\/2024\/08\/tourisme-arcachon-ville-768x512.webp 768w\" sizes=\"(max-width: 1200px) 100vw, 1200px\" \/><\/a><\/figure>\n\n\n\n<figure class=\"wp-block-image size-full\"><a href=\"https:\/\/www.lacanadienne.com\/wp-content\/uploads\/sites\/23\/2024\/08\/decouvrir-le-bassin-a-velo.jpg\"><img decoding=\"async\" width=\"586\" height=\"650\" src=\"https:\/\/www.lacanadienne.com\/wp-content\/uploads\/sites\/23\/2024\/08\/decouvrir-le-bassin-a-velo.jpg\" alt=\"das Becken mit dem Fahrrad entdecken\" class=\"wp-image-1110\" srcset=\"https:\/\/www.lacanadienne.com\/wp-content\/uploads\/sites\/23\/2024\/08\/decouvrir-le-bassin-a-velo.jpg 586w, https:\/\/www.lacanadienne.com\/wp-content\/uploads\/sites\/23\/2024\/08\/decouvrir-le-bassin-a-velo-270x300.jpg 270w\" sizes=\"(max-width: 586px) 100vw, 586px\" \/><\/a><\/figure>\n<\/figure>\n\n\r\n    <\/div>\r\n<\/section><section id=\"ls-section-block_58bb4497cde0d393953b2a0d8f45f7f3\" class=\"ls-section  page-one aventure\" >\r\n        <div class=\"container container--wide\">\r\n        \n\n<div class=\"wp-block-columns is-layout-flex wp-container-core-columns-is-layout-2 wp-block-columns-is-layout-flex\">\n<div class=\"wp-block-column first animated fadeInLeft delay-100ms slow is-layout-flow wp-block-column-is-layout-flow\" style=\"flex-basis:45%\">\n<figure class=\"wp-block-image size-full\"><a href=\"https:\/\/www.lacanadienne.com\/wp-content\/uploads\/sites\/23\/2024\/08\/tourisme-arcachon-jetee-thiers.webp\"><img decoding=\"async\" width=\"1200\" height=\"800\" src=\"https:\/\/www.lacanadienne.com\/wp-content\/uploads\/sites\/23\/2024\/08\/tourisme-arcachon-jetee-thiers.webp\" alt=\"Tourismus Arcachon Jetee Thiers\" class=\"wp-image-1218\" srcset=\"https:\/\/www.lacanadienne.com\/wp-content\/uploads\/sites\/23\/2024\/08\/tourisme-arcachon-jetee-thiers.webp 1200w, https:\/\/www.lacanadienne.com\/wp-content\/uploads\/sites\/23\/2024\/08\/tourisme-arcachon-jetee-thiers-300x200.webp 300w, https:\/\/www.lacanadienne.com\/wp-content\/uploads\/sites\/23\/2024\/08\/tourisme-arcachon-jetee-thiers-1024x683.webp 1024w, https:\/\/www.lacanadienne.com\/wp-content\/uploads\/sites\/23\/2024\/08\/tourisme-arcachon-jetee-thiers-768x512.webp 768w\" sizes=\"(max-width: 1200px) 100vw, 1200px\" \/><\/a><\/figure>\n<\/div>\n\n\n\n<div class=\"wp-block-column is-vertically-aligned-center second animated fadeInRight slow is-layout-flow wp-block-column-is-layout-flow\" style=\"flex-basis:55%\">\n<h2 class=\"ls__heading wp-block-heading\">Sehensw\u00fcrdigkeiten in Arcachon<\/h2>\n\n\n\n<p class=\"ls-paragraph\">Probieren Sie den authentischen Geschmack der <strong>Austernreservate<\/strong> im &#8222;La Maison de l&#8217;hu\u00eetre&#8220;, fahren Sie mit dem Fahrrad auf die Vogelinsel, entdecken Sie die Winterstadt Arcachon und genie\u00dfen Sie die nat\u00fcrliche Umgebung in den S\u00fcmpfen und Salzwiesen, dem gr\u00fcnen Gold des Bassin d&#8217;Arcachon, weniger als eine Stunde vom Campingplatz entfernt. <strong><a href=\"https:\/\/www.lacanadienne.com\/de\/\">Campingplatz La Canadienne<\/a><\/strong> !<\/p>\n\n\n\n<p class=\"ls-paragraph\">Obwohl die Stadt Arcachon im Zentrum eines gro\u00dfen und attraktiven Touristengebietes liegt, sollten Sie nicht vergessen, dass die Gemeinde selbst den Besuchern viel zu bieten hat.\nAls erstes sollten Sie einen gem\u00fctlichen Spaziergang durch den <strong>Tiefwasserhafen<\/strong> von Arcachon machen.\nSie werden die Gelegenheit haben, traditionelle Schiffe der Gironde wie Pinassen oder alte Takelagen zu bewundern.\nOder wagen Sie sich auf den <strong>Thiers Pier<\/strong>, von dem aus Sie einen herrlichen Blick auf das Becken von Arcachon haben.     <\/p>\n\n\n\n<p class=\"ls-paragraph\">Die <strong>Pointe de l&#8217;Aiguillon<\/strong> war einst ein Fischerviertel und ist heute ein malerisches Gebiet, in dem sich die elegante Architektur der kleinen H\u00e4user mit den Austernkulturen vermischt.\nDer wundersch\u00f6ne <strong><a href=\"https:\/\/www.arcachon.com\/tourisme\/je-decouvre\/lieux-dexception\/le-parc-mauresque\/\" target=\"_blank\" rel=\"noreferrer noopener\">Maurischer Park<\/a><\/strong> erwartet Sie mit seinen 4 Hektar sorgf\u00e4ltig gepflegter Gr\u00fcnfl\u00e4che.\nHier k\u00f6nnen Sie eine reiche und seltene Flora beobachten.  <\/p>\n<\/div>\n<\/div>\n\n\r\n    <\/div>\r\n<\/section><section id=\"ls-section-block_e8780a30e6e609b67c0698b59fcbf97f\" class=\"ls-section  page-one has-background has-color-4-background-color has-m-b m-b-0 has-p-t p-t-14\" >\r\n        <div class=\"container container--wide\">\r\n        \n\n<div class=\"wp-block-columns is-layout-flex wp-container-core-columns-is-layout-3 wp-block-columns-is-layout-flex\">\n<div class=\"wp-block-column is-vertically-aligned-center first  animated fadeInLeft slow is-layout-flow wp-block-column-is-layout-flow\" style=\"flex-basis:55%\">\n<h2 class=\"ls__heading wp-block-heading\">Was kann man in Arcachon unternehmen?<\/h2>\n\n\n\n<p class=\"ls-paragraph\">Zwischen Natur und Stadt gibt es viele Aktivit\u00e4ten in Arcachon!\nErklimmen Sie die majest\u00e4tische <a href=\"https:\/\/www.lacanadienne.com\/de\/tourismus-dune-du-pilat-frankreich\/\">Dune du Pilat, die h\u00f6chste D\u00fcne<\/a> Europas, von der Sie einen einzigartigen Blick auf den Wald und den Ozean haben.   <\/p>\n\n\n\n<p class=\"ls-paragraph\">Nehmen Sie sich dann die Zeit, durch die charmanten Stra\u00dfen von Arcachon zu schlendern, insbesondere durch das <strong>Viertel Ville d&#8217;Hiver<\/strong> mit seinen malerischen Villen.\nKaffeepausen, Shopping und kleine lokale Restaurants runden Ihren Besuch ab.\nWenn Sie gerne segeln, buchen Sie eine <strong>Bootsfahrt zur \u00cele aux Oiseaux<\/strong> mit ihren ber\u00fchmten Cabanes tchanqu\u00e9es, ein kleines Abenteuer f\u00fcr Gro\u00df und Klein!  <\/p>\n<\/div>\n\n\n\n<div class=\"wp-block-column second animated fadeInRight delay-100ms slow is-layout-flow wp-block-column-is-layout-flow\" style=\"flex-basis:45%\">\n<figure class=\"wp-block-image size-full\"><a href=\"https:\/\/www.lacanadienne.com\/wp-content\/uploads\/sites\/23\/2024\/08\/tourisme-arcachon-bord-de-mer.webp\"><img decoding=\"async\" width=\"1200\" height=\"800\" src=\"https:\/\/www.lacanadienne.com\/wp-content\/uploads\/sites\/23\/2024\/08\/tourisme-arcachon-bord-de-mer.webp\" alt=\"Tourismus in Arcachon am Meer\" class=\"wp-image-1223\" srcset=\"https:\/\/www.lacanadienne.com\/wp-content\/uploads\/sites\/23\/2024\/08\/tourisme-arcachon-bord-de-mer.webp 1200w, https:\/\/www.lacanadienne.com\/wp-content\/uploads\/sites\/23\/2024\/08\/tourisme-arcachon-bord-de-mer-300x200.webp 300w, https:\/\/www.lacanadienne.com\/wp-content\/uploads\/sites\/23\/2024\/08\/tourisme-arcachon-bord-de-mer-1024x683.webp 1024w, https:\/\/www.lacanadienne.com\/wp-content\/uploads\/sites\/23\/2024\/08\/tourisme-arcachon-bord-de-mer-768x512.webp 768w\" sizes=\"(max-width: 1200px) 100vw, 1200px\" \/><\/a><\/figure>\n<\/div>\n<\/div>\n\n\r\n    <\/div>\r\n<\/section><section id=\"ls-section-block_9fe3c9a630fc627cfa54f205b957862e\" class=\"ls-section  page-maillage experience has-m-t m-t-0 has-p-t p-t-10\" >\r\n        <div class=\"container container--wide\">\r\n        \n\n<div id=\"ls-heading ls-titre-div-block_303cdfa25dc90054c6b12f35cbf8e619\" class=\"ls-titre-div aligncenter h2-like\" >\n    <strong>Entdecken Sie unsere<\/strong> Umgebung<\/div>\n\n\n<div id=\"ls-maillage-block_5f7a1c2db5791b86bc87752fc779f68e\" class=\"ls-maillage cta-style-normal\" data-rows=\"3\">\n    <div class=\"wp-block-columns\"><div class=\"wp-block-column\"><div id=\"destinations\" class=\"ls-cta\">\n\n<a href=\"https:\/\/www.lacanadienne.com\/de\/tourismus-andernos-les-bains-frankreich\/\" target=\"\" rel=\"noopener\" class=\"ls-cta__link\">\n\n\t<div class=\"ls-cta__image\"><img decoding=\"async\" src=\"https:\/\/www.lacanadienne.com\/wp-content\/uploads\/sites\/23\/2024\/08\/tourisme-andernos-cabane.webp\" alt=\"Andernos Tourismus H\u00fctte\"><\/div>\n\t<div class=\"ls-cta__title\">\n\t\tEntdecken Sie Andernos-les-Bains\t<\/div>\n\n\t\t\n<\/a><\/div><\/div><div class=\"wp-block-column\"><div id=\"destinations\" class=\"ls-cta\">\n\n<a href=\"https:\/\/www.lacanadienne.com\/de\/tourismus-cap-ferret-frankreich\/\" target=\"\" rel=\"noopener\" class=\"ls-cta__link\">\n\n\t<div class=\"ls-cta__image\"><img decoding=\"async\" src=\"https:\/\/www.lacanadienne.com\/wp-content\/uploads\/sites\/23\/2024\/08\/tourisme-cap-ferret-bateau.jpg\" alt=\"Tourismus Cap Ferret Boot\"><\/div>\n\t<div class=\"ls-cta__title\">\n\t\tEntdecken Sie L\u00e8ge-Cap-Ferret\t<\/div>\n\n\t\t\n<\/a><\/div><\/div><div class=\"wp-block-column\"><div id=\"destinations\" class=\"ls-cta\">\n\n<a href=\"https:\/\/www.lacanadienne.com\/de\/tourismus-lacanau-frankreich\/\" target=\"\" rel=\"noopener\" class=\"ls-cta__link\">\n\n\t<div class=\"ls-cta__image\"><img decoding=\"async\" src=\"https:\/\/www.lacanadienne.com\/wp-content\/uploads\/sites\/23\/2024\/08\/tourisme-lacanau-paillotte.webp\" alt=\"Tourismus lacanau paillotte\"><\/div>\n\t<div class=\"ls-cta__title\">\n\t\tLacanau entdecken\t<\/div>\n\n\t\t\n<\/a><\/div><\/div><\/div><\/div>\n\r\n    <\/div>\r\n<\/section>","protected":false},"excerpt":{"rendered":"","protected":false},"author":1,"featured_media":1236,"parent":0,"menu_order":0,"comment_status":"closed","ping_status":"closed","template":"","meta":{"_acf_changed":false,"footnotes":""},"sujet":[],"class_list":["post-2698","page","type-page","status-publish","has-post-thumbnail","hentry"],"acf":[],"yoast_head":"<!-- This site is optimized with the Yoast SEO plugin v23.9 - https:\/\/yoast.com\/wordpress\/plugins\/seo\/ -->\n<title>Tourismus in Arcachon | Besuchen, entdecken Sie Arcachon in der Gironde<\/title>\n<meta name=\"description\" content=\"Entdecken Sie Arcachon, einen ber\u00fchmten Badeort an der Atlantikk\u00fcste, von unserem Campingplatz aus, der ideal am Bassin gelegen ist.\" \/>\n<meta name=\"robots\" content=\"index, follow, max-snippet:-1, max-image-preview:large, max-video-preview:-1\" \/>\n<link rel=\"canonical\" href=\"https:\/\/www.lacanadienne.com\/de\/tourismus-arcachon-frankreich\/\" \/>\n<meta property=\"og:locale\" content=\"de_DE\" \/>\n<meta property=\"og:type\" content=\"article\" \/>\n<meta property=\"og:title\" content=\"Tourismus in Arcachon | Besuchen, entdecken Sie Arcachon in der Gironde\" \/>\n<meta property=\"og:description\" content=\"Entdecken Sie Arcachon, einen ber\u00fchmten Badeort an der Atlantikk\u00fcste, von unserem Campingplatz aus, der ideal am Bassin gelegen ist.\" \/>\n<meta property=\"og:url\" content=\"https:\/\/www.lacanadienne.com\/de\/tourismus-arcachon-frankreich\/\" \/>\n<meta property=\"og:site_name\" content=\"Camping La Canadienne\" \/>\n<meta property=\"article:modified_time\" content=\"2024-11-15T08:41:58+00:00\" \/>\n<meta property=\"og:image\" content=\"https:\/\/www.lacanadienne.com\/wp-content\/uploads\/sites\/23\/2024\/08\/tourisme-arcachon-camping-ares.webp\" \/>\n\t<meta property=\"og:image:width\" content=\"2000\" \/>\n\t<meta property=\"og:image:height\" content=\"800\" \/>\n\t<meta property=\"og:image:type\" content=\"image\/webp\" \/>\n<meta name=\"twitter:card\" content=\"summary_large_image\" \/>\n<meta name=\"twitter:label1\" content=\"Gesch\u00e4tzte Lesezeit\" \/>\n\t<meta name=\"twitter:data1\" content=\"2\u00a0Minuten\" \/>\n<script type=\"application\/ld+json\" class=\"yoast-schema-graph\">{\"@context\":\"https:\/\/schema.org\",\"@graph\":[{\"@type\":\"WebPage\",\"@id\":\"https:\/\/www.lacanadienne.com\/de\/tourismus-arcachon-frankreich\/\",\"url\":\"https:\/\/www.lacanadienne.com\/de\/tourismus-arcachon-frankreich\/\",\"name\":\"Tourismus in Arcachon | Besuchen, entdecken Sie Arcachon in der Gironde\",\"isPartOf\":{\"@id\":\"https:\/\/www.lacanadienne.com\/de\/#website\"},\"primaryImageOfPage\":{\"@id\":\"https:\/\/www.lacanadienne.com\/de\/tourismus-arcachon-frankreich\/#primaryimage\"},\"image\":{\"@id\":\"https:\/\/www.lacanadienne.com\/de\/tourismus-arcachon-frankreich\/#primaryimage\"},\"thumbnailUrl\":\"https:\/\/www.lacanadienne.com\/wp-content\/uploads\/sites\/23\/2024\/08\/tourisme-arcachon-camping-ares.webp\",\"datePublished\":\"2024-08-07T14:01:40+00:00\",\"dateModified\":\"2024-11-15T08:41:58+00:00\",\"description\":\"Entdecken Sie Arcachon, einen ber\u00fchmten Badeort an der Atlantikk\u00fcste, von unserem Campingplatz aus, der ideal am Bassin gelegen ist.\",\"breadcrumb\":{\"@id\":\"https:\/\/www.lacanadienne.com\/de\/tourismus-arcachon-frankreich\/#breadcrumb\"},\"inLanguage\":\"de\",\"potentialAction\":[{\"@type\":\"ReadAction\",\"target\":[\"https:\/\/www.lacanadienne.com\/de\/tourismus-arcachon-frankreich\/\"]}]},{\"@type\":\"ImageObject\",\"inLanguage\":\"de\",\"@id\":\"https:\/\/www.lacanadienne.com\/de\/tourismus-arcachon-frankreich\/#primaryimage\",\"url\":\"https:\/\/www.lacanadienne.com\/wp-content\/uploads\/sites\/23\/2024\/08\/tourisme-arcachon-camping-ares.webp\",\"contentUrl\":\"https:\/\/www.lacanadienne.com\/wp-content\/uploads\/sites\/23\/2024\/08\/tourisme-arcachon-camping-ares.webp\",\"width\":2000,\"height\":800,\"caption\":\"Tourismus Arcachon Camping Ares\"},{\"@type\":\"BreadcrumbList\",\"@id\":\"https:\/\/www.lacanadienne.com\/de\/tourismus-arcachon-frankreich\/#breadcrumb\",\"itemListElement\":[{\"@type\":\"ListItem\",\"position\":1,\"name\":\"Camping Bassin d\u2019Arcachon\",\"item\":\"https:\/\/www.lacanadienne.com\/de\/\"},{\"@type\":\"ListItem\",\"position\":2,\"name\":\"Entdecken Sie Arcachon\"}]},{\"@type\":\"WebSite\",\"@id\":\"https:\/\/www.lacanadienne.com\/de\/#website\",\"url\":\"https:\/\/www.lacanadienne.com\/de\/\",\"name\":\"Camping La Canadienne\",\"description\":\"\",\"publisher\":{\"@id\":\"https:\/\/www.lacanadienne.com\/de\/#organization\"},\"potentialAction\":[{\"@type\":\"SearchAction\",\"target\":{\"@type\":\"EntryPoint\",\"urlTemplate\":\"https:\/\/www.lacanadienne.com\/de\/?s={search_term_string}\"},\"query-input\":{\"@type\":\"PropertyValueSpecification\",\"valueRequired\":true,\"valueName\":\"search_term_string\"}}],\"inLanguage\":\"de\"},{\"@type\":\"Organization\",\"@id\":\"https:\/\/www.lacanadienne.com\/de\/#organization\",\"name\":\"Camping La Canadienne\",\"url\":\"https:\/\/www.lacanadienne.com\/de\/\",\"logo\":{\"@type\":\"ImageObject\",\"inLanguage\":\"de\",\"@id\":\"https:\/\/www.lacanadienne.com\/de\/#\/schema\/logo\/image\/\",\"url\":\"https:\/\/www.lacanadienne.com\/wp-content\/uploads\/sites\/23\/2024\/09\/cropped-logo-Flower-camping-La-Canadienne.png\",\"contentUrl\":\"https:\/\/www.lacanadienne.com\/wp-content\/uploads\/sites\/23\/2024\/09\/cropped-logo-Flower-camping-La-Canadienne.png\",\"width\":500,\"height\":660,\"caption\":\"Camping La Canadienne\"},\"image\":{\"@id\":\"https:\/\/www.lacanadienne.com\/de\/#\/schema\/logo\/image\/\"}}]}<\/script>\n<!-- \/ Yoast SEO plugin. -->","yoast_head_json":{"title":"Tourismus in Arcachon | Besuchen, entdecken Sie Arcachon in der Gironde","description":"Entdecken Sie Arcachon, einen ber\u00fchmten Badeort an der Atlantikk\u00fcste, von unserem Campingplatz aus, der ideal am Bassin gelegen ist.","robots":{"index":"index","follow":"follow","max-snippet":"max-snippet:-1","max-image-preview":"max-image-preview:large","max-video-preview":"max-video-preview:-1"},"canonical":"https:\/\/www.lacanadienne.com\/de\/tourismus-arcachon-frankreich\/","og_locale":"de_DE","og_type":"article","og_title":"Tourismus in Arcachon | Besuchen, entdecken Sie Arcachon in der Gironde","og_description":"Entdecken Sie Arcachon, einen ber\u00fchmten Badeort an der Atlantikk\u00fcste, von unserem Campingplatz aus, der ideal am Bassin gelegen ist.","og_url":"https:\/\/www.lacanadienne.com\/de\/tourismus-arcachon-frankreich\/","og_site_name":"Camping La Canadienne","article_modified_time":"2024-11-15T08:41:58+00:00","og_image":[{"width":2000,"height":800,"url":"https:\/\/www.lacanadienne.com\/wp-content\/uploads\/sites\/23\/2024\/08\/tourisme-arcachon-camping-ares.webp","type":"image\/webp"}],"twitter_card":"summary_large_image","twitter_misc":{"Gesch\u00e4tzte Lesezeit":"2\u00a0Minuten"},"schema":{"@context":"https:\/\/schema.org","@graph":[{"@type":"WebPage","@id":"https:\/\/www.lacanadienne.com\/de\/tourismus-arcachon-frankreich\/","url":"https:\/\/www.lacanadienne.com\/de\/tourismus-arcachon-frankreich\/","name":"Tourismus in Arcachon | Besuchen, entdecken Sie Arcachon in der Gironde","isPartOf":{"@id":"https:\/\/www.lacanadienne.com\/de\/#website"},"primaryImageOfPage":{"@id":"https:\/\/www.lacanadienne.com\/de\/tourismus-arcachon-frankreich\/#primaryimage"},"image":{"@id":"https:\/\/www.lacanadienne.com\/de\/tourismus-arcachon-frankreich\/#primaryimage"},"thumbnailUrl":"https:\/\/www.lacanadienne.com\/wp-content\/uploads\/sites\/23\/2024\/08\/tourisme-arcachon-camping-ares.webp","datePublished":"2024-08-07T14:01:40+00:00","dateModified":"2024-11-15T08:41:58+00:00","description":"Entdecken Sie Arcachon, einen ber\u00fchmten Badeort an der Atlantikk\u00fcste, von unserem Campingplatz aus, der ideal am Bassin gelegen ist.","breadcrumb":{"@id":"https:\/\/www.lacanadienne.com\/de\/tourismus-arcachon-frankreich\/#breadcrumb"},"inLanguage":"de","potentialAction":[{"@type":"ReadAction","target":["https:\/\/www.lacanadienne.com\/de\/tourismus-arcachon-frankreich\/"]}]},{"@type":"ImageObject","inLanguage":"de","@id":"https:\/\/www.lacanadienne.com\/de\/tourismus-arcachon-frankreich\/#primaryimage","url":"https:\/\/www.lacanadienne.com\/wp-content\/uploads\/sites\/23\/2024\/08\/tourisme-arcachon-camping-ares.webp","contentUrl":"https:\/\/www.lacanadienne.com\/wp-content\/uploads\/sites\/23\/2024\/08\/tourisme-arcachon-camping-ares.webp","width":2000,"height":800,"caption":"Tourismus Arcachon Camping Ares"},{"@type":"BreadcrumbList","@id":"https:\/\/www.lacanadienne.com\/de\/tourismus-arcachon-frankreich\/#breadcrumb","itemListElement":[{"@type":"ListItem","position":1,"name":"Camping Bassin d\u2019Arcachon","item":"https:\/\/www.lacanadienne.com\/de\/"},{"@type":"ListItem","position":2,"name":"Entdecken Sie Arcachon"}]},{"@type":"WebSite","@id":"https:\/\/www.lacanadienne.com\/de\/#website","url":"https:\/\/www.lacanadienne.com\/de\/","name":"Camping La Canadienne","description":"","publisher":{"@id":"https:\/\/www.lacanadienne.com\/de\/#organization"},"potentialAction":[{"@type":"SearchAction","target":{"@type":"EntryPoint","urlTemplate":"https:\/\/www.lacanadienne.com\/de\/?s={search_term_string}"},"query-input":{"@type":"PropertyValueSpecification","valueRequired":true,"valueName":"search_term_string"}}],"inLanguage":"de"},{"@type":"Organization","@id":"https:\/\/www.lacanadienne.com\/de\/#organization","name":"Camping La Canadienne","url":"https:\/\/www.lacanadienne.com\/de\/","logo":{"@type":"ImageObject","inLanguage":"de","@id":"https:\/\/www.lacanadienne.com\/de\/#\/schema\/logo\/image\/","url":"https:\/\/www.lacanadienne.com\/wp-content\/uploads\/sites\/23\/2024\/09\/cropped-logo-Flower-camping-La-Canadienne.png","contentUrl":"https:\/\/www.lacanadienne.com\/wp-content\/uploads\/sites\/23\/2024\/09\/cropped-logo-Flower-camping-La-Canadienne.png","width":500,"height":660,"caption":"Camping La Canadienne"},"image":{"@id":"https:\/\/www.lacanadienne.com\/de\/#\/schema\/logo\/image\/"}}]}},"_links":{"self":[{"href":"https:\/\/www.lacanadienne.com\/de\/wp-json\/wp\/v2\/pages\/2698","targetHints":{"allow":["GET"]}}],"collection":[{"href":"https:\/\/www.lacanadienne.com\/de\/wp-json\/wp\/v2\/pages"}],"about":[{"href":"https:\/\/www.lacanadienne.com\/de\/wp-json\/wp\/v2\/types\/page"}],"author":[{"embeddable":true,"href":"https:\/\/www.lacanadienne.com\/de\/wp-json\/wp\/v2\/users\/1"}],"replies":[{"embeddable":true,"href":"https:\/\/www.lacanadienne.com\/de\/wp-json\/wp\/v2\/comments?post=2698"}],"version-history":[{"count":2,"href":"https:\/\/www.lacanadienne.com\/de\/wp-json\/wp\/v2\/pages\/2698\/revisions"}],"predecessor-version":[{"id":3704,"href":"https:\/\/www.lacanadienne.com\/de\/wp-json\/wp\/v2\/pages\/2698\/revisions\/3704"}],"wp:featuredmedia":[{"embeddable":true,"href":"https:\/\/www.lacanadienne.com\/de\/wp-json\/wp\/v2\/media\/1236"}],"wp:attachment":[{"href":"https:\/\/www.lacanadienne.com\/de\/wp-json\/wp\/v2\/media?parent=2698"}],"wp:term":[{"taxonomy":"sujet","embeddable":true,"href":"https:\/\/www.lacanadienne.com\/de\/wp-json\/wp\/v2\/sujet?post=2698"}],"curies":[{"name":"wp","href":"https:\/\/api.w.org\/{rel}","templated":true}]}}