{"id":2706,"date":"2024-08-07T14:01:24","date_gmt":"2024-08-07T14:01:24","guid":{"rendered":"https:\/\/www.lacanadienne.com\/tourismus-ares-frankreich\/"},"modified":"2024-11-15T08:44:38","modified_gmt":"2024-11-15T08:44:38","slug":"tourismus-ares-frankreich","status":"publish","type":"page","link":"https:\/\/www.lacanadienne.com\/de\/tourismus-ares-frankreich\/","title":{"rendered":"Ar\u00e8s"},"content":{"rendered":"<section id=\"ls-section-block_5f595b04951023142d3ff5a304d3dbd6\" class=\"ls-section  page-one has-background has-color-4-background-color has-m-t m-t-0 has-m-b m-b-0 has-p-t p-t-14 has-p-b p-b-14\" >\r\n        <div class=\"container container--wide\">\r\n        \n\n<div class=\"wp-block-columns is-layout-flex wp-container-core-columns-is-layout-1 wp-block-columns-is-layout-flex\">\n<div class=\"wp-block-column animated fadeInLeft delay-100ms slow is-layout-flow wp-block-column-is-layout-flow\" style=\"flex-basis:45%\">\n<figure class=\"wp-block-image size-full\"><a href=\"https:\/\/www.lacanadienne.com\/wp-content\/uploads\/sites\/23\/2024\/08\/camping-velo-arcachon.jpg\"><img decoding=\"async\" width=\"800\" height=\"532\" src=\"https:\/\/www.lacanadienne.com\/wp-content\/uploads\/sites\/23\/2024\/08\/camping-velo-arcachon.jpg\" alt=\"camping velo arcachon\" class=\"wp-image-1049\" srcset=\"https:\/\/www.lacanadienne.com\/wp-content\/uploads\/sites\/23\/2024\/08\/camping-velo-arcachon.jpg 800w, https:\/\/www.lacanadienne.com\/wp-content\/uploads\/sites\/23\/2024\/08\/camping-velo-arcachon-300x200.jpg 300w, https:\/\/www.lacanadienne.com\/wp-content\/uploads\/sites\/23\/2024\/08\/camping-velo-arcachon-768x511.jpg 768w\" sizes=\"(max-width: 800px) 100vw, 800px\" \/><\/a><\/figure>\n<\/div>\n\n\n\n<div class=\"wp-block-column is-vertically-aligned-center animated fadeInRight slow is-layout-flow wp-block-column-is-layout-flow\" style=\"flex-basis:55%\">\n<h1 class=\"ls__heading wp-block-heading\">Willkommen in Ar\u00e8s<\/h1>\n\n\n\n<p class=\"ls-paragraph\">Wenn Sie sich auf Ihrem Campingplatz oder in Ihrem <a href=\"https:\/\/www.lacanadienne.com\/de\/vermietung-mobilheim-ares\/\">Mobilheim<\/a> aufhalten, befinden Sie sich im Herzen der charmanten Gemeinde Ar\u00e8s. Ar\u00e8s liegt gegen\u00fcber dem <a href=\"https:\/\/www.lacanadienne.com\/de\/tourismus-arcachon-becken-frankreich\/\">Bassin d&#8217;Arcachon<\/a> und ist bekannt f\u00fcr seine Natursch\u00f6nheiten, insbesondere das Naturschutzgebiet Pr\u00e9s Sal\u00e9s. Hier finden viele Vogelarten Zuflucht.  <\/p>\n\n\n\n<p class=\"ls-paragraph\">Bei einem Spaziergang entlang der Wander- und <a href=\"https:\/\/www.lacanadienne.com\/de\/campingplatz-frankreich-becken-arcachon-radwege\/\">Radwege<\/a> der Gironde k\u00f6nnen Sie sie beobachten. Ein Fernglas kann einen gem\u00fctlichen Spaziergang am Bassin d&#8217;Arcachon in ein Abenteuer verwandeln, bei dem Sie <strong>die heimische Tierwelt beobachten<\/strong> k\u00f6nnen. <span id=\"docs-internal-guid-34e09728-7fff-c978-9ab3-b23680d9d530\"><\/span><\/p>\n<\/div>\n<\/div>\n\n\r\n    <\/div>\r\n<\/section><section id=\"ls-section-block_8935ecad3646664d633c028924caf69e\" class=\"ls-section  home-gallery has-background has-color-4-background-color has-m-t m-t-0 has-p-t p-t-0\" >\r\n        <div class=\"container container--full\">\r\n        \n\n<figure class=\"wp-block-gallery has-nested-images columns-1 is-cropped galerie-slider-container wp-block-gallery-1 is-layout-flex wp-block-gallery-is-layout-flex\">\n<figure class=\"wp-block-image size-full\"><a href=\"https:\/\/www.lacanadienne.com\/wp-content\/uploads\/sites\/23\/2024\/08\/tourisme-ares-jetee.webp\"><img decoding=\"async\" width=\"1200\" height=\"800\" src=\"https:\/\/www.lacanadienne.com\/wp-content\/uploads\/sites\/23\/2024\/08\/tourisme-ares-jetee.webp\" alt=\"Tourismus Ares Jetee\" class=\"wp-image-1267\" srcset=\"https:\/\/www.lacanadienne.com\/wp-content\/uploads\/sites\/23\/2024\/08\/tourisme-ares-jetee.webp 1200w, https:\/\/www.lacanadienne.com\/wp-content\/uploads\/sites\/23\/2024\/08\/tourisme-ares-jetee-300x200.webp 300w, https:\/\/www.lacanadienne.com\/wp-content\/uploads\/sites\/23\/2024\/08\/tourisme-ares-jetee-1024x683.webp 1024w, https:\/\/www.lacanadienne.com\/wp-content\/uploads\/sites\/23\/2024\/08\/tourisme-ares-jetee-768x512.webp 768w\" sizes=\"(max-width: 1200px) 100vw, 1200px\" \/><\/a><\/figure>\n\n\n\n<figure class=\"wp-block-image size-full\"><a href=\"https:\/\/www.lacanadienne.com\/wp-content\/uploads\/sites\/23\/2024\/08\/tourisme-arcachon-catamaran.webp\"><img decoding=\"async\" width=\"1200\" height=\"800\" src=\"https:\/\/www.lacanadienne.com\/wp-content\/uploads\/sites\/23\/2024\/08\/tourisme-arcachon-catamaran.webp\" alt=\"Tourismus Arcachon Katamaran\" class=\"wp-image-1213\" srcset=\"https:\/\/www.lacanadienne.com\/wp-content\/uploads\/sites\/23\/2024\/08\/tourisme-arcachon-catamaran.webp 1200w, https:\/\/www.lacanadienne.com\/wp-content\/uploads\/sites\/23\/2024\/08\/tourisme-arcachon-catamaran-300x200.webp 300w, https:\/\/www.lacanadienne.com\/wp-content\/uploads\/sites\/23\/2024\/08\/tourisme-arcachon-catamaran-1024x683.webp 1024w, https:\/\/www.lacanadienne.com\/wp-content\/uploads\/sites\/23\/2024\/08\/tourisme-arcachon-catamaran-768x512.webp 768w\" sizes=\"(max-width: 1200px) 100vw, 1200px\" \/><\/a><\/figure>\n\n\n\n<figure class=\"wp-block-image size-full\"><a href=\"https:\/\/www.lacanadienne.com\/wp-content\/uploads\/sites\/23\/2024\/08\/pistes-cyclables-a-ares-arcachon.jpg\"><img decoding=\"async\" width=\"586\" height=\"650\" src=\"https:\/\/www.lacanadienne.com\/wp-content\/uploads\/sites\/23\/2024\/08\/pistes-cyclables-a-ares-arcachon.jpg\" alt=\"Radwege in Ares Arcachon\" class=\"wp-image-1055\" srcset=\"https:\/\/www.lacanadienne.com\/wp-content\/uploads\/sites\/23\/2024\/08\/pistes-cyclables-a-ares-arcachon.jpg 586w, https:\/\/www.lacanadienne.com\/wp-content\/uploads\/sites\/23\/2024\/08\/pistes-cyclables-a-ares-arcachon-270x300.jpg 270w\" sizes=\"(max-width: 586px) 100vw, 586px\" \/><\/a><\/figure>\n<\/figure>\n\n\r\n    <\/div>\r\n<\/section><section id=\"ls-section-block_116978e420b5e84a0f2323f7849d9528\" class=\"ls-section  page-one aventure\" >\r\n        <div class=\"container container--wide\">\r\n        \n\n<div class=\"wp-block-columns is-layout-flex wp-container-core-columns-is-layout-2 wp-block-columns-is-layout-flex\">\n<div class=\"wp-block-column first animated fadeInLeft delay-100ms slow is-layout-flow wp-block-column-is-layout-flow\" style=\"flex-basis:45%\">\n<figure class=\"wp-block-image size-full\"><a href=\"https:\/\/www.lacanadienne.com\/wp-content\/uploads\/sites\/23\/2024\/08\/tourisme-ares-pres-sales.webp\"><img decoding=\"async\" width=\"1200\" height=\"800\" src=\"https:\/\/www.lacanadienne.com\/wp-content\/uploads\/sites\/23\/2024\/08\/tourisme-ares-pres-sales.webp\" alt=\"Tourismus Ares pres sales\" class=\"wp-image-1257\" srcset=\"https:\/\/www.lacanadienne.com\/wp-content\/uploads\/sites\/23\/2024\/08\/tourisme-ares-pres-sales.webp 1200w, https:\/\/www.lacanadienne.com\/wp-content\/uploads\/sites\/23\/2024\/08\/tourisme-ares-pres-sales-300x200.webp 300w, https:\/\/www.lacanadienne.com\/wp-content\/uploads\/sites\/23\/2024\/08\/tourisme-ares-pres-sales-1024x683.webp 1024w, https:\/\/www.lacanadienne.com\/wp-content\/uploads\/sites\/23\/2024\/08\/tourisme-ares-pres-sales-768x512.webp 768w\" sizes=\"(max-width: 1200px) 100vw, 1200px\" \/><\/a><\/figure>\n<\/div>\n\n\n\n<div class=\"wp-block-column is-vertically-aligned-center second animated fadeInRight slow is-layout-flow wp-block-column-is-layout-flow\" style=\"flex-basis:55%\">\n<h2 class=\"ls__heading wp-block-heading\">Sehensw\u00fcrdigkeiten in Ar\u00e8s<\/h2>\n\n\n\n<p class=\"ls-paragraph\">Ar\u00e8s hat auch <strong>einen Wald und ruhige Ecken<\/strong>, in denen Sie sich erholen, entspannen und eine sch\u00f6ne Zeit verbringen k\u00f6nnen.\nNur wenige Minuten von Ihrem Zelt, Wohnwagen, Wohnmobil oder <strong>Mobilheim<\/strong> entfernt, entdecken Sie eine friedliche Gemeinde, in der es sich gut leben l\u00e4sst.\nDiese kleine K\u00fcstenstadt ist ideal f\u00fcr einen <strong>Spaziergang entlang des Bassin d&#8217;Arcachon<\/strong>.\nMit Blick auf das Meer haben Sie viele M\u00f6glichkeiten zum Flanieren oder machen Sie es sich auf einer Sonnenterrasse mit Blick auf die Kais gem\u00fctlich und genie\u00dfen Sie eine Mahlzeit oder eine Erfrischung.   <\/p>\n\n\n\n<p class=\"ls-paragraph\">Wenn Sie sich auf dem Campingplatz aufhalten, liegt die <a href=\"https:\/\/ville-ares.fr\/\" target=\"_blank\" rel=\"noreferrer noopener\">Gemeinde Ar\u00e8s<\/a> in Ihrer Reichweite und es gibt viele unumg\u00e4ngliche Orte, die Sie besuchen k\u00f6nnen. Naturliebhaber werden begeistert sein, das Naturschutzgebiet <a href=\"https:\/\/www.ares-tourisme.com\/de\/\" target=\"_blank\" rel=\"noreferrer noopener\">Pr\u00e9s Sal\u00e9s<\/a> zu besuchen, aber auch der<strong>sensible Naturraum von Saint Brice<\/strong> ist ideal f\u00fcr Spazierg\u00e4nge mit Freunden oder der Familie. Der <strong>Turm von Ar\u00e8s<\/strong>, der wie eine kleine Festung aussieht, befindet sich im Herzen der Gemeinde. In Wirklichkeit handelte es sich um eine M\u00fchle. Dieses ungew\u00f6hnliche Geb\u00e4ude existiert seit 1840. Entdecken Sie das<strong>Aerium<\/strong>, ein altes Geb\u00e4ude, das f\u00fcr die Aufnahme von gebrechlichen oder genesenden Kindern bestimmt ist. Zum Atlantik hin ausgerichtet, ist es heute ein kurioser Ort, der die Geschichte durch seine Anwesenheit pr\u00e4gt.      <\/p>\n<\/div>\n<\/div>\n\n\r\n    <\/div>\r\n<\/section><section id=\"ls-section-block_145a99efd0c09a37b5e705189b46cd5b\" class=\"ls-section  page-one has-background has-color-4-background-color has-m-b m-b-0 has-p-t p-t-14\" >\r\n        <div class=\"container container--wide\">\r\n        \n\n<div class=\"wp-block-columns is-layout-flex wp-container-core-columns-is-layout-3 wp-block-columns-is-layout-flex\">\n<div class=\"wp-block-column is-vertically-aligned-center first  animated fadeInLeft slow is-layout-flow wp-block-column-is-layout-flow\" style=\"flex-basis:55%\">\n<h2 class=\"ls__heading wp-block-heading\">Was kann man in Ar\u00e8s unternehmen?<\/h2>\n\n\n\n<p class=\"ls-paragraph\">Ar\u00e8s, eine charmante Gemeinde in der Bucht von Arcachon, bietet viele Aktivit\u00e4ten f\u00fcr Besucher.\nBeginnen Sie mit einem Spaziergang entlang des <strong>K\u00fcstenpfades<\/strong>, der perfekt ist, um die nat\u00fcrliche Sch\u00f6nheit der Region zu bewundern.\nErkunden Sie das Naturschutzgebiet <strong>Pr\u00e9s Sal\u00e9s<\/strong>, eine Oase der Ruhe f\u00fcr Naturliebhaber und Ornithologen.\nF\u00fcr einen Hauch von Geschichte besuchen Sie <strong>die Kirche Saint-Vincent<\/strong> aus dem 19.     <\/p>\n\n\n\n<p class=\"ls-paragraph\">Genie\u00dfen Sie die feinen Sandstr\u00e4nde zum Schwimmen oder Faulenzen.\nWassersportler kommen beim Paddeln, Segeln oder Kajakfahren auf ihre Kosten.\nVerpassen Sie nicht den lokalen Markt, um regionale Produkte zu entdecken und frische Austern zu probieren.\nSchlie\u00dflich ist Ar\u00e8s der ideale Ausgangspunkt f\u00fcr eine Fahrradtour um das Becken.   <\/p>\n<\/div>\n\n\n\n<div class=\"wp-block-column second animated fadeInRight delay-100ms slow is-layout-flow wp-block-column-is-layout-flow\" style=\"flex-basis:45%\">\n<figure class=\"wp-block-image size-full\"><a href=\"https:\/\/www.lacanadienne.com\/wp-content\/uploads\/sites\/23\/2024\/08\/tourisme-ares-huitres.webp\"><img decoding=\"async\" width=\"1200\" height=\"800\" src=\"https:\/\/www.lacanadienne.com\/wp-content\/uploads\/sites\/23\/2024\/08\/tourisme-ares-huitres.webp\" alt=\"Tourismus Ares Austern\" class=\"wp-image-1262\" srcset=\"https:\/\/www.lacanadienne.com\/wp-content\/uploads\/sites\/23\/2024\/08\/tourisme-ares-huitres.webp 1200w, https:\/\/www.lacanadienne.com\/wp-content\/uploads\/sites\/23\/2024\/08\/tourisme-ares-huitres-300x200.webp 300w, https:\/\/www.lacanadienne.com\/wp-content\/uploads\/sites\/23\/2024\/08\/tourisme-ares-huitres-1024x683.webp 1024w, https:\/\/www.lacanadienne.com\/wp-content\/uploads\/sites\/23\/2024\/08\/tourisme-ares-huitres-768x512.webp 768w\" sizes=\"(max-width: 1200px) 100vw, 1200px\" \/><\/a><\/figure>\n<\/div>\n<\/div>\n\n\r\n    <\/div>\r\n<\/section><section id=\"ls-section-block_74c925a0cdc605fb7930fad48a920653\" class=\"ls-section  page-maillage experience has-m-t m-t-0 has-p-t p-t-10\" >\r\n        <div class=\"container container--wide\">\r\n        \n\n<div id=\"ls-heading ls-titre-div-block_a338dc06d615bccf1508c773d85922ae\" class=\"ls-titre-div aligncenter h2-like\" >\n    <strong>Entdecken Sie unsere<\/strong> Umgebung<\/div>\n\n\n<div id=\"ls-maillage-block_6799980bff1d9cc588f49f4b210bd832\" class=\"ls-maillage cta-style-normal\" data-rows=\"3\">\n    <div class=\"wp-block-columns\"><div class=\"wp-block-column\"><div id=\"destinations\" class=\"ls-cta\">\n\n<a href=\"https:\/\/www.lacanadienne.com\/de\/tourismus-dune-du-pilat-frankreich\/\" target=\"\" rel=\"noopener\" class=\"ls-cta__link\">\n\n\t<div class=\"ls-cta__image\"><img decoding=\"async\" src=\"https:\/\/www.lacanadienne.com\/wp-content\/uploads\/sites\/23\/2024\/08\/camping-canadienne-dune-pilat.webp\" alt=\"Camping canadienne dune pilat\"><\/div>\n\t<div class=\"ls-cta__title\">\n\t\tEntdecken Sie die Dune du Pilat\t<\/div>\n\n\t\t\n<\/a><\/div><\/div><div class=\"wp-block-column\"><div id=\"destinations\" class=\"ls-cta\">\n\n<a href=\"https:\/\/www.lacanadienne.com\/de\/tourismus-cap-ferret-frankreich\/\" target=\"\" rel=\"noopener\" class=\"ls-cta__link\">\n\n\t<div class=\"ls-cta__image\"><img decoding=\"async\" src=\"https:\/\/www.lacanadienne.com\/wp-content\/uploads\/sites\/23\/2024\/08\/tourisme-cap-ferret-bateau.jpg\" alt=\"Tourismus Cap Ferret Boot\"><\/div>\n\t<div class=\"ls-cta__title\">\n\t\tEntdecken Sie L\u00e8ge-Cap-Ferret\t<\/div>\n\n\t\t\n<\/a><\/div><\/div><div class=\"wp-block-column\"><div id=\"destinations\" class=\"ls-cta\">\n\n<a href=\"https:\/\/www.lacanadienne.com\/de\/tourismus-arcachon-frankreich\/\" target=\"\" rel=\"noopener\" class=\"ls-cta__link\">\n\n\t<div class=\"ls-cta__image\"><img decoding=\"async\" src=\"https:\/\/www.lacanadienne.com\/wp-content\/uploads\/sites\/23\/2024\/08\/tourisme-arcachon-catamaran.webp\" alt=\"Tourismus Arcachon Katamaran\"><\/div>\n\t<div class=\"ls-cta__title\">\n\t\tEntdecken Sie Arcachon\t<\/div>\n\n\t\t\n<\/a><\/div><\/div><\/div><\/div>\n\r\n    <\/div>\r\n<\/section>","protected":false},"excerpt":{"rendered":"","protected":false},"author":1,"featured_media":1282,"parent":0,"menu_order":0,"comment_status":"closed","ping_status":"closed","template":"","meta":{"_acf_changed":false,"footnotes":""},"sujet":[],"class_list":["post-2706","page","type-page","status-publish","has-post-thumbnail","hentry"],"acf":[],"yoast_head":"<!-- This site is optimized with the Yoast SEO plugin v23.9 - https:\/\/yoast.com\/wordpress\/plugins\/seo\/ -->\n<title>Tourismus in Ar\u00e8s an der Bucht von Arcachon | Ar\u00e8s besuchen und entdecken<\/title>\n<meta name=\"description\" content=\"Besuchen Sie Ar\u00e8s am Bassin d&#039;Arcachon: Genie\u00dfen Sie von unserem Campingplatz aus einen Urlaub in der Natur und gleichzeitig in der N\u00e4he einer charmanten Stadt.\" \/>\n<meta name=\"robots\" content=\"index, follow, max-snippet:-1, max-image-preview:large, max-video-preview:-1\" \/>\n<link rel=\"canonical\" href=\"https:\/\/www.lacanadienne.com\/de\/tourismus-ares-frankreich\/\" \/>\n<meta property=\"og:locale\" content=\"de_DE\" \/>\n<meta property=\"og:type\" content=\"article\" \/>\n<meta property=\"og:title\" content=\"Tourismus in Ar\u00e8s an der Bucht von Arcachon | Ar\u00e8s besuchen und entdecken\" \/>\n<meta property=\"og:description\" content=\"Besuchen Sie Ar\u00e8s am Bassin d&#039;Arcachon: Genie\u00dfen Sie von unserem Campingplatz aus einen Urlaub in der Natur und gleichzeitig in der N\u00e4he einer charmanten Stadt.\" \/>\n<meta property=\"og:url\" content=\"https:\/\/www.lacanadienne.com\/de\/tourismus-ares-frankreich\/\" \/>\n<meta property=\"og:site_name\" content=\"Camping La Canadienne\" \/>\n<meta property=\"article:modified_time\" content=\"2024-11-15T08:44:38+00:00\" \/>\n<meta property=\"og:image\" content=\"https:\/\/www.lacanadienne.com\/wp-content\/uploads\/sites\/23\/2024\/08\/tourisme-ares-camping-arcachon.webp\" \/>\n\t<meta property=\"og:image:width\" content=\"2000\" \/>\n\t<meta property=\"og:image:height\" content=\"800\" \/>\n\t<meta property=\"og:image:type\" content=\"image\/webp\" \/>\n<meta name=\"twitter:card\" content=\"summary_large_image\" \/>\n<meta name=\"twitter:label1\" content=\"Gesch\u00e4tzte Lesezeit\" \/>\n\t<meta name=\"twitter:data1\" content=\"2\u00a0Minuten\" \/>\n<script type=\"application\/ld+json\" class=\"yoast-schema-graph\">{\"@context\":\"https:\/\/schema.org\",\"@graph\":[{\"@type\":\"WebPage\",\"@id\":\"https:\/\/www.lacanadienne.com\/de\/tourismus-ares-frankreich\/\",\"url\":\"https:\/\/www.lacanadienne.com\/de\/tourismus-ares-frankreich\/\",\"name\":\"Tourismus in Ar\u00e8s an der Bucht von Arcachon | Ar\u00e8s besuchen und entdecken\",\"isPartOf\":{\"@id\":\"https:\/\/www.lacanadienne.com\/de\/#website\"},\"primaryImageOfPage\":{\"@id\":\"https:\/\/www.lacanadienne.com\/de\/tourismus-ares-frankreich\/#primaryimage\"},\"image\":{\"@id\":\"https:\/\/www.lacanadienne.com\/de\/tourismus-ares-frankreich\/#primaryimage\"},\"thumbnailUrl\":\"https:\/\/www.lacanadienne.com\/wp-content\/uploads\/sites\/23\/2024\/08\/tourisme-ares-camping-arcachon.webp\",\"datePublished\":\"2024-08-07T14:01:24+00:00\",\"dateModified\":\"2024-11-15T08:44:38+00:00\",\"description\":\"Besuchen Sie Ar\u00e8s am Bassin d'Arcachon: Genie\u00dfen Sie von unserem Campingplatz aus einen Urlaub in der Natur und gleichzeitig in der N\u00e4he einer charmanten Stadt.\",\"breadcrumb\":{\"@id\":\"https:\/\/www.lacanadienne.com\/de\/tourismus-ares-frankreich\/#breadcrumb\"},\"inLanguage\":\"de\",\"potentialAction\":[{\"@type\":\"ReadAction\",\"target\":[\"https:\/\/www.lacanadienne.com\/de\/tourismus-ares-frankreich\/\"]}]},{\"@type\":\"ImageObject\",\"inLanguage\":\"de\",\"@id\":\"https:\/\/www.lacanadienne.com\/de\/tourismus-ares-frankreich\/#primaryimage\",\"url\":\"https:\/\/www.lacanadienne.com\/wp-content\/uploads\/sites\/23\/2024\/08\/tourisme-ares-camping-arcachon.webp\",\"contentUrl\":\"https:\/\/www.lacanadienne.com\/wp-content\/uploads\/sites\/23\/2024\/08\/tourisme-ares-camping-arcachon.webp\",\"width\":2000,\"height\":800,\"caption\":\"Tourismus Ares Camping Arcachon\"},{\"@type\":\"BreadcrumbList\",\"@id\":\"https:\/\/www.lacanadienne.com\/de\/tourismus-ares-frankreich\/#breadcrumb\",\"itemListElement\":[{\"@type\":\"ListItem\",\"position\":1,\"name\":\"Camping Bassin d\u2019Arcachon\",\"item\":\"https:\/\/www.lacanadienne.com\/de\/\"},{\"@type\":\"ListItem\",\"position\":2,\"name\":\"Entdecken Sie Ar\u00e8s\"}]},{\"@type\":\"WebSite\",\"@id\":\"https:\/\/www.lacanadienne.com\/de\/#website\",\"url\":\"https:\/\/www.lacanadienne.com\/de\/\",\"name\":\"Camping La Canadienne\",\"description\":\"\",\"publisher\":{\"@id\":\"https:\/\/www.lacanadienne.com\/de\/#organization\"},\"potentialAction\":[{\"@type\":\"SearchAction\",\"target\":{\"@type\":\"EntryPoint\",\"urlTemplate\":\"https:\/\/www.lacanadienne.com\/de\/?s={search_term_string}\"},\"query-input\":{\"@type\":\"PropertyValueSpecification\",\"valueRequired\":true,\"valueName\":\"search_term_string\"}}],\"inLanguage\":\"de\"},{\"@type\":\"Organization\",\"@id\":\"https:\/\/www.lacanadienne.com\/de\/#organization\",\"name\":\"Camping La Canadienne\",\"url\":\"https:\/\/www.lacanadienne.com\/de\/\",\"logo\":{\"@type\":\"ImageObject\",\"inLanguage\":\"de\",\"@id\":\"https:\/\/www.lacanadienne.com\/de\/#\/schema\/logo\/image\/\",\"url\":\"https:\/\/www.lacanadienne.com\/wp-content\/uploads\/sites\/23\/2024\/09\/cropped-logo-Flower-camping-La-Canadienne.png\",\"contentUrl\":\"https:\/\/www.lacanadienne.com\/wp-content\/uploads\/sites\/23\/2024\/09\/cropped-logo-Flower-camping-La-Canadienne.png\",\"width\":500,\"height\":660,\"caption\":\"Camping La Canadienne\"},\"image\":{\"@id\":\"https:\/\/www.lacanadienne.com\/de\/#\/schema\/logo\/image\/\"}}]}<\/script>\n<!-- \/ Yoast SEO plugin. -->","yoast_head_json":{"title":"Tourismus in Ar\u00e8s an der Bucht von Arcachon | Ar\u00e8s besuchen und entdecken","description":"Besuchen Sie Ar\u00e8s am Bassin d'Arcachon: Genie\u00dfen Sie von unserem Campingplatz aus einen Urlaub in der Natur und gleichzeitig in der N\u00e4he einer charmanten Stadt.","robots":{"index":"index","follow":"follow","max-snippet":"max-snippet:-1","max-image-preview":"max-image-preview:large","max-video-preview":"max-video-preview:-1"},"canonical":"https:\/\/www.lacanadienne.com\/de\/tourismus-ares-frankreich\/","og_locale":"de_DE","og_type":"article","og_title":"Tourismus in Ar\u00e8s an der Bucht von Arcachon | Ar\u00e8s besuchen und entdecken","og_description":"Besuchen Sie Ar\u00e8s am Bassin d'Arcachon: Genie\u00dfen Sie von unserem Campingplatz aus einen Urlaub in der Natur und gleichzeitig in der N\u00e4he einer charmanten Stadt.","og_url":"https:\/\/www.lacanadienne.com\/de\/tourismus-ares-frankreich\/","og_site_name":"Camping La Canadienne","article_modified_time":"2024-11-15T08:44:38+00:00","og_image":[{"width":2000,"height":800,"url":"https:\/\/www.lacanadienne.com\/wp-content\/uploads\/sites\/23\/2024\/08\/tourisme-ares-camping-arcachon.webp","type":"image\/webp"}],"twitter_card":"summary_large_image","twitter_misc":{"Gesch\u00e4tzte Lesezeit":"2\u00a0Minuten"},"schema":{"@context":"https:\/\/schema.org","@graph":[{"@type":"WebPage","@id":"https:\/\/www.lacanadienne.com\/de\/tourismus-ares-frankreich\/","url":"https:\/\/www.lacanadienne.com\/de\/tourismus-ares-frankreich\/","name":"Tourismus in Ar\u00e8s an der Bucht von Arcachon | Ar\u00e8s besuchen und entdecken","isPartOf":{"@id":"https:\/\/www.lacanadienne.com\/de\/#website"},"primaryImageOfPage":{"@id":"https:\/\/www.lacanadienne.com\/de\/tourismus-ares-frankreich\/#primaryimage"},"image":{"@id":"https:\/\/www.lacanadienne.com\/de\/tourismus-ares-frankreich\/#primaryimage"},"thumbnailUrl":"https:\/\/www.lacanadienne.com\/wp-content\/uploads\/sites\/23\/2024\/08\/tourisme-ares-camping-arcachon.webp","datePublished":"2024-08-07T14:01:24+00:00","dateModified":"2024-11-15T08:44:38+00:00","description":"Besuchen Sie Ar\u00e8s am Bassin d'Arcachon: Genie\u00dfen Sie von unserem Campingplatz aus einen Urlaub in der Natur und gleichzeitig in der N\u00e4he einer charmanten Stadt.","breadcrumb":{"@id":"https:\/\/www.lacanadienne.com\/de\/tourismus-ares-frankreich\/#breadcrumb"},"inLanguage":"de","potentialAction":[{"@type":"ReadAction","target":["https:\/\/www.lacanadienne.com\/de\/tourismus-ares-frankreich\/"]}]},{"@type":"ImageObject","inLanguage":"de","@id":"https:\/\/www.lacanadienne.com\/de\/tourismus-ares-frankreich\/#primaryimage","url":"https:\/\/www.lacanadienne.com\/wp-content\/uploads\/sites\/23\/2024\/08\/tourisme-ares-camping-arcachon.webp","contentUrl":"https:\/\/www.lacanadienne.com\/wp-content\/uploads\/sites\/23\/2024\/08\/tourisme-ares-camping-arcachon.webp","width":2000,"height":800,"caption":"Tourismus Ares Camping Arcachon"},{"@type":"BreadcrumbList","@id":"https:\/\/www.lacanadienne.com\/de\/tourismus-ares-frankreich\/#breadcrumb","itemListElement":[{"@type":"ListItem","position":1,"name":"Camping Bassin d\u2019Arcachon","item":"https:\/\/www.lacanadienne.com\/de\/"},{"@type":"ListItem","position":2,"name":"Entdecken Sie Ar\u00e8s"}]},{"@type":"WebSite","@id":"https:\/\/www.lacanadienne.com\/de\/#website","url":"https:\/\/www.lacanadienne.com\/de\/","name":"Camping La Canadienne","description":"","publisher":{"@id":"https:\/\/www.lacanadienne.com\/de\/#organization"},"potentialAction":[{"@type":"SearchAction","target":{"@type":"EntryPoint","urlTemplate":"https:\/\/www.lacanadienne.com\/de\/?s={search_term_string}"},"query-input":{"@type":"PropertyValueSpecification","valueRequired":true,"valueName":"search_term_string"}}],"inLanguage":"de"},{"@type":"Organization","@id":"https:\/\/www.lacanadienne.com\/de\/#organization","name":"Camping La Canadienne","url":"https:\/\/www.lacanadienne.com\/de\/","logo":{"@type":"ImageObject","inLanguage":"de","@id":"https:\/\/www.lacanadienne.com\/de\/#\/schema\/logo\/image\/","url":"https:\/\/www.lacanadienne.com\/wp-content\/uploads\/sites\/23\/2024\/09\/cropped-logo-Flower-camping-La-Canadienne.png","contentUrl":"https:\/\/www.lacanadienne.com\/wp-content\/uploads\/sites\/23\/2024\/09\/cropped-logo-Flower-camping-La-Canadienne.png","width":500,"height":660,"caption":"Camping La Canadienne"},"image":{"@id":"https:\/\/www.lacanadienne.com\/de\/#\/schema\/logo\/image\/"}}]}},"_links":{"self":[{"href":"https:\/\/www.lacanadienne.com\/de\/wp-json\/wp\/v2\/pages\/2706","targetHints":{"allow":["GET"]}}],"collection":[{"href":"https:\/\/www.lacanadienne.com\/de\/wp-json\/wp\/v2\/pages"}],"about":[{"href":"https:\/\/www.lacanadienne.com\/de\/wp-json\/wp\/v2\/types\/page"}],"author":[{"embeddable":true,"href":"https:\/\/www.lacanadienne.com\/de\/wp-json\/wp\/v2\/users\/1"}],"replies":[{"embeddable":true,"href":"https:\/\/www.lacanadienne.com\/de\/wp-json\/wp\/v2\/comments?post=2706"}],"version-history":[{"count":4,"href":"https:\/\/www.lacanadienne.com\/de\/wp-json\/wp\/v2\/pages\/2706\/revisions"}],"predecessor-version":[{"id":3712,"href":"https:\/\/www.lacanadienne.com\/de\/wp-json\/wp\/v2\/pages\/2706\/revisions\/3712"}],"wp:featuredmedia":[{"embeddable":true,"href":"https:\/\/www.lacanadienne.com\/de\/wp-json\/wp\/v2\/media\/1282"}],"wp:attachment":[{"href":"https:\/\/www.lacanadienne.com\/de\/wp-json\/wp\/v2\/media?parent=2706"}],"wp:term":[{"taxonomy":"sujet","embeddable":true,"href":"https:\/\/www.lacanadienne.com\/de\/wp-json\/wp\/v2\/sujet?post=2706"}],"curies":[{"name":"wp","href":"https:\/\/api.w.org\/{rel}","templated":true}]}}