{"id":2735,"date":"2024-07-29T12:04:56","date_gmt":"2024-07-29T12:04:56","guid":{"rendered":"https:\/\/www.lacanadienne.com\/infos-kontakt\/"},"modified":"2024-11-14T15:29:54","modified_gmt":"2024-11-14T15:29:54","slug":"infos-kontakt","status":"publish","type":"page","link":"https:\/\/www.lacanadienne.com\/de\/infos-kontakt\/","title":{"rendered":"Infos und Kontakt"},"content":{"rendered":"<section id=\"ls-section-block_ead87729d28a4286949290116425ed3c\" class=\"ls-section  page-one has-background has-color-4-background-color has-m-t m-t-0 has-m-b m-b-0\" >\r\n        <div class=\"container container--wide\">\r\n        \n\n<div class=\"wp-block-columns is-layout-flex wp-container-core-columns-is-layout-1 wp-block-columns-is-layout-flex\">\n<div class=\"wp-block-column is-vertically-aligned-center second animated fadeInLeft slow is-layout-flow wp-block-column-is-layout-flow\" style=\"flex-basis:55%\">\n<h1 class=\"ls__heading wp-block-heading\">Kontakt und Anfahrt zum Campingplatz<\/h1>\n\n\n\n<p class=\"ls-paragraph\">Hier finden Sie alle Informationen, die Sie ben\u00f6tigen, um uns besser kennen zu lernen und mit unserem Team in Kontakt zu treten.\nOb Sie Fragen haben, Anregungen oder Unterst\u00fctzung ben\u00f6tigen, wir stehen Ihnen gerne zur Verf\u00fcgung. <\/p>\n\n\n\n<h2 class=\"ls__heading wp-block-heading\">Kontaktieren Sie uns<\/h2>\n\n\n\n<p class=\"ls-paragraph\"><strong>Luana und ihr Rezeptionsteam<\/strong> freuen sich, Ihnen das ganze Jahr \u00fcber behilflich sein zu k\u00f6nnen.\nSie k\u00f6nnen sie telefonisch unter <a href=\"tel:+33556602491\">+33 (0)5 56 60 24 91<\/a> erreichen, t\u00e4glich von 9.00 bis 12.00 Uhr und von 14.00 bis 17.00 Uhr.\nDie \u00d6ffnungszeiten der Telefonzentrale k\u00f6nnen je nach Saison variieren.\nWenn Sie uns nicht erreichen, hinterlassen Sie bitte eine Nachricht, unser Team wird Sie so schnell wie m\u00f6glich zur\u00fcckrufen.   <\/p>\n\n\n\n<p class=\"ls-paragraph\">F\u00fcr Anfragen k\u00f6nnen Sie uns an die Adresse des Campingplatzes La Canadienne in Ar\u00e8s schreiben oder uns eine E-Mail an <a href=\"mailto:lacanadienne@flowercampings.com\">lacanadienne@flowercampings.com<\/a> schicken.<\/p>\n\n\n\n<p class=\"ls-paragraph\">Sie haben auch die M\u00f6glichkeit, uns \u00fcber das Kontaktformular auf unserer Website zu kontaktieren.\nBleiben Sie auf dem Laufenden \u00fcber unsere Neuigkeiten und Sonderangebote, indem Sie uns auf <a href=\"https:\/\/www.instagram.com\/flowercampinglacanadienne\/?locale=de_DE\">Instagram<\/a> und <a href=\"https:\/\/www.facebook.com\/flowercampinglacanadienne\/?locale=de_DE\">Facebook<\/a> folgen und uns Ihre Nachricht hinterlassen. <\/p>\n<\/div>\n\n\n\n<div class=\"wp-block-column is-vertically-aligned-center first animated fadeInRight delay-100ms slow is-layout-flow wp-block-column-is-layout-flow\" style=\"flex-basis:45%\">\n<div class=\"wp-block-contact-form-7-contact-form-selector\">\n<div class=\"wpcf7 no-js\" id=\"wpcf7-f3686-o1\" lang=\"de-DE\" dir=\"ltr\" data-wpcf7-id=\"3686\">\n<div class=\"screen-reader-response\"><p role=\"status\" aria-live=\"polite\" aria-atomic=\"true\"><\/p> <ul><\/ul><\/div>\n<form action=\"\/de\/wp-json\/wp\/v2\/pages\/2735#wpcf7-f3686-o1\" method=\"post\" class=\"wpcf7-form init\" aria-label=\"Kontaktformular\" novalidate=\"novalidate\" data-status=\"init\">\n<div style=\"display: none;\">\n<input type=\"hidden\" name=\"_wpcf7\" value=\"3686\" \/>\n<input type=\"hidden\" name=\"_wpcf7_version\" value=\"6.0\" \/>\n<input type=\"hidden\" name=\"_wpcf7_locale\" value=\"de_DE\" \/>\n<input type=\"hidden\" name=\"_wpcf7_unit_tag\" value=\"wpcf7-f3686-o1\" \/>\n<input type=\"hidden\" name=\"_wpcf7_container_post\" value=\"0\" \/>\n<input type=\"hidden\" name=\"_wpcf7_posted_data_hash\" value=\"\" \/>\n<input type=\"hidden\" name=\"_wpcf7_recaptcha_response\" value=\"\" \/>\n<\/div>\n<p><label> Ihr Name<br \/>\n<span class=\"wpcf7-form-control-wrap\" data-name=\"your-name\"><input size=\"40\" maxlength=\"400\" class=\"wpcf7-form-control wpcf7-text wpcf7-validates-as-required\" autocomplete=\"name\" aria-required=\"true\" aria-invalid=\"false\" value=\"\" type=\"text\" name=\"your-name\" \/><\/span> <\/label>\n<\/p>\n<p><label> Ihre E-Mail-Adresse<br \/>\n<span class=\"wpcf7-form-control-wrap\" data-name=\"your-email\"><input size=\"40\" maxlength=\"400\" class=\"wpcf7-form-control wpcf7-email wpcf7-validates-as-required wpcf7-text wpcf7-validates-as-email\" autocomplete=\"email\" aria-required=\"true\" aria-invalid=\"false\" value=\"\" type=\"email\" name=\"your-email\" \/><\/span> <\/label>\n<\/p>\n<p><label> Objekt<br \/>\n<span class=\"wpcf7-form-control-wrap\" data-name=\"your-subject\"><input size=\"40\" maxlength=\"400\" class=\"wpcf7-form-control wpcf7-text wpcf7-validates-as-required\" aria-required=\"true\" aria-invalid=\"false\" value=\"\" type=\"text\" name=\"your-subject\" \/><\/span> <\/label>\n<\/p>\n<p><label> Ihre Nachricht<br \/>\n<span class=\"wpcf7-form-control-wrap\" data-name=\"your-message\"><textarea cols=\"40\" rows=\"10\" maxlength=\"2000\" class=\"wpcf7-form-control wpcf7-textarea\" aria-invalid=\"false\" name=\"your-message\"><\/textarea><\/span> <\/label>\n<\/p>\n<p><span class=\"wpcf7-form-control-wrap\" data-name=\"acceptance-553\"><span class=\"wpcf7-form-control wpcf7-acceptance\"><span class=\"wpcf7-list-item\"><label><input type=\"checkbox\" name=\"acceptance-553\" value=\"1\" aria-invalid=\"false\" \/><span class=\"wpcf7-list-item-label\">Indem ich dieses K\u00e4stchen anklicke, akzeptiere ich die <a href=\"\/politique-de-confidentialite\/\" rel=\"nofollow\" target=\"_blank\">Datenschutzbestimmungen<\/a> dieser Website.<\/span><\/label><\/span><\/span><\/span>\n<\/p>\n<p><input class=\"wpcf7-form-control wpcf7-submit has-spinner\" type=\"submit\" value=\"Senden Sie\" \/>\n<\/p><input type='hidden' class='wpcf7-pum' value='{\"closepopup\":false,\"closedelay\":0,\"openpopup\":false,\"openpopup_id\":0}' \/><div class=\"wpcf7-response-output\" aria-hidden=\"true\"><\/div>\n<\/form>\n<\/div>\n<\/div>\n<\/div>\n<\/div>\n\n\r\n    <\/div>\r\n<\/section><section id=\"ls-section-block_d7273a36f02da1559e8717f1c7f2d2dd\" class=\"ls-section  page-one aventure has-background has-color-white-background-color has-m-t m-t-0 has-m-b m-b-0 has-p-t p-t-14 has-p-b p-b-14\" >\r\n        <div class=\"container container--wide\">\r\n        \n\n<div class=\"wp-block-columns is-layout-flex wp-container-core-columns-is-layout-2 wp-block-columns-is-layout-flex\">\n<div class=\"wp-block-column animated fadeInLeft slow is-layout-flow wp-block-column-is-layout-flow\" style=\"flex-basis:45%\"><p><iframe src=\"https:\/\/www.google.com\/maps\/embed?pb=!1m18!1m12!1m3!1d32043.969064882738!2d-1.148066899403606!3d44.7744141227555!2m3!1f0!2f0!3f0!3m2!1i1024!2i768!4f13.1!3m3!1m2!1s0xd54a6af9feec84f%3A0xcc5b0961322220c0!2sFlower%20Camping%20La%20Canadienne!5e0!3m2!1sfr!2sfr!4v1723038331159!5m2!1sfr!2sfr\" width=\"600\" height=\"450\" style=\"border:0;\" allowfullscreen=\"\" loading=\"lazy\" referrerpolicy=\"no-referrer-when-downgrade\"><\/iframe><\/p>\n<\/div>\n\n\n\n<div class=\"wp-block-column is-vertically-aligned-center animated fadeInRight delay-100ms slow is-layout-flow wp-block-column-is-layout-flow\" style=\"flex-basis:55%\">\n<h2 class=\"ls__heading wp-block-heading\">Anreise zum Campingplatz<\/h2>\n\n\n\n<p class=\"ls-paragraph\">Um zum Campingplatz La Canadienne zu gelangen, einem <a href=\"https:\/\/www.lacanadienne.com\/de\/\">4-Sterne-Familiencampingplatz<\/a> im Bassin d&#8217;Arcachon mit beheiztem Schwimmbad, haben Sie mehrere Transportm\u00f6glichkeiten: mit dem Auto, dem Flugzeug oder dem Zug. Hier finden Sie eine detaillierte Wegbeschreibung. <\/p>\n<\/div>\n<\/div>\n\n\r\n    <\/div>\r\n<\/section><section id=\"ls-section-block_260abb2ca4b9d43f74f26329ad1a9d8a\" class=\"ls-section  page-one has-background has-color-3-background-color has-m-b m-b-0\" >\r\n        <div class=\"container container--wide\">\r\n        \n\n<div class=\"wp-block-columns is-layout-flex wp-container-core-columns-is-layout-3 wp-block-columns-is-layout-flex\">\n<div class=\"wp-block-column animated fadeInLeft delay-100ms slow is-layout-flow wp-block-column-is-layout-flow\">\n<h3 class=\"ls__heading wp-block-heading\">Mit dem Auto<\/h3>\n\n\n\n<p class=\"ls-paragraph\">Von Bordeaux aus fahren Sie in nordwestlicher Richtung auf der N230 und folgen dann der A630 in Richtung M\u00e9rignac.\nNehmen Sie dann die Ausfahrt 10 in Richtung Le Verdon\/Lacanau und fahren Sie weiter auf der N215.\nFolgen Sie der Beschilderung nach <a href=\"\">L\u00e8ge-Cap-Ferret<\/a> auf der D106.\nFahren Sie auf der D106 bis nach Ar\u00e8s und biegen Sie dann rechts in die Rue du G\u00e9n\u00e9ral de Gaulle ab.\nDer Campingplatz befindet sich an der Nummer 82 dieser Stra\u00dfe.    <\/p>\n\n\n\n<h3 class=\"ls__heading wp-block-heading\">Mit dem Flugzeug<\/h3>\n\n\n\n<p class=\"ls-paragraph\">Vom Flughafen Bordeaux-M\u00e9rignac aus fahren Sie in nordwestlicher Richtung auf der A630.\nFolgen Sie der Beschilderung zur Ausfahrt 10 in Richtung Le Verdon\/Lacanau auf der N215.\nNehmen Sie dann die D106 in Richtung L\u00e8ge-Cap-Ferret.\nFahren Sie auf der D106 bis nach Ar\u00e8s und biegen Sie dort rechts in die Rue du G\u00e9n\u00e9ral de Gaulle ab.\nDer Campingplatz befindet sich an der Hausnummer 82.    <\/p>\n<\/div>\n\n\n\n<div class=\"wp-block-column animated fadeInRight slow is-layout-flow wp-block-column-is-layout-flow\">\n<h3 class=\"ls__heading wp-block-heading\">Mit dem Zug<\/h3>\n\n\n\n<p class=\"ls-paragraph\">Vom Bahnhof Bordeaux-Saint-Jean nehmen Sie einen TER-Zug in Richtung<a href=\"https:\/\/www.lacanadienne.com\/de\/tourismus-arcachon-frankreich\/\">Arcachon<\/a>. Steigen Sie am Bahnhof Facture-Biganos aus. Von hier aus nehmen Sie einen Bus der Linie 601 in Richtung L\u00e8ge-Cap-Ferret und steigen an der Haltestelle &#8222;Ar\u00e8s&#8220; aus. Von der Bushaltestelle aus gehen Sie etwa 10 Minuten zu Fu\u00df in Richtung Rue du G\u00e9n\u00e9ral de Gaulle. Der Campingplatz befindet sich an der Nummer 82 dieser Stra\u00dfe.    <\/p>\n\n\n\n<h3 class=\"ls__heading wp-block-heading\">GPS-Koordinaten<\/h3>\n\n\n\n<p class=\"ls-paragraph\">Der Campingplatz befindet sich auf folgenden GPS-Koordinaten:<\/p>\n\n\n\n<ul class=\"ls-list ls-list-undefined wp-block-list\">\n<li>Breitengrad: 44.778539<\/li>\n\n\n\n<li>L\u00e4nge: -1.143136<\/li>\n<\/ul>\n\n\n\n<p class=\"ls-paragraph\">Kontaktinformationen<br\/>Die Adresse des Campingplatzes ist Route de L\u00e8ge Cap Ferret, 82 rue du G\u00e9n\u00e9ral de Gaulle, 33740 Ar\u00e8s. Sie k\u00f6nnen uns telefonisch unter +33 (0)5 56 60 24 91 erreichen. <\/p>\n\n\n\n<p class=\"ls-paragraph\"><br\/><\/p>\n<\/div>\n<\/div>\n\n\r\n    <\/div>\r\n<\/section><section id=\"ls-section-block_688027216ee1103771f32e01448259ad\" class=\"ls-section  page-one has-background has-color-4-background-color has-m-t m-t-0 has-m-b m-b-0 has-p-t p-t-14\" >\r\n        <div class=\"container container--wide\">\r\n        \n\n<div class=\"wp-block-columns is-layout-flex wp-container-core-columns-is-layout-4 wp-block-columns-is-layout-flex\">\n<div class=\"wp-block-column first  animated fadeInLeft slow is-layout-flow wp-block-column-is-layout-flow\" style=\"flex-basis:45%\">\n<figure class=\"wp-block-image size-full\"><a href=\"https:\/\/www.lacanadienne.com\/wp-content\/uploads\/sites\/23\/2024\/08\/camping-avec-piscine-chauffee-bassin-arcachon.jpg\"><img decoding=\"async\" width=\"800\" height=\"532\" src=\"https:\/\/www.lacanadienne.com\/wp-content\/uploads\/sites\/23\/2024\/08\/camping-avec-piscine-chauffee-bassin-arcachon.jpg\" alt=\"campingplatz mit beheiztem schwimmbad arcachon becken\" class=\"wp-image-838\" srcset=\"https:\/\/www.lacanadienne.com\/wp-content\/uploads\/sites\/23\/2024\/08\/camping-avec-piscine-chauffee-bassin-arcachon.jpg 800w, https:\/\/www.lacanadienne.com\/wp-content\/uploads\/sites\/23\/2024\/08\/camping-avec-piscine-chauffee-bassin-arcachon-300x200.jpg 300w, https:\/\/www.lacanadienne.com\/wp-content\/uploads\/sites\/23\/2024\/08\/camping-avec-piscine-chauffee-bassin-arcachon-768x511.jpg 768w\" sizes=\"(max-width: 800px) 100vw, 800px\" \/><\/a><\/figure>\n<\/div>\n\n\n\n<div class=\"wp-block-column is-vertically-aligned-center second animated fadeInRight delay-100ms slow is-layout-flow wp-block-column-is-layout-flow\" style=\"flex-basis:55%\">\n<h2 class=\"ls__heading wp-block-heading\">Praktische Informationen<\/h2>\n\n\n\n<p class=\"ls-paragraph\">Der Campingplatz La Canadienne ist <strong>vom 28. M\u00e4rz bis zum 28. September 2025 ge\u00f6ffnet<\/strong>. Alle Dienstleistungen sind w\u00e4hrend dieser Zeit verf\u00fcgbar: <a href=\"\">beheizter Pool<\/a>, Kinderspielplatz, Fahrradverleih, Grill, Bettw\u00e4sche und Handt\u00fccher, Brotverkauf, Sanit\u00e4ranlagen, <a href=\"\">Restaurant<\/a> und Rezeption. <\/p>\n\n\n\n<p class=\"ls-paragraph\">\u00d6ffnungszeiten der Rezeption :<\/p>\n\n\n\n<ul class=\"ls-list ls-list-undefined wp-block-list\">\n<li>Nebensaison: 9.00 &#8211; 12.00 Uhr \/ 14.00 &#8211; 17.00 Uhr<\/li>\n\n\n\n<li>Hochsaison: 8.30 &#8211; 12.30 Uhr \/ 13.30 &#8211; 19.00 Uhr<\/li>\n<\/ul>\n\n\n\n<div class=\"ls-lire-plus\">\n    <input id=\"ls-lire-plus-block_0d35b90bc142797a5be504ab70616ca469eff5ee05a9f\" type=\"checkbox\" class=\"ls-lire-plus__toggle\"  \/>\n    <label for=\"ls-lire-plus-block_0d35b90bc142797a5be504ab70616ca469eff5ee05a9f\" class=\"ls-lire-plus__toggle-label\">\n        <span>Lesen Sie mehr<\/span>\n        <span>Lesen Sie mehr<\/span>\n    <\/label>\n    <div class=\"ls-lire-plus__content\">\n        \n\n<p class=\"ls-paragraph\">Im Falle einer sp\u00e4ten Ankunft informieren Sie uns bitte, damit wir Ihre Ankunft organisieren k\u00f6nnen. Die Anreise f\u00fcr <a href=\"\">Mietunterk\u00fcnfte<\/a> ist nach 16 Uhr, die Abreise vor 10 Uhr; f\u00fcr <a href=\"\">Stellpl\u00e4tze<\/a> nach 12 Uhr, die Abreise vor 12 Uhr. Im Sommer k\u00f6nnen Sie w\u00e4hrend der Schulferien von unserem Animationsprogramm profitieren.  <\/p>\n\n\n\n<p class=\"ls-paragraph\">Um die Ruhe unserer G\u00e4ste zu gew\u00e4hrleisten, ist der Verkehr von 23:00 bis 07:00 Uhr verboten.\nEin Code f\u00fcr die Ein- und Ausfahrt wird Ihnen bei Ihrer Ankunft mitgeteilt.\nF\u00fcr n\u00e4chtliche Ank\u00fcnfte steht ein Parkplatz am Eingang des Campingplatzes zur Verf\u00fcgung.\nEin Wachmann sorgt f\u00fcr die Sicherheit und die Einhaltung der Hausordnung w\u00e4hrend der Nacht.   <\/p>\n\n\n\n<p class=\"ls-paragraph\">Eine Kaution von 300\u20ac ist f\u00fcr Mietunterk\u00fcnfte und die Zahlung der ersten Nacht f\u00fcr Stellpl\u00e4tze erforderlich.\nBei Ihrer Abreise wird eine Bestandsaufnahme durchgef\u00fchrt.\nWeitere Informationen finden Sie in unseren Allgemeinen Gesch\u00e4ftsbedingungen oder auf unserer <a href=\"\" target=\"\" rel=\"\">My Flower App<\/a>.  <\/p>\n\n\n\n<p class=\"ls-paragraph\">Nutzen Sie unsere Verf\u00fcgbarkeiten und Sonderangebote f\u00fcr einen Traumurlaub auf dem Campingplatz La Canadienne in der Bucht von Arcachon.<\/p>\n\n        <div class=\"ls-lire-plus__gradient\" style=\"background: linear-gradient(to bottom,rgba(255,235,204,0) 0%,rgba(255,235,204,1) 100%);\"><\/div>\n    <\/div>\n<\/div><\/div>\n<\/div>\n\n\r\n    <\/div>\r\n<\/section>","protected":false},"excerpt":{"rendered":"","protected":false},"author":1,"featured_media":0,"parent":0,"menu_order":0,"comment_status":"closed","ping_status":"closed","template":"","meta":{"_acf_changed":false,"footnotes":""},"sujet":[],"class_list":["post-2735","page","type-page","status-publish","hentry"],"acf":[],"yoast_head":"<!-- This site is optimized with the Yoast SEO plugin v23.9 - https:\/\/yoast.com\/wordpress\/plugins\/seo\/ -->\n<title>Kontakt und Anfahrt zum Campingplatz **** La Canadienne<\/title>\n<meta name=\"description\" content=\"Kontaktieren Sie den Campingplatz in der Gironde am Bassin d&#039;Arcachon LA CANADIENNE **** zwischen Arcachon und Cap Ferret in Ar\u00e8s und finden Sie ihn schnell und einfach.\" \/>\n<meta name=\"robots\" content=\"index, follow, max-snippet:-1, max-image-preview:large, max-video-preview:-1\" \/>\n<link rel=\"canonical\" href=\"https:\/\/www.lacanadienne.com\/de\/infos-kontakt\/\" \/>\n<meta property=\"og:locale\" content=\"de_DE\" \/>\n<meta property=\"og:type\" content=\"article\" \/>\n<meta property=\"og:title\" content=\"Kontakt und Anfahrt zum Campingplatz **** La Canadienne\" \/>\n<meta property=\"og:description\" content=\"Kontaktieren Sie den Campingplatz in der Gironde am Bassin d&#039;Arcachon LA CANADIENNE **** zwischen Arcachon und Cap Ferret in Ar\u00e8s und finden Sie ihn schnell und einfach.\" \/>\n<meta property=\"og:url\" content=\"https:\/\/www.lacanadienne.com\/de\/infos-kontakt\/\" \/>\n<meta property=\"og:site_name\" content=\"Camping La Canadienne\" \/>\n<meta property=\"article:modified_time\" content=\"2024-11-14T15:29:54+00:00\" \/>\n<meta property=\"og:image\" content=\"https:\/\/www.lacanadienne.com\/wp-content\/uploads\/sites\/23\/2024\/08\/camping-avec-piscine-chauffee-bassin-arcachon.jpg\" \/>\n\t<meta property=\"og:image:width\" content=\"800\" \/>\n\t<meta property=\"og:image:height\" content=\"532\" \/>\n\t<meta property=\"og:image:type\" content=\"image\/jpeg\" \/>\n<meta name=\"twitter:card\" content=\"summary_large_image\" \/>\n<meta name=\"twitter:label1\" content=\"Gesch\u00e4tzte Lesezeit\" \/>\n\t<meta name=\"twitter:data1\" content=\"4\u00a0Minuten\" \/>\n<script type=\"application\/ld+json\" class=\"yoast-schema-graph\">{\"@context\":\"https:\/\/schema.org\",\"@graph\":[{\"@type\":\"WebPage\",\"@id\":\"https:\/\/www.lacanadienne.com\/de\/infos-kontakt\/\",\"url\":\"https:\/\/www.lacanadienne.com\/de\/infos-kontakt\/\",\"name\":\"Kontakt und Anfahrt zum Campingplatz **** La Canadienne\",\"isPartOf\":{\"@id\":\"https:\/\/www.lacanadienne.com\/de\/#website\"},\"primaryImageOfPage\":{\"@id\":\"https:\/\/www.lacanadienne.com\/de\/infos-kontakt\/#primaryimage\"},\"image\":{\"@id\":\"https:\/\/www.lacanadienne.com\/de\/infos-kontakt\/#primaryimage\"},\"thumbnailUrl\":\"https:\/\/www.lacanadienne.com\/wp-content\/uploads\/sites\/23\/2024\/08\/camping-avec-piscine-chauffee-bassin-arcachon.jpg\",\"datePublished\":\"2024-07-29T12:04:56+00:00\",\"dateModified\":\"2024-11-14T15:29:54+00:00\",\"description\":\"Kontaktieren Sie den Campingplatz in der Gironde am Bassin d'Arcachon LA CANADIENNE **** zwischen Arcachon und Cap Ferret in Ar\u00e8s und finden Sie ihn schnell und einfach.\",\"breadcrumb\":{\"@id\":\"https:\/\/www.lacanadienne.com\/de\/infos-kontakt\/#breadcrumb\"},\"inLanguage\":\"de\",\"potentialAction\":[{\"@type\":\"ReadAction\",\"target\":[\"https:\/\/www.lacanadienne.com\/de\/infos-kontakt\/\"]}]},{\"@type\":\"ImageObject\",\"inLanguage\":\"de\",\"@id\":\"https:\/\/www.lacanadienne.com\/de\/infos-kontakt\/#primaryimage\",\"url\":\"https:\/\/www.lacanadienne.com\/wp-content\/uploads\/sites\/23\/2024\/08\/camping-avec-piscine-chauffee-bassin-arcachon.jpg\",\"contentUrl\":\"https:\/\/www.lacanadienne.com\/wp-content\/uploads\/sites\/23\/2024\/08\/camping-avec-piscine-chauffee-bassin-arcachon.jpg\"},{\"@type\":\"BreadcrumbList\",\"@id\":\"https:\/\/www.lacanadienne.com\/de\/infos-kontakt\/#breadcrumb\",\"itemListElement\":[{\"@type\":\"ListItem\",\"position\":1,\"name\":\"Camping Bassin d\u2019Arcachon\",\"item\":\"https:\/\/www.lacanadienne.com\/de\/\"},{\"@type\":\"ListItem\",\"position\":2,\"name\":\"Kontakt, Anreise Ar\u00e8s\"}]},{\"@type\":\"WebSite\",\"@id\":\"https:\/\/www.lacanadienne.com\/de\/#website\",\"url\":\"https:\/\/www.lacanadienne.com\/de\/\",\"name\":\"Camping La Canadienne\",\"description\":\"\",\"publisher\":{\"@id\":\"https:\/\/www.lacanadienne.com\/de\/#organization\"},\"potentialAction\":[{\"@type\":\"SearchAction\",\"target\":{\"@type\":\"EntryPoint\",\"urlTemplate\":\"https:\/\/www.lacanadienne.com\/de\/?s={search_term_string}\"},\"query-input\":{\"@type\":\"PropertyValueSpecification\",\"valueRequired\":true,\"valueName\":\"search_term_string\"}}],\"inLanguage\":\"de\"},{\"@type\":\"Organization\",\"@id\":\"https:\/\/www.lacanadienne.com\/de\/#organization\",\"name\":\"Camping La Canadienne\",\"url\":\"https:\/\/www.lacanadienne.com\/de\/\",\"logo\":{\"@type\":\"ImageObject\",\"inLanguage\":\"de\",\"@id\":\"https:\/\/www.lacanadienne.com\/de\/#\/schema\/logo\/image\/\",\"url\":\"https:\/\/www.lacanadienne.com\/wp-content\/uploads\/sites\/23\/2024\/09\/cropped-logo-Flower-camping-La-Canadienne.png\",\"contentUrl\":\"https:\/\/www.lacanadienne.com\/wp-content\/uploads\/sites\/23\/2024\/09\/cropped-logo-Flower-camping-La-Canadienne.png\",\"width\":500,\"height\":660,\"caption\":\"Camping La Canadienne\"},\"image\":{\"@id\":\"https:\/\/www.lacanadienne.com\/de\/#\/schema\/logo\/image\/\"}}]}<\/script>\n<!-- \/ Yoast SEO plugin. -->","yoast_head_json":{"title":"Kontakt und Anfahrt zum Campingplatz **** La Canadienne","description":"Kontaktieren Sie den Campingplatz in der Gironde am Bassin d'Arcachon LA CANADIENNE **** zwischen Arcachon und Cap Ferret in Ar\u00e8s und finden Sie ihn schnell und einfach.","robots":{"index":"index","follow":"follow","max-snippet":"max-snippet:-1","max-image-preview":"max-image-preview:large","max-video-preview":"max-video-preview:-1"},"canonical":"https:\/\/www.lacanadienne.com\/de\/infos-kontakt\/","og_locale":"de_DE","og_type":"article","og_title":"Kontakt und Anfahrt zum Campingplatz **** La Canadienne","og_description":"Kontaktieren Sie den Campingplatz in der Gironde am Bassin d'Arcachon LA CANADIENNE **** zwischen Arcachon und Cap Ferret in Ar\u00e8s und finden Sie ihn schnell und einfach.","og_url":"https:\/\/www.lacanadienne.com\/de\/infos-kontakt\/","og_site_name":"Camping La Canadienne","article_modified_time":"2024-11-14T15:29:54+00:00","og_image":[{"width":800,"height":532,"url":"https:\/\/www.lacanadienne.com\/wp-content\/uploads\/sites\/23\/2024\/08\/camping-avec-piscine-chauffee-bassin-arcachon.jpg","type":"image\/jpeg"}],"twitter_card":"summary_large_image","twitter_misc":{"Gesch\u00e4tzte Lesezeit":"4\u00a0Minuten"},"schema":{"@context":"https:\/\/schema.org","@graph":[{"@type":"WebPage","@id":"https:\/\/www.lacanadienne.com\/de\/infos-kontakt\/","url":"https:\/\/www.lacanadienne.com\/de\/infos-kontakt\/","name":"Kontakt und Anfahrt zum Campingplatz **** La Canadienne","isPartOf":{"@id":"https:\/\/www.lacanadienne.com\/de\/#website"},"primaryImageOfPage":{"@id":"https:\/\/www.lacanadienne.com\/de\/infos-kontakt\/#primaryimage"},"image":{"@id":"https:\/\/www.lacanadienne.com\/de\/infos-kontakt\/#primaryimage"},"thumbnailUrl":"https:\/\/www.lacanadienne.com\/wp-content\/uploads\/sites\/23\/2024\/08\/camping-avec-piscine-chauffee-bassin-arcachon.jpg","datePublished":"2024-07-29T12:04:56+00:00","dateModified":"2024-11-14T15:29:54+00:00","description":"Kontaktieren Sie den Campingplatz in der Gironde am Bassin d'Arcachon LA CANADIENNE **** zwischen Arcachon und Cap Ferret in Ar\u00e8s und finden Sie ihn schnell und einfach.","breadcrumb":{"@id":"https:\/\/www.lacanadienne.com\/de\/infos-kontakt\/#breadcrumb"},"inLanguage":"de","potentialAction":[{"@type":"ReadAction","target":["https:\/\/www.lacanadienne.com\/de\/infos-kontakt\/"]}]},{"@type":"ImageObject","inLanguage":"de","@id":"https:\/\/www.lacanadienne.com\/de\/infos-kontakt\/#primaryimage","url":"https:\/\/www.lacanadienne.com\/wp-content\/uploads\/sites\/23\/2024\/08\/camping-avec-piscine-chauffee-bassin-arcachon.jpg","contentUrl":"https:\/\/www.lacanadienne.com\/wp-content\/uploads\/sites\/23\/2024\/08\/camping-avec-piscine-chauffee-bassin-arcachon.jpg"},{"@type":"BreadcrumbList","@id":"https:\/\/www.lacanadienne.com\/de\/infos-kontakt\/#breadcrumb","itemListElement":[{"@type":"ListItem","position":1,"name":"Camping Bassin d\u2019Arcachon","item":"https:\/\/www.lacanadienne.com\/de\/"},{"@type":"ListItem","position":2,"name":"Kontakt, Anreise Ar\u00e8s"}]},{"@type":"WebSite","@id":"https:\/\/www.lacanadienne.com\/de\/#website","url":"https:\/\/www.lacanadienne.com\/de\/","name":"Camping La Canadienne","description":"","publisher":{"@id":"https:\/\/www.lacanadienne.com\/de\/#organization"},"potentialAction":[{"@type":"SearchAction","target":{"@type":"EntryPoint","urlTemplate":"https:\/\/www.lacanadienne.com\/de\/?s={search_term_string}"},"query-input":{"@type":"PropertyValueSpecification","valueRequired":true,"valueName":"search_term_string"}}],"inLanguage":"de"},{"@type":"Organization","@id":"https:\/\/www.lacanadienne.com\/de\/#organization","name":"Camping La Canadienne","url":"https:\/\/www.lacanadienne.com\/de\/","logo":{"@type":"ImageObject","inLanguage":"de","@id":"https:\/\/www.lacanadienne.com\/de\/#\/schema\/logo\/image\/","url":"https:\/\/www.lacanadienne.com\/wp-content\/uploads\/sites\/23\/2024\/09\/cropped-logo-Flower-camping-La-Canadienne.png","contentUrl":"https:\/\/www.lacanadienne.com\/wp-content\/uploads\/sites\/23\/2024\/09\/cropped-logo-Flower-camping-La-Canadienne.png","width":500,"height":660,"caption":"Camping La Canadienne"},"image":{"@id":"https:\/\/www.lacanadienne.com\/de\/#\/schema\/logo\/image\/"}}]}},"_links":{"self":[{"href":"https:\/\/www.lacanadienne.com\/de\/wp-json\/wp\/v2\/pages\/2735","targetHints":{"allow":["GET"]}}],"collection":[{"href":"https:\/\/www.lacanadienne.com\/de\/wp-json\/wp\/v2\/pages"}],"about":[{"href":"https:\/\/www.lacanadienne.com\/de\/wp-json\/wp\/v2\/types\/page"}],"author":[{"embeddable":true,"href":"https:\/\/www.lacanadienne.com\/de\/wp-json\/wp\/v2\/users\/1"}],"replies":[{"embeddable":true,"href":"https:\/\/www.lacanadienne.com\/de\/wp-json\/wp\/v2\/comments?post=2735"}],"version-history":[{"count":7,"href":"https:\/\/www.lacanadienne.com\/de\/wp-json\/wp\/v2\/pages\/2735\/revisions"}],"predecessor-version":[{"id":3691,"href":"https:\/\/www.lacanadienne.com\/de\/wp-json\/wp\/v2\/pages\/2735\/revisions\/3691"}],"wp:attachment":[{"href":"https:\/\/www.lacanadienne.com\/de\/wp-json\/wp\/v2\/media?parent=2735"}],"wp:term":[{"taxonomy":"sujet","embeddable":true,"href":"https:\/\/www.lacanadienne.com\/de\/wp-json\/wp\/v2\/sujet?post=2735"}],"curies":[{"name":"wp","href":"https:\/\/api.w.org\/{rel}","templated":true}]}}