{"id":2561,"date":"2024-07-29T12:04:49","date_gmt":"2024-07-29T12:04:49","guid":{"rendered":"https:\/\/www.lacanadienne.com\/camping-flower-ares\/"},"modified":"2024-11-15T08:45:41","modified_gmt":"2024-11-15T08:45:41","slug":"camping-flower-ares","status":"publish","type":"page","link":"https:\/\/www.lacanadienne.com\/en\/camping-flower-ares\/","title":{"rendered":"Our commitments"},"content":{"rendered":"<section id=\"ls-section-block_d00defffce11401fd393af2b38de7d46\" class=\"ls-section  page-one has-background has-color-4-background-color has-m-t m-t-0 has-m-b m-b-0 has-p-t p-t-14 has-p-b p-b-14\" >\r\n        <div class=\"container container--wide\">\r\n        \n\n<div class=\"wp-block-columns is-layout-flex wp-container-core-columns-is-layout-1 wp-block-columns-is-layout-flex\">\n<div class=\"wp-block-column animated fadeInLeft delay-100ms slow is-layout-flow wp-block-column-is-layout-flow\" style=\"flex-basis:45%\">\n<figure class=\"wp-block-image size-full\"><a href=\"https:\/\/www.lacanadienne.com\/wp-content\/uploads\/sites\/23\/2024\/08\/camping-flower-la-canadienne.jpg\"><img decoding=\"async\" width=\"586\" height=\"650\" src=\"https:\/\/www.lacanadienne.com\/wp-content\/uploads\/sites\/23\/2024\/08\/camping-flower-la-canadienne.jpg\" alt=\"camping flower la canadienne\" class=\"wp-image-984\" srcset=\"https:\/\/www.lacanadienne.com\/wp-content\/uploads\/sites\/23\/2024\/08\/camping-flower-la-canadienne.jpg 586w, https:\/\/www.lacanadienne.com\/wp-content\/uploads\/sites\/23\/2024\/08\/camping-flower-la-canadienne-270x300.jpg 270w\" sizes=\"(max-width: 586px) 100vw, 586px\" \/><\/a><\/figure>\n<\/div>\n\n\n\n<div class=\"wp-block-column is-vertically-aligned-center animated fadeInRight slow is-layout-flow wp-block-column-is-layout-flow\" style=\"flex-basis:55%\">\n<h1 class=\"ls__heading wp-block-heading\">Ecologically committed campsite on the Bay of Arcachon<\/h1>\n\n\n\n<p class=\"ls-paragraph\"><a href=\"https:\/\/www.lacanadienne.com\/en\/\">Our La Canadienne campsite<\/a>, a member of Flower Campings, offers a unique experience by focusing on a <strong>personalized welcome<\/strong>, <strong>quality vacation services and facilities<\/strong>, <strong>respect for the environment<\/strong> and awareness of ecological issues.<\/p>\n\n\n\n<h2 class=\"ls__heading wp-block-heading\">Flower Campings in Ar\u00e8s<\/h2>\n\n\n\n<p class=\"ls-paragraph\"><br\/>Our La Canadienne campsite in Ar\u00e8s <a href=\"https:\/\/www.lacanadienne.com\/en\/tourism-bassin-arcachon-france\/\">on the Bassin d&#8217;Arcachon<\/a> is a member of the <a href=\"https:\/\/en.flowercampings.com\/\" target=\"_blank\" rel=\"noreferrer noopener\">Flower Campings<\/a> network. France&#8217;s leading chain of independent franchised campsites, Flower Campings offers a catalog of over 120 destinations throughout France. We share common values with Flower Campings: friendliness and a warm welcome, customer satisfaction and <a href=\"https:\/\/www.flowercampings.com\/page\/programme-de-fidelite-my-flower\" target=\"_blank\" rel=\"noreferrer noopener\">loyalty with the My Flower program<\/a>, promotion of local produce, respect for nature and biodiversity. During your summer vacations, you&#8217;ll meet Dino, <strong>Flower Camping<\/strong> &#8216;s emblematic mascot, and enjoy a varied entertainment program, suitable for all ages, present but not heavy.   <\/p>\n<\/div>\n<\/div>\n\n\r\n    <\/div>\r\n<\/section><section id=\"ls-section-block_1a99ea6920c182512e21a3cb5cc5c11e\" class=\"ls-section  page-one aventure\" >\r\n        <div class=\"container container--wide\">\r\n        \n\n<div class=\"wp-block-columns is-layout-flex wp-container-core-columns-is-layout-2 wp-block-columns-is-layout-flex\">\n<div class=\"wp-block-column first animated fadeInLeft delay-100ms slow is-layout-flow wp-block-column-is-layout-flow\" style=\"flex-basis:45%\">\n<figure class=\"wp-block-image size-full\"><a href=\"https:\/\/www.lacanadienne.com\/wp-content\/uploads\/sites\/23\/2024\/08\/engagements-ecologique-la-canadienne.jpg\"><img decoding=\"async\" width=\"586\" height=\"650\" src=\"https:\/\/www.lacanadienne.com\/wp-content\/uploads\/sites\/23\/2024\/08\/engagements-ecologique-la-canadienne.jpg\" alt=\"commitments ecologique la canadienne\" class=\"wp-image-1035\" srcset=\"https:\/\/www.lacanadienne.com\/wp-content\/uploads\/sites\/23\/2024\/08\/engagements-ecologique-la-canadienne.jpg 586w, https:\/\/www.lacanadienne.com\/wp-content\/uploads\/sites\/23\/2024\/08\/engagements-ecologique-la-canadienne-270x300.jpg 270w\" sizes=\"(max-width: 586px) 100vw, 586px\" \/><\/a><\/figure>\n<\/div>\n\n\n\n<div class=\"wp-block-column is-vertically-aligned-center second animated fadeInRight slow is-layout-flow wp-block-column-is-layout-flow\" style=\"flex-basis:55%\">\n<h2 class=\"ls__heading wp-block-heading has-text-align-left\">Our ecological commitments at the campsite<\/h2>\n\n\n\n<p class=\"ls-paragraph\">Our La Canadienne campsite is committed to <strong>respecting the environment<\/strong> through our various initiatives, creating a nature-friendly holiday for our guests. We promote eco-friendly mobility with a <a href=\"https:\/\/www.lacanadienne.com\/en\/campsite-france-arcachon-basin-4-stars-services\/#locationvelo\">bicycle rental<\/a> service, enabling visitors to discover Ar\u00e8s in an environmentally-friendly way. <\/p>\n\n\n\n<p class=\"ls-paragraph\">We encourage recycling for <strong>environmentally-friendly<\/strong> waste <strong>management<\/strong>. To reduce our paper footprint, we use a mobile application, and provide a book box for adults and children, offering a sustainable alternative to printed documents. <\/p>\n<\/div>\n<\/div>\n\n\r\n    <\/div>\r\n<\/section><section id=\"ls-section-block_524de6680120b4bbab09bc0cd69c2a9f\" class=\"ls-section  page-maillage experience has-m-t m-t-0 has-p-t p-t-10\" >\r\n        <div class=\"container container--wide\">\r\n        \n\n<div id=\"ls-heading ls-titre-div-block_286294fa60363fabd416074e8a94f625\" class=\"ls-titre-div aligncenter h2-like\" >\n    <strong>Discover our<\/strong> swimming pool, services and restaurant  <\/div>\n\n\n<div id=\"ls-maillage-block_e1a78f7af83e7526be10f37cf8113b1a\" class=\"ls-maillage cta-style-normal\" data-rows=\"3\">\n    <div class=\"wp-block-columns\"><div class=\"wp-block-column\"><div id=\"destinations\" class=\"ls-cta\">\n\n<a href=\"https:\/\/www.lacanadienne.com\/en\/campsite-france-arcachon-basin-4-stars-services\/\" target=\"\" rel=\"noopener\" class=\"ls-cta__link\">\n\n\t<div class=\"ls-cta__image\"><img decoding=\"async\" src=\"https:\/\/www.lacanadienne.com\/wp-content\/uploads\/sites\/23\/2024\/08\/petit-dejeuner-camping-arcachon.jpg\" alt=\"breakfast camping arcachon\"><\/div>\n\t<div class=\"ls-cta__title\">\n\t\tServices\t<\/div>\n\n\t\t\n<\/a><\/div><\/div><div class=\"wp-block-column\"><div id=\"destinations\" class=\"ls-cta\">\n\n<a href=\"https:\/\/www.lacanadienne.com\/en\/restaurant-bassin-arcachon\/\" target=\"\" rel=\"noopener\" class=\"ls-cta__link\">\n\n\t<div class=\"ls-cta__image\"><img decoding=\"async\" src=\"https:\/\/www.lacanadienne.com\/wp-content\/uploads\/sites\/23\/2024\/08\/restaurant-camping-canadienne-ales.jpg\" alt=\"restaurant camping canadienne ales\"><\/div>\n\t<div class=\"ls-cta__title\">\n\t\tThe restaurant\t<\/div>\n\n\t\t\n<\/a><\/div><\/div><div class=\"wp-block-column\"><div id=\"destinations\" class=\"ls-cta\">\n\n<a href=\"https:\/\/www.lacanadienne.com\/en\/campsite-france-arcachon-basin-aquatic-centre\/\" target=\"\" rel=\"noopener\" class=\"ls-cta__link\">\n\n\t<div class=\"ls-cta__image\"><img decoding=\"async\" src=\"https:\/\/www.lacanadienne.com\/wp-content\/uploads\/sites\/23\/2024\/08\/piscine-chauffee-flower-camping.jpg\" alt=\"heated swimming pool flower camping\"><\/div>\n\t<div class=\"ls-cta__title\">\n\t\tOur pool\t<\/div>\n\n\t\t\n<\/a><\/div><\/div><\/div><\/div>\n\r\n    <\/div>\r\n<\/section>","protected":false},"excerpt":{"rendered":"","protected":false},"author":1,"featured_media":1044,"parent":0,"menu_order":0,"comment_status":"closed","ping_status":"closed","template":"","meta":{"_acf_changed":false,"footnotes":""},"sujet":[],"class_list":["post-2561","page","type-page","status-publish","has-post-thumbnail","hentry"],"acf":[],"yoast_head":"<!-- This site is optimized with the Yoast SEO plugin v23.9 - https:\/\/yoast.com\/wordpress\/plugins\/seo\/ -->\n<title>Flower camping \u00e0 Ar\u00e8s | Camping Flower Ar\u00e8s<\/title>\n<meta name=\"description\" content=\"LA CANADIENNE Campsite **** Bassin d&#039;Arcachon: a Flower-approved campsite with a strong commitment to a welcome and services that make sense\" \/>\n<meta name=\"robots\" content=\"index, follow, max-snippet:-1, max-image-preview:large, max-video-preview:-1\" \/>\n<link rel=\"canonical\" href=\"https:\/\/www.lacanadienne.com\/en\/camping-flower-ares\/\" \/>\n<meta property=\"og:locale\" content=\"en_US\" \/>\n<meta property=\"og:type\" content=\"article\" \/>\n<meta property=\"og:title\" content=\"Flower camping \u00e0 Ar\u00e8s | Camping Flower Ar\u00e8s\" \/>\n<meta property=\"og:description\" content=\"LA CANADIENNE Campsite **** Bassin d&#039;Arcachon: a Flower-approved campsite with a strong commitment to a welcome and services that make sense\" \/>\n<meta property=\"og:url\" content=\"https:\/\/www.lacanadienne.com\/en\/camping-flower-ares\/\" \/>\n<meta property=\"og:site_name\" content=\"Camping La Canadienne\" \/>\n<meta property=\"article:modified_time\" content=\"2024-11-15T08:45:41+00:00\" \/>\n<meta property=\"og:image\" content=\"https:\/\/www.lacanadienne.com\/wp-content\/uploads\/sites\/23\/2024\/08\/valeurs-camping-canadienne.jpg\" \/>\n\t<meta property=\"og:image:width\" content=\"1920\" \/>\n\t<meta property=\"og:image:height\" content=\"550\" \/>\n\t<meta property=\"og:image:type\" content=\"image\/jpeg\" \/>\n<meta name=\"twitter:card\" content=\"summary_large_image\" \/>\n<meta name=\"twitter:label1\" content=\"Est. reading time\" \/>\n\t<meta name=\"twitter:data1\" content=\"1 minute\" \/>\n<script type=\"application\/ld+json\" class=\"yoast-schema-graph\">{\"@context\":\"https:\/\/schema.org\",\"@graph\":[{\"@type\":\"WebPage\",\"@id\":\"https:\/\/www.lacanadienne.com\/en\/camping-flower-ares\/\",\"url\":\"https:\/\/www.lacanadienne.com\/en\/camping-flower-ares\/\",\"name\":\"Flower camping \u00e0 Ar\u00e8s | Camping Flower Ar\u00e8s\",\"isPartOf\":{\"@id\":\"https:\/\/www.lacanadienne.com\/en\/#website\"},\"primaryImageOfPage\":{\"@id\":\"https:\/\/www.lacanadienne.com\/en\/camping-flower-ares\/#primaryimage\"},\"image\":{\"@id\":\"https:\/\/www.lacanadienne.com\/en\/camping-flower-ares\/#primaryimage\"},\"thumbnailUrl\":\"https:\/\/www.lacanadienne.com\/wp-content\/uploads\/sites\/23\/2024\/08\/valeurs-camping-canadienne.jpg\",\"datePublished\":\"2024-07-29T12:04:49+00:00\",\"dateModified\":\"2024-11-15T08:45:41+00:00\",\"description\":\"LA CANADIENNE Campsite **** Bassin d'Arcachon: a Flower-approved campsite with a strong commitment to a welcome and services that make sense\",\"breadcrumb\":{\"@id\":\"https:\/\/www.lacanadienne.com\/en\/camping-flower-ares\/#breadcrumb\"},\"inLanguage\":\"en-US\",\"potentialAction\":[{\"@type\":\"ReadAction\",\"target\":[\"https:\/\/www.lacanadienne.com\/en\/camping-flower-ares\/\"]}]},{\"@type\":\"ImageObject\",\"inLanguage\":\"en-US\",\"@id\":\"https:\/\/www.lacanadienne.com\/en\/camping-flower-ares\/#primaryimage\",\"url\":\"https:\/\/www.lacanadienne.com\/wp-content\/uploads\/sites\/23\/2024\/08\/valeurs-camping-canadienne.jpg\",\"contentUrl\":\"https:\/\/www.lacanadienne.com\/wp-content\/uploads\/sites\/23\/2024\/08\/valeurs-camping-canadienne.jpg\",\"width\":1920,\"height\":550,\"caption\":\"canadian camping values\"},{\"@type\":\"BreadcrumbList\",\"@id\":\"https:\/\/www.lacanadienne.com\/en\/camping-flower-ares\/#breadcrumb\",\"itemListElement\":[{\"@type\":\"ListItem\",\"position\":1,\"name\":\"Camping Bassin d\u2019Arcachon\",\"item\":\"https:\/\/www.lacanadienne.com\/en\/\"},{\"@type\":\"ListItem\",\"position\":2,\"name\":\"Camping Flower in Ar\u00e8s\"}]},{\"@type\":\"WebSite\",\"@id\":\"https:\/\/www.lacanadienne.com\/en\/#website\",\"url\":\"https:\/\/www.lacanadienne.com\/en\/\",\"name\":\"Camping La Canadienne\",\"description\":\"\",\"publisher\":{\"@id\":\"https:\/\/www.lacanadienne.com\/en\/#organization\"},\"potentialAction\":[{\"@type\":\"SearchAction\",\"target\":{\"@type\":\"EntryPoint\",\"urlTemplate\":\"https:\/\/www.lacanadienne.com\/en\/?s={search_term_string}\"},\"query-input\":{\"@type\":\"PropertyValueSpecification\",\"valueRequired\":true,\"valueName\":\"search_term_string\"}}],\"inLanguage\":\"en-US\"},{\"@type\":\"Organization\",\"@id\":\"https:\/\/www.lacanadienne.com\/en\/#organization\",\"name\":\"Camping La Canadienne\",\"url\":\"https:\/\/www.lacanadienne.com\/en\/\",\"logo\":{\"@type\":\"ImageObject\",\"inLanguage\":\"en-US\",\"@id\":\"https:\/\/www.lacanadienne.com\/en\/#\/schema\/logo\/image\/\",\"url\":\"https:\/\/www.lacanadienne.com\/wp-content\/uploads\/sites\/23\/2024\/09\/cropped-logo-Flower-camping-La-Canadienne.png\",\"contentUrl\":\"https:\/\/www.lacanadienne.com\/wp-content\/uploads\/sites\/23\/2024\/09\/cropped-logo-Flower-camping-La-Canadienne.png\",\"width\":500,\"height\":660,\"caption\":\"Camping La Canadienne\"},\"image\":{\"@id\":\"https:\/\/www.lacanadienne.com\/en\/#\/schema\/logo\/image\/\"}}]}<\/script>\n<!-- \/ Yoast SEO plugin. -->","yoast_head_json":{"title":"Flower camping \u00e0 Ar\u00e8s | Camping Flower Ar\u00e8s","description":"LA CANADIENNE Campsite **** Bassin d'Arcachon: a Flower-approved campsite with a strong commitment to a welcome and services that make sense","robots":{"index":"index","follow":"follow","max-snippet":"max-snippet:-1","max-image-preview":"max-image-preview:large","max-video-preview":"max-video-preview:-1"},"canonical":"https:\/\/www.lacanadienne.com\/en\/camping-flower-ares\/","og_locale":"en_US","og_type":"article","og_title":"Flower camping \u00e0 Ar\u00e8s | Camping Flower Ar\u00e8s","og_description":"LA CANADIENNE Campsite **** Bassin d'Arcachon: a Flower-approved campsite with a strong commitment to a welcome and services that make sense","og_url":"https:\/\/www.lacanadienne.com\/en\/camping-flower-ares\/","og_site_name":"Camping La Canadienne","article_modified_time":"2024-11-15T08:45:41+00:00","og_image":[{"width":1920,"height":550,"url":"https:\/\/www.lacanadienne.com\/wp-content\/uploads\/sites\/23\/2024\/08\/valeurs-camping-canadienne.jpg","type":"image\/jpeg"}],"twitter_card":"summary_large_image","twitter_misc":{"Est. reading time":"1 minute"},"schema":{"@context":"https:\/\/schema.org","@graph":[{"@type":"WebPage","@id":"https:\/\/www.lacanadienne.com\/en\/camping-flower-ares\/","url":"https:\/\/www.lacanadienne.com\/en\/camping-flower-ares\/","name":"Flower camping \u00e0 Ar\u00e8s | Camping Flower Ar\u00e8s","isPartOf":{"@id":"https:\/\/www.lacanadienne.com\/en\/#website"},"primaryImageOfPage":{"@id":"https:\/\/www.lacanadienne.com\/en\/camping-flower-ares\/#primaryimage"},"image":{"@id":"https:\/\/www.lacanadienne.com\/en\/camping-flower-ares\/#primaryimage"},"thumbnailUrl":"https:\/\/www.lacanadienne.com\/wp-content\/uploads\/sites\/23\/2024\/08\/valeurs-camping-canadienne.jpg","datePublished":"2024-07-29T12:04:49+00:00","dateModified":"2024-11-15T08:45:41+00:00","description":"LA CANADIENNE Campsite **** Bassin d'Arcachon: a Flower-approved campsite with a strong commitment to a welcome and services that make sense","breadcrumb":{"@id":"https:\/\/www.lacanadienne.com\/en\/camping-flower-ares\/#breadcrumb"},"inLanguage":"en-US","potentialAction":[{"@type":"ReadAction","target":["https:\/\/www.lacanadienne.com\/en\/camping-flower-ares\/"]}]},{"@type":"ImageObject","inLanguage":"en-US","@id":"https:\/\/www.lacanadienne.com\/en\/camping-flower-ares\/#primaryimage","url":"https:\/\/www.lacanadienne.com\/wp-content\/uploads\/sites\/23\/2024\/08\/valeurs-camping-canadienne.jpg","contentUrl":"https:\/\/www.lacanadienne.com\/wp-content\/uploads\/sites\/23\/2024\/08\/valeurs-camping-canadienne.jpg","width":1920,"height":550,"caption":"canadian camping values"},{"@type":"BreadcrumbList","@id":"https:\/\/www.lacanadienne.com\/en\/camping-flower-ares\/#breadcrumb","itemListElement":[{"@type":"ListItem","position":1,"name":"Camping Bassin d\u2019Arcachon","item":"https:\/\/www.lacanadienne.com\/en\/"},{"@type":"ListItem","position":2,"name":"Camping Flower in Ar\u00e8s"}]},{"@type":"WebSite","@id":"https:\/\/www.lacanadienne.com\/en\/#website","url":"https:\/\/www.lacanadienne.com\/en\/","name":"Camping La Canadienne","description":"","publisher":{"@id":"https:\/\/www.lacanadienne.com\/en\/#organization"},"potentialAction":[{"@type":"SearchAction","target":{"@type":"EntryPoint","urlTemplate":"https:\/\/www.lacanadienne.com\/en\/?s={search_term_string}"},"query-input":{"@type":"PropertyValueSpecification","valueRequired":true,"valueName":"search_term_string"}}],"inLanguage":"en-US"},{"@type":"Organization","@id":"https:\/\/www.lacanadienne.com\/en\/#organization","name":"Camping La Canadienne","url":"https:\/\/www.lacanadienne.com\/en\/","logo":{"@type":"ImageObject","inLanguage":"en-US","@id":"https:\/\/www.lacanadienne.com\/en\/#\/schema\/logo\/image\/","url":"https:\/\/www.lacanadienne.com\/wp-content\/uploads\/sites\/23\/2024\/09\/cropped-logo-Flower-camping-La-Canadienne.png","contentUrl":"https:\/\/www.lacanadienne.com\/wp-content\/uploads\/sites\/23\/2024\/09\/cropped-logo-Flower-camping-La-Canadienne.png","width":500,"height":660,"caption":"Camping La Canadienne"},"image":{"@id":"https:\/\/www.lacanadienne.com\/en\/#\/schema\/logo\/image\/"}}]}},"_links":{"self":[{"href":"https:\/\/www.lacanadienne.com\/en\/wp-json\/wp\/v2\/pages\/2561","targetHints":{"allow":["GET"]}}],"collection":[{"href":"https:\/\/www.lacanadienne.com\/en\/wp-json\/wp\/v2\/pages"}],"about":[{"href":"https:\/\/www.lacanadienne.com\/en\/wp-json\/wp\/v2\/types\/page"}],"author":[{"embeddable":true,"href":"https:\/\/www.lacanadienne.com\/en\/wp-json\/wp\/v2\/users\/1"}],"replies":[{"embeddable":true,"href":"https:\/\/www.lacanadienne.com\/en\/wp-json\/wp\/v2\/comments?post=2561"}],"version-history":[{"count":2,"href":"https:\/\/www.lacanadienne.com\/en\/wp-json\/wp\/v2\/pages\/2561\/revisions"}],"predecessor-version":[{"id":3601,"href":"https:\/\/www.lacanadienne.com\/en\/wp-json\/wp\/v2\/pages\/2561\/revisions\/3601"}],"wp:featuredmedia":[{"embeddable":true,"href":"https:\/\/www.lacanadienne.com\/en\/wp-json\/wp\/v2\/media\/1044"}],"wp:attachment":[{"href":"https:\/\/www.lacanadienne.com\/en\/wp-json\/wp\/v2\/media?parent=2561"}],"wp:term":[{"taxonomy":"sujet","embeddable":true,"href":"https:\/\/www.lacanadienne.com\/en\/wp-json\/wp\/v2\/sujet?post=2561"}],"curies":[{"name":"wp","href":"https:\/\/api.w.org\/{rel}","templated":true}]}}