{"id":2620,"date":"2024-07-29T12:04:55","date_gmt":"2024-07-29T12:04:55","guid":{"rendered":"https:\/\/www.lacanadienne.com\/accommodation-prices-arcachon-basin-france\/"},"modified":"2026-02-04T12:54:35","modified_gmt":"2026-02-04T12:54:35","slug":"accommodation-prices-arcachon-basin-france","status":"publish","type":"page","link":"https:\/\/www.lacanadienne.com\/en\/accommodation-prices-arcachon-basin-france\/","title":{"rendered":"Promotions"},"content":{"rendered":"\n<div class=\"wp-block-group\"><div class=\"wp-block-group__inner-container is-layout-constrained wp-block-group-is-layout-constrained\"><section id=\"ls-section-block_e024b6937a01f70bbb1e498a5f947f04\" class=\"ls-section  page-one has-background has-color-4-background-color has-m-t m-t-0 has-m-b m-b-0 has-p-t p-t-14 has-p-b p-b-14\" >\r\n        <div class=\"container container--wide\">\r\n        \n\n<div class=\"wp-block-columns is-layout-flex wp-container-core-columns-is-layout-1 wp-block-columns-is-layout-flex\">\n<div class=\"wp-block-column is-layout-flow wp-block-column-is-layout-flow\">\n<h1 class=\"ls__heading wp-block-heading has-text-align-center\">Cheap camping in Ar\u00e8s<\/h1>\n\n\n\n<p class=\"ls-paragraph has-text-align-center\">Take advantage of the affordable prices of our <a href=\"https:\/\/www.lacanadienne.com\/en\/rent-mobile-home-ares\/\">mobile homes<\/a> and <a href=\"https:\/\/www.lacanadienne.com\/en\/pitches-campsite-france-arcachon-basin\/\">bare pitches<\/a> and our special offers to spend a low-cost vacation in Ar\u00e8s, in the Bay of Arcachon.<\/p>\n<\/div>\n<\/div>\n\n\r\n    <\/div>\r\n<\/section><\/div><\/div>\n<section id=\"offrecouple\" class=\"ls-section  page-one aventure\" >\r\n        <div class=\"container container--wide\">\r\n        \n\n<div class=\"wp-block-columns is-layout-flex wp-container-core-columns-is-layout-2 wp-block-columns-is-layout-flex\">\n<div class=\"wp-block-column first animated fadeInLeft delay-100ms slow is-layout-flow wp-block-column-is-layout-flow\" style=\"flex-basis:45%\">\n<figure class=\"wp-block-image size-full\"><a href=\"https:\/\/www.lacanadienne.com\/wp-content\/uploads\/sites\/23\/2024\/08\/promotions-couple-camping-ares.webp\"><img decoding=\"async\" width=\"1200\" height=\"800\" src=\"https:\/\/www.lacanadienne.com\/wp-content\/uploads\/sites\/23\/2024\/08\/promotions-couple-camping-ares.webp\" alt=\"promotions couple camping ares\" class=\"wp-image-1378\" srcset=\"https:\/\/www.lacanadienne.com\/wp-content\/uploads\/sites\/23\/2024\/08\/promotions-couple-camping-ares.webp 1200w, https:\/\/www.lacanadienne.com\/wp-content\/uploads\/sites\/23\/2024\/08\/promotions-couple-camping-ares-300x200.webp 300w, https:\/\/www.lacanadienne.com\/wp-content\/uploads\/sites\/23\/2024\/08\/promotions-couple-camping-ares-1024x683.webp 1024w, https:\/\/www.lacanadienne.com\/wp-content\/uploads\/sites\/23\/2024\/08\/promotions-couple-camping-ares-768x512.webp 768w\" sizes=\"(max-width: 1200px) 100vw, 1200px\" \/><\/a><\/figure>\n<\/div>\n\n\n\n<div class=\"wp-block-column is-vertically-aligned-center second animated fadeInRight slow is-layout-flow wp-block-column-is-layout-flow\" style=\"flex-basis:55%\">\n<h2 class=\"ls__heading wp-block-heading\">Special for couples<\/h2>\n\n\n\n<p class=\"ls-paragraph\">Discover the <a href=\"https:\/\/www.lacanadienne.com\/en\/tourism-bassin-arcachon-france\/\">Arcachon Basin<\/a>, one of France&#8217;s favorite sites in the South Atlantic. Our campsite is the perfect place for an <strong>unforgettable romantic getaway<\/strong>. Avoid the summer crowds and opt for spring or September to explore Ar\u00e8s and the surrounding area.<\/p>\n\n\n\n<p class=\"ls-paragraph\">Want to surprise your other half with an <strong>original gift<\/strong>? Choose a romantic stay near Cap Ferret from \u20ac299 per week and take advantage of our special offers for couples at our campsite. Our curist friends will appreciate our low-cost accommodation for their three-week stay near the Arcachon thalassotherapy center.    <\/p>\n\n\n\n<p class=\"ls-paragraph\">This camping voucher can be booked for two people, with or without a baby under the age of three, for spring or autumn. This offer cannot be combined with other promotions currently valid at our campsite. <\/p>\n<\/div>\n<\/div>\n\n\r\n    <\/div>\r\n<\/section><section id=\"ls-section-block_8b45616ecc34ef6f80047a53cb105121\" class=\"ls-section  page-one has-background has-color-4-background-color has-m-t m-t-0 has-p-t p-t-14\" >\r\n        <div class=\"container container--wide\">\r\n        \n\n<div class=\"wp-block-columns is-layout-flex wp-container-core-columns-is-layout-3 wp-block-columns-is-layout-flex\">\n<div class=\"wp-block-column first  animated fadeInLeft slow is-layout-flow wp-block-column-is-layout-flow\" style=\"flex-basis:45%\">\n<figure class=\"wp-block-image size-full\"><a href=\"https:\/\/www.lacanadienne.com\/wp-content\/uploads\/sites\/23\/2024\/08\/camping-avec-piscine-chauffee-bassin-arcachon.jpg\"><img decoding=\"async\" width=\"800\" height=\"532\" src=\"https:\/\/www.lacanadienne.com\/wp-content\/uploads\/sites\/23\/2024\/08\/camping-avec-piscine-chauffee-bassin-arcachon.jpg\" alt=\"campsite with heated pool arcachon basin\" class=\"wp-image-838\" srcset=\"https:\/\/www.lacanadienne.com\/wp-content\/uploads\/sites\/23\/2024\/08\/camping-avec-piscine-chauffee-bassin-arcachon.jpg 800w, https:\/\/www.lacanadienne.com\/wp-content\/uploads\/sites\/23\/2024\/08\/camping-avec-piscine-chauffee-bassin-arcachon-300x200.jpg 300w, https:\/\/www.lacanadienne.com\/wp-content\/uploads\/sites\/23\/2024\/08\/camping-avec-piscine-chauffee-bassin-arcachon-768x511.jpg 768w\" sizes=\"(max-width: 800px) 100vw, 800px\" \/><\/a><\/figure>\n<\/div>\n\n\n\n<div class=\"wp-block-column is-vertically-aligned-center second animated fadeInRight delay-100ms slow is-layout-flow wp-block-column-is-layout-flow\" style=\"flex-basis:55%\">\n<h2 class=\"ls__heading wp-block-heading\"><strong>Our flexible departures and arrivals plan for your vacation in <\/strong>Ar\u00e8s<\/h2>\n\n\n\n<p class=\"ls-paragraph\">Now you can choose to arrive and depart on <strong>Wednesdays<\/strong>!<\/p>\n\n\n\n<p class=\"ls-paragraph\">Avoid weekend traffic jams and enjoy a more pleasant, less stressful journey to the Bay of Arcachon. By arriving on Wednesday, you can start your vacation in peace, with more time to enjoy your stay. This new formula is ideal for those who want to organize their week differently, or extend their getaway in complete peace of mind.  <\/p>\n\n\n\n<p class=\"ls-paragraph\"><strong>La Canadienne<\/strong> offers a natural, friendly setting with modern facilities: heated swimming pool, children&#8217;s play areas, and a wide choice of comfortable accommodation to suit all tastes.<\/p>\n\n\n\n<p class=\"ls-paragraph\">To take advantage of this new option, simply select your dates from <strong>Wednesday to Wednesday<\/strong> when booking on our website, or contact our reception directly.<\/p>\n\n\n\n<p class=\"ls-paragraph\">If you have any questions or need further advice, please do not hesitate to contact us.  <strong>The entire La Canadienne camping team looks forward to welcoming you to this new formula!<\/strong><\/p>\n<\/div>\n<\/div>\n\n\r\n    <\/div>\r\n<\/section><section id=\"ls-section-block_de20df6bc2ca16eabdf9be57d3569016\" class=\"ls-section  page-maillage experience has-m-t m-t-0 has-p-t p-t-10\" >\r\n        <div class=\"container container--wide\">\r\n        \n\n<div id=\"ls-heading ls-titre-div-block_0ab34a3b922ff6d5b4aa781ac2e358d1\" class=\"ls-titre-div aligncenter h2-like\" >\n    <strong>Discover our<\/strong> locations, rentals and services<\/div>\n\n\n<div id=\"ls-maillage-block_612ac709af4389b1ae7c590b10a6fd33\" class=\"ls-maillage cta-style-normal\" data-rows=\"3\">\n    <div class=\"wp-block-columns\"><div class=\"wp-block-column\"><div id=\"destinations\" class=\"ls-cta\">\n\n<a href=\"https:\/\/www.lacanadienne.com\/en\/campsite-france-arcachon-basin-4-stars-services\/\" target=\"\" rel=\"noopener\" class=\"ls-cta__link\">\n\n\t<div class=\"ls-cta__image\"><img decoding=\"async\" src=\"https:\/\/www.lacanadienne.com\/wp-content\/uploads\/sites\/23\/2024\/08\/petit-dejeuner-camping-arcachon.jpg\" alt=\"breakfast camping arcachon\"><\/div>\n\t<div class=\"ls-cta__title\">\n\t\tServices\t<\/div>\n\n\t\t\n<\/a><\/div><\/div><div class=\"wp-block-column\"><div id=\"destinations\" class=\"ls-cta\">\n\n<a href=\"https:\/\/www.lacanadienne.com\/en\/rent-mobile-home-ares\/\" target=\"\" rel=\"noopener\" class=\"ls-cta__link\">\n\n\t<div class=\"ls-cta__image\"><img decoding=\"async\" src=\"https:\/\/www.lacanadienne.com\/wp-content\/uploads\/sites\/23\/2024\/08\/mobil-home-confort-camping-arcachon.jpg\" alt=\"mobil home confort camping arcachon\"><\/div>\n\t<div class=\"ls-cta__title\">\n\t\tOur rentals\t<\/div>\n\n\t\t\n<\/a><\/div><\/div><div class=\"wp-block-column\"><div id=\"destinations\" class=\"ls-cta\">\n\n<a href=\"https:\/\/www.lacanadienne.com\/en\/pitches-campsite-france-arcachon-basin\/\" target=\"\" rel=\"noopener\" class=\"ls-cta__link\">\n\n\t<div class=\"ls-cta__image\"><img decoding=\"async\" src=\"https:\/\/www.lacanadienne.com\/wp-content\/uploads\/sites\/23\/2024\/08\/emplacement-famille-camping-ales.jpg\" alt=\"family camping ales\"><\/div>\n\t<div class=\"ls-cta__title\">\n\t\tOur locations\t<\/div>\n\n\t\t\n<\/a><\/div><\/div><\/div><\/div>\n\r\n    <\/div>\r\n<\/section>","protected":false},"excerpt":{"rendered":"","protected":false},"author":1,"featured_media":1503,"parent":0,"menu_order":0,"comment_status":"closed","ping_status":"closed","template":"","meta":{"_acf_changed":false,"footnotes":""},"sujet":[],"class_list":["post-2620","page","type-page","status-publish","has-post-thumbnail","hentry"],"acf":[],"yoast_head":"<!-- This site is optimized with the Yoast SEO plugin v23.9 - https:\/\/yoast.com\/wordpress\/plugins\/seo\/ -->\n<title>Cheap camping in Ar\u00e8s | Camping promotions in Ar\u00e8s<\/title>\n<meta name=\"description\" content=\"Cheap camping in Ar\u00e8s: take advantage of special offers, early booking promotions and budget vacations in Ar\u00e8s, Bassin d&#039;Arcachon.\" \/>\n<meta name=\"robots\" content=\"index, follow, max-snippet:-1, max-image-preview:large, max-video-preview:-1\" \/>\n<link rel=\"canonical\" href=\"https:\/\/www.lacanadienne.com\/en\/accommodation-prices-arcachon-basin-france\/\" \/>\n<meta property=\"og:locale\" content=\"en_US\" \/>\n<meta property=\"og:type\" content=\"article\" \/>\n<meta property=\"og:title\" content=\"Cheap camping in Ar\u00e8s | Camping promotions in Ar\u00e8s\" \/>\n<meta property=\"og:description\" content=\"Cheap camping in Ar\u00e8s: take advantage of special offers, early booking promotions and budget vacations in Ar\u00e8s, Bassin d&#039;Arcachon.\" \/>\n<meta property=\"og:url\" content=\"https:\/\/www.lacanadienne.com\/en\/accommodation-prices-arcachon-basin-france\/\" \/>\n<meta property=\"og:site_name\" content=\"Camping La Canadienne\" \/>\n<meta property=\"article:modified_time\" content=\"2026-02-04T12:54:35+00:00\" \/>\n<meta property=\"og:image\" content=\"https:\/\/www.lacanadienne.com\/wp-content\/uploads\/sites\/23\/2024\/08\/camping-pas-cher-bassin-arcachon.webp\" \/>\n\t<meta property=\"og:image:width\" content=\"2000\" \/>\n\t<meta property=\"og:image:height\" content=\"800\" \/>\n\t<meta property=\"og:image:type\" content=\"image\/webp\" \/>\n<meta name=\"twitter:card\" content=\"summary_large_image\" \/>\n<meta name=\"twitter:label1\" content=\"Est. reading time\" \/>\n\t<meta name=\"twitter:data1\" content=\"4 minutes\" \/>\n<script type=\"application\/ld+json\" class=\"yoast-schema-graph\">{\"@context\":\"https:\/\/schema.org\",\"@graph\":[{\"@type\":\"WebPage\",\"@id\":\"https:\/\/www.lacanadienne.com\/en\/accommodation-prices-arcachon-basin-france\/\",\"url\":\"https:\/\/www.lacanadienne.com\/en\/accommodation-prices-arcachon-basin-france\/\",\"name\":\"Cheap camping in Ar\u00e8s | Camping promotions in Ar\u00e8s\",\"isPartOf\":{\"@id\":\"https:\/\/www.lacanadienne.com\/en\/#website\"},\"primaryImageOfPage\":{\"@id\":\"https:\/\/www.lacanadienne.com\/en\/accommodation-prices-arcachon-basin-france\/#primaryimage\"},\"image\":{\"@id\":\"https:\/\/www.lacanadienne.com\/en\/accommodation-prices-arcachon-basin-france\/#primaryimage\"},\"thumbnailUrl\":\"https:\/\/www.lacanadienne.com\/wp-content\/uploads\/sites\/23\/2024\/08\/camping-pas-cher-bassin-arcachon.webp\",\"datePublished\":\"2024-07-29T12:04:55+00:00\",\"dateModified\":\"2026-02-04T12:54:35+00:00\",\"description\":\"Cheap camping in Ar\u00e8s: take advantage of special offers, early booking promotions and budget vacations in Ar\u00e8s, Bassin d'Arcachon.\",\"breadcrumb\":{\"@id\":\"https:\/\/www.lacanadienne.com\/en\/accommodation-prices-arcachon-basin-france\/#breadcrumb\"},\"inLanguage\":\"en-US\",\"potentialAction\":[{\"@type\":\"ReadAction\",\"target\":[\"https:\/\/www.lacanadienne.com\/en\/accommodation-prices-arcachon-basin-france\/\"]}]},{\"@type\":\"ImageObject\",\"inLanguage\":\"en-US\",\"@id\":\"https:\/\/www.lacanadienne.com\/en\/accommodation-prices-arcachon-basin-france\/#primaryimage\",\"url\":\"https:\/\/www.lacanadienne.com\/wp-content\/uploads\/sites\/23\/2024\/08\/camping-pas-cher-bassin-arcachon.webp\",\"contentUrl\":\"https:\/\/www.lacanadienne.com\/wp-content\/uploads\/sites\/23\/2024\/08\/camping-pas-cher-bassin-arcachon.webp\",\"width\":2000,\"height\":800,\"caption\":\"cheap camping bassin arcachon\"},{\"@type\":\"BreadcrumbList\",\"@id\":\"https:\/\/www.lacanadienne.com\/en\/accommodation-prices-arcachon-basin-france\/#breadcrumb\",\"itemListElement\":[{\"@type\":\"ListItem\",\"position\":1,\"name\":\"Camping Bassin d\u2019Arcachon\",\"item\":\"https:\/\/www.lacanadienne.com\/en\/\"},{\"@type\":\"ListItem\",\"position\":2,\"name\":\"Low cost camping in Ar\u00e8s\"}]},{\"@type\":\"WebSite\",\"@id\":\"https:\/\/www.lacanadienne.com\/en\/#website\",\"url\":\"https:\/\/www.lacanadienne.com\/en\/\",\"name\":\"Camping La Canadienne\",\"description\":\"\",\"publisher\":{\"@id\":\"https:\/\/www.lacanadienne.com\/en\/#organization\"},\"potentialAction\":[{\"@type\":\"SearchAction\",\"target\":{\"@type\":\"EntryPoint\",\"urlTemplate\":\"https:\/\/www.lacanadienne.com\/en\/?s={search_term_string}\"},\"query-input\":{\"@type\":\"PropertyValueSpecification\",\"valueRequired\":true,\"valueName\":\"search_term_string\"}}],\"inLanguage\":\"en-US\"},{\"@type\":\"Organization\",\"@id\":\"https:\/\/www.lacanadienne.com\/en\/#organization\",\"name\":\"Camping La Canadienne\",\"url\":\"https:\/\/www.lacanadienne.com\/en\/\",\"logo\":{\"@type\":\"ImageObject\",\"inLanguage\":\"en-US\",\"@id\":\"https:\/\/www.lacanadienne.com\/en\/#\/schema\/logo\/image\/\",\"url\":\"https:\/\/www.lacanadienne.com\/wp-content\/uploads\/sites\/23\/2024\/09\/cropped-logo-Flower-camping-La-Canadienne.png\",\"contentUrl\":\"https:\/\/www.lacanadienne.com\/wp-content\/uploads\/sites\/23\/2024\/09\/cropped-logo-Flower-camping-La-Canadienne.png\",\"width\":500,\"height\":660,\"caption\":\"Camping La Canadienne\"},\"image\":{\"@id\":\"https:\/\/www.lacanadienne.com\/en\/#\/schema\/logo\/image\/\"}}]}<\/script>\n<!-- \/ Yoast SEO plugin. -->","yoast_head_json":{"title":"Cheap camping in Ar\u00e8s | Camping promotions in Ar\u00e8s","description":"Cheap camping in Ar\u00e8s: take advantage of special offers, early booking promotions and budget vacations in Ar\u00e8s, Bassin d'Arcachon.","robots":{"index":"index","follow":"follow","max-snippet":"max-snippet:-1","max-image-preview":"max-image-preview:large","max-video-preview":"max-video-preview:-1"},"canonical":"https:\/\/www.lacanadienne.com\/en\/accommodation-prices-arcachon-basin-france\/","og_locale":"en_US","og_type":"article","og_title":"Cheap camping in Ar\u00e8s | Camping promotions in Ar\u00e8s","og_description":"Cheap camping in Ar\u00e8s: take advantage of special offers, early booking promotions and budget vacations in Ar\u00e8s, Bassin d'Arcachon.","og_url":"https:\/\/www.lacanadienne.com\/en\/accommodation-prices-arcachon-basin-france\/","og_site_name":"Camping La Canadienne","article_modified_time":"2026-02-04T12:54:35+00:00","og_image":[{"width":2000,"height":800,"url":"https:\/\/www.lacanadienne.com\/wp-content\/uploads\/sites\/23\/2024\/08\/camping-pas-cher-bassin-arcachon.webp","type":"image\/webp"}],"twitter_card":"summary_large_image","twitter_misc":{"Est. reading time":"4 minutes"},"schema":{"@context":"https:\/\/schema.org","@graph":[{"@type":"WebPage","@id":"https:\/\/www.lacanadienne.com\/en\/accommodation-prices-arcachon-basin-france\/","url":"https:\/\/www.lacanadienne.com\/en\/accommodation-prices-arcachon-basin-france\/","name":"Cheap camping in Ar\u00e8s | Camping promotions in Ar\u00e8s","isPartOf":{"@id":"https:\/\/www.lacanadienne.com\/en\/#website"},"primaryImageOfPage":{"@id":"https:\/\/www.lacanadienne.com\/en\/accommodation-prices-arcachon-basin-france\/#primaryimage"},"image":{"@id":"https:\/\/www.lacanadienne.com\/en\/accommodation-prices-arcachon-basin-france\/#primaryimage"},"thumbnailUrl":"https:\/\/www.lacanadienne.com\/wp-content\/uploads\/sites\/23\/2024\/08\/camping-pas-cher-bassin-arcachon.webp","datePublished":"2024-07-29T12:04:55+00:00","dateModified":"2026-02-04T12:54:35+00:00","description":"Cheap camping in Ar\u00e8s: take advantage of special offers, early booking promotions and budget vacations in Ar\u00e8s, Bassin d'Arcachon.","breadcrumb":{"@id":"https:\/\/www.lacanadienne.com\/en\/accommodation-prices-arcachon-basin-france\/#breadcrumb"},"inLanguage":"en-US","potentialAction":[{"@type":"ReadAction","target":["https:\/\/www.lacanadienne.com\/en\/accommodation-prices-arcachon-basin-france\/"]}]},{"@type":"ImageObject","inLanguage":"en-US","@id":"https:\/\/www.lacanadienne.com\/en\/accommodation-prices-arcachon-basin-france\/#primaryimage","url":"https:\/\/www.lacanadienne.com\/wp-content\/uploads\/sites\/23\/2024\/08\/camping-pas-cher-bassin-arcachon.webp","contentUrl":"https:\/\/www.lacanadienne.com\/wp-content\/uploads\/sites\/23\/2024\/08\/camping-pas-cher-bassin-arcachon.webp","width":2000,"height":800,"caption":"cheap camping bassin arcachon"},{"@type":"BreadcrumbList","@id":"https:\/\/www.lacanadienne.com\/en\/accommodation-prices-arcachon-basin-france\/#breadcrumb","itemListElement":[{"@type":"ListItem","position":1,"name":"Camping Bassin d\u2019Arcachon","item":"https:\/\/www.lacanadienne.com\/en\/"},{"@type":"ListItem","position":2,"name":"Low cost camping in Ar\u00e8s"}]},{"@type":"WebSite","@id":"https:\/\/www.lacanadienne.com\/en\/#website","url":"https:\/\/www.lacanadienne.com\/en\/","name":"Camping La Canadienne","description":"","publisher":{"@id":"https:\/\/www.lacanadienne.com\/en\/#organization"},"potentialAction":[{"@type":"SearchAction","target":{"@type":"EntryPoint","urlTemplate":"https:\/\/www.lacanadienne.com\/en\/?s={search_term_string}"},"query-input":{"@type":"PropertyValueSpecification","valueRequired":true,"valueName":"search_term_string"}}],"inLanguage":"en-US"},{"@type":"Organization","@id":"https:\/\/www.lacanadienne.com\/en\/#organization","name":"Camping La Canadienne","url":"https:\/\/www.lacanadienne.com\/en\/","logo":{"@type":"ImageObject","inLanguage":"en-US","@id":"https:\/\/www.lacanadienne.com\/en\/#\/schema\/logo\/image\/","url":"https:\/\/www.lacanadienne.com\/wp-content\/uploads\/sites\/23\/2024\/09\/cropped-logo-Flower-camping-La-Canadienne.png","contentUrl":"https:\/\/www.lacanadienne.com\/wp-content\/uploads\/sites\/23\/2024\/09\/cropped-logo-Flower-camping-La-Canadienne.png","width":500,"height":660,"caption":"Camping La Canadienne"},"image":{"@id":"https:\/\/www.lacanadienne.com\/en\/#\/schema\/logo\/image\/"}}]}},"_links":{"self":[{"href":"https:\/\/www.lacanadienne.com\/en\/wp-json\/wp\/v2\/pages\/2620","targetHints":{"allow":["GET"]}}],"collection":[{"href":"https:\/\/www.lacanadienne.com\/en\/wp-json\/wp\/v2\/pages"}],"about":[{"href":"https:\/\/www.lacanadienne.com\/en\/wp-json\/wp\/v2\/types\/page"}],"author":[{"embeddable":true,"href":"https:\/\/www.lacanadienne.com\/en\/wp-json\/wp\/v2\/users\/1"}],"replies":[{"embeddable":true,"href":"https:\/\/www.lacanadienne.com\/en\/wp-json\/wp\/v2\/comments?post=2620"}],"version-history":[{"count":8,"href":"https:\/\/www.lacanadienne.com\/en\/wp-json\/wp\/v2\/pages\/2620\/revisions"}],"predecessor-version":[{"id":13283,"href":"https:\/\/www.lacanadienne.com\/en\/wp-json\/wp\/v2\/pages\/2620\/revisions\/13283"}],"wp:featuredmedia":[{"embeddable":true,"href":"https:\/\/www.lacanadienne.com\/en\/wp-json\/wp\/v2\/media\/1503"}],"wp:attachment":[{"href":"https:\/\/www.lacanadienne.com\/en\/wp-json\/wp\/v2\/media?parent=2620"}],"wp:term":[{"taxonomy":"sujet","embeddable":true,"href":"https:\/\/www.lacanadienne.com\/en\/wp-json\/wp\/v2\/sujet?post=2620"}],"curies":[{"name":"wp","href":"https:\/\/api.w.org\/{rel}","templated":true}]}}