{"id":2648,"date":"2024-08-07T14:02:15","date_gmt":"2024-08-07T14:02:15","guid":{"rendered":"https:\/\/www.lacanadienne.com\/tourism-cap-ferret-france\/"},"modified":"2024-11-15T08:44:46","modified_gmt":"2024-11-15T08:44:46","slug":"tourism-cap-ferret-france","status":"publish","type":"page","link":"https:\/\/www.lacanadienne.com\/en\/tourism-cap-ferret-france\/","title":{"rendered":"L\u00e8ge-Cap-Ferret"},"content":{"rendered":"<section id=\"ls-section-block_4a6afcda4599864a9b0ac2855b8545a7\" class=\"ls-section  page-one has-background has-color-4-background-color has-m-t m-t-0 has-m-b m-b-0 has-p-t p-t-14 has-p-b p-b-14\" >\r\n        <div class=\"container container--wide\">\r\n        \n\n<div class=\"wp-block-columns is-layout-flex wp-container-core-columns-is-layout-1 wp-block-columns-is-layout-flex\">\n<div class=\"wp-block-column animated fadeInLeft delay-100ms slow is-layout-flow wp-block-column-is-layout-flow\" style=\"flex-basis:45%\">\n<figure class=\"wp-block-image size-full\"><a href=\"https:\/\/www.lacanadienne.com\/wp-content\/uploads\/sites\/23\/2024\/08\/tourisme-cap-ferret-bateau.jpg\"><img decoding=\"async\" width=\"1200\" height=\"800\" src=\"https:\/\/www.lacanadienne.com\/wp-content\/uploads\/sites\/23\/2024\/08\/tourisme-cap-ferret-bateau.jpg\" alt=\"tourism cap ferret boat\" class=\"wp-image-1125\" srcset=\"https:\/\/www.lacanadienne.com\/wp-content\/uploads\/sites\/23\/2024\/08\/tourisme-cap-ferret-bateau.jpg 1200w, https:\/\/www.lacanadienne.com\/wp-content\/uploads\/sites\/23\/2024\/08\/tourisme-cap-ferret-bateau-300x200.jpg 300w, https:\/\/www.lacanadienne.com\/wp-content\/uploads\/sites\/23\/2024\/08\/tourisme-cap-ferret-bateau-1024x683.jpg 1024w, https:\/\/www.lacanadienne.com\/wp-content\/uploads\/sites\/23\/2024\/08\/tourisme-cap-ferret-bateau-768x512.jpg 768w\" sizes=\"(max-width: 1200px) 100vw, 1200px\" \/><\/a><\/figure>\n<\/div>\n\n\n\n<div class=\"wp-block-column is-vertically-aligned-center animated fadeInRight slow is-layout-flow wp-block-column-is-layout-flow\" style=\"flex-basis:55%\">\n<h1 class=\"ls__heading wp-block-heading\">Visit L\u00e8ge-Cap-Ferret<\/h1>\n\n\n\n<p class=\"ls-paragraph\">The Cap Ferret territory is that famous tongue of land and sand that separates the Atlantic Ocean from the <a href=\"https:\/\/www.lacanadienne.com\/en\/tourism-bassin-arcachon-france\/\">Arcachon Basin<\/a>. Its shape is precious, as it breaks the waves coming in from the open sea and has been allowing ships and their sailors a little rest for centuries. L\u00e8ge-Cap-Ferret is <strong>the Arcachon basin&#8217;s largest seaside resort<\/strong>. It offers holidaymakers a long beach of fine sand facing the immensity of the Atlantic coastline. Just a few minutes from Ar\u00e8s and the campsite, you can take advantage of this <strong>natural wonder<\/strong> to relax, swim or practice water sports such as catamaran sailing, windsurfing or surfing.    <\/p>\n\n\n\n<div class=\"ls-lire-plus\">\n    <input id=\"ls-lire-plus-block_98841fd7ec26b1ea96f32a6185fa78f769f06dbfa7638\" type=\"checkbox\" class=\"ls-lire-plus__toggle\"  \/>\n    <label for=\"ls-lire-plus-block_98841fd7ec26b1ea96f32a6185fa78f769f06dbfa7638\" class=\"ls-lire-plus__toggle-label\">\n        <span>Read more<\/span>\n        <span>Read less<\/span>\n    <\/label>\n    <div class=\"ls-lire-plus__content\">\n        \n\n<p class=\"ls-paragraph\">Famous for its lighthouse and imposing star villas, Cap-Ferret invites you to discover <strong>the calm and beauty of the Landes de Gascogne<\/strong>.\nBoard a pleasure boat and explore the L\u00e8ge-Cap-Ferret peninsula, just 20 minutes from La Canadienne campsite.\nIt&#8217;s a real destination of choice, so devote several days of your vacation to discovering this rich territory in complete tranquillity.  <\/p>\n\n\n\n<p class=\"ls-paragraph\">L\u00e8ge Cap Ferret, that magnificent tongue of land stretching between the Atlantic Ocean and the Arcachon Basin.\nImagine your feet in the fine sand, lulled by the gentle murmur of the waves.\nJust a few minutes from<a href=\"https:\/\/www.lacanadienne.com\/en\/tourism-ares-france\/\">Ar\u00e8s<\/a> and our campsite, L\u00e8ge-Cap-Ferret is an invitation to relaxation and adventure.\nWhether you&#8217;re a fan of lounging, swimming or water sports like catamaran sailing, windsurfing or surfing, you&#8217;ll find what you&#8217;re looking for here.   <\/p>\n\n\n\n<p class=\"ls-paragraph\">Known for its <strong>sublime lighthouse<\/strong> and <strong>sumptuous<\/strong> star <strong>villas<\/strong>, L\u00e8ge-Cap-Ferret is a true haven of peace in the heart of the Landes de Gascogne.\nTake the time to discover this peninsula, just twenty minutes from <a href=\"https:\/\/www.lacanadienne.com\/en\/\">La Canadienne campsite<\/a>.\nEmbark on a boat trip and let yourself be charmed by the natural beauty and serenity of this unique place.    <\/p>\n\n        <div class=\"ls-lire-plus__gradient\" style=\"background: linear-gradient(to bottom,rgba(255,235,204,0) 0%,rgba(255,235,204,1) 100%);\"><\/div>\n    <\/div>\n<\/div><\/div>\n<\/div>\n\n\r\n    <\/div>\r\n<\/section><section id=\"ls-section-block_9c9d3a97f696d88aec4e6753cec13211\" class=\"ls-section  home-gallery has-background has-color-4-background-color has-m-t m-t-0 has-p-t p-t-0\" >\r\n        <div class=\"container container--full\">\r\n        \n\n<figure class=\"wp-block-gallery has-nested-images columns-1 is-cropped galerie-slider-container wp-block-gallery-1 is-layout-flex wp-block-gallery-is-layout-flex\">\n<figure class=\"wp-block-image size-full\"><a href=\"https:\/\/www.lacanadienne.com\/wp-content\/uploads\/sites\/23\/2024\/08\/camping-canadienne-peche-pied.webp\"><img decoding=\"async\" width=\"1200\" height=\"900\" src=\"https:\/\/www.lacanadienne.com\/wp-content\/uploads\/sites\/23\/2024\/08\/camping-canadienne-peche-pied.webp\" alt=\"camping canadienne peche pied\" class=\"wp-image-1140\" srcset=\"https:\/\/www.lacanadienne.com\/wp-content\/uploads\/sites\/23\/2024\/08\/camping-canadienne-peche-pied.webp 1200w, https:\/\/www.lacanadienne.com\/wp-content\/uploads\/sites\/23\/2024\/08\/camping-canadienne-peche-pied-300x225.webp 300w, https:\/\/www.lacanadienne.com\/wp-content\/uploads\/sites\/23\/2024\/08\/camping-canadienne-peche-pied-1024x768.webp 1024w, https:\/\/www.lacanadienne.com\/wp-content\/uploads\/sites\/23\/2024\/08\/camping-canadienne-peche-pied-768x576.webp 768w\" sizes=\"(max-width: 1200px) 100vw, 1200px\" \/><\/a><\/figure>\n\n\n\n<figure class=\"wp-block-image size-full\"><a href=\"https:\/\/www.lacanadienne.com\/wp-content\/uploads\/sites\/23\/2024\/08\/tourisme-cap-ferret-plage.webp\"><img decoding=\"async\" width=\"1200\" height=\"800\" src=\"https:\/\/www.lacanadienne.com\/wp-content\/uploads\/sites\/23\/2024\/08\/tourisme-cap-ferret-plage.webp\" alt=\"tourism cap ferret plage\" class=\"wp-image-1145\" srcset=\"https:\/\/www.lacanadienne.com\/wp-content\/uploads\/sites\/23\/2024\/08\/tourisme-cap-ferret-plage.webp 1200w, https:\/\/www.lacanadienne.com\/wp-content\/uploads\/sites\/23\/2024\/08\/tourisme-cap-ferret-plage-300x200.webp 300w, https:\/\/www.lacanadienne.com\/wp-content\/uploads\/sites\/23\/2024\/08\/tourisme-cap-ferret-plage-1024x683.webp 1024w, https:\/\/www.lacanadienne.com\/wp-content\/uploads\/sites\/23\/2024\/08\/tourisme-cap-ferret-plage-768x512.webp 768w\" sizes=\"(max-width: 1200px) 100vw, 1200px\" \/><\/a><\/figure>\n\n\n\n<figure class=\"wp-block-image size-full\"><a href=\"https:\/\/www.lacanadienne.com\/wp-content\/uploads\/sites\/23\/2024\/08\/tourisme-cap-ferret-paysage.webp\"><img decoding=\"async\" width=\"1200\" height=\"800\" src=\"https:\/\/www.lacanadienne.com\/wp-content\/uploads\/sites\/23\/2024\/08\/tourisme-cap-ferret-paysage.webp\" alt=\"tourism cap ferret landscape\" class=\"wp-image-1150\" srcset=\"https:\/\/www.lacanadienne.com\/wp-content\/uploads\/sites\/23\/2024\/08\/tourisme-cap-ferret-paysage.webp 1200w, https:\/\/www.lacanadienne.com\/wp-content\/uploads\/sites\/23\/2024\/08\/tourisme-cap-ferret-paysage-300x200.webp 300w, https:\/\/www.lacanadienne.com\/wp-content\/uploads\/sites\/23\/2024\/08\/tourisme-cap-ferret-paysage-1024x683.webp 1024w, https:\/\/www.lacanadienne.com\/wp-content\/uploads\/sites\/23\/2024\/08\/tourisme-cap-ferret-paysage-768x512.webp 768w\" sizes=\"(max-width: 1200px) 100vw, 1200px\" \/><\/a><\/figure>\n<\/figure>\n\n\r\n    <\/div>\r\n<\/section><section id=\"ls-section-block_c8b1a10780f14a20cf6992576473784c\" class=\"ls-section  page-one aventure\" >\r\n        <div class=\"container container--wide\">\r\n        \n\n<div class=\"wp-block-columns is-layout-flex wp-container-core-columns-is-layout-2 wp-block-columns-is-layout-flex\">\n<div class=\"wp-block-column first animated fadeInLeft delay-100ms slow is-layout-flow wp-block-column-is-layout-flow\" style=\"flex-basis:45%\">\n<figure class=\"wp-block-image size-full\"><a href=\"https:\/\/www.lacanadienne.com\/wp-content\/uploads\/sites\/23\/2024\/08\/tourisme-cap-ferret-phare.jpg\"><img decoding=\"async\" width=\"1200\" height=\"800\" src=\"https:\/\/www.lacanadienne.com\/wp-content\/uploads\/sites\/23\/2024\/08\/tourisme-cap-ferret-phare.jpg\" alt=\"tourism cap ferret lighthouse\" class=\"wp-image-1130\" srcset=\"https:\/\/www.lacanadienne.com\/wp-content\/uploads\/sites\/23\/2024\/08\/tourisme-cap-ferret-phare.jpg 1200w, https:\/\/www.lacanadienne.com\/wp-content\/uploads\/sites\/23\/2024\/08\/tourisme-cap-ferret-phare-300x200.jpg 300w, https:\/\/www.lacanadienne.com\/wp-content\/uploads\/sites\/23\/2024\/08\/tourisme-cap-ferret-phare-1024x683.jpg 1024w, https:\/\/www.lacanadienne.com\/wp-content\/uploads\/sites\/23\/2024\/08\/tourisme-cap-ferret-phare-768x512.jpg 768w\" sizes=\"(max-width: 1200px) 100vw, 1200px\" \/><\/a><\/figure>\n<\/div>\n\n\n\n<div class=\"wp-block-column is-vertically-aligned-center second animated fadeInRight slow is-layout-flow wp-block-column-is-layout-flow\" style=\"flex-basis:55%\">\n<h2 class=\"ls__heading wp-block-heading\">What to see in L\u00e8ge-Cap-Ferret<\/h2>\n\n\n\n<p class=\"ls-paragraph\">Not far from Ar\u00e8s, take advantage of the richness of the Cap Ferret area to visit many places of interest. <strong>The local lighthouse<\/strong> offers an exceptional panorama of the surrounding area.\nAt an altitude of almost 60 m, admire the Arcachon Basin from every angle! <\/p>\n\n\n\n<p class=\"ls-paragraph\">Gourmets will be delighted to find a <strong>tasting hut<\/strong> in almost every village in L\u00e8ge-Cap-Ferret.\nOpen from 11.30 a.m. to 10 p.m., you can sample fresh local produce in the open air.\nAn experience not to be missed.\nWith its end-of-the-world feel, you can also visit <strong><a href=\"https:\/\/www.lege-capferret.com\/incontournable\/en-prendre-plein-les-yeux-a-la-pointe\/\">Pointe du Cap Ferret<\/a><\/strong>.\nWhere the spit of land gives way to the sea, you&#8217;ll find one of the finest viewpoints in the Arcachon basin.    <\/p>\n<\/div>\n<\/div>\n\n\r\n    <\/div>\r\n<\/section><section id=\"ls-section-block_a06716b6736968ed008ff8ef44b4aa8e\" class=\"ls-section  page-one has-background has-color-4-background-color has-m-b m-b-0 has-p-t p-t-14\" >\r\n        <div class=\"container container--wide\">\r\n        \n\n<div class=\"wp-block-columns is-layout-flex wp-container-core-columns-is-layout-3 wp-block-columns-is-layout-flex\">\n<div class=\"wp-block-column is-vertically-aligned-center first  animated fadeInLeft slow is-layout-flow wp-block-column-is-layout-flow\" style=\"flex-basis:55%\">\n<h2 class=\"ls__heading wp-block-heading\">What to do in L\u00e8ge-Cap-Ferret<\/h2>\n\n\n\n<p class=\"ls-paragraph\">L\u00e8ge-Cap-Ferret, nestled between the Atlantic Ocean and the Arcachon Basin, offers a <strong>multitude of activities<\/strong> to suit all tastes.\nStart with a tour of the peninsula on horseback, offering a totally different dimension of the area.   <\/p>\n\n\n\n<p class=\"ls-paragraph\">Explore the <a href=\"https:\/\/bassin-arcachon.com\/nos-incontournables\/les-pres-sales-dares-lege\/\" target=\"_blank\" rel=\"noreferrer noopener\">Pr\u00e9s Sal\u00e9s d&#8217;Ar\u00e8s-L\u00e8ge<\/a> nature reserve and immerse yourself in nature. Water sports enthusiasts can try their hand at surfing, sailing or paddling on the ocean beaches. <\/p>\n\n\n\n<p class=\"ls-paragraph\">For a family outing, discover the picturesque oyster villages and taste fresh oysters.\nHiking trails and <a href=\"https:\/\/www.lacanadienne.com\/en\/campsite-arcachon-bay-cycling-trails\/\">bike paths<\/a> will delight outdoor enthusiasts.\nFinally, take advantage of local markets for an authentic culinary experience.  <\/p>\n<\/div>\n\n\n\n<div class=\"wp-block-column second animated fadeInRight delay-100ms slow is-layout-flow wp-block-column-is-layout-flow\" style=\"flex-basis:45%\">\n<figure class=\"wp-block-image size-full\"><a href=\"https:\/\/www.lacanadienne.com\/wp-content\/uploads\/sites\/23\/2024\/08\/tourisme-cap-ferret-ballade.jpg\"><img decoding=\"async\" width=\"1200\" height=\"800\" src=\"https:\/\/www.lacanadienne.com\/wp-content\/uploads\/sites\/23\/2024\/08\/tourisme-cap-ferret-ballade.jpg\" alt=\"tourism cap ferret ballade\" class=\"wp-image-1135\" srcset=\"https:\/\/www.lacanadienne.com\/wp-content\/uploads\/sites\/23\/2024\/08\/tourisme-cap-ferret-ballade.jpg 1200w, https:\/\/www.lacanadienne.com\/wp-content\/uploads\/sites\/23\/2024\/08\/tourisme-cap-ferret-ballade-300x200.jpg 300w, https:\/\/www.lacanadienne.com\/wp-content\/uploads\/sites\/23\/2024\/08\/tourisme-cap-ferret-ballade-1024x683.jpg 1024w, https:\/\/www.lacanadienne.com\/wp-content\/uploads\/sites\/23\/2024\/08\/tourisme-cap-ferret-ballade-768x512.jpg 768w\" sizes=\"(max-width: 1200px) 100vw, 1200px\" \/><\/a><\/figure>\n<\/div>\n<\/div>\n\n\r\n    <\/div>\r\n<\/section><section id=\"ls-section-block_253dd1b0486899dc1118dd7b29fb9fd6\" class=\"ls-section  page-maillage experience has-m-t m-t-0 has-p-t p-t-10\" >\r\n        <div class=\"container container--wide\">\r\n        \n\n<div id=\"ls-heading ls-titre-div-block_28446d08c3ac2662699a34d64692f6c3\" class=\"ls-titre-div aligncenter h2-like\" >\n    <strong>Discover our<\/strong> surroundings<\/div>\n\n\n<div id=\"ls-maillage-block_b0ed0415e1043eec73223f4ef6a90ff3\" class=\"ls-maillage cta-style-normal\" data-rows=\"3\">\n    <div class=\"wp-block-columns\"><div class=\"wp-block-column\"><div id=\"destinations\" class=\"ls-cta\">\n\n<a href=\"https:\/\/www.lacanadienne.com\/en\/tourism-andernos-les-bains-france\/\" target=\"\" rel=\"noopener\" class=\"ls-cta__link\">\n\n\t<div class=\"ls-cta__image\"><img decoding=\"async\" src=\"https:\/\/www.lacanadienne.com\/wp-content\/uploads\/sites\/23\/2024\/08\/tourisme-andernos-cabane.webp\" alt=\"tourism andernos cabane\"><\/div>\n\t<div class=\"ls-cta__title\">\n\t\tDiscover Andernos-les-Bains\t<\/div>\n\n\t\t\n<\/a><\/div><\/div><div class=\"wp-block-column\"><div id=\"destinations\" class=\"ls-cta\">\n\n<a href=\"https:\/\/www.lacanadienne.com\/en\/tourism-lacanau-france\/\" target=\"\" rel=\"noopener\" class=\"ls-cta__link\">\n\n\t<div class=\"ls-cta__image\"><img decoding=\"async\" src=\"https:\/\/www.lacanadienne.com\/wp-content\/uploads\/sites\/23\/2024\/08\/tourisme-lacanau-paillotte.webp\" alt=\"tourism lacanau paillotte\"><\/div>\n\t<div class=\"ls-cta__title\">\n\t\tDiscover Lacanau\t<\/div>\n\n\t\t\n<\/a><\/div><\/div><div class=\"wp-block-column\"><div id=\"destinations\" class=\"ls-cta\">\n\n<a href=\"https:\/\/www.lacanadienne.com\/en\/tourism-bordeaux-france\/\" target=\"\" rel=\"noopener\" class=\"ls-cta__link\">\n\n\t<div class=\"ls-cta__image\"><img decoding=\"async\" src=\"https:\/\/www.lacanadienne.com\/wp-content\/uploads\/sites\/23\/2024\/08\/miroir-eau-tourisme-bordeaux.webp\" alt=\"mirror water tourism bordeaux\"><\/div>\n\t<div class=\"ls-cta__title\">\n\t\tDiscover Bordeaux\t<\/div>\n\n\t\t\n<\/a><\/div><\/div><\/div><\/div>\n\r\n    <\/div>\r\n<\/section>","protected":false},"excerpt":{"rendered":"","protected":false},"author":1,"featured_media":1157,"parent":0,"menu_order":0,"comment_status":"closed","ping_status":"closed","template":"","meta":{"_acf_changed":false,"footnotes":""},"sujet":[],"class_list":["post-2648","page","type-page","status-publish","has-post-thumbnail","hentry"],"acf":[],"yoast_head":"<!-- This site is optimized with the Yoast SEO plugin v23.9 - https:\/\/yoast.com\/wordpress\/plugins\/seo\/ -->\n<title>Tourism in L\u00e8ge-Cap-Ferret | Visit, discover L\u00e8ge-Cap-Ferret<\/title>\n<meta name=\"description\" content=\"Stay near L\u00e8ge-Cap-Ferret, west of the Bassin d&#039;Arcachon, the spit of land and sand that separates the Atlantic Ocean from the basin.\" \/>\n<meta name=\"robots\" content=\"index, follow, max-snippet:-1, max-image-preview:large, max-video-preview:-1\" \/>\n<link rel=\"canonical\" href=\"https:\/\/www.lacanadienne.com\/en\/tourism-cap-ferret-france\/\" \/>\n<meta property=\"og:locale\" content=\"en_US\" \/>\n<meta property=\"og:type\" content=\"article\" \/>\n<meta property=\"og:title\" content=\"Tourism in L\u00e8ge-Cap-Ferret | Visit, discover L\u00e8ge-Cap-Ferret\" \/>\n<meta property=\"og:description\" content=\"Stay near L\u00e8ge-Cap-Ferret, west of the Bassin d&#039;Arcachon, the spit of land and sand that separates the Atlantic Ocean from the basin.\" \/>\n<meta property=\"og:url\" content=\"https:\/\/www.lacanadienne.com\/en\/tourism-cap-ferret-france\/\" \/>\n<meta property=\"og:site_name\" content=\"Camping La Canadienne\" \/>\n<meta property=\"article:modified_time\" content=\"2024-11-15T08:44:46+00:00\" \/>\n<meta property=\"og:image\" content=\"https:\/\/www.lacanadienne.com\/wp-content\/uploads\/sites\/23\/2024\/08\/tourisme-cap-ferret-camping-bassin-arcachon.webp\" \/>\n\t<meta property=\"og:image:width\" content=\"2000\" \/>\n\t<meta property=\"og:image:height\" content=\"800\" \/>\n\t<meta property=\"og:image:type\" content=\"image\/webp\" \/>\n<meta name=\"twitter:card\" content=\"summary_large_image\" \/>\n<meta name=\"twitter:label1\" content=\"Est. reading time\" \/>\n\t<meta name=\"twitter:data1\" content=\"3 minutes\" \/>\n<script type=\"application\/ld+json\" class=\"yoast-schema-graph\">{\"@context\":\"https:\/\/schema.org\",\"@graph\":[{\"@type\":\"WebPage\",\"@id\":\"https:\/\/www.lacanadienne.com\/en\/tourism-cap-ferret-france\/\",\"url\":\"https:\/\/www.lacanadienne.com\/en\/tourism-cap-ferret-france\/\",\"name\":\"Tourism in L\u00e8ge-Cap-Ferret | Visit, discover L\u00e8ge-Cap-Ferret\",\"isPartOf\":{\"@id\":\"https:\/\/www.lacanadienne.com\/en\/#website\"},\"primaryImageOfPage\":{\"@id\":\"https:\/\/www.lacanadienne.com\/en\/tourism-cap-ferret-france\/#primaryimage\"},\"image\":{\"@id\":\"https:\/\/www.lacanadienne.com\/en\/tourism-cap-ferret-france\/#primaryimage\"},\"thumbnailUrl\":\"https:\/\/www.lacanadienne.com\/wp-content\/uploads\/sites\/23\/2024\/08\/tourisme-cap-ferret-camping-bassin-arcachon.webp\",\"datePublished\":\"2024-08-07T14:02:15+00:00\",\"dateModified\":\"2024-11-15T08:44:46+00:00\",\"description\":\"Stay near L\u00e8ge-Cap-Ferret, west of the Bassin d'Arcachon, the spit of land and sand that separates the Atlantic Ocean from the basin.\",\"breadcrumb\":{\"@id\":\"https:\/\/www.lacanadienne.com\/en\/tourism-cap-ferret-france\/#breadcrumb\"},\"inLanguage\":\"en-US\",\"potentialAction\":[{\"@type\":\"ReadAction\",\"target\":[\"https:\/\/www.lacanadienne.com\/en\/tourism-cap-ferret-france\/\"]}]},{\"@type\":\"ImageObject\",\"inLanguage\":\"en-US\",\"@id\":\"https:\/\/www.lacanadienne.com\/en\/tourism-cap-ferret-france\/#primaryimage\",\"url\":\"https:\/\/www.lacanadienne.com\/wp-content\/uploads\/sites\/23\/2024\/08\/tourisme-cap-ferret-camping-bassin-arcachon.webp\",\"contentUrl\":\"https:\/\/www.lacanadienne.com\/wp-content\/uploads\/sites\/23\/2024\/08\/tourisme-cap-ferret-camping-bassin-arcachon.webp\",\"width\":2000,\"height\":800,\"caption\":\"tourism cap ferret camping bassin arcachon\"},{\"@type\":\"BreadcrumbList\",\"@id\":\"https:\/\/www.lacanadienne.com\/en\/tourism-cap-ferret-france\/#breadcrumb\",\"itemListElement\":[{\"@type\":\"ListItem\",\"position\":1,\"name\":\"Camping Bassin d\u2019Arcachon\",\"item\":\"https:\/\/www.lacanadienne.com\/en\/\"},{\"@type\":\"ListItem\",\"position\":2,\"name\":\"Discover L\u00e8ge-Cap-Ferret\"}]},{\"@type\":\"WebSite\",\"@id\":\"https:\/\/www.lacanadienne.com\/en\/#website\",\"url\":\"https:\/\/www.lacanadienne.com\/en\/\",\"name\":\"Camping La Canadienne\",\"description\":\"\",\"publisher\":{\"@id\":\"https:\/\/www.lacanadienne.com\/en\/#organization\"},\"potentialAction\":[{\"@type\":\"SearchAction\",\"target\":{\"@type\":\"EntryPoint\",\"urlTemplate\":\"https:\/\/www.lacanadienne.com\/en\/?s={search_term_string}\"},\"query-input\":{\"@type\":\"PropertyValueSpecification\",\"valueRequired\":true,\"valueName\":\"search_term_string\"}}],\"inLanguage\":\"en-US\"},{\"@type\":\"Organization\",\"@id\":\"https:\/\/www.lacanadienne.com\/en\/#organization\",\"name\":\"Camping La Canadienne\",\"url\":\"https:\/\/www.lacanadienne.com\/en\/\",\"logo\":{\"@type\":\"ImageObject\",\"inLanguage\":\"en-US\",\"@id\":\"https:\/\/www.lacanadienne.com\/en\/#\/schema\/logo\/image\/\",\"url\":\"https:\/\/www.lacanadienne.com\/wp-content\/uploads\/sites\/23\/2024\/09\/cropped-logo-Flower-camping-La-Canadienne.png\",\"contentUrl\":\"https:\/\/www.lacanadienne.com\/wp-content\/uploads\/sites\/23\/2024\/09\/cropped-logo-Flower-camping-La-Canadienne.png\",\"width\":500,\"height\":660,\"caption\":\"Camping La Canadienne\"},\"image\":{\"@id\":\"https:\/\/www.lacanadienne.com\/en\/#\/schema\/logo\/image\/\"}}]}<\/script>\n<!-- \/ Yoast SEO plugin. -->","yoast_head_json":{"title":"Tourism in L\u00e8ge-Cap-Ferret | Visit, discover L\u00e8ge-Cap-Ferret","description":"Stay near L\u00e8ge-Cap-Ferret, west of the Bassin d'Arcachon, the spit of land and sand that separates the Atlantic Ocean from the basin.","robots":{"index":"index","follow":"follow","max-snippet":"max-snippet:-1","max-image-preview":"max-image-preview:large","max-video-preview":"max-video-preview:-1"},"canonical":"https:\/\/www.lacanadienne.com\/en\/tourism-cap-ferret-france\/","og_locale":"en_US","og_type":"article","og_title":"Tourism in L\u00e8ge-Cap-Ferret | Visit, discover L\u00e8ge-Cap-Ferret","og_description":"Stay near L\u00e8ge-Cap-Ferret, west of the Bassin d'Arcachon, the spit of land and sand that separates the Atlantic Ocean from the basin.","og_url":"https:\/\/www.lacanadienne.com\/en\/tourism-cap-ferret-france\/","og_site_name":"Camping La Canadienne","article_modified_time":"2024-11-15T08:44:46+00:00","og_image":[{"width":2000,"height":800,"url":"https:\/\/www.lacanadienne.com\/wp-content\/uploads\/sites\/23\/2024\/08\/tourisme-cap-ferret-camping-bassin-arcachon.webp","type":"image\/webp"}],"twitter_card":"summary_large_image","twitter_misc":{"Est. reading time":"3 minutes"},"schema":{"@context":"https:\/\/schema.org","@graph":[{"@type":"WebPage","@id":"https:\/\/www.lacanadienne.com\/en\/tourism-cap-ferret-france\/","url":"https:\/\/www.lacanadienne.com\/en\/tourism-cap-ferret-france\/","name":"Tourism in L\u00e8ge-Cap-Ferret | Visit, discover L\u00e8ge-Cap-Ferret","isPartOf":{"@id":"https:\/\/www.lacanadienne.com\/en\/#website"},"primaryImageOfPage":{"@id":"https:\/\/www.lacanadienne.com\/en\/tourism-cap-ferret-france\/#primaryimage"},"image":{"@id":"https:\/\/www.lacanadienne.com\/en\/tourism-cap-ferret-france\/#primaryimage"},"thumbnailUrl":"https:\/\/www.lacanadienne.com\/wp-content\/uploads\/sites\/23\/2024\/08\/tourisme-cap-ferret-camping-bassin-arcachon.webp","datePublished":"2024-08-07T14:02:15+00:00","dateModified":"2024-11-15T08:44:46+00:00","description":"Stay near L\u00e8ge-Cap-Ferret, west of the Bassin d'Arcachon, the spit of land and sand that separates the Atlantic Ocean from the basin.","breadcrumb":{"@id":"https:\/\/www.lacanadienne.com\/en\/tourism-cap-ferret-france\/#breadcrumb"},"inLanguage":"en-US","potentialAction":[{"@type":"ReadAction","target":["https:\/\/www.lacanadienne.com\/en\/tourism-cap-ferret-france\/"]}]},{"@type":"ImageObject","inLanguage":"en-US","@id":"https:\/\/www.lacanadienne.com\/en\/tourism-cap-ferret-france\/#primaryimage","url":"https:\/\/www.lacanadienne.com\/wp-content\/uploads\/sites\/23\/2024\/08\/tourisme-cap-ferret-camping-bassin-arcachon.webp","contentUrl":"https:\/\/www.lacanadienne.com\/wp-content\/uploads\/sites\/23\/2024\/08\/tourisme-cap-ferret-camping-bassin-arcachon.webp","width":2000,"height":800,"caption":"tourism cap ferret camping bassin arcachon"},{"@type":"BreadcrumbList","@id":"https:\/\/www.lacanadienne.com\/en\/tourism-cap-ferret-france\/#breadcrumb","itemListElement":[{"@type":"ListItem","position":1,"name":"Camping Bassin d\u2019Arcachon","item":"https:\/\/www.lacanadienne.com\/en\/"},{"@type":"ListItem","position":2,"name":"Discover L\u00e8ge-Cap-Ferret"}]},{"@type":"WebSite","@id":"https:\/\/www.lacanadienne.com\/en\/#website","url":"https:\/\/www.lacanadienne.com\/en\/","name":"Camping La Canadienne","description":"","publisher":{"@id":"https:\/\/www.lacanadienne.com\/en\/#organization"},"potentialAction":[{"@type":"SearchAction","target":{"@type":"EntryPoint","urlTemplate":"https:\/\/www.lacanadienne.com\/en\/?s={search_term_string}"},"query-input":{"@type":"PropertyValueSpecification","valueRequired":true,"valueName":"search_term_string"}}],"inLanguage":"en-US"},{"@type":"Organization","@id":"https:\/\/www.lacanadienne.com\/en\/#organization","name":"Camping La Canadienne","url":"https:\/\/www.lacanadienne.com\/en\/","logo":{"@type":"ImageObject","inLanguage":"en-US","@id":"https:\/\/www.lacanadienne.com\/en\/#\/schema\/logo\/image\/","url":"https:\/\/www.lacanadienne.com\/wp-content\/uploads\/sites\/23\/2024\/09\/cropped-logo-Flower-camping-La-Canadienne.png","contentUrl":"https:\/\/www.lacanadienne.com\/wp-content\/uploads\/sites\/23\/2024\/09\/cropped-logo-Flower-camping-La-Canadienne.png","width":500,"height":660,"caption":"Camping La Canadienne"},"image":{"@id":"https:\/\/www.lacanadienne.com\/en\/#\/schema\/logo\/image\/"}}]}},"_links":{"self":[{"href":"https:\/\/www.lacanadienne.com\/en\/wp-json\/wp\/v2\/pages\/2648","targetHints":{"allow":["GET"]}}],"collection":[{"href":"https:\/\/www.lacanadienne.com\/en\/wp-json\/wp\/v2\/pages"}],"about":[{"href":"https:\/\/www.lacanadienne.com\/en\/wp-json\/wp\/v2\/types\/page"}],"author":[{"embeddable":true,"href":"https:\/\/www.lacanadienne.com\/en\/wp-json\/wp\/v2\/users\/1"}],"replies":[{"embeddable":true,"href":"https:\/\/www.lacanadienne.com\/en\/wp-json\/wp\/v2\/comments?post=2648"}],"version-history":[{"count":2,"href":"https:\/\/www.lacanadienne.com\/en\/wp-json\/wp\/v2\/pages\/2648\/revisions"}],"predecessor-version":[{"id":3724,"href":"https:\/\/www.lacanadienne.com\/en\/wp-json\/wp\/v2\/pages\/2648\/revisions\/3724"}],"wp:featuredmedia":[{"embeddable":true,"href":"https:\/\/www.lacanadienne.com\/en\/wp-json\/wp\/v2\/media\/1157"}],"wp:attachment":[{"href":"https:\/\/www.lacanadienne.com\/en\/wp-json\/wp\/v2\/media?parent=2648"}],"wp:term":[{"taxonomy":"sujet","embeddable":true,"href":"https:\/\/www.lacanadienne.com\/en\/wp-json\/wp\/v2\/sujet?post=2648"}],"curies":[{"name":"wp","href":"https:\/\/api.w.org\/{rel}","templated":true}]}}