{"id":2704,"date":"2024-08-07T14:01:24","date_gmt":"2024-08-07T14:01:24","guid":{"rendered":"https:\/\/www.lacanadienne.com\/tourism-ares-france\/"},"modified":"2024-11-15T08:44:38","modified_gmt":"2024-11-15T08:44:38","slug":"tourism-ares-france","status":"publish","type":"page","link":"https:\/\/www.lacanadienne.com\/en\/tourism-ares-france\/","title":{"rendered":"Ares"},"content":{"rendered":"<section id=\"ls-section-block_a883471bd420188c11cec4e25aa0a255\" class=\"ls-section  page-one has-background has-color-4-background-color has-m-t m-t-0 has-m-b m-b-0 has-p-t p-t-14 has-p-b p-b-14\" >\r\n        <div class=\"container container--wide\">\r\n        \n\n<div class=\"wp-block-columns is-layout-flex wp-container-core-columns-is-layout-1 wp-block-columns-is-layout-flex\">\n<div class=\"wp-block-column animated fadeInLeft delay-100ms slow is-layout-flow wp-block-column-is-layout-flow\" style=\"flex-basis:45%\">\n<figure class=\"wp-block-image size-full\"><a href=\"https:\/\/www.lacanadienne.com\/wp-content\/uploads\/sites\/23\/2024\/08\/camping-velo-arcachon.jpg\"><img decoding=\"async\" width=\"800\" height=\"532\" src=\"https:\/\/www.lacanadienne.com\/wp-content\/uploads\/sites\/23\/2024\/08\/camping-velo-arcachon.jpg\" alt=\"camping velo arcachon\" class=\"wp-image-1049\" srcset=\"https:\/\/www.lacanadienne.com\/wp-content\/uploads\/sites\/23\/2024\/08\/camping-velo-arcachon.jpg 800w, https:\/\/www.lacanadienne.com\/wp-content\/uploads\/sites\/23\/2024\/08\/camping-velo-arcachon-300x200.jpg 300w, https:\/\/www.lacanadienne.com\/wp-content\/uploads\/sites\/23\/2024\/08\/camping-velo-arcachon-768x511.jpg 768w\" sizes=\"(max-width: 800px) 100vw, 800px\" \/><\/a><\/figure>\n<\/div>\n\n\n\n<div class=\"wp-block-column is-vertically-aligned-center animated fadeInRight slow is-layout-flow wp-block-column-is-layout-flow\" style=\"flex-basis:55%\">\n<h1 class=\"ls__heading wp-block-heading\">Welcome to Ar\u00e8s<\/h1>\n\n\n\n<p class=\"ls-paragraph\">When you stay on your campsite <a href=\"https:\/\/www.lacanadienne.com\/en\/pitches-campsite-france-arcachon-basin\/\">pitch<\/a> or in your <a href=\"https:\/\/www.lacanadienne.com\/en\/rent-mobile-home-ares\/\">mobile home<\/a> rental, you&#8217;ll be in the heart of the charming commune of Ar\u00e8s. Facing the <a href=\"https:\/\/www.lacanadienne.com\/en\/tourism-bassin-arcachon-france\/\">Arcachon Basin<\/a>, its territory is renowned for its natural sites, notably the Pr\u00e9s Sal\u00e9s nature reserve. Numerous bird species come to find refuge and live here.  <\/p>\n\n\n\n<p class=\"ls-paragraph\">Stroll along the footpaths and <a href=\"https:\/\/www.lacanadienne.com\/en\/campsite-arcachon-bay-cycling-trails\/\">cycle paths<\/a> of Gironde and you&#8217;ll be able to observe them. A pair of binoculars can turn a leisurely stroll along the shores of the Arcachon Basin into a wonderful adventure <strong>observing the local wildlife<\/strong>. <span id=\"docs-internal-guid-34e09728-7fff-c978-9ab3-b23680d9d530\"><\/span><\/p>\n<\/div>\n<\/div>\n\n\r\n    <\/div>\r\n<\/section><section id=\"ls-section-block_1810fa253959a93963c95f5327c30427\" class=\"ls-section  home-gallery has-background has-color-4-background-color has-m-t m-t-0 has-p-t p-t-0\" >\r\n        <div class=\"container container--full\">\r\n        \n\n<figure class=\"wp-block-gallery has-nested-images columns-1 is-cropped galerie-slider-container wp-block-gallery-1 is-layout-flex wp-block-gallery-is-layout-flex\">\n<figure class=\"wp-block-image size-full\"><a href=\"https:\/\/www.lacanadienne.com\/wp-content\/uploads\/sites\/23\/2024\/08\/tourisme-ares-jetee.webp\"><img decoding=\"async\" width=\"1200\" height=\"800\" src=\"https:\/\/www.lacanadienne.com\/wp-content\/uploads\/sites\/23\/2024\/08\/tourisme-ares-jetee.webp\" alt=\"tourism ares jetee\" class=\"wp-image-1267\" srcset=\"https:\/\/www.lacanadienne.com\/wp-content\/uploads\/sites\/23\/2024\/08\/tourisme-ares-jetee.webp 1200w, https:\/\/www.lacanadienne.com\/wp-content\/uploads\/sites\/23\/2024\/08\/tourisme-ares-jetee-300x200.webp 300w, https:\/\/www.lacanadienne.com\/wp-content\/uploads\/sites\/23\/2024\/08\/tourisme-ares-jetee-1024x683.webp 1024w, https:\/\/www.lacanadienne.com\/wp-content\/uploads\/sites\/23\/2024\/08\/tourisme-ares-jetee-768x512.webp 768w\" sizes=\"(max-width: 1200px) 100vw, 1200px\" \/><\/a><\/figure>\n\n\n\n<figure class=\"wp-block-image size-full\"><a href=\"https:\/\/www.lacanadienne.com\/wp-content\/uploads\/sites\/23\/2024\/08\/tourisme-arcachon-catamaran.webp\"><img decoding=\"async\" width=\"1200\" height=\"800\" src=\"https:\/\/www.lacanadienne.com\/wp-content\/uploads\/sites\/23\/2024\/08\/tourisme-arcachon-catamaran.webp\" alt=\"arcachon catamaran tourism\" class=\"wp-image-1213\" srcset=\"https:\/\/www.lacanadienne.com\/wp-content\/uploads\/sites\/23\/2024\/08\/tourisme-arcachon-catamaran.webp 1200w, https:\/\/www.lacanadienne.com\/wp-content\/uploads\/sites\/23\/2024\/08\/tourisme-arcachon-catamaran-300x200.webp 300w, https:\/\/www.lacanadienne.com\/wp-content\/uploads\/sites\/23\/2024\/08\/tourisme-arcachon-catamaran-1024x683.webp 1024w, https:\/\/www.lacanadienne.com\/wp-content\/uploads\/sites\/23\/2024\/08\/tourisme-arcachon-catamaran-768x512.webp 768w\" sizes=\"(max-width: 1200px) 100vw, 1200px\" \/><\/a><\/figure>\n\n\n\n<figure class=\"wp-block-image size-full\"><a href=\"https:\/\/www.lacanadienne.com\/wp-content\/uploads\/sites\/23\/2024\/08\/pistes-cyclables-a-ares-arcachon.jpg\"><img decoding=\"async\" width=\"586\" height=\"650\" src=\"https:\/\/www.lacanadienne.com\/wp-content\/uploads\/sites\/23\/2024\/08\/pistes-cyclables-a-ares-arcachon.jpg\" alt=\"bike paths in ares arcachon\" class=\"wp-image-1055\" srcset=\"https:\/\/www.lacanadienne.com\/wp-content\/uploads\/sites\/23\/2024\/08\/pistes-cyclables-a-ares-arcachon.jpg 586w, https:\/\/www.lacanadienne.com\/wp-content\/uploads\/sites\/23\/2024\/08\/pistes-cyclables-a-ares-arcachon-270x300.jpg 270w\" sizes=\"(max-width: 586px) 100vw, 586px\" \/><\/a><\/figure>\n<\/figure>\n\n\r\n    <\/div>\r\n<\/section><section id=\"ls-section-block_1c584e3d36d8516b6f51a5e6eb93b1b0\" class=\"ls-section  page-one aventure\" >\r\n        <div class=\"container container--wide\">\r\n        \n\n<div class=\"wp-block-columns is-layout-flex wp-container-core-columns-is-layout-2 wp-block-columns-is-layout-flex\">\n<div class=\"wp-block-column first animated fadeInLeft delay-100ms slow is-layout-flow wp-block-column-is-layout-flow\" style=\"flex-basis:45%\">\n<figure class=\"wp-block-image size-full\"><a href=\"https:\/\/www.lacanadienne.com\/wp-content\/uploads\/sites\/23\/2024\/08\/tourisme-ares-pres-sales.webp\"><img decoding=\"async\" width=\"1200\" height=\"800\" src=\"https:\/\/www.lacanadienne.com\/wp-content\/uploads\/sites\/23\/2024\/08\/tourisme-ares-pres-sales.webp\" alt=\"tourism ares pres sales\" class=\"wp-image-1257\" srcset=\"https:\/\/www.lacanadienne.com\/wp-content\/uploads\/sites\/23\/2024\/08\/tourisme-ares-pres-sales.webp 1200w, https:\/\/www.lacanadienne.com\/wp-content\/uploads\/sites\/23\/2024\/08\/tourisme-ares-pres-sales-300x200.webp 300w, https:\/\/www.lacanadienne.com\/wp-content\/uploads\/sites\/23\/2024\/08\/tourisme-ares-pres-sales-1024x683.webp 1024w, https:\/\/www.lacanadienne.com\/wp-content\/uploads\/sites\/23\/2024\/08\/tourisme-ares-pres-sales-768x512.webp 768w\" sizes=\"(max-width: 1200px) 100vw, 1200px\" \/><\/a><\/figure>\n<\/div>\n\n\n\n<div class=\"wp-block-column is-vertically-aligned-center second animated fadeInRight slow is-layout-flow wp-block-column-is-layout-flow\" style=\"flex-basis:55%\">\n<h2 class=\"ls__heading wp-block-heading\">What to see in Ar\u00e8s<\/h2>\n\n\n\n<p class=\"ls-paragraph\">Ar\u00e8s also has <strong>a forest and quiet spots<\/strong> where you can recharge your batteries, relax and have a good time.\nJust a few minutes from your tent, caravan, camper van or <strong>mobile home rental<\/strong>, discover a peaceful and pleasant commune to live in.\nThis small coastal town is ideal for <strong>strolling along the shores of the Arcachon Basin<\/strong>.\nFacing the sea, you&#8217;ll have plenty of opportunities to stroll or sit back and enjoy a meal or refreshment on a sunny terrace overlooking the quays.   <\/p>\n\n\n\n<p class=\"ls-paragraph\">When you stay at our campsite, the <a href=\"https:\/\/ville-ares.fr\/\" target=\"_blank\" rel=\"noreferrer noopener\">commune of Ar\u00e8s<\/a> is at your fingertips, and there are plenty of must-see places to visit. Nature lovers will be delighted to visit the <a href=\"https:\/\/www.ares-tourisme.com\/en\/\" target=\"_blank\" rel=\"noreferrer noopener\">Pr\u00e9s Sal\u00e9s<\/a> nature reserve, as well as the<strong>sensitive natural area of Saint Brice<\/strong>, ideal for walks with friends or family. The <strong>Tour d&#8217;Ar\u00e8s<\/strong> looks like a small fortification in the heart of the village. In fact, it used to be a mill. This unusual building has existed since 1840. Discover the<strong>Aerium<\/strong>, an old building designed to accommodate fragile or convalescent children. Facing the Atlantic Ocean, it is now a curious place that has left its mark on history.      <\/p>\n<\/div>\n<\/div>\n\n\r\n    <\/div>\r\n<\/section><section id=\"ls-section-block_157108c8290cae1a921d4bb6d49bc086\" class=\"ls-section  page-one has-background has-color-4-background-color has-m-b m-b-0 has-p-t p-t-14\" >\r\n        <div class=\"container container--wide\">\r\n        \n\n<div class=\"wp-block-columns is-layout-flex wp-container-core-columns-is-layout-3 wp-block-columns-is-layout-flex\">\n<div class=\"wp-block-column is-vertically-aligned-center first  animated fadeInLeft slow is-layout-flow wp-block-column-is-layout-flow\" style=\"flex-basis:55%\">\n<h2 class=\"ls__heading wp-block-heading\">What to do in Ar\u00e8s<\/h2>\n\n\n\n<p class=\"ls-paragraph\">Ar\u00e8s, a charming commune on the Arcachon Basin, offers a wide range of activities for visitors. Start with a stroll along the <strong>sentier du Littoral<\/strong>, perfect for admiring the natural beauty of the region. Explore the <strong>Pr\u00e9s Sal\u00e9s<\/strong> nature reserve, a haven for nature lovers and birdwatchers. For a touch of history, visit<br\/>the 19th-century <strong>church of Saint-Vincent<\/strong>.<br\/>    <\/p>\n\n\n\n<p class=\"ls-paragraph\">Take advantage of the fine sandy beaches for swimming or lounging.\nWater sports enthusiasts will be delighted with paddling, sailing or kayaking.\nDon&#8217;t miss the local market to discover regional products and taste fresh oysters.\nLast but not least, Ar\u00e8s is the ideal starting point for a cycling trip around the basin.   <\/p>\n<\/div>\n\n\n\n<div class=\"wp-block-column second animated fadeInRight delay-100ms slow is-layout-flow wp-block-column-is-layout-flow\" style=\"flex-basis:45%\">\n<figure class=\"wp-block-image size-full\"><a href=\"https:\/\/www.lacanadienne.com\/wp-content\/uploads\/sites\/23\/2024\/08\/tourisme-ares-huitres.webp\"><img decoding=\"async\" width=\"1200\" height=\"800\" src=\"https:\/\/www.lacanadienne.com\/wp-content\/uploads\/sites\/23\/2024\/08\/tourisme-ares-huitres.webp\" alt=\"tourism ares huitres\" class=\"wp-image-1262\" srcset=\"https:\/\/www.lacanadienne.com\/wp-content\/uploads\/sites\/23\/2024\/08\/tourisme-ares-huitres.webp 1200w, https:\/\/www.lacanadienne.com\/wp-content\/uploads\/sites\/23\/2024\/08\/tourisme-ares-huitres-300x200.webp 300w, https:\/\/www.lacanadienne.com\/wp-content\/uploads\/sites\/23\/2024\/08\/tourisme-ares-huitres-1024x683.webp 1024w, https:\/\/www.lacanadienne.com\/wp-content\/uploads\/sites\/23\/2024\/08\/tourisme-ares-huitres-768x512.webp 768w\" sizes=\"(max-width: 1200px) 100vw, 1200px\" \/><\/a><\/figure>\n<\/div>\n<\/div>\n\n\r\n    <\/div>\r\n<\/section><section id=\"ls-section-block_480a1f4e08a1e7996722521b2230c5f4\" class=\"ls-section  page-maillage experience has-m-t m-t-0 has-p-t p-t-10\" >\r\n        <div class=\"container container--wide\">\r\n        \n\n<div id=\"ls-heading ls-titre-div-block_4ded2516487501632e80d0acbddb1427\" class=\"ls-titre-div aligncenter h2-like\" >\n    <strong>Discover our<\/strong> surroundings<\/div>\n\n\n<div id=\"ls-maillage-block_ba85748f19e1230d15068dc1f02d6346\" class=\"ls-maillage cta-style-normal\" data-rows=\"3\">\n    <div class=\"wp-block-columns\"><div class=\"wp-block-column\"><div id=\"destinations\" class=\"ls-cta\">\n\n<a href=\"https:\/\/www.lacanadienne.com\/en\/tourism-dune-du-pilat-france\/\" target=\"\" rel=\"noopener\" class=\"ls-cta__link\">\n\n\t<div class=\"ls-cta__image\"><img decoding=\"async\" src=\"https:\/\/www.lacanadienne.com\/wp-content\/uploads\/sites\/23\/2024\/08\/camping-canadienne-dune-pilat.webp\" alt=\"camping canadienne dune pilat\"><\/div>\n\t<div class=\"ls-cta__title\">\n\t\tDiscover the Dune du Pilat\t<\/div>\n\n\t\t\n<\/a><\/div><\/div><div class=\"wp-block-column\"><div id=\"destinations\" class=\"ls-cta\">\n\n<a href=\"https:\/\/www.lacanadienne.com\/en\/tourism-cap-ferret-france\/\" target=\"\" rel=\"noopener\" class=\"ls-cta__link\">\n\n\t<div class=\"ls-cta__image\"><img decoding=\"async\" src=\"https:\/\/www.lacanadienne.com\/wp-content\/uploads\/sites\/23\/2024\/08\/tourisme-cap-ferret-bateau.jpg\" alt=\"tourism cap ferret boat\"><\/div>\n\t<div class=\"ls-cta__title\">\n\t\tDiscover L\u00e8ge-Cap-Ferret\t<\/div>\n\n\t\t\n<\/a><\/div><\/div><div class=\"wp-block-column\"><div id=\"destinations\" class=\"ls-cta\">\n\n<a href=\"https:\/\/www.lacanadienne.com\/en\/tourisme-arcachon-france\/\" target=\"\" rel=\"noopener\" class=\"ls-cta__link\">\n\n\t<div class=\"ls-cta__image\"><img decoding=\"async\" src=\"https:\/\/www.lacanadienne.com\/wp-content\/uploads\/sites\/23\/2024\/08\/tourisme-arcachon-catamaran.webp\" alt=\"arcachon catamaran tourism\"><\/div>\n\t<div class=\"ls-cta__title\">\n\t\tDiscover Arcachon\t<\/div>\n\n\t\t\n<\/a><\/div><\/div><\/div><\/div>\n\r\n    <\/div>\r\n<\/section>","protected":false},"excerpt":{"rendered":"","protected":false},"author":1,"featured_media":1281,"parent":0,"menu_order":0,"comment_status":"closed","ping_status":"closed","template":"","meta":{"_acf_changed":false,"footnotes":""},"sujet":[],"class_list":["post-2704","page","type-page","status-publish","has-post-thumbnail","hentry"],"acf":[],"yoast_head":"<!-- This site is optimized with the Yoast SEO plugin v23.9 - https:\/\/yoast.com\/wordpress\/plugins\/seo\/ -->\n<title>Tourism in Ar\u00e8s on the Bassin d&#039;Arcachon | Visit, discover Ar\u00e8s<\/title>\n<meta name=\"description\" content=\"Visit Ar\u00e8s, on the Bassin d&#039;Arcachon: from our campsite, enjoy a nature vacation close to a charming town.\" \/>\n<meta name=\"robots\" content=\"index, follow, max-snippet:-1, max-image-preview:large, max-video-preview:-1\" \/>\n<link rel=\"canonical\" href=\"https:\/\/www.lacanadienne.com\/en\/tourism-ares-france\/\" \/>\n<meta property=\"og:locale\" content=\"en_US\" \/>\n<meta property=\"og:type\" content=\"article\" \/>\n<meta property=\"og:title\" content=\"Tourism in Ar\u00e8s on the Bassin d&#039;Arcachon | Visit, discover Ar\u00e8s\" \/>\n<meta property=\"og:description\" content=\"Visit Ar\u00e8s, on the Bassin d&#039;Arcachon: from our campsite, enjoy a nature vacation close to a charming town.\" \/>\n<meta property=\"og:url\" content=\"https:\/\/www.lacanadienne.com\/en\/tourism-ares-france\/\" \/>\n<meta property=\"og:site_name\" content=\"Camping La Canadienne\" \/>\n<meta property=\"article:modified_time\" content=\"2024-11-15T08:44:38+00:00\" \/>\n<meta property=\"og:image\" content=\"https:\/\/www.lacanadienne.com\/wp-content\/uploads\/sites\/23\/2024\/08\/tourisme-ares-camping-arcachon.webp\" \/>\n\t<meta property=\"og:image:width\" content=\"2000\" \/>\n\t<meta property=\"og:image:height\" content=\"800\" \/>\n\t<meta property=\"og:image:type\" content=\"image\/webp\" \/>\n<meta name=\"twitter:card\" content=\"summary_large_image\" \/>\n<meta name=\"twitter:label1\" content=\"Est. reading time\" \/>\n\t<meta name=\"twitter:data1\" content=\"2 minutes\" \/>\n<script type=\"application\/ld+json\" class=\"yoast-schema-graph\">{\"@context\":\"https:\/\/schema.org\",\"@graph\":[{\"@type\":\"WebPage\",\"@id\":\"https:\/\/www.lacanadienne.com\/en\/tourism-ares-france\/\",\"url\":\"https:\/\/www.lacanadienne.com\/en\/tourism-ares-france\/\",\"name\":\"Tourism in Ar\u00e8s on the Bassin d'Arcachon | Visit, discover Ar\u00e8s\",\"isPartOf\":{\"@id\":\"https:\/\/www.lacanadienne.com\/en\/#website\"},\"primaryImageOfPage\":{\"@id\":\"https:\/\/www.lacanadienne.com\/en\/tourism-ares-france\/#primaryimage\"},\"image\":{\"@id\":\"https:\/\/www.lacanadienne.com\/en\/tourism-ares-france\/#primaryimage\"},\"thumbnailUrl\":\"https:\/\/www.lacanadienne.com\/wp-content\/uploads\/sites\/23\/2024\/08\/tourisme-ares-camping-arcachon.webp\",\"datePublished\":\"2024-08-07T14:01:24+00:00\",\"dateModified\":\"2024-11-15T08:44:38+00:00\",\"description\":\"Visit Ar\u00e8s, on the Bassin d'Arcachon: from our campsite, enjoy a nature vacation close to a charming town.\",\"breadcrumb\":{\"@id\":\"https:\/\/www.lacanadienne.com\/en\/tourism-ares-france\/#breadcrumb\"},\"inLanguage\":\"en-US\",\"potentialAction\":[{\"@type\":\"ReadAction\",\"target\":[\"https:\/\/www.lacanadienne.com\/en\/tourism-ares-france\/\"]}]},{\"@type\":\"ImageObject\",\"inLanguage\":\"en-US\",\"@id\":\"https:\/\/www.lacanadienne.com\/en\/tourism-ares-france\/#primaryimage\",\"url\":\"https:\/\/www.lacanadienne.com\/wp-content\/uploads\/sites\/23\/2024\/08\/tourisme-ares-camping-arcachon.webp\",\"contentUrl\":\"https:\/\/www.lacanadienne.com\/wp-content\/uploads\/sites\/23\/2024\/08\/tourisme-ares-camping-arcachon.webp\",\"width\":2000,\"height\":800,\"caption\":\"tourism ares camping arcachon\"},{\"@type\":\"BreadcrumbList\",\"@id\":\"https:\/\/www.lacanadienne.com\/en\/tourism-ares-france\/#breadcrumb\",\"itemListElement\":[{\"@type\":\"ListItem\",\"position\":1,\"name\":\"Camping Bassin d\u2019Arcachon\",\"item\":\"https:\/\/www.lacanadienne.com\/en\/\"},{\"@type\":\"ListItem\",\"position\":2,\"name\":\"Discover Ar\u00e8s\"}]},{\"@type\":\"WebSite\",\"@id\":\"https:\/\/www.lacanadienne.com\/en\/#website\",\"url\":\"https:\/\/www.lacanadienne.com\/en\/\",\"name\":\"Camping La Canadienne\",\"description\":\"\",\"publisher\":{\"@id\":\"https:\/\/www.lacanadienne.com\/en\/#organization\"},\"potentialAction\":[{\"@type\":\"SearchAction\",\"target\":{\"@type\":\"EntryPoint\",\"urlTemplate\":\"https:\/\/www.lacanadienne.com\/en\/?s={search_term_string}\"},\"query-input\":{\"@type\":\"PropertyValueSpecification\",\"valueRequired\":true,\"valueName\":\"search_term_string\"}}],\"inLanguage\":\"en-US\"},{\"@type\":\"Organization\",\"@id\":\"https:\/\/www.lacanadienne.com\/en\/#organization\",\"name\":\"Camping La Canadienne\",\"url\":\"https:\/\/www.lacanadienne.com\/en\/\",\"logo\":{\"@type\":\"ImageObject\",\"inLanguage\":\"en-US\",\"@id\":\"https:\/\/www.lacanadienne.com\/en\/#\/schema\/logo\/image\/\",\"url\":\"https:\/\/www.lacanadienne.com\/wp-content\/uploads\/sites\/23\/2024\/09\/cropped-logo-Flower-camping-La-Canadienne.png\",\"contentUrl\":\"https:\/\/www.lacanadienne.com\/wp-content\/uploads\/sites\/23\/2024\/09\/cropped-logo-Flower-camping-La-Canadienne.png\",\"width\":500,\"height\":660,\"caption\":\"Camping La Canadienne\"},\"image\":{\"@id\":\"https:\/\/www.lacanadienne.com\/en\/#\/schema\/logo\/image\/\"}}]}<\/script>\n<!-- \/ Yoast SEO plugin. -->","yoast_head_json":{"title":"Tourism in Ar\u00e8s on the Bassin d'Arcachon | Visit, discover Ar\u00e8s","description":"Visit Ar\u00e8s, on the Bassin d'Arcachon: from our campsite, enjoy a nature vacation close to a charming town.","robots":{"index":"index","follow":"follow","max-snippet":"max-snippet:-1","max-image-preview":"max-image-preview:large","max-video-preview":"max-video-preview:-1"},"canonical":"https:\/\/www.lacanadienne.com\/en\/tourism-ares-france\/","og_locale":"en_US","og_type":"article","og_title":"Tourism in Ar\u00e8s on the Bassin d'Arcachon | Visit, discover Ar\u00e8s","og_description":"Visit Ar\u00e8s, on the Bassin d'Arcachon: from our campsite, enjoy a nature vacation close to a charming town.","og_url":"https:\/\/www.lacanadienne.com\/en\/tourism-ares-france\/","og_site_name":"Camping La Canadienne","article_modified_time":"2024-11-15T08:44:38+00:00","og_image":[{"width":2000,"height":800,"url":"https:\/\/www.lacanadienne.com\/wp-content\/uploads\/sites\/23\/2024\/08\/tourisme-ares-camping-arcachon.webp","type":"image\/webp"}],"twitter_card":"summary_large_image","twitter_misc":{"Est. reading time":"2 minutes"},"schema":{"@context":"https:\/\/schema.org","@graph":[{"@type":"WebPage","@id":"https:\/\/www.lacanadienne.com\/en\/tourism-ares-france\/","url":"https:\/\/www.lacanadienne.com\/en\/tourism-ares-france\/","name":"Tourism in Ar\u00e8s on the Bassin d'Arcachon | Visit, discover Ar\u00e8s","isPartOf":{"@id":"https:\/\/www.lacanadienne.com\/en\/#website"},"primaryImageOfPage":{"@id":"https:\/\/www.lacanadienne.com\/en\/tourism-ares-france\/#primaryimage"},"image":{"@id":"https:\/\/www.lacanadienne.com\/en\/tourism-ares-france\/#primaryimage"},"thumbnailUrl":"https:\/\/www.lacanadienne.com\/wp-content\/uploads\/sites\/23\/2024\/08\/tourisme-ares-camping-arcachon.webp","datePublished":"2024-08-07T14:01:24+00:00","dateModified":"2024-11-15T08:44:38+00:00","description":"Visit Ar\u00e8s, on the Bassin d'Arcachon: from our campsite, enjoy a nature vacation close to a charming town.","breadcrumb":{"@id":"https:\/\/www.lacanadienne.com\/en\/tourism-ares-france\/#breadcrumb"},"inLanguage":"en-US","potentialAction":[{"@type":"ReadAction","target":["https:\/\/www.lacanadienne.com\/en\/tourism-ares-france\/"]}]},{"@type":"ImageObject","inLanguage":"en-US","@id":"https:\/\/www.lacanadienne.com\/en\/tourism-ares-france\/#primaryimage","url":"https:\/\/www.lacanadienne.com\/wp-content\/uploads\/sites\/23\/2024\/08\/tourisme-ares-camping-arcachon.webp","contentUrl":"https:\/\/www.lacanadienne.com\/wp-content\/uploads\/sites\/23\/2024\/08\/tourisme-ares-camping-arcachon.webp","width":2000,"height":800,"caption":"tourism ares camping arcachon"},{"@type":"BreadcrumbList","@id":"https:\/\/www.lacanadienne.com\/en\/tourism-ares-france\/#breadcrumb","itemListElement":[{"@type":"ListItem","position":1,"name":"Camping Bassin d\u2019Arcachon","item":"https:\/\/www.lacanadienne.com\/en\/"},{"@type":"ListItem","position":2,"name":"Discover Ar\u00e8s"}]},{"@type":"WebSite","@id":"https:\/\/www.lacanadienne.com\/en\/#website","url":"https:\/\/www.lacanadienne.com\/en\/","name":"Camping La Canadienne","description":"","publisher":{"@id":"https:\/\/www.lacanadienne.com\/en\/#organization"},"potentialAction":[{"@type":"SearchAction","target":{"@type":"EntryPoint","urlTemplate":"https:\/\/www.lacanadienne.com\/en\/?s={search_term_string}"},"query-input":{"@type":"PropertyValueSpecification","valueRequired":true,"valueName":"search_term_string"}}],"inLanguage":"en-US"},{"@type":"Organization","@id":"https:\/\/www.lacanadienne.com\/en\/#organization","name":"Camping La Canadienne","url":"https:\/\/www.lacanadienne.com\/en\/","logo":{"@type":"ImageObject","inLanguage":"en-US","@id":"https:\/\/www.lacanadienne.com\/en\/#\/schema\/logo\/image\/","url":"https:\/\/www.lacanadienne.com\/wp-content\/uploads\/sites\/23\/2024\/09\/cropped-logo-Flower-camping-La-Canadienne.png","contentUrl":"https:\/\/www.lacanadienne.com\/wp-content\/uploads\/sites\/23\/2024\/09\/cropped-logo-Flower-camping-La-Canadienne.png","width":500,"height":660,"caption":"Camping La Canadienne"},"image":{"@id":"https:\/\/www.lacanadienne.com\/en\/#\/schema\/logo\/image\/"}}]}},"_links":{"self":[{"href":"https:\/\/www.lacanadienne.com\/en\/wp-json\/wp\/v2\/pages\/2704","targetHints":{"allow":["GET"]}}],"collection":[{"href":"https:\/\/www.lacanadienne.com\/en\/wp-json\/wp\/v2\/pages"}],"about":[{"href":"https:\/\/www.lacanadienne.com\/en\/wp-json\/wp\/v2\/types\/page"}],"author":[{"embeddable":true,"href":"https:\/\/www.lacanadienne.com\/en\/wp-json\/wp\/v2\/users\/1"}],"replies":[{"embeddable":true,"href":"https:\/\/www.lacanadienne.com\/en\/wp-json\/wp\/v2\/comments?post=2704"}],"version-history":[{"count":6,"href":"https:\/\/www.lacanadienne.com\/en\/wp-json\/wp\/v2\/pages\/2704\/revisions"}],"predecessor-version":[{"id":3714,"href":"https:\/\/www.lacanadienne.com\/en\/wp-json\/wp\/v2\/pages\/2704\/revisions\/3714"}],"wp:featuredmedia":[{"embeddable":true,"href":"https:\/\/www.lacanadienne.com\/en\/wp-json\/wp\/v2\/media\/1281"}],"wp:attachment":[{"href":"https:\/\/www.lacanadienne.com\/en\/wp-json\/wp\/v2\/media?parent=2704"}],"wp:term":[{"taxonomy":"sujet","embeddable":true,"href":"https:\/\/www.lacanadienne.com\/en\/wp-json\/wp\/v2\/sujet?post=2704"}],"curies":[{"name":"wp","href":"https:\/\/api.w.org\/{rel}","templated":true}]}}