{"id":2534,"date":"2024-08-07T13:03:25","date_gmt":"2024-08-07T13:03:25","guid":{"rendered":"https:\/\/www.lacanadienne.com\/volledige-punten\/"},"modified":"2024-11-15T08:44:36","modified_gmt":"2024-11-15T08:44:36","slug":"volledige-punten","status":"publish","type":"page","link":"https:\/\/www.lacanadienne.com\/nl\/volledige-punten\/","title":{"rendered":"Juridische informatie"},"content":{"rendered":"<section id=\"ls-section-block_3a1f006958b85e9c8edbfa4b4fe34968\" class=\"ls-section  has-background has-color-4-background-color has-m-t m-t-0 has-m-b m-b-0\" >\r\n        <div class=\"container \">\r\n        \n\n<h1 class=\"ls__heading wp-block-heading\">Juridische informatie<\/h1>\n\n\n\n<h2 class=\"ls__heading wp-block-heading\">Locatiemanager<\/h2>\n\n\n\n<p class=\"ls-paragraph\"><strong>CAMPING LA CANADIENNE<br\/><\/strong>Route de L\u00e8ge &#8211; 82 rue du G\u00e9n\u00e9ral. de Gaulle, 33740 Ar\u00e8s<br\/>Tel : 05 56 60 24 91<br\/>E-mail : <a href=\"mailto:lacanadienne@flowercampings.com\">lacanadienne@flowercampings.com<\/a><br\/>SIRET NUMMER: 512 445 883 00253<br\/>Intracommunautaire BTW: FR84512445883<br\/>Maatschappelijk kapitaal: \u20ac 10.000<br\/>Publicatieverantwoordelijke: Nad\u00e8ge Papa\u00efx in haar hoedanigheid van commercieel directeur <\/p>\n\n\n\n<h2 class=\"ls__heading wp-block-heading\">Productie<\/h2>\n\n\n\n<p class=\"ls-paragraph\"><br\/><br\/><strong>GEEK TONIC<\/strong><br\/>Vertegenwoordigd door de heer Yohan Darmayan in zijn hoedanigheid van bedrijfsleider Maatschappelijke zetel: 50 AV. DU LAC MARION 64200 BIARRITZ<br\/>Tel: 05 32 74 11 52<br\/>E-mail: support@geek-tonic.com<br\/>Website:<a href=\"https:\/\/www.geek-tonic.com\/\">www.geek-tonic.com<\/a><br\/>SIRET: 89746755100015<br\/>APE: 6201Z <\/p>\n\n\n\n<h2 class=\"ls__heading wp-block-heading\">Copyright<\/h2>\n\n\n\n<p class=\"ls-paragraph\">De gehele inhoud van deze site valt onder het auteursrecht en intellectueel eigendom volgens de Franse wet. Elke reproductie (inclusief foto&#8217;s, iconen en downloadbare documenten) is verboden zonder voorafgaande toestemming van GEEK TONIC.\nReproductie op een elektronische drager van de gehele of gedeeltelijke site op papier of elektronisch formaat is verboden.\nGEEK TONIC wijst alle verantwoordelijkheid af voor de inhoud van de website.\nGEEK TONIC wijst ook elke verantwoordelijkheid af wat betreft de externe links die naar deze site verwijzen.   <\/p>\n\n\n\n<h2 class=\"ls__heading wp-block-heading\" id=\"m-t-6\">Persoonlijke gegevens en nominatieve informatie<\/h2>\n\n\n\n<p class=\"ls-paragraph\">U hebt het recht op toegang, wijziging, rectificatie en verwijdering van de gegevens die op u betrekking hebben in overeenstemming met artikel 34 van de Franse wet op de gegevensbescherming nr. 78-17 van 6 januari 1978, gewijzigd op 6 augustus 2018.\nOm dit recht op toegang uit te oefenen, stuurt u een schriftelijk verzoek naar de redacteur van de site. <\/p>\n\n\n\n<h2 class=\"ls__heading wp-block-heading\">Wetgeving<\/h2>\n\n\n\n<p class=\"ls-paragraph\">In overeenstemming met de wet van 11 maart 1957 (art. 41) en het wetboek van intellectuele eigendom van 1 juli 1992, is het verboden de site geheel of gedeeltelijk te reproduceren zonder voorafgaande toestemming van de uitgever van de site.\nLogo&#8217;s, afbeeldingen, foto&#8217;s, video&#8217;s, grafische kaarten en teksten zijn eigendom van hun respectieve eigenaars.\nDeze site kan, zonder zijn medeweten, zijn gekoppeld aan andere sites via hypermedia links.\nDe redacteur van deze site wijst alle verantwoordelijkheid af voor de informatie op deze andere sites.\nInternetgebruikers erkennen dat het gebruik van deze site valt onder de Franse wetgeving.    <\/p>\n\n\r\n    <\/div>\r\n<\/section>","protected":false},"excerpt":{"rendered":"","protected":false},"author":1,"featured_media":763,"parent":0,"menu_order":0,"comment_status":"closed","ping_status":"closed","template":"","meta":{"_acf_changed":false,"footnotes":""},"sujet":[],"class_list":["post-2534","page","type-page","status-publish","has-post-thumbnail","hentry"],"acf":[],"yoast_head":"<!-- This site is optimized with the Yoast SEO plugin v23.9 - https:\/\/yoast.com\/wordpress\/plugins\/seo\/ -->\n<title>Juridische informatie - Camping La Canadienne<\/title>\n<meta name=\"robots\" content=\"noindex, nofollow\" \/>\n<meta property=\"og:locale\" content=\"nl_NL\" \/>\n<meta property=\"og:type\" content=\"article\" \/>\n<meta property=\"og:title\" content=\"Juridische informatie - Camping La Canadienne\" \/>\n<meta property=\"og:url\" content=\"https:\/\/www.lacanadienne.com\/nl\/volledige-punten\/\" \/>\n<meta property=\"og:site_name\" content=\"Camping La Canadienne\" \/>\n<meta property=\"article:modified_time\" content=\"2024-11-15T08:44:36+00:00\" \/>\n<meta property=\"og:image\" content=\"https:\/\/www.lacanadienne.com\/wp-content\/uploads\/sites\/23\/2024\/08\/camping-flower-la-canadienne-allees.webp\" \/>\n\t<meta property=\"og:image:width\" content=\"2000\" \/>\n\t<meta property=\"og:image:height\" content=\"1500\" \/>\n\t<meta property=\"og:image:type\" content=\"image\/webp\" \/>\n<meta name=\"twitter:card\" content=\"summary_large_image\" \/>\n<meta name=\"twitter:label1\" content=\"Geschatte leestijd\" \/>\n\t<meta name=\"twitter:data1\" content=\"2 minuten\" \/>\n<script type=\"application\/ld+json\" class=\"yoast-schema-graph\">{\"@context\":\"https:\/\/schema.org\",\"@graph\":[{\"@type\":\"WebPage\",\"@id\":\"https:\/\/www.lacanadienne.com\/nl\/volledige-punten\/\",\"url\":\"https:\/\/www.lacanadienne.com\/nl\/volledige-punten\/\",\"name\":\"Juridische informatie - Camping La Canadienne\",\"isPartOf\":{\"@id\":\"https:\/\/www.lacanadienne.com\/nl\/#website\"},\"primaryImageOfPage\":{\"@id\":\"https:\/\/www.lacanadienne.com\/nl\/volledige-punten\/#primaryimage\"},\"image\":{\"@id\":\"https:\/\/www.lacanadienne.com\/nl\/volledige-punten\/#primaryimage\"},\"thumbnailUrl\":\"https:\/\/www.lacanadienne.com\/wp-content\/uploads\/sites\/23\/2024\/08\/camping-flower-la-canadienne-allees.webp\",\"datePublished\":\"2024-08-07T13:03:25+00:00\",\"dateModified\":\"2024-11-15T08:44:36+00:00\",\"breadcrumb\":{\"@id\":\"https:\/\/www.lacanadienne.com\/nl\/volledige-punten\/#breadcrumb\"},\"inLanguage\":\"nl-NL\",\"potentialAction\":[{\"@type\":\"ReadAction\",\"target\":[\"https:\/\/www.lacanadienne.com\/nl\/volledige-punten\/\"]}]},{\"@type\":\"ImageObject\",\"inLanguage\":\"nl-NL\",\"@id\":\"https:\/\/www.lacanadienne.com\/nl\/volledige-punten\/#primaryimage\",\"url\":\"https:\/\/www.lacanadienne.com\/wp-content\/uploads\/sites\/23\/2024\/08\/camping-flower-la-canadienne-allees.webp\",\"contentUrl\":\"https:\/\/www.lacanadienne.com\/wp-content\/uploads\/sites\/23\/2024\/08\/camping-flower-la-canadienne-allees.webp\",\"width\":2000,\"height\":1500,\"caption\":\"camping flower la canadienne allees\"},{\"@type\":\"BreadcrumbList\",\"@id\":\"https:\/\/www.lacanadienne.com\/nl\/volledige-punten\/#breadcrumb\",\"itemListElement\":[{\"@type\":\"ListItem\",\"position\":1,\"name\":\"Camping Bassin d\u2019Arcachon\",\"item\":\"https:\/\/www.lacanadienne.com\/nl\/\"},{\"@type\":\"ListItem\",\"position\":2,\"name\":\"Juridische informatie\"}]},{\"@type\":\"WebSite\",\"@id\":\"https:\/\/www.lacanadienne.com\/nl\/#website\",\"url\":\"https:\/\/www.lacanadienne.com\/nl\/\",\"name\":\"Camping La Canadienne\",\"description\":\"\",\"publisher\":{\"@id\":\"https:\/\/www.lacanadienne.com\/nl\/#organization\"},\"potentialAction\":[{\"@type\":\"SearchAction\",\"target\":{\"@type\":\"EntryPoint\",\"urlTemplate\":\"https:\/\/www.lacanadienne.com\/nl\/?s={search_term_string}\"},\"query-input\":{\"@type\":\"PropertyValueSpecification\",\"valueRequired\":true,\"valueName\":\"search_term_string\"}}],\"inLanguage\":\"nl-NL\"},{\"@type\":\"Organization\",\"@id\":\"https:\/\/www.lacanadienne.com\/nl\/#organization\",\"name\":\"Camping La Canadienne\",\"url\":\"https:\/\/www.lacanadienne.com\/nl\/\",\"logo\":{\"@type\":\"ImageObject\",\"inLanguage\":\"nl-NL\",\"@id\":\"https:\/\/www.lacanadienne.com\/nl\/#\/schema\/logo\/image\/\",\"url\":\"https:\/\/www.lacanadienne.com\/wp-content\/uploads\/sites\/23\/2024\/09\/cropped-logo-Flower-camping-La-Canadienne.png\",\"contentUrl\":\"https:\/\/www.lacanadienne.com\/wp-content\/uploads\/sites\/23\/2024\/09\/cropped-logo-Flower-camping-La-Canadienne.png\",\"width\":500,\"height\":660,\"caption\":\"Camping La Canadienne\"},\"image\":{\"@id\":\"https:\/\/www.lacanadienne.com\/nl\/#\/schema\/logo\/image\/\"}}]}<\/script>\n<!-- \/ Yoast SEO plugin. -->","yoast_head_json":{"title":"Juridische informatie - Camping La Canadienne","robots":{"index":"noindex","follow":"nofollow"},"og_locale":"nl_NL","og_type":"article","og_title":"Juridische informatie - Camping La Canadienne","og_url":"https:\/\/www.lacanadienne.com\/nl\/volledige-punten\/","og_site_name":"Camping La Canadienne","article_modified_time":"2024-11-15T08:44:36+00:00","og_image":[{"width":2000,"height":1500,"url":"https:\/\/www.lacanadienne.com\/wp-content\/uploads\/sites\/23\/2024\/08\/camping-flower-la-canadienne-allees.webp","type":"image\/webp"}],"twitter_card":"summary_large_image","twitter_misc":{"Geschatte leestijd":"2 minuten"},"schema":{"@context":"https:\/\/schema.org","@graph":[{"@type":"WebPage","@id":"https:\/\/www.lacanadienne.com\/nl\/volledige-punten\/","url":"https:\/\/www.lacanadienne.com\/nl\/volledige-punten\/","name":"Juridische informatie - Camping La Canadienne","isPartOf":{"@id":"https:\/\/www.lacanadienne.com\/nl\/#website"},"primaryImageOfPage":{"@id":"https:\/\/www.lacanadienne.com\/nl\/volledige-punten\/#primaryimage"},"image":{"@id":"https:\/\/www.lacanadienne.com\/nl\/volledige-punten\/#primaryimage"},"thumbnailUrl":"https:\/\/www.lacanadienne.com\/wp-content\/uploads\/sites\/23\/2024\/08\/camping-flower-la-canadienne-allees.webp","datePublished":"2024-08-07T13:03:25+00:00","dateModified":"2024-11-15T08:44:36+00:00","breadcrumb":{"@id":"https:\/\/www.lacanadienne.com\/nl\/volledige-punten\/#breadcrumb"},"inLanguage":"nl-NL","potentialAction":[{"@type":"ReadAction","target":["https:\/\/www.lacanadienne.com\/nl\/volledige-punten\/"]}]},{"@type":"ImageObject","inLanguage":"nl-NL","@id":"https:\/\/www.lacanadienne.com\/nl\/volledige-punten\/#primaryimage","url":"https:\/\/www.lacanadienne.com\/wp-content\/uploads\/sites\/23\/2024\/08\/camping-flower-la-canadienne-allees.webp","contentUrl":"https:\/\/www.lacanadienne.com\/wp-content\/uploads\/sites\/23\/2024\/08\/camping-flower-la-canadienne-allees.webp","width":2000,"height":1500,"caption":"camping flower la canadienne allees"},{"@type":"BreadcrumbList","@id":"https:\/\/www.lacanadienne.com\/nl\/volledige-punten\/#breadcrumb","itemListElement":[{"@type":"ListItem","position":1,"name":"Camping Bassin d\u2019Arcachon","item":"https:\/\/www.lacanadienne.com\/nl\/"},{"@type":"ListItem","position":2,"name":"Juridische informatie"}]},{"@type":"WebSite","@id":"https:\/\/www.lacanadienne.com\/nl\/#website","url":"https:\/\/www.lacanadienne.com\/nl\/","name":"Camping La Canadienne","description":"","publisher":{"@id":"https:\/\/www.lacanadienne.com\/nl\/#organization"},"potentialAction":[{"@type":"SearchAction","target":{"@type":"EntryPoint","urlTemplate":"https:\/\/www.lacanadienne.com\/nl\/?s={search_term_string}"},"query-input":{"@type":"PropertyValueSpecification","valueRequired":true,"valueName":"search_term_string"}}],"inLanguage":"nl-NL"},{"@type":"Organization","@id":"https:\/\/www.lacanadienne.com\/nl\/#organization","name":"Camping La Canadienne","url":"https:\/\/www.lacanadienne.com\/nl\/","logo":{"@type":"ImageObject","inLanguage":"nl-NL","@id":"https:\/\/www.lacanadienne.com\/nl\/#\/schema\/logo\/image\/","url":"https:\/\/www.lacanadienne.com\/wp-content\/uploads\/sites\/23\/2024\/09\/cropped-logo-Flower-camping-La-Canadienne.png","contentUrl":"https:\/\/www.lacanadienne.com\/wp-content\/uploads\/sites\/23\/2024\/09\/cropped-logo-Flower-camping-La-Canadienne.png","width":500,"height":660,"caption":"Camping La Canadienne"},"image":{"@id":"https:\/\/www.lacanadienne.com\/nl\/#\/schema\/logo\/image\/"}}]}},"_links":{"self":[{"href":"https:\/\/www.lacanadienne.com\/nl\/wp-json\/wp\/v2\/pages\/2534","targetHints":{"allow":["GET"]}}],"collection":[{"href":"https:\/\/www.lacanadienne.com\/nl\/wp-json\/wp\/v2\/pages"}],"about":[{"href":"https:\/\/www.lacanadienne.com\/nl\/wp-json\/wp\/v2\/types\/page"}],"author":[{"embeddable":true,"href":"https:\/\/www.lacanadienne.com\/nl\/wp-json\/wp\/v2\/users\/1"}],"replies":[{"embeddable":true,"href":"https:\/\/www.lacanadienne.com\/nl\/wp-json\/wp\/v2\/comments?post=2534"}],"version-history":[{"count":2,"href":"https:\/\/www.lacanadienne.com\/nl\/wp-json\/wp\/v2\/pages\/2534\/revisions"}],"predecessor-version":[{"id":3193,"href":"https:\/\/www.lacanadienne.com\/nl\/wp-json\/wp\/v2\/pages\/2534\/revisions\/3193"}],"wp:featuredmedia":[{"embeddable":true,"href":"https:\/\/www.lacanadienne.com\/nl\/wp-json\/wp\/v2\/media\/763"}],"wp:attachment":[{"href":"https:\/\/www.lacanadienne.com\/nl\/wp-json\/wp\/v2\/media?parent=2534"}],"wp:term":[{"taxonomy":"sujet","embeddable":true,"href":"https:\/\/www.lacanadienne.com\/nl\/wp-json\/wp\/v2\/sujet?post=2534"}],"curies":[{"name":"wp","href":"https:\/\/api.w.org\/{rel}","templated":true}]}}