{"id":2652,"date":"2024-08-07T14:02:15","date_gmt":"2024-08-07T14:02:15","guid":{"rendered":"https:\/\/www.lacanadienne.com\/toerisme-cap-ferret-frankrijk\/"},"modified":"2024-11-15T08:44:44","modified_gmt":"2024-11-15T08:44:44","slug":"toerisme-cap-ferret-frankrijk","status":"publish","type":"page","link":"https:\/\/www.lacanadienne.com\/nl\/toerisme-cap-ferret-frankrijk\/","title":{"rendered":"Luik-Cap-Ferret"},"content":{"rendered":"<section id=\"ls-section-block_ddc8af31f62ad3cabeb1b1edf3c1d650\" class=\"ls-section  page-one has-background has-color-4-background-color has-m-t m-t-0 has-m-b m-b-0 has-p-t p-t-14 has-p-b p-b-14\" >\r\n        <div class=\"container container--wide\">\r\n        \n\n<div class=\"wp-block-columns is-layout-flex wp-container-core-columns-is-layout-1 wp-block-columns-is-layout-flex\">\n<div class=\"wp-block-column animated fadeInLeft delay-100ms slow is-layout-flow wp-block-column-is-layout-flow\" style=\"flex-basis:45%\">\n<figure class=\"wp-block-image size-full\"><a href=\"https:\/\/www.lacanadienne.com\/wp-content\/uploads\/sites\/23\/2024\/08\/tourisme-cap-ferret-bateau.jpg\"><img decoding=\"async\" width=\"1200\" height=\"800\" src=\"https:\/\/www.lacanadienne.com\/wp-content\/uploads\/sites\/23\/2024\/08\/tourisme-cap-ferret-bateau.jpg\" alt=\"toerisme pet fret boot\" class=\"wp-image-1125\" srcset=\"https:\/\/www.lacanadienne.com\/wp-content\/uploads\/sites\/23\/2024\/08\/tourisme-cap-ferret-bateau.jpg 1200w, https:\/\/www.lacanadienne.com\/wp-content\/uploads\/sites\/23\/2024\/08\/tourisme-cap-ferret-bateau-300x200.jpg 300w, https:\/\/www.lacanadienne.com\/wp-content\/uploads\/sites\/23\/2024\/08\/tourisme-cap-ferret-bateau-1024x683.jpg 1024w, https:\/\/www.lacanadienne.com\/wp-content\/uploads\/sites\/23\/2024\/08\/tourisme-cap-ferret-bateau-768x512.jpg 768w\" sizes=\"(max-width: 1200px) 100vw, 1200px\" \/><\/a><\/figure>\n<\/div>\n\n\n\n<div class=\"wp-block-column is-vertically-aligned-center animated fadeInRight slow is-layout-flow wp-block-column-is-layout-flow\" style=\"flex-basis:55%\">\n<h1 class=\"ls__heading wp-block-heading\">Bezoek L\u00e8ge-Cap-Ferret<\/h1>\n\n\n\n<p class=\"ls-paragraph\">Cap Ferret is de beroemde land- en zandtong die de Atlantische Oceaan scheidt van het <a href=\"https:\/\/www.lacanadienne.com\/nl\/toerisme-bassin-arcachon-frankrijk\/\">Bassin van Arcachon<\/a>. De vorm is kostbaar omdat het de golven breekt die vanaf de open zee komen en al eeuwenlang schepen en hun zeelieden een beetje rust gunt. L\u00e8ge-Cap-Ferret is <strong>de grootste badplaats in het Bassin van Arcachon<\/strong>. Het biedt vakantiegangers een lang strand van fijn zand met uitzicht op de onmetelijkheid van de Atlantische kustlijn. Op een paar minuten van Ar\u00e8s en de camping kun je van dit <strong>natuurwonder<\/strong> genieten om te luieren, te zwemmen of watersporten te beoefenen, zoals catamaranzeilen, windsurfen of surfen.    <\/p>\n\n\n\n<div class=\"ls-lire-plus\">\n    <input id=\"ls-lire-plus-block_6793c6f01cf74c841967bc15bf7d0a3c69e739c3c5655\" type=\"checkbox\" class=\"ls-lire-plus__toggle\"  \/>\n    <label for=\"ls-lire-plus-block_6793c6f01cf74c841967bc15bf7d0a3c69e739c3c5655\" class=\"ls-lire-plus__toggle-label\">\n        <span>Meer lezen<\/span>\n        <span>Minder lezen<\/span>\n    <\/label>\n    <div class=\"ls-lire-plus__content\">\n        \n\n<p class=\"ls-paragraph\">Le Cap, beroemd om zijn vuurtoren en imposante sterrenvilla&#8217;s, biedt je de kans om <strong>de rust en schoonheid van de Landes de Gascogne<\/strong> te ontdekken.\nStap aan boord van een plezierboot en verken het schiereiland L\u00e8ge-Cap-Ferret, op slechts twintig minuten van camping La Canadienne.\nHet is een echte bestemming bij uitstek, dus breng er meerdere dagen van uw vakantie door om dit rijke gebied in alle rust te ontdekken.  <\/p>\n\n\n\n<p class=\"ls-paragraph\">L\u00e8ge Cap Ferret, die prachtige landtong tussen de Atlantische Oceaan en het Bassin van Arcachon.\nStel je voor: je voeten in het fijne zand, gewiegd door het zachte ruisen van de golven.\nOp een paar minuten van<a href=\"https:\/\/www.lacanadienne.com\/nl\/toerisme-ares-frankrijk\/\">Ar\u00e8s<\/a> en onze camping nodigt L\u00e8ge-Cap-Ferret uit tot ontspanning en avontuur.\nOf je nu houdt van luieren, zwemmen of watersporten zoals catamaranzeilen, windsurfen of surfen, je vindt hier wat je zoekt.   <\/p>\n\n\n\n<p class=\"ls-paragraph\">L\u00e8ge-Cap-Ferret, bekend om zijn <strong>sublieme vuurtoren<\/strong> en <strong>luxueuze sterrenvilla&#8217;s<\/strong>, is een ware oase van rust in het hart van de Landes de Gascogne.\nNeem de tijd om dit schiereiland te ontdekken, op slechts twintig minuten van <a href=\"https:\/\/www.lacanadienne.com\/nl\/\">camping La Canadienne<\/a>.\nMaak een boottocht en laat je betoveren door de natuurlijke schoonheid en sereniteit van deze unieke plek.    <\/p>\n\n        <div class=\"ls-lire-plus__gradient\" style=\"background: linear-gradient(to bottom,rgba(255,235,204,0) 0%,rgba(255,235,204,1) 100%);\"><\/div>\n    <\/div>\n<\/div><\/div>\n<\/div>\n\n\r\n    <\/div>\r\n<\/section><section id=\"ls-section-block_5d54b2eaed0025480058e99d51e3d7a2\" class=\"ls-section  home-gallery has-background has-color-4-background-color has-m-t m-t-0 has-p-t p-t-0\" >\r\n        <div class=\"container container--full\">\r\n        \n\n<figure class=\"wp-block-gallery has-nested-images columns-1 is-cropped galerie-slider-container wp-block-gallery-1 is-layout-flex wp-block-gallery-is-layout-flex\">\n<figure class=\"wp-block-image size-full\"><a href=\"https:\/\/www.lacanadienne.com\/wp-content\/uploads\/sites\/23\/2024\/08\/camping-canadienne-peche-pied.webp\"><img decoding=\"async\" width=\"1200\" height=\"900\" src=\"https:\/\/www.lacanadienne.com\/wp-content\/uploads\/sites\/23\/2024\/08\/camping-canadienne-peche-pied.webp\" alt=\"canadese camping voetvissen\" class=\"wp-image-1140\" srcset=\"https:\/\/www.lacanadienne.com\/wp-content\/uploads\/sites\/23\/2024\/08\/camping-canadienne-peche-pied.webp 1200w, https:\/\/www.lacanadienne.com\/wp-content\/uploads\/sites\/23\/2024\/08\/camping-canadienne-peche-pied-300x225.webp 300w, https:\/\/www.lacanadienne.com\/wp-content\/uploads\/sites\/23\/2024\/08\/camping-canadienne-peche-pied-1024x768.webp 1024w, https:\/\/www.lacanadienne.com\/wp-content\/uploads\/sites\/23\/2024\/08\/camping-canadienne-peche-pied-768x576.webp 768w\" sizes=\"(max-width: 1200px) 100vw, 1200px\" \/><\/a><\/figure>\n\n\n\n<figure class=\"wp-block-image size-full\"><a href=\"https:\/\/www.lacanadienne.com\/wp-content\/uploads\/sites\/23\/2024\/08\/tourisme-cap-ferret-plage.webp\"><img decoding=\"async\" width=\"1200\" height=\"800\" src=\"https:\/\/www.lacanadienne.com\/wp-content\/uploads\/sites\/23\/2024\/08\/tourisme-cap-ferret-plage.webp\" alt=\"toerisme cap ferret plage\" class=\"wp-image-1145\" srcset=\"https:\/\/www.lacanadienne.com\/wp-content\/uploads\/sites\/23\/2024\/08\/tourisme-cap-ferret-plage.webp 1200w, https:\/\/www.lacanadienne.com\/wp-content\/uploads\/sites\/23\/2024\/08\/tourisme-cap-ferret-plage-300x200.webp 300w, https:\/\/www.lacanadienne.com\/wp-content\/uploads\/sites\/23\/2024\/08\/tourisme-cap-ferret-plage-1024x683.webp 1024w, https:\/\/www.lacanadienne.com\/wp-content\/uploads\/sites\/23\/2024\/08\/tourisme-cap-ferret-plage-768x512.webp 768w\" sizes=\"(max-width: 1200px) 100vw, 1200px\" \/><\/a><\/figure>\n\n\n\n<figure class=\"wp-block-image size-full\"><a href=\"https:\/\/www.lacanadienne.com\/wp-content\/uploads\/sites\/23\/2024\/08\/tourisme-cap-ferret-paysage.webp\"><img decoding=\"async\" width=\"1200\" height=\"800\" src=\"https:\/\/www.lacanadienne.com\/wp-content\/uploads\/sites\/23\/2024\/08\/tourisme-cap-ferret-paysage.webp\" alt=\"toerisme pet fret landschap\" class=\"wp-image-1150\" srcset=\"https:\/\/www.lacanadienne.com\/wp-content\/uploads\/sites\/23\/2024\/08\/tourisme-cap-ferret-paysage.webp 1200w, https:\/\/www.lacanadienne.com\/wp-content\/uploads\/sites\/23\/2024\/08\/tourisme-cap-ferret-paysage-300x200.webp 300w, https:\/\/www.lacanadienne.com\/wp-content\/uploads\/sites\/23\/2024\/08\/tourisme-cap-ferret-paysage-1024x683.webp 1024w, https:\/\/www.lacanadienne.com\/wp-content\/uploads\/sites\/23\/2024\/08\/tourisme-cap-ferret-paysage-768x512.webp 768w\" sizes=\"(max-width: 1200px) 100vw, 1200px\" \/><\/a><\/figure>\n<\/figure>\n\n\r\n    <\/div>\r\n<\/section><section id=\"ls-section-block_3f592e0a36d1bd18267e67b567e92dce\" class=\"ls-section  page-one aventure\" >\r\n        <div class=\"container container--wide\">\r\n        \n\n<div class=\"wp-block-columns is-layout-flex wp-container-core-columns-is-layout-2 wp-block-columns-is-layout-flex\">\n<div class=\"wp-block-column first animated fadeInLeft delay-100ms slow is-layout-flow wp-block-column-is-layout-flow\" style=\"flex-basis:45%\">\n<figure class=\"wp-block-image size-full\"><a href=\"https:\/\/www.lacanadienne.com\/wp-content\/uploads\/sites\/23\/2024\/08\/tourisme-cap-ferret-phare.jpg\"><img decoding=\"async\" width=\"1200\" height=\"800\" src=\"https:\/\/www.lacanadienne.com\/wp-content\/uploads\/sites\/23\/2024\/08\/tourisme-cap-ferret-phare.jpg\" alt=\"toerisme pet fret vuurtoren\" class=\"wp-image-1130\" srcset=\"https:\/\/www.lacanadienne.com\/wp-content\/uploads\/sites\/23\/2024\/08\/tourisme-cap-ferret-phare.jpg 1200w, https:\/\/www.lacanadienne.com\/wp-content\/uploads\/sites\/23\/2024\/08\/tourisme-cap-ferret-phare-300x200.jpg 300w, https:\/\/www.lacanadienne.com\/wp-content\/uploads\/sites\/23\/2024\/08\/tourisme-cap-ferret-phare-1024x683.jpg 1024w, https:\/\/www.lacanadienne.com\/wp-content\/uploads\/sites\/23\/2024\/08\/tourisme-cap-ferret-phare-768x512.jpg 768w\" sizes=\"(max-width: 1200px) 100vw, 1200px\" \/><\/a><\/figure>\n<\/div>\n\n\n\n<div class=\"wp-block-column is-vertically-aligned-center second animated fadeInRight slow is-layout-flow wp-block-column-is-layout-flow\" style=\"flex-basis:55%\">\n<h2 class=\"ls__heading wp-block-heading\">Wat te zien in L\u00e8ge-Cap-Ferret<\/h2>\n\n\n\n<p class=\"ls-paragraph\">Niet ver van Ar\u00e8s kun je profiteren van de rijkdom van het Cap Ferret-gebied om een aantal bezienswaardigheden te bezoeken. <strong>De plaatselijke vuurtoren<\/strong> biedt een uitzonderlijk panoramisch uitzicht over de omgeving.\nOp een hoogte van bijna 60 m kun je het Bassin van Arcachon vanuit elke hoek bewonderen! <\/p>\n\n\n\n<p class=\"ls-paragraph\">Fijnproevers zullen blij zijn als ze in bijna elk dorpje in L\u00e8ge-Cap-Ferret een <strong>degustatiehut<\/strong> vinden.\nGeopend van 11.30 tot 22.00 uur kun je verse streekproducten proeven in de open lucht.\nEen ervaring die je niet mag missen.\nMet de sfeer van het einde van de wereld kun je ook een bezoek brengen aan de <strong><a href=\"https:\/\/www.lege-capferret.com\/incontournable\/en-prendre-plein-les-yeux-a-la-pointe\/\">Pointe du Cap Ferret<\/a><\/strong>.\nWaar de landtong overgaat in de zee, vind je een van de mooiste uitzichtpunten van het Arcachon-bekken.    <\/p>\n<\/div>\n<\/div>\n\n\r\n    <\/div>\r\n<\/section><section id=\"ls-section-block_abd98288448168205703bfad9ae2b857\" class=\"ls-section  page-one has-background has-color-4-background-color has-m-b m-b-0 has-p-t p-t-14\" >\r\n        <div class=\"container container--wide\">\r\n        \n\n<div class=\"wp-block-columns is-layout-flex wp-container-core-columns-is-layout-3 wp-block-columns-is-layout-flex\">\n<div class=\"wp-block-column is-vertically-aligned-center first  animated fadeInLeft slow is-layout-flow wp-block-column-is-layout-flow\" style=\"flex-basis:55%\">\n<h2 class=\"ls__heading wp-block-heading\">Wat te doen in L\u00e8ge-Cap-Ferret<\/h2>\n\n\n\n<p class=\"ls-paragraph\">L\u00e8ge-Cap-Ferret, genesteld tussen de Atlantische Oceaan en het Bassin van Arcachon, biedt een <strong>veelheid aan activiteiten<\/strong> naar ieders smaak.\nBegin met een tocht over het schiereiland te paard, wat een totaal andere dimensie aan het gebied geeft.   <\/p>\n\n\n\n<p class=\"ls-paragraph\">Verken het natuurreservaat <a href=\"https:\/\/bassin-arcachon.com\/nos-incontournables\/les-pres-sales-dares-lege\/\" target=\"_blank\" rel=\"noreferrer noopener\">Pr\u00e9s Sal\u00e9s in Ar\u00e8s-L\u00e8ge<\/a> en dompel jezelf onder in de natuur. Watersportliefhebbers kunnen surfen, zeilen of paddleboarden op de oceaanstranden. <\/p>\n\n\n\n<p class=\"ls-paragraph\">Ontdek voor een gezinsuitstapje de pittoreske oesterkwekerijdorpjes en proef verse oesters.\nWandel- en <a href=\"https:\/\/www.lacanadienne.com\/nl\/camping-frankrijk-bekken-van-arcachon-fietspaden\/\">fietspaden<\/a> zullen outdoorliefhebbers zeker bevallen.\nProfiteer tot slot van de plaatselijke markten voor een authentieke culinaire ervaring.  <\/p>\n<\/div>\n\n\n\n<div class=\"wp-block-column second animated fadeInRight delay-100ms slow is-layout-flow wp-block-column-is-layout-flow\" style=\"flex-basis:45%\">\n<figure class=\"wp-block-image size-full\"><a href=\"https:\/\/www.lacanadienne.com\/wp-content\/uploads\/sites\/23\/2024\/08\/tourisme-cap-ferret-ballade.jpg\"><img decoding=\"async\" width=\"1200\" height=\"800\" src=\"https:\/\/www.lacanadienne.com\/wp-content\/uploads\/sites\/23\/2024\/08\/tourisme-cap-ferret-ballade.jpg\" alt=\"toerisme pet fret ballade\" class=\"wp-image-1135\" srcset=\"https:\/\/www.lacanadienne.com\/wp-content\/uploads\/sites\/23\/2024\/08\/tourisme-cap-ferret-ballade.jpg 1200w, https:\/\/www.lacanadienne.com\/wp-content\/uploads\/sites\/23\/2024\/08\/tourisme-cap-ferret-ballade-300x200.jpg 300w, https:\/\/www.lacanadienne.com\/wp-content\/uploads\/sites\/23\/2024\/08\/tourisme-cap-ferret-ballade-1024x683.jpg 1024w, https:\/\/www.lacanadienne.com\/wp-content\/uploads\/sites\/23\/2024\/08\/tourisme-cap-ferret-ballade-768x512.jpg 768w\" sizes=\"(max-width: 1200px) 100vw, 1200px\" \/><\/a><\/figure>\n<\/div>\n<\/div>\n\n\r\n    <\/div>\r\n<\/section><section id=\"ls-section-block_55d301c785853575d91167c673a32471\" class=\"ls-section  page-maillage experience has-m-t m-t-0 has-p-t p-t-10\" >\r\n        <div class=\"container container--wide\">\r\n        \n\n<div id=\"ls-heading ls-titre-div-block_6d9776a694d5b5c80572b7bf924ec34e\" class=\"ls-titre-div aligncenter h2-like\" >\n    <strong>Ontdek onze<\/strong> omgeving<\/div>\n\n\n<div id=\"ls-maillage-block_6e412802eff9b6aad36301d97e9f47b9\" class=\"ls-maillage cta-style-normal\" data-rows=\"3\">\n    <div class=\"wp-block-columns\"><div class=\"wp-block-column\"><div id=\"destinations\" class=\"ls-cta\">\n\n<a href=\"https:\/\/www.lacanadienne.com\/nl\/toerisme-andernos-les-bains-frankrijk\/\" target=\"\" rel=\"noopener\" class=\"ls-cta__link\">\n\n\t<div class=\"ls-cta__image\"><img decoding=\"async\" src=\"https:\/\/www.lacanadienne.com\/wp-content\/uploads\/sites\/23\/2024\/08\/tourisme-andernos-cabane.webp\" alt=\"toerisme andernos cabane\"><\/div>\n\t<div class=\"ls-cta__title\">\n\t\tOntdek Andernos-les-Bains\t<\/div>\n\n\t\t\n<\/a><\/div><\/div><div class=\"wp-block-column\"><div id=\"destinations\" class=\"ls-cta\">\n\n<a href=\"https:\/\/www.lacanadienne.com\/nl\/toerisme-lacanau-frankrijk\/\" target=\"\" rel=\"noopener\" class=\"ls-cta__link\">\n\n\t<div class=\"ls-cta__image\"><img decoding=\"async\" src=\"https:\/\/www.lacanadienne.com\/wp-content\/uploads\/sites\/23\/2024\/08\/tourisme-lacanau-paillotte.webp\" alt=\"toerisme lacanau paillotte\"><\/div>\n\t<div class=\"ls-cta__title\">\n\t\tOntdek Lacanau\t<\/div>\n\n\t\t\n<\/a><\/div><\/div><div class=\"wp-block-column\"><div id=\"destinations\" class=\"ls-cta\">\n\n<a href=\"https:\/\/www.lacanadienne.com\/nl\/toerisme-bordeaux-frankrijk\/\" target=\"\" rel=\"noopener\" class=\"ls-cta__link\">\n\n\t<div class=\"ls-cta__image\"><img decoding=\"async\" src=\"https:\/\/www.lacanadienne.com\/wp-content\/uploads\/sites\/23\/2024\/08\/miroir-eau-tourisme-bordeaux.webp\" alt=\"spiegel water toerisme bordeaux\"><\/div>\n\t<div class=\"ls-cta__title\">\n\t\tOntdek Bordeaux\t<\/div>\n\n\t\t\n<\/a><\/div><\/div><\/div><\/div>\n\r\n    <\/div>\r\n<\/section>","protected":false},"excerpt":{"rendered":"","protected":false},"author":1,"featured_media":1156,"parent":0,"menu_order":0,"comment_status":"closed","ping_status":"closed","template":"","meta":{"_acf_changed":false,"footnotes":""},"sujet":[],"class_list":["post-2652","page","type-page","status-publish","has-post-thumbnail","hentry"],"acf":[],"yoast_head":"<!-- This site is optimized with the Yoast SEO plugin v23.9 - https:\/\/yoast.com\/wordpress\/plugins\/seo\/ -->\n<title>Toerisme in L\u00e8ge-Cap-Ferret | Bezoek, ontdek L\u00e8ge-Cap-Ferret<\/title>\n<meta name=\"description\" content=\"Verblijf in de buurt van L\u00e8ge-Cap-Ferret, ten westen van het Bassin d&#039;Arcachon, de landtong en zandvlakte die de Atlantische Oceaan scheidt van het Bassin.\" \/>\n<meta name=\"robots\" content=\"index, follow, max-snippet:-1, max-image-preview:large, max-video-preview:-1\" \/>\n<link rel=\"canonical\" href=\"https:\/\/www.lacanadienne.com\/nl\/toerisme-cap-ferret-frankrijk\/\" \/>\n<meta property=\"og:locale\" content=\"nl_NL\" \/>\n<meta property=\"og:type\" content=\"article\" \/>\n<meta property=\"og:title\" content=\"Toerisme in L\u00e8ge-Cap-Ferret | Bezoek, ontdek L\u00e8ge-Cap-Ferret\" \/>\n<meta property=\"og:description\" content=\"Verblijf in de buurt van L\u00e8ge-Cap-Ferret, ten westen van het Bassin d&#039;Arcachon, de landtong en zandvlakte die de Atlantische Oceaan scheidt van het Bassin.\" \/>\n<meta property=\"og:url\" content=\"https:\/\/www.lacanadienne.com\/nl\/toerisme-cap-ferret-frankrijk\/\" \/>\n<meta property=\"og:site_name\" content=\"Camping La Canadienne\" \/>\n<meta property=\"article:modified_time\" content=\"2024-11-15T08:44:44+00:00\" \/>\n<meta property=\"og:image\" content=\"https:\/\/www.lacanadienne.com\/wp-content\/uploads\/sites\/23\/2024\/08\/tourisme-cap-ferret-camping-bassin-arcachon.webp\" \/>\n\t<meta property=\"og:image:width\" content=\"2000\" \/>\n\t<meta property=\"og:image:height\" content=\"800\" \/>\n\t<meta property=\"og:image:type\" content=\"image\/webp\" \/>\n<meta name=\"twitter:card\" content=\"summary_large_image\" \/>\n<meta name=\"twitter:label1\" content=\"Geschatte leestijd\" \/>\n\t<meta name=\"twitter:data1\" content=\"3 minuten\" \/>\n<script type=\"application\/ld+json\" class=\"yoast-schema-graph\">{\"@context\":\"https:\/\/schema.org\",\"@graph\":[{\"@type\":\"WebPage\",\"@id\":\"https:\/\/www.lacanadienne.com\/nl\/toerisme-cap-ferret-frankrijk\/\",\"url\":\"https:\/\/www.lacanadienne.com\/nl\/toerisme-cap-ferret-frankrijk\/\",\"name\":\"Toerisme in L\u00e8ge-Cap-Ferret | Bezoek, ontdek L\u00e8ge-Cap-Ferret\",\"isPartOf\":{\"@id\":\"https:\/\/www.lacanadienne.com\/nl\/#website\"},\"primaryImageOfPage\":{\"@id\":\"https:\/\/www.lacanadienne.com\/nl\/toerisme-cap-ferret-frankrijk\/#primaryimage\"},\"image\":{\"@id\":\"https:\/\/www.lacanadienne.com\/nl\/toerisme-cap-ferret-frankrijk\/#primaryimage\"},\"thumbnailUrl\":\"https:\/\/www.lacanadienne.com\/wp-content\/uploads\/sites\/23\/2024\/08\/tourisme-cap-ferret-camping-bassin-arcachon.webp\",\"datePublished\":\"2024-08-07T14:02:15+00:00\",\"dateModified\":\"2024-11-15T08:44:44+00:00\",\"description\":\"Verblijf in de buurt van L\u00e8ge-Cap-Ferret, ten westen van het Bassin d'Arcachon, de landtong en zandvlakte die de Atlantische Oceaan scheidt van het Bassin.\",\"breadcrumb\":{\"@id\":\"https:\/\/www.lacanadienne.com\/nl\/toerisme-cap-ferret-frankrijk\/#breadcrumb\"},\"inLanguage\":\"nl-NL\",\"potentialAction\":[{\"@type\":\"ReadAction\",\"target\":[\"https:\/\/www.lacanadienne.com\/nl\/toerisme-cap-ferret-frankrijk\/\"]}]},{\"@type\":\"ImageObject\",\"inLanguage\":\"nl-NL\",\"@id\":\"https:\/\/www.lacanadienne.com\/nl\/toerisme-cap-ferret-frankrijk\/#primaryimage\",\"url\":\"https:\/\/www.lacanadienne.com\/wp-content\/uploads\/sites\/23\/2024\/08\/tourisme-cap-ferret-camping-bassin-arcachon.webp\",\"contentUrl\":\"https:\/\/www.lacanadienne.com\/wp-content\/uploads\/sites\/23\/2024\/08\/tourisme-cap-ferret-camping-bassin-arcachon.webp\",\"width\":2000,\"height\":800,\"caption\":\"toerisme pet fret camping bassin arcachon\"},{\"@type\":\"BreadcrumbList\",\"@id\":\"https:\/\/www.lacanadienne.com\/nl\/toerisme-cap-ferret-frankrijk\/#breadcrumb\",\"itemListElement\":[{\"@type\":\"ListItem\",\"position\":1,\"name\":\"Camping Bassin d\u2019Arcachon\",\"item\":\"https:\/\/www.lacanadienne.com\/nl\/\"},{\"@type\":\"ListItem\",\"position\":2,\"name\":\"Ontdek L\u00e8ge-Cap-Ferret\"}]},{\"@type\":\"WebSite\",\"@id\":\"https:\/\/www.lacanadienne.com\/nl\/#website\",\"url\":\"https:\/\/www.lacanadienne.com\/nl\/\",\"name\":\"Camping La Canadienne\",\"description\":\"\",\"publisher\":{\"@id\":\"https:\/\/www.lacanadienne.com\/nl\/#organization\"},\"potentialAction\":[{\"@type\":\"SearchAction\",\"target\":{\"@type\":\"EntryPoint\",\"urlTemplate\":\"https:\/\/www.lacanadienne.com\/nl\/?s={search_term_string}\"},\"query-input\":{\"@type\":\"PropertyValueSpecification\",\"valueRequired\":true,\"valueName\":\"search_term_string\"}}],\"inLanguage\":\"nl-NL\"},{\"@type\":\"Organization\",\"@id\":\"https:\/\/www.lacanadienne.com\/nl\/#organization\",\"name\":\"Camping La Canadienne\",\"url\":\"https:\/\/www.lacanadienne.com\/nl\/\",\"logo\":{\"@type\":\"ImageObject\",\"inLanguage\":\"nl-NL\",\"@id\":\"https:\/\/www.lacanadienne.com\/nl\/#\/schema\/logo\/image\/\",\"url\":\"https:\/\/www.lacanadienne.com\/wp-content\/uploads\/sites\/23\/2024\/09\/cropped-logo-Flower-camping-La-Canadienne.png\",\"contentUrl\":\"https:\/\/www.lacanadienne.com\/wp-content\/uploads\/sites\/23\/2024\/09\/cropped-logo-Flower-camping-La-Canadienne.png\",\"width\":500,\"height\":660,\"caption\":\"Camping La Canadienne\"},\"image\":{\"@id\":\"https:\/\/www.lacanadienne.com\/nl\/#\/schema\/logo\/image\/\"}}]}<\/script>\n<!-- \/ Yoast SEO plugin. -->","yoast_head_json":{"title":"Toerisme in L\u00e8ge-Cap-Ferret | Bezoek, ontdek L\u00e8ge-Cap-Ferret","description":"Verblijf in de buurt van L\u00e8ge-Cap-Ferret, ten westen van het Bassin d'Arcachon, de landtong en zandvlakte die de Atlantische Oceaan scheidt van het Bassin.","robots":{"index":"index","follow":"follow","max-snippet":"max-snippet:-1","max-image-preview":"max-image-preview:large","max-video-preview":"max-video-preview:-1"},"canonical":"https:\/\/www.lacanadienne.com\/nl\/toerisme-cap-ferret-frankrijk\/","og_locale":"nl_NL","og_type":"article","og_title":"Toerisme in L\u00e8ge-Cap-Ferret | Bezoek, ontdek L\u00e8ge-Cap-Ferret","og_description":"Verblijf in de buurt van L\u00e8ge-Cap-Ferret, ten westen van het Bassin d'Arcachon, de landtong en zandvlakte die de Atlantische Oceaan scheidt van het Bassin.","og_url":"https:\/\/www.lacanadienne.com\/nl\/toerisme-cap-ferret-frankrijk\/","og_site_name":"Camping La Canadienne","article_modified_time":"2024-11-15T08:44:44+00:00","og_image":[{"width":2000,"height":800,"url":"https:\/\/www.lacanadienne.com\/wp-content\/uploads\/sites\/23\/2024\/08\/tourisme-cap-ferret-camping-bassin-arcachon.webp","type":"image\/webp"}],"twitter_card":"summary_large_image","twitter_misc":{"Geschatte leestijd":"3 minuten"},"schema":{"@context":"https:\/\/schema.org","@graph":[{"@type":"WebPage","@id":"https:\/\/www.lacanadienne.com\/nl\/toerisme-cap-ferret-frankrijk\/","url":"https:\/\/www.lacanadienne.com\/nl\/toerisme-cap-ferret-frankrijk\/","name":"Toerisme in L\u00e8ge-Cap-Ferret | Bezoek, ontdek L\u00e8ge-Cap-Ferret","isPartOf":{"@id":"https:\/\/www.lacanadienne.com\/nl\/#website"},"primaryImageOfPage":{"@id":"https:\/\/www.lacanadienne.com\/nl\/toerisme-cap-ferret-frankrijk\/#primaryimage"},"image":{"@id":"https:\/\/www.lacanadienne.com\/nl\/toerisme-cap-ferret-frankrijk\/#primaryimage"},"thumbnailUrl":"https:\/\/www.lacanadienne.com\/wp-content\/uploads\/sites\/23\/2024\/08\/tourisme-cap-ferret-camping-bassin-arcachon.webp","datePublished":"2024-08-07T14:02:15+00:00","dateModified":"2024-11-15T08:44:44+00:00","description":"Verblijf in de buurt van L\u00e8ge-Cap-Ferret, ten westen van het Bassin d'Arcachon, de landtong en zandvlakte die de Atlantische Oceaan scheidt van het Bassin.","breadcrumb":{"@id":"https:\/\/www.lacanadienne.com\/nl\/toerisme-cap-ferret-frankrijk\/#breadcrumb"},"inLanguage":"nl-NL","potentialAction":[{"@type":"ReadAction","target":["https:\/\/www.lacanadienne.com\/nl\/toerisme-cap-ferret-frankrijk\/"]}]},{"@type":"ImageObject","inLanguage":"nl-NL","@id":"https:\/\/www.lacanadienne.com\/nl\/toerisme-cap-ferret-frankrijk\/#primaryimage","url":"https:\/\/www.lacanadienne.com\/wp-content\/uploads\/sites\/23\/2024\/08\/tourisme-cap-ferret-camping-bassin-arcachon.webp","contentUrl":"https:\/\/www.lacanadienne.com\/wp-content\/uploads\/sites\/23\/2024\/08\/tourisme-cap-ferret-camping-bassin-arcachon.webp","width":2000,"height":800,"caption":"toerisme pet fret camping bassin arcachon"},{"@type":"BreadcrumbList","@id":"https:\/\/www.lacanadienne.com\/nl\/toerisme-cap-ferret-frankrijk\/#breadcrumb","itemListElement":[{"@type":"ListItem","position":1,"name":"Camping Bassin d\u2019Arcachon","item":"https:\/\/www.lacanadienne.com\/nl\/"},{"@type":"ListItem","position":2,"name":"Ontdek L\u00e8ge-Cap-Ferret"}]},{"@type":"WebSite","@id":"https:\/\/www.lacanadienne.com\/nl\/#website","url":"https:\/\/www.lacanadienne.com\/nl\/","name":"Camping La Canadienne","description":"","publisher":{"@id":"https:\/\/www.lacanadienne.com\/nl\/#organization"},"potentialAction":[{"@type":"SearchAction","target":{"@type":"EntryPoint","urlTemplate":"https:\/\/www.lacanadienne.com\/nl\/?s={search_term_string}"},"query-input":{"@type":"PropertyValueSpecification","valueRequired":true,"valueName":"search_term_string"}}],"inLanguage":"nl-NL"},{"@type":"Organization","@id":"https:\/\/www.lacanadienne.com\/nl\/#organization","name":"Camping La Canadienne","url":"https:\/\/www.lacanadienne.com\/nl\/","logo":{"@type":"ImageObject","inLanguage":"nl-NL","@id":"https:\/\/www.lacanadienne.com\/nl\/#\/schema\/logo\/image\/","url":"https:\/\/www.lacanadienne.com\/wp-content\/uploads\/sites\/23\/2024\/09\/cropped-logo-Flower-camping-La-Canadienne.png","contentUrl":"https:\/\/www.lacanadienne.com\/wp-content\/uploads\/sites\/23\/2024\/09\/cropped-logo-Flower-camping-La-Canadienne.png","width":500,"height":660,"caption":"Camping La Canadienne"},"image":{"@id":"https:\/\/www.lacanadienne.com\/nl\/#\/schema\/logo\/image\/"}}]}},"_links":{"self":[{"href":"https:\/\/www.lacanadienne.com\/nl\/wp-json\/wp\/v2\/pages\/2652","targetHints":{"allow":["GET"]}}],"collection":[{"href":"https:\/\/www.lacanadienne.com\/nl\/wp-json\/wp\/v2\/pages"}],"about":[{"href":"https:\/\/www.lacanadienne.com\/nl\/wp-json\/wp\/v2\/types\/page"}],"author":[{"embeddable":true,"href":"https:\/\/www.lacanadienne.com\/nl\/wp-json\/wp\/v2\/users\/1"}],"replies":[{"embeddable":true,"href":"https:\/\/www.lacanadienne.com\/nl\/wp-json\/wp\/v2\/comments?post=2652"}],"version-history":[{"count":2,"href":"https:\/\/www.lacanadienne.com\/nl\/wp-json\/wp\/v2\/pages\/2652\/revisions"}],"predecessor-version":[{"id":3716,"href":"https:\/\/www.lacanadienne.com\/nl\/wp-json\/wp\/v2\/pages\/2652\/revisions\/3716"}],"wp:featuredmedia":[{"embeddable":true,"href":"https:\/\/www.lacanadienne.com\/nl\/wp-json\/wp\/v2\/media\/1156"}],"wp:attachment":[{"href":"https:\/\/www.lacanadienne.com\/nl\/wp-json\/wp\/v2\/media?parent=2652"}],"wp:term":[{"taxonomy":"sujet","embeddable":true,"href":"https:\/\/www.lacanadienne.com\/nl\/wp-json\/wp\/v2\/sujet?post=2652"}],"curies":[{"name":"wp","href":"https:\/\/api.w.org\/{rel}","templated":true}]}}