{"id":2708,"date":"2024-08-07T14:01:24","date_gmt":"2024-08-07T14:01:24","guid":{"rendered":"https:\/\/www.lacanadienne.com\/toerisme-ares-frankrijk\/"},"modified":"2024-11-15T08:44:38","modified_gmt":"2024-11-15T08:44:38","slug":"toerisme-ares-frankrijk","status":"publish","type":"page","link":"https:\/\/www.lacanadienne.com\/nl\/toerisme-ares-frankrijk\/","title":{"rendered":"Ares"},"content":{"rendered":"<section id=\"ls-section-block_90376a38f629f219b40ed36d959c5534\" class=\"ls-section  page-one has-background has-color-4-background-color has-m-t m-t-0 has-m-b m-b-0 has-p-t p-t-14 has-p-b p-b-14\" >\r\n        <div class=\"container container--wide\">\r\n        \n\n<div class=\"wp-block-columns is-layout-flex wp-container-core-columns-is-layout-1 wp-block-columns-is-layout-flex\">\n<div class=\"wp-block-column animated fadeInLeft delay-100ms slow is-layout-flow wp-block-column-is-layout-flow\" style=\"flex-basis:45%\">\n<figure class=\"wp-block-image size-full\"><a href=\"https:\/\/www.lacanadienne.com\/wp-content\/uploads\/sites\/23\/2024\/08\/camping-velo-arcachon.jpg\"><img decoding=\"async\" width=\"800\" height=\"532\" src=\"https:\/\/www.lacanadienne.com\/wp-content\/uploads\/sites\/23\/2024\/08\/camping-velo-arcachon.jpg\" alt=\"camping velo arcachon\" class=\"wp-image-1049\" srcset=\"https:\/\/www.lacanadienne.com\/wp-content\/uploads\/sites\/23\/2024\/08\/camping-velo-arcachon.jpg 800w, https:\/\/www.lacanadienne.com\/wp-content\/uploads\/sites\/23\/2024\/08\/camping-velo-arcachon-300x200.jpg 300w, https:\/\/www.lacanadienne.com\/wp-content\/uploads\/sites\/23\/2024\/08\/camping-velo-arcachon-768x511.jpg 768w\" sizes=\"(max-width: 800px) 100vw, 800px\" \/><\/a><\/figure>\n<\/div>\n\n\n\n<div class=\"wp-block-column is-vertically-aligned-center animated fadeInRight slow is-layout-flow wp-block-column-is-layout-flow\" style=\"flex-basis:55%\">\n<h1 class=\"ls__heading wp-block-heading\">Welkom in Ar\u00e8s<\/h1>\n\n\n\n<p class=\"ls-paragraph\">Wanneer je verblijft op je <a href=\"https:\/\/www.lacanadienne.com\/nl\/kampeerplaatsen-arcachon-frankrijk\/\">campingplaats<\/a> of in je huuraccommodatie <a href=\"https:\/\/www.lacanadienne.com\/nl\/stacaravan-huren-ares\/\">in een stacaravan<\/a>, bevind je je in het hart van de charmante gemeente Ar\u00e8s. Dit gebied, dat uitkijkt op het <a href=\"https:\/\/www.lacanadienne.com\/nl\/toerisme-bassin-arcachon-frankrijk\/\">Bassin van Arcachon<\/a>, staat bekend om zijn natuurgebieden, met name het natuurreservaat Pr\u00e9s Sal\u00e9s. Talloze vogelsoorten komen hier hun toevlucht zoeken en leven.  <\/p>\n\n\n\n<p class=\"ls-paragraph\">Je kunt ze spotten tijdens een wandeling over de wandel- en <a href=\"https:\/\/www.lacanadienne.com\/nl\/camping-frankrijk-bekken-van-arcachon-fietspaden\/\">fietspaden<\/a> van de Gironde. Met een verrekijker kun je van een rustige wandeling langs de oevers van het Bassin van Arcachon een prachtig avontuur maken om <strong>de lokale fauna te observeren<\/strong>. <span id=\"docs-internal-guid-34e09728-7fff-c978-9ab3-b23680d9d530\"><\/span><\/p>\n<\/div>\n<\/div>\n\n\r\n    <\/div>\r\n<\/section><section id=\"ls-section-block_2e2ca9e72e0b9720db7a2f2c4727c8ae\" class=\"ls-section  home-gallery has-background has-color-4-background-color has-m-t m-t-0 has-p-t p-t-0\" >\r\n        <div class=\"container container--full\">\r\n        \n\n<figure class=\"wp-block-gallery has-nested-images columns-1 is-cropped galerie-slider-container wp-block-gallery-1 is-layout-flex wp-block-gallery-is-layout-flex\">\n<figure class=\"wp-block-image size-full\"><a href=\"https:\/\/www.lacanadienne.com\/wp-content\/uploads\/sites\/23\/2024\/08\/tourisme-ares-jetee.webp\"><img decoding=\"async\" width=\"1200\" height=\"800\" src=\"https:\/\/www.lacanadienne.com\/wp-content\/uploads\/sites\/23\/2024\/08\/tourisme-ares-jetee.webp\" alt=\"toerisme ares jetee\" class=\"wp-image-1267\" srcset=\"https:\/\/www.lacanadienne.com\/wp-content\/uploads\/sites\/23\/2024\/08\/tourisme-ares-jetee.webp 1200w, https:\/\/www.lacanadienne.com\/wp-content\/uploads\/sites\/23\/2024\/08\/tourisme-ares-jetee-300x200.webp 300w, https:\/\/www.lacanadienne.com\/wp-content\/uploads\/sites\/23\/2024\/08\/tourisme-ares-jetee-1024x683.webp 1024w, https:\/\/www.lacanadienne.com\/wp-content\/uploads\/sites\/23\/2024\/08\/tourisme-ares-jetee-768x512.webp 768w\" sizes=\"(max-width: 1200px) 100vw, 1200px\" \/><\/a><\/figure>\n\n\n\n<figure class=\"wp-block-image size-full\"><a href=\"https:\/\/www.lacanadienne.com\/wp-content\/uploads\/sites\/23\/2024\/08\/tourisme-arcachon-catamaran.webp\"><img decoding=\"async\" width=\"1200\" height=\"800\" src=\"https:\/\/www.lacanadienne.com\/wp-content\/uploads\/sites\/23\/2024\/08\/tourisme-arcachon-catamaran.webp\" alt=\"arcachon catamaran toerisme\" class=\"wp-image-1213\" srcset=\"https:\/\/www.lacanadienne.com\/wp-content\/uploads\/sites\/23\/2024\/08\/tourisme-arcachon-catamaran.webp 1200w, https:\/\/www.lacanadienne.com\/wp-content\/uploads\/sites\/23\/2024\/08\/tourisme-arcachon-catamaran-300x200.webp 300w, https:\/\/www.lacanadienne.com\/wp-content\/uploads\/sites\/23\/2024\/08\/tourisme-arcachon-catamaran-1024x683.webp 1024w, https:\/\/www.lacanadienne.com\/wp-content\/uploads\/sites\/23\/2024\/08\/tourisme-arcachon-catamaran-768x512.webp 768w\" sizes=\"(max-width: 1200px) 100vw, 1200px\" \/><\/a><\/figure>\n\n\n\n<figure class=\"wp-block-image size-full\"><a href=\"https:\/\/www.lacanadienne.com\/wp-content\/uploads\/sites\/23\/2024\/08\/pistes-cyclables-a-ares-arcachon.jpg\"><img decoding=\"async\" width=\"586\" height=\"650\" src=\"https:\/\/www.lacanadienne.com\/wp-content\/uploads\/sites\/23\/2024\/08\/pistes-cyclables-a-ares-arcachon.jpg\" alt=\"fietspaden in ares arcachon\" class=\"wp-image-1055\" srcset=\"https:\/\/www.lacanadienne.com\/wp-content\/uploads\/sites\/23\/2024\/08\/pistes-cyclables-a-ares-arcachon.jpg 586w, https:\/\/www.lacanadienne.com\/wp-content\/uploads\/sites\/23\/2024\/08\/pistes-cyclables-a-ares-arcachon-270x300.jpg 270w\" sizes=\"(max-width: 586px) 100vw, 586px\" \/><\/a><\/figure>\n<\/figure>\n\n\r\n    <\/div>\r\n<\/section><section id=\"ls-section-block_21dc83940419a8cd8dc4e692cc40b4c5\" class=\"ls-section  page-one aventure\" >\r\n        <div class=\"container container--wide\">\r\n        \n\n<div class=\"wp-block-columns is-layout-flex wp-container-core-columns-is-layout-2 wp-block-columns-is-layout-flex\">\n<div class=\"wp-block-column first animated fadeInLeft delay-100ms slow is-layout-flow wp-block-column-is-layout-flow\" style=\"flex-basis:45%\">\n<figure class=\"wp-block-image size-full\"><a href=\"https:\/\/www.lacanadienne.com\/wp-content\/uploads\/sites\/23\/2024\/08\/tourisme-ares-pres-sales.webp\"><img decoding=\"async\" width=\"1200\" height=\"800\" src=\"https:\/\/www.lacanadienne.com\/wp-content\/uploads\/sites\/23\/2024\/08\/tourisme-ares-pres-sales.webp\" alt=\"toerisme ares pres verkoop\" class=\"wp-image-1257\" srcset=\"https:\/\/www.lacanadienne.com\/wp-content\/uploads\/sites\/23\/2024\/08\/tourisme-ares-pres-sales.webp 1200w, https:\/\/www.lacanadienne.com\/wp-content\/uploads\/sites\/23\/2024\/08\/tourisme-ares-pres-sales-300x200.webp 300w, https:\/\/www.lacanadienne.com\/wp-content\/uploads\/sites\/23\/2024\/08\/tourisme-ares-pres-sales-1024x683.webp 1024w, https:\/\/www.lacanadienne.com\/wp-content\/uploads\/sites\/23\/2024\/08\/tourisme-ares-pres-sales-768x512.webp 768w\" sizes=\"(max-width: 1200px) 100vw, 1200px\" \/><\/a><\/figure>\n<\/div>\n\n\n\n<div class=\"wp-block-column is-vertically-aligned-center second animated fadeInRight slow is-layout-flow wp-block-column-is-layout-flow\" style=\"flex-basis:55%\">\n<h2 class=\"ls__heading wp-block-heading\">Wat te zien in Ar\u00e8s<\/h2>\n\n\n\n<p class=\"ls-paragraph\">Ar\u00e8s heeft ook <strong>een bos en rustige plekjes<\/strong> waar je je kunt opladen, ontspannen en je vermaken.\nOntdek op een paar minuten van je tent, caravan, camper of <strong>stacaravan<\/strong> een vredige en aangename plek om te wonen.\nDeze kleine kustplaats is ideaal om <strong>te wandelen langs de oevers van het Bassin van Arcachon<\/strong>.\nMet uitzicht op zee heb je volop mogelijkheden om te wandelen of om achterover te leunen en te genieten van een maaltijd of verfrissing op een zonnig terras met uitzicht op de kades.   <\/p>\n\n\n\n<p class=\"ls-paragraph\">Wanneer je op de camping verblijft, ligt de <a href=\"https:\/\/ville-ares.fr\/\" target=\"_blank\" rel=\"noreferrer noopener\">gemeente Ar\u00e8s<\/a> binnen handbereik en zijn er tal van bezienswaardigheden die je kunt bezoeken. Natuurliefhebbers kunnen hun hart ophalen in het natuurreservaat <a href=\"https:\/\/www.ares-tourisme.com\/en\/\" target=\"_blank\" rel=\"noreferrer noopener\">Pr\u00e9s Sal\u00e9s<\/a> en het<strong>kwetsbare natuurgebied Saint Brice<\/strong>, ideaal voor wandelingen met vrienden of familie. De <strong>Tour d&#8217;Ar\u00e8s<\/strong> lijkt op een klein fort in het hart van het dorp. In werkelijkheid was het een molen. Dit bijzondere gebouw bestaat al sinds 1840. Ontdek het<strong>Aerium<\/strong>, een oud gebouw dat werd gebruikt om kinderen te huisvesten die zwak of herstellend waren. Met uitzicht op de Atlantische Oceaan is het nu een merkwaardige plek die zijn stempel op de geschiedenis heeft gedrukt.      <\/p>\n<\/div>\n<\/div>\n\n\r\n    <\/div>\r\n<\/section><section id=\"ls-section-block_ab402dc7eb3c606579a4685536ed67a4\" class=\"ls-section  page-one has-background has-color-4-background-color has-m-b m-b-0 has-p-t p-t-14\" >\r\n        <div class=\"container container--wide\">\r\n        \n\n<div class=\"wp-block-columns is-layout-flex wp-container-core-columns-is-layout-3 wp-block-columns-is-layout-flex\">\n<div class=\"wp-block-column is-vertically-aligned-center first  animated fadeInLeft slow is-layout-flow wp-block-column-is-layout-flow\" style=\"flex-basis:55%\">\n<h2 class=\"ls__heading wp-block-heading\">Wat te doen in Ar\u00e8s<\/h2>\n\n\n\n<p class=\"ls-paragraph\">Ar\u00e8s, een charmante gemeente aan het Bassin van Arcachon, heeft bezoekers veel te bieden. Begin met een wandeling langs <strong>het sentier du Littoral<\/strong>, perfect om de natuurlijke schoonheid van het gebied te bewonderen. Verken het natuurreservaat <strong>Pr\u00e9s Sal\u00e9s<\/strong>, een toevluchtsoord voor natuurliefhebbers en vogelaars. Bezoek voor een vleugje geschiedenis de 19e-eeuwse <strong>kerk Saint-Vincent<\/strong>.    <\/p>\n\n\n\n<p class=\"ls-paragraph\">Profiteer van de fijne zandstranden om te zwemmen of gewoon te ontspannen.\nWatersportliefhebbers kunnen hun hart ophalen met paddleboarden, zeilen en kajakken.\nMis de plaatselijke markt niet, waar je plaatselijke producten kunt proeven en verse oesters kunt proeven.\nTot slot is Ar\u00e8s het ideale startpunt voor een fietstocht rond het stroomgebied.   <\/p>\n<\/div>\n\n\n\n<div class=\"wp-block-column second animated fadeInRight delay-100ms slow is-layout-flow wp-block-column-is-layout-flow\" style=\"flex-basis:45%\">\n<figure class=\"wp-block-image size-full\"><a href=\"https:\/\/www.lacanadienne.com\/wp-content\/uploads\/sites\/23\/2024\/08\/tourisme-ares-huitres.webp\"><img decoding=\"async\" width=\"1200\" height=\"800\" src=\"https:\/\/www.lacanadienne.com\/wp-content\/uploads\/sites\/23\/2024\/08\/tourisme-ares-huitres.webp\" alt=\"toerisme ares huitres\" class=\"wp-image-1262\" srcset=\"https:\/\/www.lacanadienne.com\/wp-content\/uploads\/sites\/23\/2024\/08\/tourisme-ares-huitres.webp 1200w, https:\/\/www.lacanadienne.com\/wp-content\/uploads\/sites\/23\/2024\/08\/tourisme-ares-huitres-300x200.webp 300w, https:\/\/www.lacanadienne.com\/wp-content\/uploads\/sites\/23\/2024\/08\/tourisme-ares-huitres-1024x683.webp 1024w, https:\/\/www.lacanadienne.com\/wp-content\/uploads\/sites\/23\/2024\/08\/tourisme-ares-huitres-768x512.webp 768w\" sizes=\"(max-width: 1200px) 100vw, 1200px\" \/><\/a><\/figure>\n<\/div>\n<\/div>\n\n\r\n    <\/div>\r\n<\/section><section id=\"ls-section-block_7b25956c1d17505fa71d6394c4c5d3af\" class=\"ls-section  page-maillage experience has-m-t m-t-0 has-p-t p-t-10\" >\r\n        <div class=\"container container--wide\">\r\n        \n\n<div id=\"ls-heading ls-titre-div-block_e8835543f9aa944866da27daa4745c5d\" class=\"ls-titre-div aligncenter h2-like\" >\n    <strong>Ontdek onze<\/strong> omgeving<\/div>\n\n\n<div id=\"ls-maillage-block_50cd6ed29cfad92364ad74aa49707470\" class=\"ls-maillage cta-style-normal\" data-rows=\"3\">\n    <div class=\"wp-block-columns\"><div class=\"wp-block-column\"><div id=\"destinations\" class=\"ls-cta\">\n\n<a href=\"https:\/\/www.lacanadienne.com\/nl\/toerisme-dune-du-pilat-frankrijk\/\" target=\"\" rel=\"noopener\" class=\"ls-cta__link\">\n\n\t<div class=\"ls-cta__image\"><img decoding=\"async\" src=\"https:\/\/www.lacanadienne.com\/wp-content\/uploads\/sites\/23\/2024\/08\/camping-canadienne-dune-pilat.webp\" alt=\"camping canadienne duin pilat\"><\/div>\n\t<div class=\"ls-cta__title\">\n\t\tOntdek de Pilat Duin\t<\/div>\n\n\t\t\n<\/a><\/div><\/div><div class=\"wp-block-column\"><div id=\"destinations\" class=\"ls-cta\">\n\n<a href=\"https:\/\/www.lacanadienne.com\/nl\/toerisme-cap-ferret-frankrijk\/\" target=\"\" rel=\"noopener\" class=\"ls-cta__link\">\n\n\t<div class=\"ls-cta__image\"><img decoding=\"async\" src=\"https:\/\/www.lacanadienne.com\/wp-content\/uploads\/sites\/23\/2024\/08\/tourisme-cap-ferret-bateau.jpg\" alt=\"toerisme pet fret boot\"><\/div>\n\t<div class=\"ls-cta__title\">\n\t\tOntdek L\u00e8ge-Cap-Ferret\t<\/div>\n\n\t\t\n<\/a><\/div><\/div><div class=\"wp-block-column\"><div id=\"destinations\" class=\"ls-cta\">\n\n<a href=\"https:\/\/www.lacanadienne.com\/nl\/toerisme-arcachon-frankrijk\/\" target=\"\" rel=\"noopener\" class=\"ls-cta__link\">\n\n\t<div class=\"ls-cta__image\"><img decoding=\"async\" src=\"https:\/\/www.lacanadienne.com\/wp-content\/uploads\/sites\/23\/2024\/08\/tourisme-arcachon-catamaran.webp\" alt=\"arcachon catamaran toerisme\"><\/div>\n\t<div class=\"ls-cta__title\">\n\t\tOntdek Arcachon\t<\/div>\n\n\t\t\n<\/a><\/div><\/div><\/div><\/div>\n\r\n    <\/div>\r\n<\/section>","protected":false},"excerpt":{"rendered":"","protected":false},"author":1,"featured_media":1280,"parent":0,"menu_order":0,"comment_status":"closed","ping_status":"closed","template":"","meta":{"_acf_changed":false,"footnotes":""},"sujet":[],"class_list":["post-2708","page","type-page","status-publish","has-post-thumbnail","hentry"],"acf":[],"yoast_head":"<!-- This site is optimized with the Yoast SEO plugin v23.9 - https:\/\/yoast.com\/wordpress\/plugins\/seo\/ -->\n<title>Toerisme in Ar\u00e8s aan de baai van Arcachon | Bezoek, ontdek Ar\u00e8s<\/title>\n<meta name=\"description\" content=\"Bezoek Ar\u00e8s, aan de baai van Arcachon: vanaf onze camping kunt u genieten van een natuurvakantie terwijl u toch dicht bij een charmant stadje bent.\" \/>\n<meta name=\"robots\" content=\"index, follow, max-snippet:-1, max-image-preview:large, max-video-preview:-1\" \/>\n<link rel=\"canonical\" href=\"https:\/\/www.lacanadienne.com\/nl\/toerisme-ares-frankrijk\/\" \/>\n<meta property=\"og:locale\" content=\"nl_NL\" \/>\n<meta property=\"og:type\" content=\"article\" \/>\n<meta property=\"og:title\" content=\"Toerisme in Ar\u00e8s aan de baai van Arcachon | Bezoek, ontdek Ar\u00e8s\" \/>\n<meta property=\"og:description\" content=\"Bezoek Ar\u00e8s, aan de baai van Arcachon: vanaf onze camping kunt u genieten van een natuurvakantie terwijl u toch dicht bij een charmant stadje bent.\" \/>\n<meta property=\"og:url\" content=\"https:\/\/www.lacanadienne.com\/nl\/toerisme-ares-frankrijk\/\" \/>\n<meta property=\"og:site_name\" content=\"Camping La Canadienne\" \/>\n<meta property=\"article:modified_time\" content=\"2024-11-15T08:44:38+00:00\" \/>\n<meta property=\"og:image\" content=\"https:\/\/www.lacanadienne.com\/wp-content\/uploads\/sites\/23\/2024\/08\/tourisme-ares-camping-arcachon.webp\" \/>\n\t<meta property=\"og:image:width\" content=\"2000\" \/>\n\t<meta property=\"og:image:height\" content=\"800\" \/>\n\t<meta property=\"og:image:type\" content=\"image\/webp\" \/>\n<meta name=\"twitter:card\" content=\"summary_large_image\" \/>\n<meta name=\"twitter:label1\" content=\"Geschatte leestijd\" \/>\n\t<meta name=\"twitter:data1\" content=\"2 minuten\" \/>\n<script type=\"application\/ld+json\" class=\"yoast-schema-graph\">{\"@context\":\"https:\/\/schema.org\",\"@graph\":[{\"@type\":\"WebPage\",\"@id\":\"https:\/\/www.lacanadienne.com\/nl\/toerisme-ares-frankrijk\/\",\"url\":\"https:\/\/www.lacanadienne.com\/nl\/toerisme-ares-frankrijk\/\",\"name\":\"Toerisme in Ar\u00e8s aan de baai van Arcachon | Bezoek, ontdek Ar\u00e8s\",\"isPartOf\":{\"@id\":\"https:\/\/www.lacanadienne.com\/nl\/#website\"},\"primaryImageOfPage\":{\"@id\":\"https:\/\/www.lacanadienne.com\/nl\/toerisme-ares-frankrijk\/#primaryimage\"},\"image\":{\"@id\":\"https:\/\/www.lacanadienne.com\/nl\/toerisme-ares-frankrijk\/#primaryimage\"},\"thumbnailUrl\":\"https:\/\/www.lacanadienne.com\/wp-content\/uploads\/sites\/23\/2024\/08\/tourisme-ares-camping-arcachon.webp\",\"datePublished\":\"2024-08-07T14:01:24+00:00\",\"dateModified\":\"2024-11-15T08:44:38+00:00\",\"description\":\"Bezoek Ar\u00e8s, aan de baai van Arcachon: vanaf onze camping kunt u genieten van een natuurvakantie terwijl u toch dicht bij een charmant stadje bent.\",\"breadcrumb\":{\"@id\":\"https:\/\/www.lacanadienne.com\/nl\/toerisme-ares-frankrijk\/#breadcrumb\"},\"inLanguage\":\"nl-NL\",\"potentialAction\":[{\"@type\":\"ReadAction\",\"target\":[\"https:\/\/www.lacanadienne.com\/nl\/toerisme-ares-frankrijk\/\"]}]},{\"@type\":\"ImageObject\",\"inLanguage\":\"nl-NL\",\"@id\":\"https:\/\/www.lacanadienne.com\/nl\/toerisme-ares-frankrijk\/#primaryimage\",\"url\":\"https:\/\/www.lacanadienne.com\/wp-content\/uploads\/sites\/23\/2024\/08\/tourisme-ares-camping-arcachon.webp\",\"contentUrl\":\"https:\/\/www.lacanadienne.com\/wp-content\/uploads\/sites\/23\/2024\/08\/tourisme-ares-camping-arcachon.webp\",\"width\":2000,\"height\":800,\"caption\":\"toerisme ares camping arcachon\"},{\"@type\":\"BreadcrumbList\",\"@id\":\"https:\/\/www.lacanadienne.com\/nl\/toerisme-ares-frankrijk\/#breadcrumb\",\"itemListElement\":[{\"@type\":\"ListItem\",\"position\":1,\"name\":\"Camping Bassin d\u2019Arcachon\",\"item\":\"https:\/\/www.lacanadienne.com\/nl\/\"},{\"@type\":\"ListItem\",\"position\":2,\"name\":\"Ontdek Ar\u00e8s\"}]},{\"@type\":\"WebSite\",\"@id\":\"https:\/\/www.lacanadienne.com\/nl\/#website\",\"url\":\"https:\/\/www.lacanadienne.com\/nl\/\",\"name\":\"Camping La Canadienne\",\"description\":\"\",\"publisher\":{\"@id\":\"https:\/\/www.lacanadienne.com\/nl\/#organization\"},\"potentialAction\":[{\"@type\":\"SearchAction\",\"target\":{\"@type\":\"EntryPoint\",\"urlTemplate\":\"https:\/\/www.lacanadienne.com\/nl\/?s={search_term_string}\"},\"query-input\":{\"@type\":\"PropertyValueSpecification\",\"valueRequired\":true,\"valueName\":\"search_term_string\"}}],\"inLanguage\":\"nl-NL\"},{\"@type\":\"Organization\",\"@id\":\"https:\/\/www.lacanadienne.com\/nl\/#organization\",\"name\":\"Camping La Canadienne\",\"url\":\"https:\/\/www.lacanadienne.com\/nl\/\",\"logo\":{\"@type\":\"ImageObject\",\"inLanguage\":\"nl-NL\",\"@id\":\"https:\/\/www.lacanadienne.com\/nl\/#\/schema\/logo\/image\/\",\"url\":\"https:\/\/www.lacanadienne.com\/wp-content\/uploads\/sites\/23\/2024\/09\/cropped-logo-Flower-camping-La-Canadienne.png\",\"contentUrl\":\"https:\/\/www.lacanadienne.com\/wp-content\/uploads\/sites\/23\/2024\/09\/cropped-logo-Flower-camping-La-Canadienne.png\",\"width\":500,\"height\":660,\"caption\":\"Camping La Canadienne\"},\"image\":{\"@id\":\"https:\/\/www.lacanadienne.com\/nl\/#\/schema\/logo\/image\/\"}}]}<\/script>\n<!-- \/ Yoast SEO plugin. -->","yoast_head_json":{"title":"Toerisme in Ar\u00e8s aan de baai van Arcachon | Bezoek, ontdek Ar\u00e8s","description":"Bezoek Ar\u00e8s, aan de baai van Arcachon: vanaf onze camping kunt u genieten van een natuurvakantie terwijl u toch dicht bij een charmant stadje bent.","robots":{"index":"index","follow":"follow","max-snippet":"max-snippet:-1","max-image-preview":"max-image-preview:large","max-video-preview":"max-video-preview:-1"},"canonical":"https:\/\/www.lacanadienne.com\/nl\/toerisme-ares-frankrijk\/","og_locale":"nl_NL","og_type":"article","og_title":"Toerisme in Ar\u00e8s aan de baai van Arcachon | Bezoek, ontdek Ar\u00e8s","og_description":"Bezoek Ar\u00e8s, aan de baai van Arcachon: vanaf onze camping kunt u genieten van een natuurvakantie terwijl u toch dicht bij een charmant stadje bent.","og_url":"https:\/\/www.lacanadienne.com\/nl\/toerisme-ares-frankrijk\/","og_site_name":"Camping La Canadienne","article_modified_time":"2024-11-15T08:44:38+00:00","og_image":[{"width":2000,"height":800,"url":"https:\/\/www.lacanadienne.com\/wp-content\/uploads\/sites\/23\/2024\/08\/tourisme-ares-camping-arcachon.webp","type":"image\/webp"}],"twitter_card":"summary_large_image","twitter_misc":{"Geschatte leestijd":"2 minuten"},"schema":{"@context":"https:\/\/schema.org","@graph":[{"@type":"WebPage","@id":"https:\/\/www.lacanadienne.com\/nl\/toerisme-ares-frankrijk\/","url":"https:\/\/www.lacanadienne.com\/nl\/toerisme-ares-frankrijk\/","name":"Toerisme in Ar\u00e8s aan de baai van Arcachon | Bezoek, ontdek Ar\u00e8s","isPartOf":{"@id":"https:\/\/www.lacanadienne.com\/nl\/#website"},"primaryImageOfPage":{"@id":"https:\/\/www.lacanadienne.com\/nl\/toerisme-ares-frankrijk\/#primaryimage"},"image":{"@id":"https:\/\/www.lacanadienne.com\/nl\/toerisme-ares-frankrijk\/#primaryimage"},"thumbnailUrl":"https:\/\/www.lacanadienne.com\/wp-content\/uploads\/sites\/23\/2024\/08\/tourisme-ares-camping-arcachon.webp","datePublished":"2024-08-07T14:01:24+00:00","dateModified":"2024-11-15T08:44:38+00:00","description":"Bezoek Ar\u00e8s, aan de baai van Arcachon: vanaf onze camping kunt u genieten van een natuurvakantie terwijl u toch dicht bij een charmant stadje bent.","breadcrumb":{"@id":"https:\/\/www.lacanadienne.com\/nl\/toerisme-ares-frankrijk\/#breadcrumb"},"inLanguage":"nl-NL","potentialAction":[{"@type":"ReadAction","target":["https:\/\/www.lacanadienne.com\/nl\/toerisme-ares-frankrijk\/"]}]},{"@type":"ImageObject","inLanguage":"nl-NL","@id":"https:\/\/www.lacanadienne.com\/nl\/toerisme-ares-frankrijk\/#primaryimage","url":"https:\/\/www.lacanadienne.com\/wp-content\/uploads\/sites\/23\/2024\/08\/tourisme-ares-camping-arcachon.webp","contentUrl":"https:\/\/www.lacanadienne.com\/wp-content\/uploads\/sites\/23\/2024\/08\/tourisme-ares-camping-arcachon.webp","width":2000,"height":800,"caption":"toerisme ares camping arcachon"},{"@type":"BreadcrumbList","@id":"https:\/\/www.lacanadienne.com\/nl\/toerisme-ares-frankrijk\/#breadcrumb","itemListElement":[{"@type":"ListItem","position":1,"name":"Camping Bassin d\u2019Arcachon","item":"https:\/\/www.lacanadienne.com\/nl\/"},{"@type":"ListItem","position":2,"name":"Ontdek Ar\u00e8s"}]},{"@type":"WebSite","@id":"https:\/\/www.lacanadienne.com\/nl\/#website","url":"https:\/\/www.lacanadienne.com\/nl\/","name":"Camping La Canadienne","description":"","publisher":{"@id":"https:\/\/www.lacanadienne.com\/nl\/#organization"},"potentialAction":[{"@type":"SearchAction","target":{"@type":"EntryPoint","urlTemplate":"https:\/\/www.lacanadienne.com\/nl\/?s={search_term_string}"},"query-input":{"@type":"PropertyValueSpecification","valueRequired":true,"valueName":"search_term_string"}}],"inLanguage":"nl-NL"},{"@type":"Organization","@id":"https:\/\/www.lacanadienne.com\/nl\/#organization","name":"Camping La Canadienne","url":"https:\/\/www.lacanadienne.com\/nl\/","logo":{"@type":"ImageObject","inLanguage":"nl-NL","@id":"https:\/\/www.lacanadienne.com\/nl\/#\/schema\/logo\/image\/","url":"https:\/\/www.lacanadienne.com\/wp-content\/uploads\/sites\/23\/2024\/09\/cropped-logo-Flower-camping-La-Canadienne.png","contentUrl":"https:\/\/www.lacanadienne.com\/wp-content\/uploads\/sites\/23\/2024\/09\/cropped-logo-Flower-camping-La-Canadienne.png","width":500,"height":660,"caption":"Camping La Canadienne"},"image":{"@id":"https:\/\/www.lacanadienne.com\/nl\/#\/schema\/logo\/image\/"}}]}},"_links":{"self":[{"href":"https:\/\/www.lacanadienne.com\/nl\/wp-json\/wp\/v2\/pages\/2708","targetHints":{"allow":["GET"]}}],"collection":[{"href":"https:\/\/www.lacanadienne.com\/nl\/wp-json\/wp\/v2\/pages"}],"about":[{"href":"https:\/\/www.lacanadienne.com\/nl\/wp-json\/wp\/v2\/types\/page"}],"author":[{"embeddable":true,"href":"https:\/\/www.lacanadienne.com\/nl\/wp-json\/wp\/v2\/users\/1"}],"replies":[{"embeddable":true,"href":"https:\/\/www.lacanadienne.com\/nl\/wp-json\/wp\/v2\/comments?post=2708"}],"version-history":[{"count":4,"href":"https:\/\/www.lacanadienne.com\/nl\/wp-json\/wp\/v2\/pages\/2708\/revisions"}],"predecessor-version":[{"id":3715,"href":"https:\/\/www.lacanadienne.com\/nl\/wp-json\/wp\/v2\/pages\/2708\/revisions\/3715"}],"wp:featuredmedia":[{"embeddable":true,"href":"https:\/\/www.lacanadienne.com\/nl\/wp-json\/wp\/v2\/media\/1280"}],"wp:attachment":[{"href":"https:\/\/www.lacanadienne.com\/nl\/wp-json\/wp\/v2\/media?parent=2708"}],"wp:term":[{"taxonomy":"sujet","embeddable":true,"href":"https:\/\/www.lacanadienne.com\/nl\/wp-json\/wp\/v2\/sujet?post=2708"}],"curies":[{"name":"wp","href":"https:\/\/api.w.org\/{rel}","templated":true}]}}