{"id":2737,"date":"2024-07-29T12:04:56","date_gmt":"2024-07-29T12:04:56","guid":{"rendered":"https:\/\/www.lacanadienne.com\/contact-toegang\/"},"modified":"2024-11-14T15:30:07","modified_gmt":"2024-11-14T15:30:07","slug":"contact-toegang","status":"publish","type":"page","link":"https:\/\/www.lacanadienne.com\/nl\/contact-toegang\/","title":{"rendered":"Info en contact"},"content":{"rendered":"<section id=\"ls-section-block_a9620b8b1b3dcf5ff59ee17e60752d6c\" class=\"ls-section  page-one has-background has-color-4-background-color has-m-t m-t-0 has-m-b m-b-0\" >\r\n        <div class=\"container container--wide\">\r\n        \n\n<div class=\"wp-block-columns is-layout-flex wp-container-core-columns-is-layout-1 wp-block-columns-is-layout-flex\">\n<div class=\"wp-block-column is-vertically-aligned-center second animated fadeInLeft slow is-layout-flow wp-block-column-is-layout-flow\" style=\"flex-basis:55%\">\n<h1 class=\"ls__heading wp-block-heading\">Contact en toegang tot de camping<\/h1>\n\n\n\n<p class=\"ls-paragraph\">Hier vind je alle informatie die je nodig hebt om meer over ons te weten te komen en in contact te komen met ons team.\nOf je nu vragen of suggesties hebt of hulp nodig hebt, we zijn er om je te helpen. <\/p>\n\n\n\n<h2 class=\"ls__heading wp-block-heading\">Neem contact met ons op<\/h2>\n\n\n\n<p class=\"ls-paragraph\"><strong>Luana en haar receptieteam<\/strong> staan het hele jaar voor je klaar.\nJe kunt ze telefonisch bereiken op <a href=\"tel:+33556602491\">+33 (0)5 56 60 24 91<\/a>, elke dag van 9.00 tot 12.00 uur en van 14.00 tot 17.00 uur.\nDe openingstijden van de telefooncentrale kunnen per seizoen verschillen.\nAls u ons niet kunt bereiken, laat dan een bericht achter en ons team belt u zo snel mogelijk terug.   <\/p>\n\n\n\n<p class=\"ls-paragraph\">Als je vragen hebt, kun je ons schrijven op het adres van camping La Canadienne in Ar\u00e8s of een e-mail sturen naar <a href=\"mailto:lacanadienne@flowercampings.com\">lacanadienne@flowercampings.com.<\/a><\/p>\n\n\n\n<p class=\"ls-paragraph\">Je kunt ook contact met ons opnemen via het contactformulier op onze website.\nBlijf op de hoogte van ons nieuws en speciale aanbiedingen door ons te volgen op <a href=\"https:\/\/www.instagram.com\/flowercampinglacanadienne\/?locale=nl_NL\">Instagram<\/a> en <a href=\"https:\/\/www.facebook.com\/flowercampinglacanadienne\/?locale=nl_NL\">Facebook<\/a> en laat je bericht achter. <\/p>\n<\/div>\n\n\n\n<div class=\"wp-block-column is-vertically-aligned-center first animated fadeInRight delay-100ms slow is-layout-flow wp-block-column-is-layout-flow\" style=\"flex-basis:45%\">\n<div class=\"wp-block-contact-form-7-contact-form-selector\">\n<div class=\"wpcf7 no-js\" id=\"wpcf7-f3685-o1\" lang=\"nl-NL\" dir=\"ltr\" data-wpcf7-id=\"3685\">\n<div class=\"screen-reader-response\"><p role=\"status\" aria-live=\"polite\" aria-atomic=\"true\"><\/p> <ul><\/ul><\/div>\n<form action=\"\/nl\/wp-json\/wp\/v2\/pages\/2737#wpcf7-f3685-o1\" method=\"post\" class=\"wpcf7-form init\" aria-label=\"Contactformulier\" novalidate=\"novalidate\" data-status=\"init\">\n<div style=\"display: none;\">\n<input type=\"hidden\" name=\"_wpcf7\" value=\"3685\" \/>\n<input type=\"hidden\" name=\"_wpcf7_version\" value=\"6.0\" \/>\n<input type=\"hidden\" name=\"_wpcf7_locale\" value=\"nl_NL\" \/>\n<input type=\"hidden\" name=\"_wpcf7_unit_tag\" value=\"wpcf7-f3685-o1\" \/>\n<input type=\"hidden\" name=\"_wpcf7_container_post\" value=\"0\" \/>\n<input type=\"hidden\" name=\"_wpcf7_posted_data_hash\" value=\"\" \/>\n<input type=\"hidden\" name=\"_wpcf7_recaptcha_response\" value=\"\" \/>\n<\/div>\n<p><label> Uw naam<br \/>\n<span class=\"wpcf7-form-control-wrap\" data-name=\"your-name\"><input size=\"40\" maxlength=\"400\" class=\"wpcf7-form-control wpcf7-text wpcf7-validates-as-required\" autocomplete=\"name\" aria-required=\"true\" aria-invalid=\"false\" value=\"\" type=\"text\" name=\"your-name\" \/><\/span> <\/label>\n<\/p>\n<p><label> Uw e-mail<br \/>\n<span class=\"wpcf7-form-control-wrap\" data-name=\"your-email\"><input size=\"40\" maxlength=\"400\" class=\"wpcf7-form-control wpcf7-email wpcf7-validates-as-required wpcf7-text wpcf7-validates-as-email\" autocomplete=\"email\" aria-required=\"true\" aria-invalid=\"false\" value=\"\" type=\"email\" name=\"your-email\" \/><\/span> <\/label>\n<\/p>\n<p><label> Object<br \/>\n<span class=\"wpcf7-form-control-wrap\" data-name=\"your-subject\"><input size=\"40\" maxlength=\"400\" class=\"wpcf7-form-control wpcf7-text wpcf7-validates-as-required\" aria-required=\"true\" aria-invalid=\"false\" value=\"\" type=\"text\" name=\"your-subject\" \/><\/span> <\/label>\n<\/p>\n<p><label> Uw bericht<br \/>\n<span class=\"wpcf7-form-control-wrap\" data-name=\"your-message\"><textarea cols=\"40\" rows=\"10\" maxlength=\"2000\" class=\"wpcf7-form-control wpcf7-textarea\" aria-invalid=\"false\" name=\"your-message\"><\/textarea><\/span> <\/label>\n<\/p>\n<p><span class=\"wpcf7-form-control-wrap\" data-name=\"acceptance-553\"><span class=\"wpcf7-form-control wpcf7-acceptance\"><span class=\"wpcf7-list-item\"><label><input type=\"checkbox\" name=\"acceptance-553\" value=\"1\" aria-invalid=\"false\" \/><span class=\"wpcf7-list-item-label\">Door dit vakje aan te vinken, accepteer ik het <a href=\"\/politique-de-confidentialite\/\" rel=\"nofollow\" target=\"_blank\">Privacybeleid<\/a> van deze site.<\/span><\/label><\/span><\/span><\/span>\n<\/p>\n<p><input class=\"wpcf7-form-control wpcf7-submit has-spinner\" type=\"submit\" value=\"Stuur\" \/>\n<\/p><input type='hidden' class='wpcf7-pum' value='{\"closepopup\":false,\"closedelay\":0,\"openpopup\":false,\"openpopup_id\":0}' \/><div class=\"wpcf7-response-output\" aria-hidden=\"true\"><\/div>\n<\/form>\n<\/div>\n<\/div>\n<\/div>\n<\/div>\n\n\r\n    <\/div>\r\n<\/section><section id=\"ls-section-block_6d0fbf8dadb8cf118d7f5e360507edc4\" class=\"ls-section  page-one aventure has-background has-color-white-background-color has-m-t m-t-0 has-m-b m-b-0 has-p-t p-t-14 has-p-b p-b-14\" >\r\n        <div class=\"container container--wide\">\r\n        \n\n<div class=\"wp-block-columns is-layout-flex wp-container-core-columns-is-layout-2 wp-block-columns-is-layout-flex\">\n<div class=\"wp-block-column animated fadeInLeft slow is-layout-flow wp-block-column-is-layout-flow\" style=\"flex-basis:45%\"><p><iframe src=\"https:\/\/www.google.com\/maps\/embed?pb=!1m18!1m12!1m3!1d32043.969064882738!2d-1.148066899403606!3d44.7744141227555!2m3!1f0!2f0!3f0!3m2!1i1024!2i768!4f13.1!3m3!1m2!1s0xd54a6af9feec84f%3A0xcc5b0961322220c0!2sFlower%20Camping%20La%20Canadienne!5e0!3m2!1sfr!2sfr!4v1723038331159!5m2!1sfr!2sfr\" width=\"600\" height=\"450\" style=\"border:0;\" allowfullscreen=\"\" loading=\"lazy\" referrerpolicy=\"no-referrer-when-downgrade\"><\/iframe><\/p>\n<\/div>\n\n\n\n<div class=\"wp-block-column is-vertically-aligned-center animated fadeInRight delay-100ms slow is-layout-flow wp-block-column-is-layout-flow\" style=\"flex-basis:55%\">\n<h2 class=\"ls__heading wp-block-heading\">Naar de camping komen<\/h2>\n\n\n\n<p class=\"ls-paragraph\">Om op Camping La Canadienne te komen, een <a href=\"https:\/\/www.lacanadienne.com\/nl\/\">4-sterren familiecamping<\/a> in de baai van Arcachon met een verwarmd zwembad, heb je verschillende vervoersmogelijkheden: met de auto, met het vliegtuig of met de trein. Hier zijn de gedetailleerde routes om er te komen. <\/p>\n<\/div>\n<\/div>\n\n\r\n    <\/div>\r\n<\/section><section id=\"ls-section-block_687d5d11cabba91c752ad643cdff0328\" class=\"ls-section  page-one has-background has-color-3-background-color has-m-b m-b-0\" >\r\n        <div class=\"container container--wide\">\r\n        \n\n<div class=\"wp-block-columns is-layout-flex wp-container-core-columns-is-layout-3 wp-block-columns-is-layout-flex\">\n<div class=\"wp-block-column animated fadeInLeft delay-100ms slow is-layout-flow wp-block-column-is-layout-flow\">\n<h3 class=\"ls__heading wp-block-heading\">Met de auto<\/h3>\n\n\n\n<p class=\"ls-paragraph\">Vanuit Bordeaux volg je de N230 in noordwestelijke richting en vervolgens de A630 richting M\u00e9rignac.\nNeem vervolgens afslag 10 richting Le Verdon\/Lacanau en ga verder op de N215.\nVolg de borden naar <a href=\"\">L\u00e8ge-Cap-Ferret<\/a> en neem de D106.\nVolg de D106 tot Ar\u00e8s en sla dan rechtsaf naar de Rue du G\u00e9n\u00e9ral de Gaulle.\nDe camping bevindt zich op nummer 82 in deze straat.    <\/p>\n\n\n\n<h3 class=\"ls__heading wp-block-heading\">Met het vliegtuig<\/h3>\n\n\n\n<p class=\"ls-paragraph\">Volg vanaf de luchthaven Bordeaux-M\u00e9rignac de A630 in noordwestelijke richting.\nVolg de borden naar afslag 10 richting Le Verdon\/Lacanau op de N215.\nNeem vervolgens de D106 richting L\u00e8ge-Cap-Ferret.\nVolg de D106 tot Ar\u00e8s en sla rechtsaf naar de Rue du G\u00e9n\u00e9ral de Gaulle.\nDe camping bevindt zich op nummer 82.    <\/p>\n<\/div>\n\n\n\n<div class=\"wp-block-column animated fadeInRight slow is-layout-flow wp-block-column-is-layout-flow\">\n<h3 class=\"ls__heading wp-block-heading\">Met de trein<\/h3>\n\n\n\n<p class=\"ls-paragraph\">Neem vanaf het station Bordeaux-Saint-Jean een TER-trein naar<a href=\"https:\/\/www.lacanadienne.com\/nl\/toerisme-arcachon-frankrijk\/\">Arcachon<\/a>. Stap uit bij station Facture-Biganos. Daarvandaan neem je bus 601 richting L\u00e8ge-Cap-Ferret en stap je uit bij de halte &#8220;Ar\u00e8s&#8221;. Vanaf de bushalte loop je ongeveer 10 minuten in de richting van de Rue du G\u00e9n\u00e9ral de Gaulle. De camping bevindt zich op nummer 82 in deze straat.    <\/p>\n\n\n\n<h3 class=\"ls__heading wp-block-heading\">GPS-co\u00f6rdinaten<\/h3>\n\n\n\n<p class=\"ls-paragraph\">De camping ligt op de volgende GPS co\u00f6rdinaten<\/p>\n\n\n\n<ul class=\"ls-list ls-list-undefined wp-block-list\">\n<li>Breedtegraad: 44.778539<\/li>\n\n\n\n<li>Lengte: -1.143136<\/li>\n<\/ul>\n\n\n\n<p class=\"ls-paragraph\"><br\/>Contactgegevens Het adres van de camping is Route de L\u00e8ge Cap Ferret, 82 rue du G\u00e9n\u00e9ral de Gaulle, 33740 Ar\u00e8s. Je kunt telefonisch contact met ons opnemen op +33 (0)5 56 60 24 91. <\/p>\n\n\n\n<p class=\"ls-paragraph\"><br\/><\/p>\n<\/div>\n<\/div>\n\n\r\n    <\/div>\r\n<\/section><section id=\"ls-section-block_c9369be650d3463d2a5437e338e03536\" class=\"ls-section  page-one has-background has-color-4-background-color has-m-t m-t-0 has-m-b m-b-0 has-p-t p-t-14\" >\r\n        <div class=\"container container--wide\">\r\n        \n\n<div class=\"wp-block-columns is-layout-flex wp-container-core-columns-is-layout-4 wp-block-columns-is-layout-flex\">\n<div class=\"wp-block-column first  animated fadeInLeft slow is-layout-flow wp-block-column-is-layout-flow\" style=\"flex-basis:45%\">\n<figure class=\"wp-block-image size-full\"><a href=\"https:\/\/www.lacanadienne.com\/wp-content\/uploads\/sites\/23\/2024\/08\/camping-avec-piscine-chauffee-bassin-arcachon.jpg\"><img decoding=\"async\" width=\"800\" height=\"532\" src=\"https:\/\/www.lacanadienne.com\/wp-content\/uploads\/sites\/23\/2024\/08\/camping-avec-piscine-chauffee-bassin-arcachon.jpg\" alt=\"camping met verwarmd zwembad stroomgebied van arcachon\" class=\"wp-image-838\" srcset=\"https:\/\/www.lacanadienne.com\/wp-content\/uploads\/sites\/23\/2024\/08\/camping-avec-piscine-chauffee-bassin-arcachon.jpg 800w, https:\/\/www.lacanadienne.com\/wp-content\/uploads\/sites\/23\/2024\/08\/camping-avec-piscine-chauffee-bassin-arcachon-300x200.jpg 300w, https:\/\/www.lacanadienne.com\/wp-content\/uploads\/sites\/23\/2024\/08\/camping-avec-piscine-chauffee-bassin-arcachon-768x511.jpg 768w\" sizes=\"(max-width: 800px) 100vw, 800px\" \/><\/a><\/figure>\n<\/div>\n\n\n\n<div class=\"wp-block-column is-vertically-aligned-center second animated fadeInRight delay-100ms slow is-layout-flow wp-block-column-is-layout-flow\" style=\"flex-basis:55%\">\n<h2 class=\"ls__heading wp-block-heading\">Praktische informatie<\/h2>\n\n\n\n<p class=\"ls-paragraph\">Camping La Canadienne is <strong>geopend van 28 maart tot 28 september 2025<\/strong>. Alle diensten zijn beschikbaar tijdens deze periode: <a href=\"\">verwarmd zwembad<\/a>, speeltuinen, fietsverhuur, barbecues, beddengoed en handdoeken, brooddepot, sanitair, <a href=\"\">restaurant<\/a> en receptie. <\/p>\n\n\n\n<p class=\"ls-paragraph\">Openingstijden receptie :<\/p>\n\n\n\n<ul class=\"ls-list ls-list-undefined wp-block-list\">\n<li>Laagseizoen: 9u &#8211; 12u \/ 14u &#8211; 17u<\/li>\n\n\n\n<li>Hoogseizoen: 8.30 &#8211; 12.30 \/ 13.30 &#8211; 19.00<\/li>\n<\/ul>\n\n\n\n<div class=\"ls-lire-plus\">\n    <input id=\"ls-lire-plus-block_b37b31f4f3ea837879707e6bf9f2d38369f01fe206f15\" type=\"checkbox\" class=\"ls-lire-plus__toggle\"  \/>\n    <label for=\"ls-lire-plus-block_b37b31f4f3ea837879707e6bf9f2d38369f01fe206f15\" class=\"ls-lire-plus__toggle-label\">\n        <span>Meer lezen<\/span>\n        <span>Minder lezen<\/span>\n    <\/label>\n    <div class=\"ls-lire-plus__content\">\n        \n\n<p class=\"ls-paragraph\">Als je later aankomt, laat het ons dan weten zodat we je ontvangst kunnen organiseren. Aankomsten voor <a href=\"\">huuraccommodaties<\/a> zijn na 16.00 uur, vertrekken voor 10.00 uur; voor <a href=\"\">kale staanplaatsen<\/a>, aankomsten na 12.00 uur en vertrekken voor 12.00 uur. Profiteer in de zomer van ons animatieprogramma tijdens de zomerschoolvakanties.  <\/p>\n\n\n\n<p class=\"ls-paragraph\">Om de rust van onze gasten te garanderen, is autoverkeer verboden van 23.00 tot 07.00 uur.\nBij aankomst krijg je een in- en uitrijcode.\nVoor laatkomers is er een parkeerplaats beschikbaar bij de ingang van de camping.\nEr is een conci\u00ebrge aanwezig die &#8217;s nachts waakt over de veiligheid en de naleving van het campingreglement.   <\/p>\n\n\n\n<p class=\"ls-paragraph\">Een borg van \u20ac300 is vereist voor verhuur en betaling voor de eerste nacht voor kampeerplaatsen.\nBij uw vertrek zal er een inventaris van de inrichting worden opgemaakt.\nMeer informatie is beschikbaar in onze algemene verkoopvoorwaarden of op onze <a href=\"\" target=\"\" rel=\"\">My Flower applicatie<\/a>.  <\/p>\n\n\n\n<p class=\"ls-paragraph\">Profiteer van onze beschikbaarheid en speciale aanbiedingen voor een droomvakantie op Camping La Canadienne in de baai van Arcachon.<\/p>\n\n        <div class=\"ls-lire-plus__gradient\" style=\"background: linear-gradient(to bottom,rgba(255,235,204,0) 0%,rgba(255,235,204,1) 100%);\"><\/div>\n    <\/div>\n<\/div><\/div>\n<\/div>\n\n\r\n    <\/div>\r\n<\/section>","protected":false},"excerpt":{"rendered":"","protected":false},"author":1,"featured_media":0,"parent":0,"menu_order":0,"comment_status":"closed","ping_status":"closed","template":"","meta":{"_acf_changed":false,"footnotes":""},"sujet":[],"class_list":["post-2737","page","type-page","status-publish","hentry"],"acf":[],"yoast_head":"<!-- This site is optimized with the Yoast SEO plugin v23.9 - https:\/\/yoast.com\/wordpress\/plugins\/seo\/ -->\n<title>Contact en toegang tot de camping **** La Canadienne<\/title>\n<meta name=\"description\" content=\"Neem contact op met en gemakkelijk toegang tot camping LA CANADIENNE in de Gironde aan de baai van Arcachon **** tussen Arcachon en Cap Ferret in Ar\u00e8s\" \/>\n<meta name=\"robots\" content=\"index, follow, max-snippet:-1, max-image-preview:large, max-video-preview:-1\" \/>\n<link rel=\"canonical\" href=\"https:\/\/www.lacanadienne.com\/nl\/contact-toegang\/\" \/>\n<meta property=\"og:locale\" content=\"nl_NL\" \/>\n<meta property=\"og:type\" content=\"article\" \/>\n<meta property=\"og:title\" content=\"Contact en toegang tot de camping **** La Canadienne\" \/>\n<meta property=\"og:description\" content=\"Neem contact op met en gemakkelijk toegang tot camping LA CANADIENNE in de Gironde aan de baai van Arcachon **** tussen Arcachon en Cap Ferret in Ar\u00e8s\" \/>\n<meta property=\"og:url\" content=\"https:\/\/www.lacanadienne.com\/nl\/contact-toegang\/\" \/>\n<meta property=\"og:site_name\" content=\"Camping La Canadienne\" \/>\n<meta property=\"article:modified_time\" content=\"2024-11-14T15:30:07+00:00\" \/>\n<meta property=\"og:image\" content=\"https:\/\/www.lacanadienne.com\/wp-content\/uploads\/sites\/23\/2024\/08\/camping-avec-piscine-chauffee-bassin-arcachon.jpg\" \/>\n\t<meta property=\"og:image:width\" content=\"800\" \/>\n\t<meta property=\"og:image:height\" content=\"532\" \/>\n\t<meta property=\"og:image:type\" content=\"image\/jpeg\" \/>\n<meta name=\"twitter:card\" content=\"summary_large_image\" \/>\n<meta name=\"twitter:label1\" content=\"Geschatte leestijd\" \/>\n\t<meta name=\"twitter:data1\" content=\"3 minuten\" \/>\n<script type=\"application\/ld+json\" class=\"yoast-schema-graph\">{\"@context\":\"https:\/\/schema.org\",\"@graph\":[{\"@type\":\"WebPage\",\"@id\":\"https:\/\/www.lacanadienne.com\/nl\/contact-toegang\/\",\"url\":\"https:\/\/www.lacanadienne.com\/nl\/contact-toegang\/\",\"name\":\"Contact en toegang tot de camping **** La Canadienne\",\"isPartOf\":{\"@id\":\"https:\/\/www.lacanadienne.com\/nl\/#website\"},\"primaryImageOfPage\":{\"@id\":\"https:\/\/www.lacanadienne.com\/nl\/contact-toegang\/#primaryimage\"},\"image\":{\"@id\":\"https:\/\/www.lacanadienne.com\/nl\/contact-toegang\/#primaryimage\"},\"thumbnailUrl\":\"https:\/\/www.lacanadienne.com\/wp-content\/uploads\/sites\/23\/2024\/08\/camping-avec-piscine-chauffee-bassin-arcachon.jpg\",\"datePublished\":\"2024-07-29T12:04:56+00:00\",\"dateModified\":\"2024-11-14T15:30:07+00:00\",\"description\":\"Neem contact op met en gemakkelijk toegang tot camping LA CANADIENNE in de Gironde aan de baai van Arcachon **** tussen Arcachon en Cap Ferret in Ar\u00e8s\",\"breadcrumb\":{\"@id\":\"https:\/\/www.lacanadienne.com\/nl\/contact-toegang\/#breadcrumb\"},\"inLanguage\":\"nl-NL\",\"potentialAction\":[{\"@type\":\"ReadAction\",\"target\":[\"https:\/\/www.lacanadienne.com\/nl\/contact-toegang\/\"]}]},{\"@type\":\"ImageObject\",\"inLanguage\":\"nl-NL\",\"@id\":\"https:\/\/www.lacanadienne.com\/nl\/contact-toegang\/#primaryimage\",\"url\":\"https:\/\/www.lacanadienne.com\/wp-content\/uploads\/sites\/23\/2024\/08\/camping-avec-piscine-chauffee-bassin-arcachon.jpg\",\"contentUrl\":\"https:\/\/www.lacanadienne.com\/wp-content\/uploads\/sites\/23\/2024\/08\/camping-avec-piscine-chauffee-bassin-arcachon.jpg\"},{\"@type\":\"BreadcrumbList\",\"@id\":\"https:\/\/www.lacanadienne.com\/nl\/contact-toegang\/#breadcrumb\",\"itemListElement\":[{\"@type\":\"ListItem\",\"position\":1,\"name\":\"Camping Bassin d\u2019Arcachon\",\"item\":\"https:\/\/www.lacanadienne.com\/nl\/\"},{\"@type\":\"ListItem\",\"position\":2,\"name\":\"Contact, toegang Ar\u00e8s\"}]},{\"@type\":\"WebSite\",\"@id\":\"https:\/\/www.lacanadienne.com\/nl\/#website\",\"url\":\"https:\/\/www.lacanadienne.com\/nl\/\",\"name\":\"Camping La Canadienne\",\"description\":\"\",\"publisher\":{\"@id\":\"https:\/\/www.lacanadienne.com\/nl\/#organization\"},\"potentialAction\":[{\"@type\":\"SearchAction\",\"target\":{\"@type\":\"EntryPoint\",\"urlTemplate\":\"https:\/\/www.lacanadienne.com\/nl\/?s={search_term_string}\"},\"query-input\":{\"@type\":\"PropertyValueSpecification\",\"valueRequired\":true,\"valueName\":\"search_term_string\"}}],\"inLanguage\":\"nl-NL\"},{\"@type\":\"Organization\",\"@id\":\"https:\/\/www.lacanadienne.com\/nl\/#organization\",\"name\":\"Camping La Canadienne\",\"url\":\"https:\/\/www.lacanadienne.com\/nl\/\",\"logo\":{\"@type\":\"ImageObject\",\"inLanguage\":\"nl-NL\",\"@id\":\"https:\/\/www.lacanadienne.com\/nl\/#\/schema\/logo\/image\/\",\"url\":\"https:\/\/www.lacanadienne.com\/wp-content\/uploads\/sites\/23\/2024\/09\/cropped-logo-Flower-camping-La-Canadienne.png\",\"contentUrl\":\"https:\/\/www.lacanadienne.com\/wp-content\/uploads\/sites\/23\/2024\/09\/cropped-logo-Flower-camping-La-Canadienne.png\",\"width\":500,\"height\":660,\"caption\":\"Camping La Canadienne\"},\"image\":{\"@id\":\"https:\/\/www.lacanadienne.com\/nl\/#\/schema\/logo\/image\/\"}}]}<\/script>\n<!-- \/ Yoast SEO plugin. -->","yoast_head_json":{"title":"Contact en toegang tot de camping **** La Canadienne","description":"Neem contact op met en gemakkelijk toegang tot camping LA CANADIENNE in de Gironde aan de baai van Arcachon **** tussen Arcachon en Cap Ferret in Ar\u00e8s","robots":{"index":"index","follow":"follow","max-snippet":"max-snippet:-1","max-image-preview":"max-image-preview:large","max-video-preview":"max-video-preview:-1"},"canonical":"https:\/\/www.lacanadienne.com\/nl\/contact-toegang\/","og_locale":"nl_NL","og_type":"article","og_title":"Contact en toegang tot de camping **** La Canadienne","og_description":"Neem contact op met en gemakkelijk toegang tot camping LA CANADIENNE in de Gironde aan de baai van Arcachon **** tussen Arcachon en Cap Ferret in Ar\u00e8s","og_url":"https:\/\/www.lacanadienne.com\/nl\/contact-toegang\/","og_site_name":"Camping La Canadienne","article_modified_time":"2024-11-14T15:30:07+00:00","og_image":[{"width":800,"height":532,"url":"https:\/\/www.lacanadienne.com\/wp-content\/uploads\/sites\/23\/2024\/08\/camping-avec-piscine-chauffee-bassin-arcachon.jpg","type":"image\/jpeg"}],"twitter_card":"summary_large_image","twitter_misc":{"Geschatte leestijd":"3 minuten"},"schema":{"@context":"https:\/\/schema.org","@graph":[{"@type":"WebPage","@id":"https:\/\/www.lacanadienne.com\/nl\/contact-toegang\/","url":"https:\/\/www.lacanadienne.com\/nl\/contact-toegang\/","name":"Contact en toegang tot de camping **** La Canadienne","isPartOf":{"@id":"https:\/\/www.lacanadienne.com\/nl\/#website"},"primaryImageOfPage":{"@id":"https:\/\/www.lacanadienne.com\/nl\/contact-toegang\/#primaryimage"},"image":{"@id":"https:\/\/www.lacanadienne.com\/nl\/contact-toegang\/#primaryimage"},"thumbnailUrl":"https:\/\/www.lacanadienne.com\/wp-content\/uploads\/sites\/23\/2024\/08\/camping-avec-piscine-chauffee-bassin-arcachon.jpg","datePublished":"2024-07-29T12:04:56+00:00","dateModified":"2024-11-14T15:30:07+00:00","description":"Neem contact op met en gemakkelijk toegang tot camping LA CANADIENNE in de Gironde aan de baai van Arcachon **** tussen Arcachon en Cap Ferret in Ar\u00e8s","breadcrumb":{"@id":"https:\/\/www.lacanadienne.com\/nl\/contact-toegang\/#breadcrumb"},"inLanguage":"nl-NL","potentialAction":[{"@type":"ReadAction","target":["https:\/\/www.lacanadienne.com\/nl\/contact-toegang\/"]}]},{"@type":"ImageObject","inLanguage":"nl-NL","@id":"https:\/\/www.lacanadienne.com\/nl\/contact-toegang\/#primaryimage","url":"https:\/\/www.lacanadienne.com\/wp-content\/uploads\/sites\/23\/2024\/08\/camping-avec-piscine-chauffee-bassin-arcachon.jpg","contentUrl":"https:\/\/www.lacanadienne.com\/wp-content\/uploads\/sites\/23\/2024\/08\/camping-avec-piscine-chauffee-bassin-arcachon.jpg"},{"@type":"BreadcrumbList","@id":"https:\/\/www.lacanadienne.com\/nl\/contact-toegang\/#breadcrumb","itemListElement":[{"@type":"ListItem","position":1,"name":"Camping Bassin d\u2019Arcachon","item":"https:\/\/www.lacanadienne.com\/nl\/"},{"@type":"ListItem","position":2,"name":"Contact, toegang Ar\u00e8s"}]},{"@type":"WebSite","@id":"https:\/\/www.lacanadienne.com\/nl\/#website","url":"https:\/\/www.lacanadienne.com\/nl\/","name":"Camping La Canadienne","description":"","publisher":{"@id":"https:\/\/www.lacanadienne.com\/nl\/#organization"},"potentialAction":[{"@type":"SearchAction","target":{"@type":"EntryPoint","urlTemplate":"https:\/\/www.lacanadienne.com\/nl\/?s={search_term_string}"},"query-input":{"@type":"PropertyValueSpecification","valueRequired":true,"valueName":"search_term_string"}}],"inLanguage":"nl-NL"},{"@type":"Organization","@id":"https:\/\/www.lacanadienne.com\/nl\/#organization","name":"Camping La Canadienne","url":"https:\/\/www.lacanadienne.com\/nl\/","logo":{"@type":"ImageObject","inLanguage":"nl-NL","@id":"https:\/\/www.lacanadienne.com\/nl\/#\/schema\/logo\/image\/","url":"https:\/\/www.lacanadienne.com\/wp-content\/uploads\/sites\/23\/2024\/09\/cropped-logo-Flower-camping-La-Canadienne.png","contentUrl":"https:\/\/www.lacanadienne.com\/wp-content\/uploads\/sites\/23\/2024\/09\/cropped-logo-Flower-camping-La-Canadienne.png","width":500,"height":660,"caption":"Camping La Canadienne"},"image":{"@id":"https:\/\/www.lacanadienne.com\/nl\/#\/schema\/logo\/image\/"}}]}},"_links":{"self":[{"href":"https:\/\/www.lacanadienne.com\/nl\/wp-json\/wp\/v2\/pages\/2737","targetHints":{"allow":["GET"]}}],"collection":[{"href":"https:\/\/www.lacanadienne.com\/nl\/wp-json\/wp\/v2\/pages"}],"about":[{"href":"https:\/\/www.lacanadienne.com\/nl\/wp-json\/wp\/v2\/types\/page"}],"author":[{"embeddable":true,"href":"https:\/\/www.lacanadienne.com\/nl\/wp-json\/wp\/v2\/users\/1"}],"replies":[{"embeddable":true,"href":"https:\/\/www.lacanadienne.com\/nl\/wp-json\/wp\/v2\/comments?post=2737"}],"version-history":[{"count":5,"href":"https:\/\/www.lacanadienne.com\/nl\/wp-json\/wp\/v2\/pages\/2737\/revisions"}],"predecessor-version":[{"id":3692,"href":"https:\/\/www.lacanadienne.com\/nl\/wp-json\/wp\/v2\/pages\/2737\/revisions\/3692"}],"wp:attachment":[{"href":"https:\/\/www.lacanadienne.com\/nl\/wp-json\/wp\/v2\/media?parent=2737"}],"wp:term":[{"taxonomy":"sujet","embeddable":true,"href":"https:\/\/www.lacanadienne.com\/nl\/wp-json\/wp\/v2\/sujet?post=2737"}],"curies":[{"name":"wp","href":"https:\/\/api.w.org\/{rel}","templated":true}]}}